{"id":1595,"date":"2025-01-14T11:02:00","date_gmt":"2025-01-14T10:02:00","guid":{"rendered":"https:\/\/wppool.abenteuerbox.at\/DA_KV_Linz\/?page_id=1595"},"modified":"2025-01-24T20:32:53","modified_gmt":"2025-01-24T19:32:53","slug":"johannes-mertl","status":"publish","type":"page","link":"https:\/\/wppool.abenteuerbox.at\/DA_KV_Linz\/?page_id=1595","title":{"rendered":"Johannes Mertl"},"content":{"rendered":"\t\t<div data-elementor-type=\"wp-page\" data-elementor-id=\"1595\" class=\"elementor elementor-1595\">\n\t\t\t\t<div class=\"elementor-element elementor-element-8319dbf e-flex e-con-boxed e-con e-parent\" data-id=\"8319dbf\" data-element_type=\"container\">\n\t\t\t\t\t<div class=\"e-con-inner\">\n\t\t<div class=\"elementor-element elementor-element-d6db4c5 e-con-full e-flex e-con e-child\" data-id=\"d6db4c5\" data-element_type=\"container\">\n\t\t\t\t<div class=\"elementor-element elementor-element-7bd32a6 elementor-widget elementor-widget-heading\" data-id=\"7bd32a6\" data-element_type=\"widget\" data-widget_type=\"heading.default\">\n\t\t\t\t<div class=\"elementor-widget-container\">\n\t\t\t\t\t<h2 class=\"elementor-heading-title elementor-size-default\">Dirigent<\/h2>\t\t\t\t<\/div>\n\t\t\t\t<\/div>\n\t\t\t\t<div class=\"elementor-element elementor-element-ffc55a9 elementor-widget elementor-widget-text-editor\" data-id=\"ffc55a9\" data-element_type=\"widget\" data-widget_type=\"text-editor.default\">\n\t\t\t\t<div class=\"elementor-widget-container\">\n\t\t\t\t\t\t\t\t\t<p><strong>Auftritte im Linzer Konzertverein:<\/strong><\/p><p>05.12.2001, Sinfoniekonzert<\/p>\t\t\t\t\t\t\t\t<\/div>\n\t\t\t\t<\/div>\n\t\t\t\t<\/div>\n\t\t<div class=\"elementor-element elementor-element-20a2aee e-con-full e-flex e-con e-child\" data-id=\"20a2aee\" data-element_type=\"container\">\n\t\t\t\t<div class=\"elementor-element elementor-element-b4a3ebb elementor-widget elementor-widget-image\" data-id=\"b4a3ebb\" data-element_type=\"widget\" data-widget_type=\"image.default\">\n\t\t\t\t<div class=\"elementor-widget-container\">\n\t\t\t\t\t\t\t\t\t\t\t\t\t\t\t<img decoding=\"async\" width=\"155\" height=\"200\" src=\"https:\/\/wppool.abenteuerbox.at\/DA_KV_Linz\/wp-content\/uploads\/2025\/01\/Mertl_Johannes.jpg\" class=\"attachment-large size-large wp-image-1597\" alt=\"\" sizes=\"100vw\" \/>\t\t\t\t\t\t\t\t\t\t\t\t\t\t\t<\/div>\n\t\t\t\t<\/div>\n\t\t\t\t<\/div>\n\t\t<div class=\"elementor-element elementor-element-9229bec e-con-full e-flex e-con e-child\" data-id=\"9229bec\" data-element_type=\"container\">\n\t\t\t\t<div class=\"elementor-element elementor-element-1dde405 elementor-widget elementor-widget-text-editor\" data-id=\"1dde405\" data-element_type=\"widget\" data-widget_type=\"text-editor.default\">\n\t\t\t\t<div class=\"elementor-widget-container\">\n\t\t\t\t\t\t\t\t\t<p>Johannes Mertl wurde 1971 in Linz geboren, maturierte am Musikgymnasium ebenda und studierte am Brucknerkonservatorium Klavier (Prof. Kugler), Gesang (Prof. Trabesinger), Vokalbegleitung (Prof. Kerbl) und Dirigieren (Ingo Ingensand). Als Student leitete er Projekte wie Hindemiths Kurzoper \u201eHin und Zur\u00fcck&#8220; oder Brittens komische Oper \u201eAlbert Herring&#8220;.<br \/>Seit zwei Jahren ist er Kapellmeister bei den Wiener S\u00e4ngerknaben. Dort hat er die M\u00f6glichkeit, mit Dirigenten wie Marriner, Pretre, Harnoncourt, u.a. zusammenzuarbeiten. Sonst f\u00fchrten ihn seine Tourneen nach Japan, Israel, USA, Mexico, Canada, Belgien.<br \/><br \/>(2001)<\/p>\t\t\t\t\t\t\t\t<\/div>\n\t\t\t\t<\/div>\n\t\t\t\t<div class=\"elementor-element elementor-element-47b024f elementor-widget elementor-widget-text-editor\" data-id=\"47b024f\" data-element_type=\"widget\" data-widget_type=\"text-editor.default\">\n\t\t\t\t<div class=\"elementor-widget-container\">\n\t\t\t\t\t\t\t\t\t<p style=\"text-align: right;\">\n<a href=\"javascript:history.back();\">Zur\u00fcck<\/a>\n<\/p>\t\t\t\t\t\t\t\t<\/div>\n\t\t\t\t<\/div>\n\t\t\t\t<\/div>\n\t\t\t\t\t<\/div>\n\t\t\t\t<\/div>\n\t\t\t\t<\/div>\n\t\t","protected":false},"excerpt":{"rendered":"<p>Dirigent Auftritte im Linzer Konzertverein: 05.12.2001, Sinfoniekonzert Johannes Mertl wurde 1971 in Linz geboren, maturierte am Musikgymnasium ebenda und studierte am Brucknerkonservatorium Klavier (Prof. Kugler), Gesang (Prof. Trabesinger), Vokalbegleitung (Prof. Kerbl) und Dirigieren (Ingo Ingensand). Als Student leitete er Projekte wie Hindemiths Kurzoper \u201eHin und Zur\u00fcck&#8220; oder Brittens komische Oper \u201eAlbert Herring&#8220;.Seit zwei Jahren ist &hellip; <\/p>\n<p class=\"link-more\"><a href=\"https:\/\/wppool.abenteuerbox.at\/DA_KV_Linz\/?page_id=1595\" class=\"more-link\">Read more<span class=\"screen-reader-text\"> &#8222;Johannes Mertl&#8220;<\/span><\/a><\/p>\n","protected":false},"author":1,"featured_media":0,"parent":0,"menu_order":0,"comment_status":"closed","ping_status":"closed","template":"","meta":{"inspiro_hide_title":false,"footnotes":""},"class_list":["post-1595","page","type-page","status-publish","hentry"],"_links":{"self":[{"href":"https:\/\/wppool.abenteuerbox.at\/DA_KV_Linz\/index.php?rest_route=\/wp\/v2\/pages\/1595","targetHints":{"allow":["GET"]}}],"collection":[{"href":"https:\/\/wppool.abenteuerbox.at\/DA_KV_Linz\/index.php?rest_route=\/wp\/v2\/pages"}],"about":[{"href":"https:\/\/wppool.abenteuerbox.at\/DA_KV_Linz\/index.php?rest_route=\/wp\/v2\/types\/page"}],"author":[{"embeddable":true,"href":"https:\/\/wppool.abenteuerbox.at\/DA_KV_Linz\/index.php?rest_route=\/wp\/v2\/users\/1"}],"replies":[{"embeddable":true,"href":"https:\/\/wppool.abenteuerbox.at\/DA_KV_Linz\/index.php?rest_route=%2Fwp%2Fv2%2Fcomments&post=1595"}],"version-history":[{"count":13,"href":"https:\/\/wppool.abenteuerbox.at\/DA_KV_Linz\/index.php?rest_route=\/wp\/v2\/pages\/1595\/revisions"}],"predecessor-version":[{"id":7383,"href":"https:\/\/wppool.abenteuerbox.at\/DA_KV_Linz\/index.php?rest_route=\/wp\/v2\/pages\/1595\/revisions\/7383"}],"wp:attachment":[{"href":"https:\/\/wppool.abenteuerbox.at\/DA_KV_Linz\/index.php?rest_route=%2Fwp%2Fv2%2Fmedia&parent=1595"}],"curies":[{"name":"wp","href":"https:\/\/api.w.org\/{rel}","templated":true}]}}