{"id":1616,"date":"2025-01-14T11:07:19","date_gmt":"2025-01-14T10:07:19","guid":{"rendered":"https:\/\/wppool.abenteuerbox.at\/DA_KV_Linz\/?page_id=1616"},"modified":"2025-01-24T20:34:18","modified_gmt":"2025-01-24T19:34:18","slug":"heidrun-wagner-lanzendoerfer","status":"publish","type":"page","link":"https:\/\/wppool.abenteuerbox.at\/DA_KV_Linz\/?page_id=1616","title":{"rendered":"Heidrun Wagner-Lanzend\u00f6rfer"},"content":{"rendered":"\t\t<div data-elementor-type=\"wp-page\" data-elementor-id=\"1616\" class=\"elementor elementor-1616\">\n\t\t\t\t<div class=\"elementor-element elementor-element-9690dec e-flex e-con-boxed e-con e-parent\" data-id=\"9690dec\" data-element_type=\"container\">\n\t\t\t\t\t<div class=\"e-con-inner\">\n\t\t<div class=\"elementor-element elementor-element-fab586c e-con-full e-flex e-con e-child\" data-id=\"fab586c\" data-element_type=\"container\">\n\t\t\t\t<div class=\"elementor-element elementor-element-0fe8ad5 elementor-widget elementor-widget-heading\" data-id=\"0fe8ad5\" data-element_type=\"widget\" data-widget_type=\"heading.default\">\n\t\t\t\t<div class=\"elementor-widget-container\">\n\t\t\t\t\t<h2 class=\"elementor-heading-title elementor-size-default\">Fl\u00f6te<\/h2>\t\t\t\t<\/div>\n\t\t\t\t<\/div>\n\t\t\t\t<div class=\"elementor-element elementor-element-56c4c56 elementor-widget elementor-widget-text-editor\" data-id=\"56c4c56\" data-element_type=\"widget\" data-widget_type=\"text-editor.default\">\n\t\t\t\t<div class=\"elementor-widget-container\">\n\t\t\t\t\t\t\t\t\t<p><strong>Auftritte im Linzer Konzertverein:<\/strong><\/p><p>28.03.2001, Sinfoniekonzert<br \/>01.12.1993, Sinfoniekonzert<\/p>\t\t\t\t\t\t\t\t<\/div>\n\t\t\t\t<\/div>\n\t\t\t\t<\/div>\n\t\t<div class=\"elementor-element elementor-element-a09ab39 e-con-full e-flex e-con e-child\" data-id=\"a09ab39\" data-element_type=\"container\">\n\t\t\t\t<div class=\"elementor-element elementor-element-66e6a8e elementor-widget elementor-widget-image\" data-id=\"66e6a8e\" data-element_type=\"widget\" data-widget_type=\"image.default\">\n\t\t\t\t<div class=\"elementor-widget-container\">\n\t\t\t\t\t\t\t\t\t\t\t\t\t\t\t<img decoding=\"async\" width=\"155\" height=\"200\" src=\"https:\/\/wppool.abenteuerbox.at\/DA_KV_Linz\/wp-content\/uploads\/2025\/01\/Wagner-Lanzendoerfer_Heidrun.jpg\" class=\"attachment-large size-large wp-image-1625\" alt=\"\" sizes=\"100vw\" \/>\t\t\t\t\t\t\t\t\t\t\t\t\t\t\t<\/div>\n\t\t\t\t<\/div>\n\t\t\t\t<\/div>\n\t\t<div class=\"elementor-element elementor-element-44cb323 e-con-full e-flex e-con e-child\" data-id=\"44cb323\" data-element_type=\"container\">\n\t\t\t\t<div class=\"elementor-element elementor-element-9052838 elementor-widget elementor-widget-text-editor\" data-id=\"9052838\" data-element_type=\"widget\" data-widget_type=\"text-editor.default\">\n\t\t\t\t<div class=\"elementor-widget-container\">\n\t\t\t\t\t\t\t\t\t<p>Heidrun Wagner-Lanzend\u00f6rfer wurde 1969 in Linz geboren. Nach abgeschlossenem Studium bei Prof. Wolfgang Schulz an der Wiener Musikhochschule besuchte sie Meisterkurse bei Andre\u00e1s Adorj\u00e1n, Peter-Lukas Graf und Aurele Nicolet.<br \/>Beim Wettbewerb \u201eJugend musiziert&#8220; war sie mehrfache erste Preistr\u00e4gerin, 1993 erhielt sie den Anton Bruckner-F\u00f6rderungspreis der Wiener Symphoniker und 1994 wurde ihr der W\u00fcrdigungspreis des Bundesministeriums f\u00fcr Wissenschaft und Forschung verliehen. Im Jahre 1990\/91 spielte sie im Gustav Mahler-Jugendorchester und im Youth Orchestra of a United Europe unter Dirigenten wie Claudio Abbado, James Judd und Vaclav Neumann. Nach Substitutenvertr\u00e4gen im ORF-Symphonieorchester und bei den Wiener Symphonikern ist sie seit 1994 beim Nieder\u00f6sterreichischen Tonk\u00fcnstlerorchester &#8211; ab M\u00e4rz 2000 als Solofl\u00f6tistin &#8211; engagiert.<br \/>Ihre Vorliebe gilt vor allem der Kammermusik, so hat sich seit dem Gr\u00fcndungsjahr 1996 eine intensive Arbeit mit dem Zemlinsky Quintett Wien entwickelt.<br \/>Als Solistin feierte sie ihr Musikvereinsdebut mit dem NTO im Februar 2000. Die Mitwirkung bei Ensembles moderner Musik wie z.B. beim Ensemble Kontrapunkte erg\u00e4nzt das Repertoire.<br \/><br \/>(2001)<\/p>\t\t\t\t\t\t\t\t<\/div>\n\t\t\t\t<\/div>\n\t\t\t\t<div class=\"elementor-element elementor-element-34164c5 elementor-widget elementor-widget-text-editor\" data-id=\"34164c5\" data-element_type=\"widget\" data-widget_type=\"text-editor.default\">\n\t\t\t\t<div class=\"elementor-widget-container\">\n\t\t\t\t\t\t\t\t\t<p style=\"text-align: right;\">\n<a href=\"javascript:history.back();\">Zur\u00fcck<\/a>\n<\/p>\t\t\t\t\t\t\t\t<\/div>\n\t\t\t\t<\/div>\n\t\t\t\t<\/div>\n\t\t\t\t\t<\/div>\n\t\t\t\t<\/div>\n\t\t\t\t<\/div>\n\t\t","protected":false},"excerpt":{"rendered":"<p>Fl\u00f6te Auftritte im Linzer Konzertverein: 28.03.2001, Sinfoniekonzert01.12.1993, Sinfoniekonzert Heidrun Wagner-Lanzend\u00f6rfer wurde 1969 in Linz geboren. Nach abgeschlossenem Studium bei Prof. Wolfgang Schulz an der Wiener Musikhochschule besuchte sie Meisterkurse bei Andre\u00e1s Adorj\u00e1n, Peter-Lukas Graf und Aurele Nicolet.Beim Wettbewerb \u201eJugend musiziert&#8220; war sie mehrfache erste Preistr\u00e4gerin, 1993 erhielt sie den Anton Bruckner-F\u00f6rderungspreis der Wiener Symphoniker und &hellip; <\/p>\n<p class=\"link-more\"><a href=\"https:\/\/wppool.abenteuerbox.at\/DA_KV_Linz\/?page_id=1616\" class=\"more-link\">Read more<span class=\"screen-reader-text\"> &#8222;Heidrun Wagner-Lanzend\u00f6rfer&#8220;<\/span><\/a><\/p>\n","protected":false},"author":1,"featured_media":0,"parent":0,"menu_order":0,"comment_status":"closed","ping_status":"closed","template":"","meta":{"inspiro_hide_title":false,"footnotes":""},"class_list":["post-1616","page","type-page","status-publish","hentry"],"_links":{"self":[{"href":"https:\/\/wppool.abenteuerbox.at\/DA_KV_Linz\/index.php?rest_route=\/wp\/v2\/pages\/1616","targetHints":{"allow":["GET"]}}],"collection":[{"href":"https:\/\/wppool.abenteuerbox.at\/DA_KV_Linz\/index.php?rest_route=\/wp\/v2\/pages"}],"about":[{"href":"https:\/\/wppool.abenteuerbox.at\/DA_KV_Linz\/index.php?rest_route=\/wp\/v2\/types\/page"}],"author":[{"embeddable":true,"href":"https:\/\/wppool.abenteuerbox.at\/DA_KV_Linz\/index.php?rest_route=\/wp\/v2\/users\/1"}],"replies":[{"embeddable":true,"href":"https:\/\/wppool.abenteuerbox.at\/DA_KV_Linz\/index.php?rest_route=%2Fwp%2Fv2%2Fcomments&post=1616"}],"version-history":[{"count":13,"href":"https:\/\/wppool.abenteuerbox.at\/DA_KV_Linz\/index.php?rest_route=\/wp\/v2\/pages\/1616\/revisions"}],"predecessor-version":[{"id":7409,"href":"https:\/\/wppool.abenteuerbox.at\/DA_KV_Linz\/index.php?rest_route=\/wp\/v2\/pages\/1616\/revisions\/7409"}],"wp:attachment":[{"href":"https:\/\/wppool.abenteuerbox.at\/DA_KV_Linz\/index.php?rest_route=%2Fwp%2Fv2%2Fmedia&parent=1616"}],"curies":[{"name":"wp","href":"https:\/\/api.w.org\/{rel}","templated":true}]}}