{"id":1689,"date":"2025-01-14T13:23:44","date_gmt":"2025-01-14T12:23:44","guid":{"rendered":"https:\/\/wppool.abenteuerbox.at\/DA_KV_Linz\/?page_id=1689"},"modified":"2025-01-24T20:36:49","modified_gmt":"2025-01-24T19:36:49","slug":"orfeo-mandozzi","status":"publish","type":"page","link":"https:\/\/wppool.abenteuerbox.at\/DA_KV_Linz\/?page_id=1689","title":{"rendered":"Orfeo Mandozzi"},"content":{"rendered":"\t\t<div data-elementor-type=\"wp-page\" data-elementor-id=\"1689\" class=\"elementor elementor-1689\">\n\t\t\t\t<div class=\"elementor-element elementor-element-137b1c9 e-flex e-con-boxed e-con e-parent\" data-id=\"137b1c9\" data-element_type=\"container\">\n\t\t\t\t\t<div class=\"e-con-inner\">\n\t\t\t\t<div class=\"elementor-element elementor-element-8044016 elementor-widget elementor-widget-heading\" data-id=\"8044016\" data-element_type=\"widget\" data-widget_type=\"heading.default\">\n\t\t\t\t<div class=\"elementor-widget-container\">\n\t\t\t\t\t<h2 class=\"elementor-heading-title elementor-size-default\">Violoncello<\/h2>\t\t\t\t<\/div>\n\t\t\t\t<\/div>\n\t\t\t\t\t<\/div>\n\t\t\t\t<\/div>\n\t\t<div class=\"elementor-element elementor-element-5a0f266 e-flex e-con-boxed e-con e-parent\" data-id=\"5a0f266\" data-element_type=\"container\">\n\t\t\t\t\t<div class=\"e-con-inner\">\n\t\t<div class=\"elementor-element elementor-element-8c2196a e-con-full e-flex e-con e-child\" data-id=\"8c2196a\" data-element_type=\"container\">\n\t\t\t\t<div class=\"elementor-element elementor-element-a72fe14 elementor-widget elementor-widget-text-editor\" data-id=\"a72fe14\" data-element_type=\"widget\" data-widget_type=\"text-editor.default\">\n\t\t\t\t<div class=\"elementor-widget-container\">\n\t\t\t\t\t\t\t\t\t<p><strong>Auftritte im Linzer Konzertverein:<\/strong><\/p><p>08.03.2000, Sinfoniekonzert<\/p>\t\t\t\t\t\t\t\t<\/div>\n\t\t\t\t<\/div>\n\t\t\t\t<\/div>\n\t\t<div class=\"elementor-element elementor-element-73e3494 e-con-full e-flex e-con e-child\" data-id=\"73e3494\" data-element_type=\"container\">\n\t\t\t\t<div class=\"elementor-element elementor-element-8484daa elementor-widget elementor-widget-image\" data-id=\"8484daa\" data-element_type=\"widget\" data-widget_type=\"image.default\">\n\t\t\t\t<div class=\"elementor-widget-container\">\n\t\t\t\t\t\t\t\t\t\t\t\t\t\t\t<img decoding=\"async\" width=\"155\" height=\"200\" src=\"https:\/\/wppool.abenteuerbox.at\/DA_KV_Linz\/wp-content\/uploads\/2025\/01\/Mandozzi_Orfeo.jpg\" class=\"attachment-large size-large wp-image-1700\" alt=\"\" sizes=\"100vw\" \/>\t\t\t\t\t\t\t\t\t\t\t\t\t\t\t<\/div>\n\t\t\t\t<\/div>\n\t\t\t\t<\/div>\n\t\t<div class=\"elementor-element elementor-element-7114bd1 e-con-full e-flex e-con e-child\" data-id=\"7114bd1\" data-element_type=\"container\">\n\t\t\t\t<div class=\"elementor-element elementor-element-13cb908 elementor-widget elementor-widget-text-editor\" data-id=\"13cb908\" data-element_type=\"widget\" data-widget_type=\"text-editor.default\">\n\t\t\t\t<div class=\"elementor-widget-container\">\n\t\t\t\t\t\t\t\t\t<p>Geboren 1968 in Locarno, Schweiz, entstammt er einer Musikerfamilie (Vater Dirigent und Komponist, Schwester Geigerin). Violoncellostudien am Conservatoire National Superieur de Musique de Paris, Diplom \u201eSumma cum laude&#8220; am Conservatorio G. Verdi in Mailand und an der Juilliard School in New York. Postgraduale Studien an der Musikuniversit\u00e4t in Wien.<br \/>1999 erhielt er die \u00d6sterreichische Ehrenstaatsb\u00fcrgerschaft. Zahlreiche Meisterkurse (Rostropovich, Yo Yo Ma, Tortelier, Shafran, Simon) und mehrfacher Gewinner internationaler Wettbewerbe (Osaka Illzach, P\u00f6rtschach, UFAM, Orpheus).<br \/>Weltweite Konzert- und Aufnahmet\u00e4tigkeit als Solist, Solocellist (Wiener Kammerorchester, N\u00d6. Tonk\u00fcnstlerorchester) und Kammermusik (ISON Ensemble, Wiener Brahms Trio, Wiener Streichtrio). Dozent bzw. Leiter bedeutender Festivals und Meisterkurse (Fert\u00f6d, Bracciano\/Rom, Genf, S\u00f6tersberg). Teilnahme an Festivals wie Lockenhaus, Richter Festival, Festival Austria, u.a. Herausgeber der \u201eEdizione Arteviva&#8220;. Widmungstr\u00e4ger zahlreicher zeitgen\u00f6ssischer Kompositionen.<br \/>Er spielt ein Francesco Ruggeri Cello, Cremona 1675.<\/p><p>(2000)<\/p>\t\t\t\t\t\t\t\t<\/div>\n\t\t\t\t<\/div>\n\t\t\t\t<div class=\"elementor-element elementor-element-84f6b80 elementor-widget elementor-widget-text-editor\" data-id=\"84f6b80\" data-element_type=\"widget\" data-widget_type=\"text-editor.default\">\n\t\t\t\t<div class=\"elementor-widget-container\">\n\t\t\t\t\t\t\t\t\t<p style=\"text-align: right;\">\n<a href=\"javascript:history.back();\">Zur\u00fcck<\/a>\n<\/p>\t\t\t\t\t\t\t\t<\/div>\n\t\t\t\t<\/div>\n\t\t\t\t<\/div>\n\t\t\t\t\t<\/div>\n\t\t\t\t<\/div>\n\t\t<div class=\"elementor-element elementor-element-19b0240 e-flex e-con-boxed e-con e-parent\" data-id=\"19b0240\" data-element_type=\"container\">\n\t\t\t\t\t<div class=\"e-con-inner\">\n\t\t\t\t\t<\/div>\n\t\t\t\t<\/div>\n\t\t\t\t<\/div>\n\t\t","protected":false},"excerpt":{"rendered":"<p>Violoncello Auftritte im Linzer Konzertverein: 08.03.2000, Sinfoniekonzert Geboren 1968 in Locarno, Schweiz, entstammt er einer Musikerfamilie (Vater Dirigent und Komponist, Schwester Geigerin). Violoncellostudien am Conservatoire National Superieur de Musique de Paris, Diplom \u201eSumma cum laude&#8220; am Conservatorio G. Verdi in Mailand und an der Juilliard School in New York. Postgraduale Studien an der Musikuniversit\u00e4t in &hellip; <\/p>\n<p class=\"link-more\"><a href=\"https:\/\/wppool.abenteuerbox.at\/DA_KV_Linz\/?page_id=1689\" class=\"more-link\">Read more<span class=\"screen-reader-text\"> &#8222;Orfeo Mandozzi&#8220;<\/span><\/a><\/p>\n","protected":false},"author":1,"featured_media":0,"parent":0,"menu_order":0,"comment_status":"closed","ping_status":"closed","template":"","meta":{"inspiro_hide_title":false,"footnotes":""},"class_list":["post-1689","page","type-page","status-publish","hentry"],"_links":{"self":[{"href":"https:\/\/wppool.abenteuerbox.at\/DA_KV_Linz\/index.php?rest_route=\/wp\/v2\/pages\/1689","targetHints":{"allow":["GET"]}}],"collection":[{"href":"https:\/\/wppool.abenteuerbox.at\/DA_KV_Linz\/index.php?rest_route=\/wp\/v2\/pages"}],"about":[{"href":"https:\/\/wppool.abenteuerbox.at\/DA_KV_Linz\/index.php?rest_route=\/wp\/v2\/types\/page"}],"author":[{"embeddable":true,"href":"https:\/\/wppool.abenteuerbox.at\/DA_KV_Linz\/index.php?rest_route=\/wp\/v2\/users\/1"}],"replies":[{"embeddable":true,"href":"https:\/\/wppool.abenteuerbox.at\/DA_KV_Linz\/index.php?rest_route=%2Fwp%2Fv2%2Fcomments&post=1689"}],"version-history":[{"count":16,"href":"https:\/\/wppool.abenteuerbox.at\/DA_KV_Linz\/index.php?rest_route=\/wp\/v2\/pages\/1689\/revisions"}],"predecessor-version":[{"id":7465,"href":"https:\/\/wppool.abenteuerbox.at\/DA_KV_Linz\/index.php?rest_route=\/wp\/v2\/pages\/1689\/revisions\/7465"}],"wp:attachment":[{"href":"https:\/\/wppool.abenteuerbox.at\/DA_KV_Linz\/index.php?rest_route=%2Fwp%2Fv2%2Fmedia&parent=1689"}],"curies":[{"name":"wp","href":"https:\/\/api.w.org\/{rel}","templated":true}]}}