{"id":1718,"date":"2025-01-14T13:31:59","date_gmt":"2025-01-14T12:31:59","guid":{"rendered":"https:\/\/wppool.abenteuerbox.at\/DA_KV_Linz\/?page_id=1718"},"modified":"2025-01-24T20:37:19","modified_gmt":"2025-01-24T19:37:19","slug":"benjamin-beni-schmid","status":"publish","type":"page","link":"https:\/\/wppool.abenteuerbox.at\/DA_KV_Linz\/?page_id=1718","title":{"rendered":"Benjamin (Beni) Schmid"},"content":{"rendered":"\t\t<div data-elementor-type=\"wp-page\" data-elementor-id=\"1718\" class=\"elementor elementor-1718\">\n\t\t\t\t<div class=\"elementor-element elementor-element-f99a87b e-flex e-con-boxed e-con e-parent\" data-id=\"f99a87b\" data-element_type=\"container\">\n\t\t\t\t\t<div class=\"e-con-inner\">\n\t\t\t\t<div class=\"elementor-element elementor-element-0b6e8e2 elementor-widget elementor-widget-heading\" data-id=\"0b6e8e2\" data-element_type=\"widget\" data-widget_type=\"heading.default\">\n\t\t\t\t<div class=\"elementor-widget-container\">\n\t\t\t\t\t<h2 class=\"elementor-heading-title elementor-size-default\">Violine<\/h2>\t\t\t\t<\/div>\n\t\t\t\t<\/div>\n\t\t\t\t\t<\/div>\n\t\t\t\t<\/div>\n\t\t<div class=\"elementor-element elementor-element-8a896cf e-flex e-con-boxed e-con e-parent\" data-id=\"8a896cf\" data-element_type=\"container\">\n\t\t\t\t\t<div class=\"e-con-inner\">\n\t\t<div class=\"elementor-element elementor-element-a5af104 e-con-full e-flex e-con e-child\" data-id=\"a5af104\" data-element_type=\"container\">\n\t\t\t\t<div class=\"elementor-element elementor-element-b423fe4 elementor-widget elementor-widget-text-editor\" data-id=\"b423fe4\" data-element_type=\"widget\" data-widget_type=\"text-editor.default\">\n\t\t\t\t<div class=\"elementor-widget-container\">\n\t\t\t\t\t\t\t\t\t<p><strong>Auftritte im Linzer Konzertverein:<\/strong><\/p><p>01.12.1999, Festkonzert 80 Jahre Linzer Konzertverein<br \/>02.12.1986, Sinfoniekonzert<br \/>13.11.1986, Festveranstaltung der Gewerkschaft der Privatangestellten<\/p>\t\t\t\t\t\t\t\t<\/div>\n\t\t\t\t<\/div>\n\t\t\t\t<\/div>\n\t\t<div class=\"elementor-element elementor-element-c23827d e-con-full e-flex e-con e-child\" data-id=\"c23827d\" data-element_type=\"container\">\n\t\t\t\t<div class=\"elementor-element elementor-element-4446a74 elementor-widget elementor-widget-image\" data-id=\"4446a74\" data-element_type=\"widget\" data-widget_type=\"image.default\">\n\t\t\t\t<div class=\"elementor-widget-container\">\n\t\t\t\t\t\t\t\t\t\t\t\t\t\t\t<img fetchpriority=\"high\" decoding=\"async\" width=\"600\" height=\"496\" src=\"https:\/\/wppool.abenteuerbox.at\/DA_KV_Linz\/wp-content\/uploads\/2025\/01\/Schmid_Benjamin_Beni.jpg\" class=\"attachment-large size-large wp-image-1723\" alt=\"\" srcset=\"https:\/\/wppool.abenteuerbox.at\/DA_KV_Linz\/wp-content\/uploads\/2025\/01\/Schmid_Benjamin_Beni.jpg 600w, https:\/\/wppool.abenteuerbox.at\/DA_KV_Linz\/wp-content\/uploads\/2025\/01\/Schmid_Benjamin_Beni-300x248.jpg 300w\" sizes=\"100vw\" \/>\t\t\t\t\t\t\t\t\t\t\t\t\t\t\t<\/div>\n\t\t\t\t<\/div>\n\t\t\t\t<\/div>\n\t\t<div class=\"elementor-element elementor-element-571ca46 e-con-full e-flex e-con e-child\" data-id=\"571ca46\" data-element_type=\"container\">\n\t\t\t\t<div class=\"elementor-element elementor-element-0998198 elementor-widget elementor-widget-text-editor\" data-id=\"0998198\" data-element_type=\"widget\" data-widget_type=\"text-editor.default\">\n\t\t\t\t<div class=\"elementor-widget-container\">\n\t\t\t\t\t\t\t\t\t<p>1968 in Wien geboren, erhielt Benjamin Schmid seine Ausbildung in Salzburg, Wien und Philadelphia. Sein au\u00dferordentlicher Erfolg bei den gro\u00dfen internationalen Wettbewerben, jeweils erste Preise in Paris, USA, BRD, S\u00fcdafrika und beim Carl-Flesch-International in London (au\u00dfer dem 1. Preis erhielt er dort auch den Mozart-, Beethoven- und Publikumspreis) \u00f6ffneten ihm die T\u00fcren zu den gro\u00dfen Musikzentren der Welt, wie u.a. das Wiener Konzerthaus, Wiener Musikverein, Salzburger Festspiele, Gasteig M\u00fcnchen, Z\u00fcrcher Oper, Alte Oper Frankfurt, K\u00f6lner Philharmonie, Berliner Schauspielhaus, Theatre Musical de Paris, Salle Pleyel Paris, Barbican Center und Wigmore Hall in London, Brucknerhaus Linz, Bregenzer Festspiele, SI. Petersburger Philharmonie, Kennedy Center Washington, Miami, Tampa, Florida etc.<br \/><br \/>Unter den \u00f6sterreichischen Geigern seiner Generation ist Benjamin Schmid inzwischen mit Sicherheit an erster Stelle zu nennen und aus der Klassikszene nicht mehr wegzudenken. Als Solist spielte er unter der Leitung so bedeutender Dirigenten, wie Sylvain Cambreling, Vladimir Fedosejev, Hans Graf, Eliahu Inbal, Yehudi Menuhin, mit dem er auch als Solo-Partner ein spektakul\u00e4res Deb\u00fct gab (Doppelkonzert von J. S. Bach), Franz Welser-M\u00f6st, Michael Schoenwandt, Saulius Sondeckis, Horst Stein, Ralf Weikert, Marcello Viotto, Daniele Gatti, Dennis Russel Davis u.a. und mit Orchestern, wie Chamber Orchestra of Europe, Orchestre de Paris, Orchestre National de France, Philharmiona Orchestra London, Tschechische Philharmonie, Bayerisches Staatsorchester, Bamberger Symphoniker, St. Petersburger Philharmoniker, Radio Symphonie Orchester Moskau, Wiener Symphoniker, Radio Symphonie Orchester Wien, Mozarteum Orchester Salzburg, u.a.<br \/><br \/>Hauptprojekt f\u00fcr das Konzertjahr 2000 wird eine zyklische Auff\u00fchrung s\u00e4mtlicher Solosonaten und Partiten von J. S. Bach sein, kombiniert mit Ysaye&#8217;s Solosonaten f\u00fcr Violine. Diese programmatisch \u00fcberaus interessante und dichte Gegen\u00fcberstellung der beiden wichtigsten Werkzyklen f\u00fcr Solovioline wird in Salzburg beim Bachfestival zur Auff\u00fchrung kommen, sowie auch in Wien (Konzerthaus), Klagenfurt (Konzerthaus), M\u00fcnchen, London (Wigmore Hall), New York (Carnegie Weill Recital Hall), San Francisco, Tokyo (City Opera) u.a. Sowohl Bach, als auch Ysaye liegen Ende 1999 als CD-Einspielung bei Arte Nova Classics vor. Benjamin Schmid war Gastprofessor an der Hochschule Mozarteum in Salzburg von 1996-1999. Er spielt eine Stradivari (&#8222;Br\u00fcstlein&#8220; 1707), eine gro\u00dfz\u00fcgige Leihgabe aus der Sammlung der \u00d6sterreichischen Nationalbank.<br \/><br \/>(1999)<\/p>\t\t\t\t\t\t\t\t<\/div>\n\t\t\t\t<\/div>\n\t\t\t\t<div class=\"elementor-element elementor-element-d0ff1a0 elementor-widget elementor-widget-text-editor\" data-id=\"d0ff1a0\" data-element_type=\"widget\" data-widget_type=\"text-editor.default\">\n\t\t\t\t<div class=\"elementor-widget-container\">\n\t\t\t\t\t\t\t\t\t<p style=\"text-align: right;\">\n<a href=\"javascript:history.back();\">Zur\u00fcck<\/a>\n<\/p>\t\t\t\t\t\t\t\t<\/div>\n\t\t\t\t<\/div>\n\t\t\t\t<\/div>\n\t\t\t\t\t<\/div>\n\t\t\t\t<\/div>\n\t\t\t\t<\/div>\n\t\t","protected":false},"excerpt":{"rendered":"<p>Violine Auftritte im Linzer Konzertverein: 01.12.1999, Festkonzert 80 Jahre Linzer Konzertverein02.12.1986, Sinfoniekonzert13.11.1986, Festveranstaltung der Gewerkschaft der Privatangestellten 1968 in Wien geboren, erhielt Benjamin Schmid seine Ausbildung in Salzburg, Wien und Philadelphia. Sein au\u00dferordentlicher Erfolg bei den gro\u00dfen internationalen Wettbewerben, jeweils erste Preise in Paris, USA, BRD, S\u00fcdafrika und beim Carl-Flesch-International in London (au\u00dfer dem 1. &hellip; <\/p>\n<p class=\"link-more\"><a href=\"https:\/\/wppool.abenteuerbox.at\/DA_KV_Linz\/?page_id=1718\" class=\"more-link\">Read more<span class=\"screen-reader-text\"> &#8222;Benjamin (Beni) Schmid&#8220;<\/span><\/a><\/p>\n","protected":false},"author":1,"featured_media":0,"parent":0,"menu_order":0,"comment_status":"closed","ping_status":"closed","template":"","meta":{"inspiro_hide_title":false,"footnotes":""},"class_list":["post-1718","page","type-page","status-publish","hentry"],"_links":{"self":[{"href":"https:\/\/wppool.abenteuerbox.at\/DA_KV_Linz\/index.php?rest_route=\/wp\/v2\/pages\/1718","targetHints":{"allow":["GET"]}}],"collection":[{"href":"https:\/\/wppool.abenteuerbox.at\/DA_KV_Linz\/index.php?rest_route=\/wp\/v2\/pages"}],"about":[{"href":"https:\/\/wppool.abenteuerbox.at\/DA_KV_Linz\/index.php?rest_route=\/wp\/v2\/types\/page"}],"author":[{"embeddable":true,"href":"https:\/\/wppool.abenteuerbox.at\/DA_KV_Linz\/index.php?rest_route=\/wp\/v2\/users\/1"}],"replies":[{"embeddable":true,"href":"https:\/\/wppool.abenteuerbox.at\/DA_KV_Linz\/index.php?rest_route=%2Fwp%2Fv2%2Fcomments&post=1718"}],"version-history":[{"count":13,"href":"https:\/\/wppool.abenteuerbox.at\/DA_KV_Linz\/index.php?rest_route=\/wp\/v2\/pages\/1718\/revisions"}],"predecessor-version":[{"id":7481,"href":"https:\/\/wppool.abenteuerbox.at\/DA_KV_Linz\/index.php?rest_route=\/wp\/v2\/pages\/1718\/revisions\/7481"}],"wp:attachment":[{"href":"https:\/\/wppool.abenteuerbox.at\/DA_KV_Linz\/index.php?rest_route=%2Fwp%2Fv2%2Fmedia&parent=1718"}],"curies":[{"name":"wp","href":"https:\/\/api.w.org\/{rel}","templated":true}]}}