{"id":1739,"date":"2025-01-14T13:39:09","date_gmt":"2025-01-14T12:39:09","guid":{"rendered":"https:\/\/wppool.abenteuerbox.at\/DA_KV_Linz\/?page_id=1739"},"modified":"2025-01-24T20:38:03","modified_gmt":"2025-01-24T19:38:03","slug":"august-humer","status":"publish","type":"page","link":"https:\/\/wppool.abenteuerbox.at\/DA_KV_Linz\/?page_id=1739","title":{"rendered":"August Humer"},"content":{"rendered":"\t\t<div data-elementor-type=\"wp-page\" data-elementor-id=\"1739\" class=\"elementor elementor-1739\">\n\t\t\t\t<div class=\"elementor-element elementor-element-316004b e-flex e-con-boxed e-con e-parent\" data-id=\"316004b\" data-element_type=\"container\">\n\t\t\t\t\t<div class=\"e-con-inner\">\n\t\t<div class=\"elementor-element elementor-element-f66d9ca e-con-full e-flex e-con e-child\" data-id=\"f66d9ca\" data-element_type=\"container\">\n\t\t\t\t<div class=\"elementor-element elementor-element-93ac375 elementor-widget elementor-widget-heading\" data-id=\"93ac375\" data-element_type=\"widget\" data-widget_type=\"heading.default\">\n\t\t\t\t<div class=\"elementor-widget-container\">\n\t\t\t\t\t<h2 class=\"elementor-heading-title elementor-size-default\">Orgel<\/h2>\t\t\t\t<\/div>\n\t\t\t\t<\/div>\n\t\t\t\t<div class=\"elementor-element elementor-element-929e1fd elementor-widget elementor-widget-text-editor\" data-id=\"929e1fd\" data-element_type=\"widget\" data-widget_type=\"text-editor.default\">\n\t\t\t\t<div class=\"elementor-widget-container\">\n\t\t\t\t\t\t\t\t\t<p><strong>Auftritte im Linzer Konzertverein:<\/strong><\/p><p>24.03.1999, Sinfoniekonzert<\/p>\t\t\t\t\t\t\t\t<\/div>\n\t\t\t\t<\/div>\n\t\t\t\t<\/div>\n\t\t<div class=\"elementor-element elementor-element-60cca74 e-con-full e-flex e-con e-child\" data-id=\"60cca74\" data-element_type=\"container\">\n\t\t\t\t<div class=\"elementor-element elementor-element-1b01392 elementor-widget elementor-widget-image\" data-id=\"1b01392\" data-element_type=\"widget\" data-widget_type=\"image.default\">\n\t\t\t\t<div class=\"elementor-widget-container\">\n\t\t\t\t\t\t\t\t\t\t\t\t\t\t\t<img decoding=\"async\" width=\"155\" height=\"200\" src=\"https:\/\/wppool.abenteuerbox.at\/DA_KV_Linz\/wp-content\/uploads\/2025\/01\/Humer_August.jpg\" class=\"attachment-large size-large wp-image-1745\" alt=\"\" sizes=\"100vw\" \/>\t\t\t\t\t\t\t\t\t\t\t\t\t\t\t<\/div>\n\t\t\t\t<\/div>\n\t\t\t\t<\/div>\n\t\t<div class=\"elementor-element elementor-element-188dad1 e-con-full e-flex e-con e-child\" data-id=\"188dad1\" data-element_type=\"container\">\n\t\t\t\t<div class=\"elementor-element elementor-element-55bcfc7 elementor-widget elementor-widget-text-editor\" data-id=\"55bcfc7\" data-element_type=\"widget\" data-widget_type=\"text-editor.default\">\n\t\t\t\t<div class=\"elementor-widget-container\">\n\t\t\t\t\t\t\t\t\t<p>Der 1947 in Ried i.I. geborene erhielt bereits mit 7 Jahren seinen ersten Klavier- und Orgelunterricht. Er studierte nach der Matura am Brucknerkonservatorium Linz, an der Wiener Musikakademie sowie an der Universit\u00e4t Wien (Musik- und Theaterwissenschaft). Abschluss an der Musikakademie mit Auszeichnung und dem Abgangspreis des<br \/>Bundesministeriums.<br \/><br \/>August Humer war Preistr\u00e4ger bei den internationalen Wettbewerben in Innsbruck und N\u00fcrnberg (1972\/73\/74). Zahlreiche Konzertreisen als Organist, Cembalist, Clavichordist, Kammermusiker f\u00fchrten ihn in die meisten europ\u00e4ischen L\u00e4nder und nach Nordamerika und Australien. Gastvorlesungen \/ Meisterklassen auch an amerikanischen und australischen Universit\u00e4ten und Musikhochschulen.<br \/><br \/>Rundfunk- und Fernsehaufnahmen, zahlreiche Schallplatten\/CD Einspielungen an historischen und neuen Orgeln, Cembalo und Hammerklavier. Neben der Besch\u00e4ftigung mit der Musik des 20. Jahrhunderts wurde August Humer als Spezialist f\u00fcr historische<br \/>Auff\u00fchrungspraxis an Tasteninstrumenten bekannt. Seine vielseitige Besch\u00e4ftigung mit der Quellenforschung und der Auff\u00fchrungspraxis &#8211; im historischen Kontext und im Verh\u00e4ltnis zu modernen und heutigen Auff\u00fchrungsweisen &#8211; zeigt sich nicht nur in der Gestaltung des k\u00fcnstlerischen Gedankenguts, sondern auch in der Arbeit als Gutachter der O\u00d6. Orgelkommission und als Mitarbeiter am O\u00d6. Landesmuseum (Musikinstrumentensammlung).<br \/><br \/>August Humer ist Professor f\u00fcr Orgel und Cembalo am Bruckner-Konservatorium Linz und Organist an der Brucknerorgel im Alten Dom Linz.<br \/><br \/>August Humer ist 2007 verstorben.<\/p>\t\t\t\t\t\t\t\t<\/div>\n\t\t\t\t<\/div>\n\t\t\t\t<div class=\"elementor-element elementor-element-0158876 elementor-widget elementor-widget-text-editor\" data-id=\"0158876\" data-element_type=\"widget\" data-widget_type=\"text-editor.default\">\n\t\t\t\t<div class=\"elementor-widget-container\">\n\t\t\t\t\t\t\t\t\t<p style=\"text-align: right;\">\n<a href=\"javascript:history.back();\">Zur\u00fcck<\/a>\n<\/p>\t\t\t\t\t\t\t\t<\/div>\n\t\t\t\t<\/div>\n\t\t\t\t<\/div>\n\t\t\t\t\t<\/div>\n\t\t\t\t<\/div>\n\t\t\t\t<\/div>\n\t\t","protected":false},"excerpt":{"rendered":"<p>Orgel Auftritte im Linzer Konzertverein: 24.03.1999, Sinfoniekonzert Der 1947 in Ried i.I. geborene erhielt bereits mit 7 Jahren seinen ersten Klavier- und Orgelunterricht. Er studierte nach der Matura am Brucknerkonservatorium Linz, an der Wiener Musikakademie sowie an der Universit\u00e4t Wien (Musik- und Theaterwissenschaft). Abschluss an der Musikakademie mit Auszeichnung und dem Abgangspreis desBundesministeriums. August Humer &hellip; <\/p>\n<p class=\"link-more\"><a href=\"https:\/\/wppool.abenteuerbox.at\/DA_KV_Linz\/?page_id=1739\" class=\"more-link\">Read more<span class=\"screen-reader-text\"> &#8222;August Humer&#8220;<\/span><\/a><\/p>\n","protected":false},"author":1,"featured_media":0,"parent":0,"menu_order":0,"comment_status":"closed","ping_status":"closed","template":"","meta":{"inspiro_hide_title":false,"footnotes":""},"class_list":["post-1739","page","type-page","status-publish","hentry"],"_links":{"self":[{"href":"https:\/\/wppool.abenteuerbox.at\/DA_KV_Linz\/index.php?rest_route=\/wp\/v2\/pages\/1739","targetHints":{"allow":["GET"]}}],"collection":[{"href":"https:\/\/wppool.abenteuerbox.at\/DA_KV_Linz\/index.php?rest_route=\/wp\/v2\/pages"}],"about":[{"href":"https:\/\/wppool.abenteuerbox.at\/DA_KV_Linz\/index.php?rest_route=\/wp\/v2\/types\/page"}],"author":[{"embeddable":true,"href":"https:\/\/wppool.abenteuerbox.at\/DA_KV_Linz\/index.php?rest_route=\/wp\/v2\/users\/1"}],"replies":[{"embeddable":true,"href":"https:\/\/wppool.abenteuerbox.at\/DA_KV_Linz\/index.php?rest_route=%2Fwp%2Fv2%2Fcomments&post=1739"}],"version-history":[{"count":13,"href":"https:\/\/wppool.abenteuerbox.at\/DA_KV_Linz\/index.php?rest_route=\/wp\/v2\/pages\/1739\/revisions"}],"predecessor-version":[{"id":7494,"href":"https:\/\/wppool.abenteuerbox.at\/DA_KV_Linz\/index.php?rest_route=\/wp\/v2\/pages\/1739\/revisions\/7494"}],"wp:attachment":[{"href":"https:\/\/wppool.abenteuerbox.at\/DA_KV_Linz\/index.php?rest_route=%2Fwp%2Fv2%2Fmedia&parent=1739"}],"curies":[{"name":"wp","href":"https:\/\/api.w.org\/{rel}","templated":true}]}}