{"id":1771,"date":"2025-01-14T14:51:32","date_gmt":"2025-01-14T13:51:32","guid":{"rendered":"https:\/\/wppool.abenteuerbox.at\/DA_KV_Linz\/?page_id=1771"},"modified":"2025-01-24T20:38:39","modified_gmt":"2025-01-24T19:38:39","slug":"gerald-kraxberger","status":"publish","type":"page","link":"https:\/\/wppool.abenteuerbox.at\/DA_KV_Linz\/?page_id=1771","title":{"rendered":"Gerald Kraxberger"},"content":{"rendered":"\t\t<div data-elementor-type=\"wp-page\" data-elementor-id=\"1771\" class=\"elementor elementor-1771\">\n\t\t\t\t<div class=\"elementor-element elementor-element-7a638b6 e-flex e-con-boxed e-con e-parent\" data-id=\"7a638b6\" data-element_type=\"container\">\n\t\t\t\t\t<div class=\"e-con-inner\">\n\t\t<div class=\"elementor-element elementor-element-e85826b e-con-full e-flex e-con e-child\" data-id=\"e85826b\" data-element_type=\"container\">\n\t\t\t\t<div class=\"elementor-element elementor-element-cc42181 elementor-widget elementor-widget-heading\" data-id=\"cc42181\" data-element_type=\"widget\" data-widget_type=\"heading.default\">\n\t\t\t\t<div class=\"elementor-widget-container\">\n\t\t\t\t\t<h2 class=\"elementor-heading-title elementor-size-default\">Klarinette<\/h2>\t\t\t\t<\/div>\n\t\t\t\t<\/div>\n\t\t\t\t<div class=\"elementor-element elementor-element-a4032df elementor-widget elementor-widget-text-editor\" data-id=\"a4032df\" data-element_type=\"widget\" data-widget_type=\"text-editor.default\">\n\t\t\t\t<div class=\"elementor-widget-container\">\n\t\t\t\t\t\t\t\t\t<p><strong>Auftritte im Linzer Konzertverein:<\/strong><\/p><p>25.11.1998, Sinfoniekonzert<\/p>\t\t\t\t\t\t\t\t<\/div>\n\t\t\t\t<\/div>\n\t\t\t\t<\/div>\n\t\t<div class=\"elementor-element elementor-element-030dab2 e-con-full e-flex e-con e-child\" data-id=\"030dab2\" data-element_type=\"container\">\n\t\t\t\t<div class=\"elementor-element elementor-element-2e2d55a elementor-widget elementor-widget-image\" data-id=\"2e2d55a\" data-element_type=\"widget\" data-widget_type=\"image.default\">\n\t\t\t\t<div class=\"elementor-widget-container\">\n\t\t\t\t\t\t\t\t\t\t\t\t\t\t\t<img decoding=\"async\" width=\"155\" height=\"200\" src=\"https:\/\/wppool.abenteuerbox.at\/DA_KV_Linz\/wp-content\/uploads\/2025\/01\/Kraxberger_Gerald.jpg\" class=\"attachment-large size-large wp-image-1779\" alt=\"\" sizes=\"100vw\" \/>\t\t\t\t\t\t\t\t\t\t\t\t\t\t\t<\/div>\n\t\t\t\t<\/div>\n\t\t\t\t<\/div>\n\t\t<div class=\"elementor-element elementor-element-5deea16 e-con-full e-flex e-con e-child\" data-id=\"5deea16\" data-element_type=\"container\">\n\t\t\t\t<div class=\"elementor-element elementor-element-053a5dd elementor-widget elementor-widget-text-editor\" data-id=\"053a5dd\" data-element_type=\"widget\" data-widget_type=\"text-editor.default\">\n\t\t\t\t<div class=\"elementor-widget-container\">\n\t\t\t\t\t\t\t\t\t<p>Erster Klarinettenunterricht mit sieben Jahren.<br \/>1979 bis 1984 Besuch des Musikgymnasiums Linz und Klarinettenstudium am Brucknerkonservatorium bei Prof. Karl M. Kubizek.<br \/>1984 Matura und gleichzeitig Abschluss der Instrumentallehrer Ausbildung f\u00fcr Klarinette.<br \/>1985 Reifepr\u00fcfung f\u00fcr Klarinette am Brucknerkonservatorium mit Auszeichnung.<br \/>Von 1986 bis 1991 Klarinettenstudium bei Prof. Peter Schmidl und Johann Hindler an der Hochschule f\u00fcr Musik und darstellende Kunst in Wien.<br \/>Konzertfach Klarinette Diplompr\u00fcfung mit Auszeichnung.<br \/>Verleihung des W\u00fcrdigungspreises des Unterrichtsministeriums.<br \/>Seit 1988 Lehrer f\u00fcr Klarinette am Brucknerkonservatorium Linz und seit 1992 Abteilungsvorstand f\u00fcr Holzblasinstrumente.<br \/>Gr\u00fcnder und Leiter des Klarinettenorchesters CLARISSMA. Meisterkurse f\u00fcr Klarinette bei Sabine Meyer, Wolfgang Meyer, Rainer Wehle, Eddie Daniels und f\u00fcr Ba\u00dfklarinette bei Harry Sparnaay.<br \/>Sponsion zum &#8222;Magister Artium&#8220; an der Musikhochschule Wien.<br \/>Im Studienjahr 1996\/97 Kontaktstudium bei Prof. Wolfgang Meyer an der Musikhochschule Karlsruhe.<br \/>Seit Dezember 1997 Lehrauftrag f\u00fcr Klarinette und Didaktik an der Hochschule f\u00fcr Musik und darstellende Kunst in Wien.<br \/>Mehrfacher erster Preistr\u00e4ger bei Landes- und Bundeswettbewerben. Rundfunk und Plattenproduktionen.<br \/>Konzertreisen nach Deutschland, Belgien, Holland, Italien, Frankreich, Spanien, Polen und Japan.<\/p><p>(1998)<\/p>\t\t\t\t\t\t\t\t<\/div>\n\t\t\t\t<\/div>\n\t\t\t\t<div class=\"elementor-element elementor-element-1b2469f elementor-widget elementor-widget-text-editor\" data-id=\"1b2469f\" data-element_type=\"widget\" data-widget_type=\"text-editor.default\">\n\t\t\t\t<div class=\"elementor-widget-container\">\n\t\t\t\t\t\t\t\t\t<p style=\"text-align: right;\">\n<a href=\"javascript:history.back();\">Zur\u00fcck<\/a>\n<\/p>\t\t\t\t\t\t\t\t<\/div>\n\t\t\t\t<\/div>\n\t\t\t\t<\/div>\n\t\t\t\t\t<\/div>\n\t\t\t\t<\/div>\n\t\t\t\t<\/div>\n\t\t","protected":false},"excerpt":{"rendered":"<p>Klarinette Auftritte im Linzer Konzertverein: 25.11.1998, Sinfoniekonzert Erster Klarinettenunterricht mit sieben Jahren.1979 bis 1984 Besuch des Musikgymnasiums Linz und Klarinettenstudium am Brucknerkonservatorium bei Prof. Karl M. Kubizek.1984 Matura und gleichzeitig Abschluss der Instrumentallehrer Ausbildung f\u00fcr Klarinette.1985 Reifepr\u00fcfung f\u00fcr Klarinette am Brucknerkonservatorium mit Auszeichnung.Von 1986 bis 1991 Klarinettenstudium bei Prof. Peter Schmidl und Johann Hindler an &hellip; <\/p>\n<p class=\"link-more\"><a href=\"https:\/\/wppool.abenteuerbox.at\/DA_KV_Linz\/?page_id=1771\" class=\"more-link\">Read more<span class=\"screen-reader-text\"> &#8222;Gerald Kraxberger&#8220;<\/span><\/a><\/p>\n","protected":false},"author":1,"featured_media":0,"parent":0,"menu_order":0,"comment_status":"closed","ping_status":"closed","template":"","meta":{"inspiro_hide_title":false,"footnotes":""},"class_list":["post-1771","page","type-page","status-publish","hentry"],"_links":{"self":[{"href":"https:\/\/wppool.abenteuerbox.at\/DA_KV_Linz\/index.php?rest_route=\/wp\/v2\/pages\/1771","targetHints":{"allow":["GET"]}}],"collection":[{"href":"https:\/\/wppool.abenteuerbox.at\/DA_KV_Linz\/index.php?rest_route=\/wp\/v2\/pages"}],"about":[{"href":"https:\/\/wppool.abenteuerbox.at\/DA_KV_Linz\/index.php?rest_route=\/wp\/v2\/types\/page"}],"author":[{"embeddable":true,"href":"https:\/\/wppool.abenteuerbox.at\/DA_KV_Linz\/index.php?rest_route=\/wp\/v2\/users\/1"}],"replies":[{"embeddable":true,"href":"https:\/\/wppool.abenteuerbox.at\/DA_KV_Linz\/index.php?rest_route=%2Fwp%2Fv2%2Fcomments&post=1771"}],"version-history":[{"count":13,"href":"https:\/\/wppool.abenteuerbox.at\/DA_KV_Linz\/index.php?rest_route=\/wp\/v2\/pages\/1771\/revisions"}],"predecessor-version":[{"id":7515,"href":"https:\/\/wppool.abenteuerbox.at\/DA_KV_Linz\/index.php?rest_route=\/wp\/v2\/pages\/1771\/revisions\/7515"}],"wp:attachment":[{"href":"https:\/\/wppool.abenteuerbox.at\/DA_KV_Linz\/index.php?rest_route=%2Fwp%2Fv2%2Fmedia&parent=1771"}],"curies":[{"name":"wp","href":"https:\/\/api.w.org\/{rel}","templated":true}]}}