{"id":1784,"date":"2025-01-14T14:54:15","date_gmt":"2025-01-14T13:54:15","guid":{"rendered":"https:\/\/wppool.abenteuerbox.at\/DA_KV_Linz\/?page_id=1784"},"modified":"2025-01-24T20:39:01","modified_gmt":"2025-01-24T19:39:01","slug":"helmut-heinz-ecker","status":"publish","type":"page","link":"https:\/\/wppool.abenteuerbox.at\/DA_KV_Linz\/?page_id=1784","title":{"rendered":"Helmut Heinz Ecker"},"content":{"rendered":"\t\t<div data-elementor-type=\"wp-page\" data-elementor-id=\"1784\" class=\"elementor elementor-1784\">\n\t\t\t\t<div class=\"elementor-element elementor-element-65d0dd4 e-flex e-con-boxed e-con e-parent\" data-id=\"65d0dd4\" data-element_type=\"container\">\n\t\t\t\t\t<div class=\"e-con-inner\">\n\t\t<div class=\"elementor-element elementor-element-41660c0 e-con-full e-flex e-con e-child\" data-id=\"41660c0\" data-element_type=\"container\">\n\t\t\t\t<div class=\"elementor-element elementor-element-25e3ba7 elementor-widget elementor-widget-heading\" data-id=\"25e3ba7\" data-element_type=\"widget\" data-widget_type=\"heading.default\">\n\t\t\t\t<div class=\"elementor-widget-container\">\n\t\t\t\t\t<h2 class=\"elementor-heading-title elementor-size-default\">Sprecher<\/h2>\t\t\t\t<\/div>\n\t\t\t\t<\/div>\n\t\t\t\t<div class=\"elementor-element elementor-element-3c5e1c2 elementor-widget elementor-widget-text-editor\" data-id=\"3c5e1c2\" data-element_type=\"widget\" data-widget_type=\"text-editor.default\">\n\t\t\t\t<div class=\"elementor-widget-container\">\n\t\t\t\t\t\t\t\t\t<p><strong>Auftritte im Linzer Konzertverein:<\/strong><\/p><p>25.11.1998, Sinfoniekonzert<br \/>08.05.1974, Sinfoniekonzert (1. Konzert im Brucknerhaus Linz)<\/p>\t\t\t\t\t\t\t\t<\/div>\n\t\t\t\t<\/div>\n\t\t\t\t<\/div>\n\t\t<div class=\"elementor-element elementor-element-1979867 e-con-full e-flex e-con e-child\" data-id=\"1979867\" data-element_type=\"container\">\n\t\t\t\t<div class=\"elementor-element elementor-element-4e36388 elementor-widget elementor-widget-image\" data-id=\"4e36388\" data-element_type=\"widget\" data-widget_type=\"image.default\">\n\t\t\t\t<div class=\"elementor-widget-container\">\n\t\t\t\t\t\t\t\t\t\t\t\t\t\t\t<img decoding=\"async\" width=\"155\" height=\"200\" src=\"https:\/\/wppool.abenteuerbox.at\/DA_KV_Linz\/wp-content\/uploads\/2025\/01\/Ecker_Helmut_Heinz.jpg\" class=\"attachment-large size-large wp-image-1787\" alt=\"\" sizes=\"100vw\" \/>\t\t\t\t\t\t\t\t\t\t\t\t\t\t\t<\/div>\n\t\t\t\t<\/div>\n\t\t\t\t<\/div>\n\t\t<div class=\"elementor-element elementor-element-37de84d e-con-full e-flex e-con e-child\" data-id=\"37de84d\" data-element_type=\"container\">\n\t\t\t\t<div class=\"elementor-element elementor-element-e0b48e2 elementor-widget elementor-widget-text-editor\" data-id=\"e0b48e2\" data-element_type=\"widget\" data-widget_type=\"text-editor.default\">\n\t\t\t\t<div class=\"elementor-widget-container\">\n\t\t\t\t\t\t\t\t\t<p>Jahrgang 1939, Schauspieler und Rundfunksprecher mit besonderer Neigung zur Rezitation. Als Castellan von Schlo\u00df Wildberg hofft er, im Hinblick auf das standhafte Alter dieses Gem\u00e4uers, einen allf\u00e4lligen Pensionsschock zu \u00fcberwinden.<br \/><br \/>Verstorben im Jahr 2005.<\/p>\t\t\t\t\t\t\t\t<\/div>\n\t\t\t\t<\/div>\n\t\t\t\t<div class=\"elementor-element elementor-element-2a252bf elementor-widget elementor-widget-text-editor\" data-id=\"2a252bf\" data-element_type=\"widget\" data-widget_type=\"text-editor.default\">\n\t\t\t\t<div class=\"elementor-widget-container\">\n\t\t\t\t\t\t\t\t\t<p style=\"text-align: right;\">\n<a href=\"javascript:history.back();\">Zur\u00fcck<\/a>\n<\/p>\t\t\t\t\t\t\t\t<\/div>\n\t\t\t\t<\/div>\n\t\t\t\t<\/div>\n\t\t\t\t\t<\/div>\n\t\t\t\t<\/div>\n\t\t\t\t<\/div>\n\t\t","protected":false},"excerpt":{"rendered":"<p>Sprecher Auftritte im Linzer Konzertverein: 25.11.1998, Sinfoniekonzert08.05.1974, Sinfoniekonzert (1. Konzert im Brucknerhaus Linz) Jahrgang 1939, Schauspieler und Rundfunksprecher mit besonderer Neigung zur Rezitation. Als Castellan von Schlo\u00df Wildberg hofft er, im Hinblick auf das standhafte Alter dieses Gem\u00e4uers, einen allf\u00e4lligen Pensionsschock zu \u00fcberwinden. Verstorben im Jahr 2005. Zur\u00fcck<\/p>\n","protected":false},"author":1,"featured_media":0,"parent":0,"menu_order":0,"comment_status":"closed","ping_status":"closed","template":"","meta":{"inspiro_hide_title":false,"footnotes":""},"class_list":["post-1784","page","type-page","status-publish","hentry"],"_links":{"self":[{"href":"https:\/\/wppool.abenteuerbox.at\/DA_KV_Linz\/index.php?rest_route=\/wp\/v2\/pages\/1784","targetHints":{"allow":["GET"]}}],"collection":[{"href":"https:\/\/wppool.abenteuerbox.at\/DA_KV_Linz\/index.php?rest_route=\/wp\/v2\/pages"}],"about":[{"href":"https:\/\/wppool.abenteuerbox.at\/DA_KV_Linz\/index.php?rest_route=\/wp\/v2\/types\/page"}],"author":[{"embeddable":true,"href":"https:\/\/wppool.abenteuerbox.at\/DA_KV_Linz\/index.php?rest_route=\/wp\/v2\/users\/1"}],"replies":[{"embeddable":true,"href":"https:\/\/wppool.abenteuerbox.at\/DA_KV_Linz\/index.php?rest_route=%2Fwp%2Fv2%2Fcomments&post=1784"}],"version-history":[{"count":13,"href":"https:\/\/wppool.abenteuerbox.at\/DA_KV_Linz\/index.php?rest_route=\/wp\/v2\/pages\/1784\/revisions"}],"predecessor-version":[{"id":7526,"href":"https:\/\/wppool.abenteuerbox.at\/DA_KV_Linz\/index.php?rest_route=\/wp\/v2\/pages\/1784\/revisions\/7526"}],"wp:attachment":[{"href":"https:\/\/wppool.abenteuerbox.at\/DA_KV_Linz\/index.php?rest_route=%2Fwp%2Fv2%2Fmedia&parent=1784"}],"curies":[{"name":"wp","href":"https:\/\/api.w.org\/{rel}","templated":true}]}}