{"id":1801,"date":"2025-01-14T14:59:34","date_gmt":"2025-01-14T13:59:34","guid":{"rendered":"https:\/\/wppool.abenteuerbox.at\/DA_KV_Linz\/?page_id=1801"},"modified":"2025-01-24T20:39:24","modified_gmt":"2025-01-24T19:39:24","slug":"kurt-dlouhy","status":"publish","type":"page","link":"https:\/\/wppool.abenteuerbox.at\/DA_KV_Linz\/?page_id=1801","title":{"rendered":"Kurt Dlouhy"},"content":{"rendered":"\t\t<div data-elementor-type=\"wp-page\" data-elementor-id=\"1801\" class=\"elementor elementor-1801\">\n\t\t\t\t<div class=\"elementor-element elementor-element-adcd796 e-flex e-con-boxed e-con e-parent\" data-id=\"adcd796\" data-element_type=\"container\">\n\t\t\t\t\t<div class=\"e-con-inner\">\n\t\t<div class=\"elementor-element elementor-element-325b093 e-con-full e-flex e-con e-child\" data-id=\"325b093\" data-element_type=\"container\">\n\t\t\t\t<div class=\"elementor-element elementor-element-05a3c8e elementor-widget elementor-widget-heading\" data-id=\"05a3c8e\" data-element_type=\"widget\" data-widget_type=\"heading.default\">\n\t\t\t\t<div class=\"elementor-widget-container\">\n\t\t\t\t\t<h2 class=\"elementor-heading-title elementor-size-default\">Dirigent<\/h2>\t\t\t\t<\/div>\n\t\t\t\t<\/div>\n\t\t\t\t<div class=\"elementor-element elementor-element-4c5be6b elementor-widget elementor-widget-text-editor\" data-id=\"4c5be6b\" data-element_type=\"widget\" data-widget_type=\"text-editor.default\">\n\t\t\t\t<div class=\"elementor-widget-container\">\n\t\t\t\t\t\t\t\t\t<p><strong>Auftritte im Linzer Konzertverein:<\/strong><\/p><p>01.04.1998, Sinfoniekonzert<br \/>21.04.1993, Sinfoniekonzert<\/p>\t\t\t\t\t\t\t\t<\/div>\n\t\t\t\t<\/div>\n\t\t\t\t<\/div>\n\t\t<div class=\"elementor-element elementor-element-c606e2b e-con-full e-flex e-con e-child\" data-id=\"c606e2b\" data-element_type=\"container\">\n\t\t\t\t<div class=\"elementor-element elementor-element-23805c6 elementor-widget elementor-widget-image\" data-id=\"23805c6\" data-element_type=\"widget\" data-widget_type=\"image.default\">\n\t\t\t\t<div class=\"elementor-widget-container\">\n\t\t\t\t\t\t\t\t\t\t\t\t\t\t\t<img decoding=\"async\" width=\"155\" height=\"200\" src=\"https:\/\/wppool.abenteuerbox.at\/DA_KV_Linz\/wp-content\/uploads\/2025\/01\/Dlouhy_Kurt.jpg\" class=\"attachment-large size-large wp-image-1804\" alt=\"\" sizes=\"100vw\" \/>\t\t\t\t\t\t\t\t\t\t\t\t\t\t\t<\/div>\n\t\t\t\t<\/div>\n\t\t\t\t<\/div>\n\t\t<div class=\"elementor-element elementor-element-d7dc5a4 e-con-full e-flex e-con e-child\" data-id=\"d7dc5a4\" data-element_type=\"container\">\n\t\t\t\t<div class=\"elementor-element elementor-element-86bd70e elementor-widget elementor-widget-text-editor\" data-id=\"86bd70e\" data-element_type=\"widget\" data-widget_type=\"text-editor.default\">\n\t\t\t\t<div class=\"elementor-widget-container\">\n\t\t\t\t\t\t\t\t\t<p>wurde 1949 in Blindenmarkt, N\u00d6. geboren. 1970-1974 Studium an der Musikhochschule Wien (Musikp\u00e4dagogik), seit 1978 Lehrer am Bruckner-Konservatorium Linz.<br \/>1980 Lehrbef\u00e4higung f\u00fcr Sologesang.<br \/>1983 Reifepr\u00fcfung mit Auszeichnung in Dirigieren.<br \/><br \/>Neben den p\u00e4dagogischen T\u00e4tigkeiten viele Verpflichtungen als Chorleiter, Seminarleiter, Aufnahmeleiter (z. B. Linzer Klangwolke beim Brucknerfest) und s\u00e4ngerische Teilnahmen bei Produktionen des Brucknerkonservatoriums Linz.<br \/><br \/>Orchestererfahrung durch verschiedene Operettenkonzerte im Brucknerhaus Linz.<br \/><br \/>(1993)<\/p>\t\t\t\t\t\t\t\t<\/div>\n\t\t\t\t<\/div>\n\t\t\t\t<div class=\"elementor-element elementor-element-acaf19c elementor-widget elementor-widget-text-editor\" data-id=\"acaf19c\" data-element_type=\"widget\" data-widget_type=\"text-editor.default\">\n\t\t\t\t<div class=\"elementor-widget-container\">\n\t\t\t\t\t\t\t\t\t<p style=\"text-align: right;\">\n<a href=\"javascript:history.back();\">Zur\u00fcck<\/a>\n<\/p>\t\t\t\t\t\t\t\t<\/div>\n\t\t\t\t<\/div>\n\t\t\t\t<\/div>\n\t\t\t\t\t<\/div>\n\t\t\t\t<\/div>\n\t\t\t\t<\/div>\n\t\t","protected":false},"excerpt":{"rendered":"<p>Dirigent Auftritte im Linzer Konzertverein: 01.04.1998, Sinfoniekonzert21.04.1993, Sinfoniekonzert wurde 1949 in Blindenmarkt, N\u00d6. geboren. 1970-1974 Studium an der Musikhochschule Wien (Musikp\u00e4dagogik), seit 1978 Lehrer am Bruckner-Konservatorium Linz.1980 Lehrbef\u00e4higung f\u00fcr Sologesang.1983 Reifepr\u00fcfung mit Auszeichnung in Dirigieren. Neben den p\u00e4dagogischen T\u00e4tigkeiten viele Verpflichtungen als Chorleiter, Seminarleiter, Aufnahmeleiter (z. B. Linzer Klangwolke beim Brucknerfest) und s\u00e4ngerische Teilnahmen bei &hellip; <\/p>\n<p class=\"link-more\"><a href=\"https:\/\/wppool.abenteuerbox.at\/DA_KV_Linz\/?page_id=1801\" class=\"more-link\">Read more<span class=\"screen-reader-text\"> &#8222;Kurt Dlouhy&#8220;<\/span><\/a><\/p>\n","protected":false},"author":1,"featured_media":0,"parent":0,"menu_order":0,"comment_status":"closed","ping_status":"closed","template":"","meta":{"inspiro_hide_title":false,"footnotes":""},"class_list":["post-1801","page","type-page","status-publish","hentry"],"_links":{"self":[{"href":"https:\/\/wppool.abenteuerbox.at\/DA_KV_Linz\/index.php?rest_route=\/wp\/v2\/pages\/1801","targetHints":{"allow":["GET"]}}],"collection":[{"href":"https:\/\/wppool.abenteuerbox.at\/DA_KV_Linz\/index.php?rest_route=\/wp\/v2\/pages"}],"about":[{"href":"https:\/\/wppool.abenteuerbox.at\/DA_KV_Linz\/index.php?rest_route=\/wp\/v2\/types\/page"}],"author":[{"embeddable":true,"href":"https:\/\/wppool.abenteuerbox.at\/DA_KV_Linz\/index.php?rest_route=\/wp\/v2\/users\/1"}],"replies":[{"embeddable":true,"href":"https:\/\/wppool.abenteuerbox.at\/DA_KV_Linz\/index.php?rest_route=%2Fwp%2Fv2%2Fcomments&post=1801"}],"version-history":[{"count":13,"href":"https:\/\/wppool.abenteuerbox.at\/DA_KV_Linz\/index.php?rest_route=\/wp\/v2\/pages\/1801\/revisions"}],"predecessor-version":[{"id":7531,"href":"https:\/\/wppool.abenteuerbox.at\/DA_KV_Linz\/index.php?rest_route=\/wp\/v2\/pages\/1801\/revisions\/7531"}],"wp:attachment":[{"href":"https:\/\/wppool.abenteuerbox.at\/DA_KV_Linz\/index.php?rest_route=%2Fwp%2Fv2%2Fmedia&parent=1801"}],"curies":[{"name":"wp","href":"https:\/\/api.w.org\/{rel}","templated":true}]}}