{"id":1811,"date":"2025-01-14T15:02:46","date_gmt":"2025-01-14T14:02:46","guid":{"rendered":"https:\/\/wppool.abenteuerbox.at\/DA_KV_Linz\/?page_id=1811"},"modified":"2025-01-24T20:39:56","modified_gmt":"2025-01-24T19:39:56","slug":"berndt-hufnagl","status":"publish","type":"page","link":"https:\/\/wppool.abenteuerbox.at\/DA_KV_Linz\/?page_id=1811","title":{"rendered":"Berndt Hufnagl"},"content":{"rendered":"\t\t<div data-elementor-type=\"wp-page\" data-elementor-id=\"1811\" class=\"elementor elementor-1811\">\n\t\t\t\t<div class=\"elementor-element elementor-element-08e6e75 e-flex e-con-boxed e-con e-parent\" data-id=\"08e6e75\" data-element_type=\"container\">\n\t\t\t\t\t<div class=\"e-con-inner\">\n\t\t<div class=\"elementor-element elementor-element-131f620 e-con-full e-flex e-con e-child\" data-id=\"131f620\" data-element_type=\"container\">\n\t\t\t\t<div class=\"elementor-element elementor-element-1cfc435 elementor-widget elementor-widget-heading\" data-id=\"1cfc435\" data-element_type=\"widget\" data-widget_type=\"heading.default\">\n\t\t\t\t<div class=\"elementor-widget-container\">\n\t\t\t\t\t<h2 class=\"elementor-heading-title elementor-size-default\">Posaune<\/h2>\t\t\t\t<\/div>\n\t\t\t\t<\/div>\n\t\t\t\t<div class=\"elementor-element elementor-element-057dc96 elementor-widget elementor-widget-text-editor\" data-id=\"057dc96\" data-element_type=\"widget\" data-widget_type=\"text-editor.default\">\n\t\t\t\t<div class=\"elementor-widget-container\">\n\t\t\t\t\t\t\t\t\t<p><strong>Auftritte im Linzer Konzertverein:<\/strong><\/p><p>01.04.1998, Sinfoniekonzert<\/p>\t\t\t\t\t\t\t\t<\/div>\n\t\t\t\t<\/div>\n\t\t\t\t<\/div>\n\t\t<div class=\"elementor-element elementor-element-5e40a08 e-con-full e-flex e-con e-child\" data-id=\"5e40a08\" data-element_type=\"container\">\n\t\t\t\t<div class=\"elementor-element elementor-element-78c6067 elementor-widget elementor-widget-image\" data-id=\"78c6067\" data-element_type=\"widget\" data-widget_type=\"image.default\">\n\t\t\t\t<div class=\"elementor-widget-container\">\n\t\t\t\t\t\t\t\t\t\t\t\t\t\t\t<img decoding=\"async\" width=\"155\" height=\"200\" src=\"https:\/\/wppool.abenteuerbox.at\/DA_KV_Linz\/wp-content\/uploads\/2025\/01\/Hufnagl_Berndt.jpg\" class=\"attachment-large size-large wp-image-1819\" alt=\"\" sizes=\"100vw\" \/>\t\t\t\t\t\t\t\t\t\t\t\t\t\t\t<\/div>\n\t\t\t\t<\/div>\n\t\t\t\t<\/div>\n\t\t<div class=\"elementor-element elementor-element-e99bdb4 e-con-full e-flex e-con e-child\" data-id=\"e99bdb4\" data-element_type=\"container\">\n\t\t\t\t<div class=\"elementor-element elementor-element-05fbf18 elementor-widget elementor-widget-text-editor\" data-id=\"05fbf18\" data-element_type=\"widget\" data-widget_type=\"text-editor.default\">\n\t\t\t\t<div class=\"elementor-widget-container\">\n\t\t\t\t\t\t\t\t\t<p>1975 in V\u00f6cklabruck geboren, studiert er seit 1990 Posaune bei Prof. Josef K\u00fcrner am Brucknerkonservatorium Linz.<br \/><br \/>Seit 1994 begeistert Berndt Hufnagl immer wieder mit Solo-Konzerten im In- und Ausland. 1995 Solo-Abend mit Klavierbegleitung in St. Georgen\/Attergau und im Brucknerhaus Linz. 1996 \u00f6sterreichische Erstauff\u00fchrung T-Bone Concerto (Johan de Meij), 1997 Solo-Konzerte in Tschechien mit der M\u00e4hrischen Philharmonie.<br \/><br \/>Als Orchestermitglied konnte er 1995 mit dem Gustav-Mahler-Orchester unter der Leitung von Claudio Abbado und Bernhard Haitink an einer Tournee durch Italien, Deutschland und \u00d6sterreich teilnehmen.<br \/><br \/>Bei einigen Wettbewerben wie z. B. dem EBU-Wettbewerb 1994 in Wien, dem \u00f6sterreichischen Bundeswettbewerb 1993 in Leoben und 1996 bei &#8222;Gradus ad Parnassum&#8220; in Wien konnte er jeweils den 1. Platz belegen.<br \/><br \/>(1998)<\/p>\t\t\t\t\t\t\t\t<\/div>\n\t\t\t\t<\/div>\n\t\t\t\t<div class=\"elementor-element elementor-element-aaa8513 elementor-widget elementor-widget-text-editor\" data-id=\"aaa8513\" data-element_type=\"widget\" data-widget_type=\"text-editor.default\">\n\t\t\t\t<div class=\"elementor-widget-container\">\n\t\t\t\t\t\t\t\t\t<p style=\"text-align: right;\">\n<a href=\"javascript:history.back();\">Zur\u00fcck<\/a>\n<\/p>\t\t\t\t\t\t\t\t<\/div>\n\t\t\t\t<\/div>\n\t\t\t\t<\/div>\n\t\t\t\t\t<\/div>\n\t\t\t\t<\/div>\n\t\t\t\t<\/div>\n\t\t","protected":false},"excerpt":{"rendered":"<p>Posaune Auftritte im Linzer Konzertverein: 01.04.1998, Sinfoniekonzert 1975 in V\u00f6cklabruck geboren, studiert er seit 1990 Posaune bei Prof. Josef K\u00fcrner am Brucknerkonservatorium Linz. Seit 1994 begeistert Berndt Hufnagl immer wieder mit Solo-Konzerten im In- und Ausland. 1995 Solo-Abend mit Klavierbegleitung in St. Georgen\/Attergau und im Brucknerhaus Linz. 1996 \u00f6sterreichische Erstauff\u00fchrung T-Bone Concerto (Johan de Meij), &hellip; <\/p>\n<p class=\"link-more\"><a href=\"https:\/\/wppool.abenteuerbox.at\/DA_KV_Linz\/?page_id=1811\" class=\"more-link\">Read more<span class=\"screen-reader-text\"> &#8222;Berndt Hufnagl&#8220;<\/span><\/a><\/p>\n","protected":false},"author":1,"featured_media":0,"parent":0,"menu_order":0,"comment_status":"closed","ping_status":"closed","template":"","meta":{"inspiro_hide_title":false,"footnotes":""},"class_list":["post-1811","page","type-page","status-publish","hentry"],"_links":{"self":[{"href":"https:\/\/wppool.abenteuerbox.at\/DA_KV_Linz\/index.php?rest_route=\/wp\/v2\/pages\/1811","targetHints":{"allow":["GET"]}}],"collection":[{"href":"https:\/\/wppool.abenteuerbox.at\/DA_KV_Linz\/index.php?rest_route=\/wp\/v2\/pages"}],"about":[{"href":"https:\/\/wppool.abenteuerbox.at\/DA_KV_Linz\/index.php?rest_route=\/wp\/v2\/types\/page"}],"author":[{"embeddable":true,"href":"https:\/\/wppool.abenteuerbox.at\/DA_KV_Linz\/index.php?rest_route=\/wp\/v2\/users\/1"}],"replies":[{"embeddable":true,"href":"https:\/\/wppool.abenteuerbox.at\/DA_KV_Linz\/index.php?rest_route=%2Fwp%2Fv2%2Fcomments&post=1811"}],"version-history":[{"count":13,"href":"https:\/\/wppool.abenteuerbox.at\/DA_KV_Linz\/index.php?rest_route=\/wp\/v2\/pages\/1811\/revisions"}],"predecessor-version":[{"id":7534,"href":"https:\/\/wppool.abenteuerbox.at\/DA_KV_Linz\/index.php?rest_route=\/wp\/v2\/pages\/1811\/revisions\/7534"}],"wp:attachment":[{"href":"https:\/\/wppool.abenteuerbox.at\/DA_KV_Linz\/index.php?rest_route=%2Fwp%2Fv2%2Fmedia&parent=1811"}],"curies":[{"name":"wp","href":"https:\/\/api.w.org\/{rel}","templated":true}]}}