{"id":1950,"date":"2025-01-15T10:01:59","date_gmt":"2025-01-15T09:01:59","guid":{"rendered":"https:\/\/wppool.abenteuerbox.at\/DA_KV_Linz\/?page_id=1950"},"modified":"2025-01-24T20:41:46","modified_gmt":"2025-01-24T19:41:46","slug":"megumi-kriechbaum","status":"publish","type":"page","link":"https:\/\/wppool.abenteuerbox.at\/DA_KV_Linz\/?page_id=1950","title":{"rendered":"Megumi Kriechbaum"},"content":{"rendered":"\t\t<div data-elementor-type=\"wp-page\" data-elementor-id=\"1950\" class=\"elementor elementor-1950\">\n\t\t\t\t<div class=\"elementor-element elementor-element-5f5bfdb e-flex e-con-boxed e-con e-parent\" data-id=\"5f5bfdb\" data-element_type=\"container\">\n\t\t\t\t\t<div class=\"e-con-inner\">\n\t\t<div class=\"elementor-element elementor-element-ca60257 e-con-full e-flex e-con e-child\" data-id=\"ca60257\" data-element_type=\"container\">\n\t\t\t\t<div class=\"elementor-element elementor-element-292e88f elementor-widget elementor-widget-heading\" data-id=\"292e88f\" data-element_type=\"widget\" data-widget_type=\"heading.default\">\n\t\t\t\t<div class=\"elementor-widget-container\">\n\t\t\t\t\t<h2 class=\"elementor-heading-title elementor-size-default\">Horn<\/h2>\t\t\t\t<\/div>\n\t\t\t\t<\/div>\n\t\t\t\t<div class=\"elementor-element elementor-element-4737dd4 elementor-widget elementor-widget-text-editor\" data-id=\"4737dd4\" data-element_type=\"widget\" data-widget_type=\"text-editor.default\">\n\t\t\t\t<div class=\"elementor-widget-container\">\n\t\t\t\t\t\t\t\t\t<p><strong>Auftritte im Linzer Konzertverein:<\/strong><\/p><p>12.03.1997, Sinfoniekonzert<\/p>\t\t\t\t\t\t\t\t<\/div>\n\t\t\t\t<\/div>\n\t\t\t\t<\/div>\n\t\t<div class=\"elementor-element elementor-element-2231a76 e-con-full e-flex e-con e-child\" data-id=\"2231a76\" data-element_type=\"container\">\n\t\t\t\t<div class=\"elementor-element elementor-element-0fa00e2 elementor-widget elementor-widget-image\" data-id=\"0fa00e2\" data-element_type=\"widget\" data-widget_type=\"image.default\">\n\t\t\t\t<div class=\"elementor-widget-container\">\n\t\t\t\t\t\t\t\t\t\t\t\t\t\t\t<img decoding=\"async\" width=\"155\" height=\"200\" src=\"https:\/\/wppool.abenteuerbox.at\/DA_KV_Linz\/wp-content\/uploads\/2025\/01\/Kriechbaum_Megumi.jpg\" class=\"attachment-large size-large wp-image-1965\" alt=\"\" sizes=\"100vw\" \/>\t\t\t\t\t\t\t\t\t\t\t\t\t\t\t<\/div>\n\t\t\t\t<\/div>\n\t\t\t\t<\/div>\n\t\t<div class=\"elementor-element elementor-element-42d1515 e-con-full e-flex e-con e-child\" data-id=\"42d1515\" data-element_type=\"container\">\n\t\t\t\t<div class=\"elementor-element elementor-element-64dbf25 elementor-widget elementor-widget-text-editor\" data-id=\"64dbf25\" data-element_type=\"widget\" data-widget_type=\"text-editor.default\">\n\t\t\t\t<div class=\"elementor-widget-container\">\n\t\t\t\t\t\t\t\t\t<p>1964 geboren in Tokio<br \/>1968 Klavierunterricht<br \/>1979 Hornunterricht<br \/>1980-1983 H\u00f6here Schule f\u00fcr Musik in Tokio<br \/>1983-1987 Hochschule f\u00fcr Musik in Tokio<br \/>1987 Diplompr\u00fcfung Konzertfach Horn und Lehrbef\u00e4higungspr\u00fcfung Klavier<br \/>1987-1989 Magisterkurs<br \/>1989 Sponsion<br \/>1989-1993 Hochschule f\u00fcr Musik und Darstellende Kunst Graz\/Obersch\u00fctzen<br \/>Konzertfach Horn bei Prof. G\u00fcnter H\u00f6gner (Solohornist der Wiener Philharmoniker)<br \/>1993 1. Diplom Konzertfach Horn<br \/>1993-1996 Bruckner-Konservatorium Linz Konzertfach u. IGP Horn bei Prof. Georg Viehb\u00f6ck<br \/>Schwerpunkt Klavier bei Eva Hartl<br \/>1995 Diplompr\u00fcfung Konzertfach Horn mit Auszeichnung<br \/><br \/>Meisterkurse bei Hermann Baumann, Peter Damm, Martin Hackleman und Radovan Vladkovitc. Rege Konzertt\u00e4tigkeit unter anderem auch als Solistin mit einer Reihe von \u00f6sterreichischen Orchestern und dem Sinfonieorchester Szombathely.<br \/><br \/>(1997)<\/p>\t\t\t\t\t\t\t\t<\/div>\n\t\t\t\t<\/div>\n\t\t\t\t<div class=\"elementor-element elementor-element-bf3bd84 elementor-widget elementor-widget-text-editor\" data-id=\"bf3bd84\" data-element_type=\"widget\" data-widget_type=\"text-editor.default\">\n\t\t\t\t<div class=\"elementor-widget-container\">\n\t\t\t\t\t\t\t\t\t<p style=\"text-align: right;\">\n<a href=\"javascript:history.back();\">Zur\u00fcck<\/a>\n<\/p>\t\t\t\t\t\t\t\t<\/div>\n\t\t\t\t<\/div>\n\t\t\t\t<\/div>\n\t\t\t\t\t<\/div>\n\t\t\t\t<\/div>\n\t\t\t\t<\/div>\n\t\t","protected":false},"excerpt":{"rendered":"<p>Horn Auftritte im Linzer Konzertverein: 12.03.1997, Sinfoniekonzert 1964 geboren in Tokio1968 Klavierunterricht1979 Hornunterricht1980-1983 H\u00f6here Schule f\u00fcr Musik in Tokio1983-1987 Hochschule f\u00fcr Musik in Tokio1987 Diplompr\u00fcfung Konzertfach Horn und Lehrbef\u00e4higungspr\u00fcfung Klavier1987-1989 Magisterkurs1989 Sponsion1989-1993 Hochschule f\u00fcr Musik und Darstellende Kunst Graz\/Obersch\u00fctzenKonzertfach Horn bei Prof. G\u00fcnter H\u00f6gner (Solohornist der Wiener Philharmoniker)1993 1. Diplom Konzertfach Horn1993-1996 Bruckner-Konservatorium Linz Konzertfach &hellip; <\/p>\n<p class=\"link-more\"><a href=\"https:\/\/wppool.abenteuerbox.at\/DA_KV_Linz\/?page_id=1950\" class=\"more-link\">Read more<span class=\"screen-reader-text\"> &#8222;Megumi Kriechbaum&#8220;<\/span><\/a><\/p>\n","protected":false},"author":1,"featured_media":0,"parent":0,"menu_order":0,"comment_status":"closed","ping_status":"closed","template":"","meta":{"inspiro_hide_title":false,"footnotes":""},"class_list":["post-1950","page","type-page","status-publish","hentry"],"_links":{"self":[{"href":"https:\/\/wppool.abenteuerbox.at\/DA_KV_Linz\/index.php?rest_route=\/wp\/v2\/pages\/1950","targetHints":{"allow":["GET"]}}],"collection":[{"href":"https:\/\/wppool.abenteuerbox.at\/DA_KV_Linz\/index.php?rest_route=\/wp\/v2\/pages"}],"about":[{"href":"https:\/\/wppool.abenteuerbox.at\/DA_KV_Linz\/index.php?rest_route=\/wp\/v2\/types\/page"}],"author":[{"embeddable":true,"href":"https:\/\/wppool.abenteuerbox.at\/DA_KV_Linz\/index.php?rest_route=\/wp\/v2\/users\/1"}],"replies":[{"embeddable":true,"href":"https:\/\/wppool.abenteuerbox.at\/DA_KV_Linz\/index.php?rest_route=%2Fwp%2Fv2%2Fcomments&post=1950"}],"version-history":[{"count":13,"href":"https:\/\/wppool.abenteuerbox.at\/DA_KV_Linz\/index.php?rest_route=\/wp\/v2\/pages\/1950\/revisions"}],"predecessor-version":[{"id":7540,"href":"https:\/\/wppool.abenteuerbox.at\/DA_KV_Linz\/index.php?rest_route=\/wp\/v2\/pages\/1950\/revisions\/7540"}],"wp:attachment":[{"href":"https:\/\/wppool.abenteuerbox.at\/DA_KV_Linz\/index.php?rest_route=%2Fwp%2Fv2%2Fmedia&parent=1950"}],"curies":[{"name":"wp","href":"https:\/\/api.w.org\/{rel}","templated":true}]}}