{"id":2009,"date":"2025-01-15T10:26:36","date_gmt":"2025-01-15T09:26:36","guid":{"rendered":"https:\/\/wppool.abenteuerbox.at\/DA_KV_Linz\/?page_id=2009"},"modified":"2025-01-24T20:45:36","modified_gmt":"2025-01-24T19:45:36","slug":"regina-schoerg","status":"publish","type":"page","link":"https:\/\/wppool.abenteuerbox.at\/DA_KV_Linz\/?page_id=2009","title":{"rendered":"Regina Sch\u00f6rg"},"content":{"rendered":"\t\t<div data-elementor-type=\"wp-page\" data-elementor-id=\"2009\" class=\"elementor elementor-2009\">\n\t\t\t\t<div class=\"elementor-element elementor-element-1cdcc4d e-flex e-con-boxed e-con e-parent\" data-id=\"1cdcc4d\" data-element_type=\"container\">\n\t\t\t\t\t<div class=\"e-con-inner\">\n\t\t<div class=\"elementor-element elementor-element-bf9b935 e-con-full e-flex e-con e-child\" data-id=\"bf9b935\" data-element_type=\"container\">\n\t\t\t\t<div class=\"elementor-element elementor-element-5091f28 elementor-widget elementor-widget-heading\" data-id=\"5091f28\" data-element_type=\"widget\" data-widget_type=\"heading.default\">\n\t\t\t\t<div class=\"elementor-widget-container\">\n\t\t\t\t\t<h2 class=\"elementor-heading-title elementor-size-default\">Sopran<\/h2>\t\t\t\t<\/div>\n\t\t\t\t<\/div>\n\t\t\t\t<div class=\"elementor-element elementor-element-fc157c0 elementor-widget elementor-widget-text-editor\" data-id=\"fc157c0\" data-element_type=\"widget\" data-widget_type=\"text-editor.default\">\n\t\t\t\t<div class=\"elementor-widget-container\">\n\t\t\t\t\t\t\t\t\t<p><strong>Auftritte im Linzer Konzertverein:<\/strong><\/p><p>30.11.1994, Festkonzert 75 Jahre Linzer Konzertverein<\/p>\t\t\t\t\t\t\t\t<\/div>\n\t\t\t\t<\/div>\n\t\t\t\t<\/div>\n\t\t<div class=\"elementor-element elementor-element-64abb98 e-con-full e-flex e-con e-child\" data-id=\"64abb98\" data-element_type=\"container\">\n\t\t\t\t<div class=\"elementor-element elementor-element-838ee03 elementor-widget elementor-widget-image\" data-id=\"838ee03\" data-element_type=\"widget\" data-widget_type=\"image.default\">\n\t\t\t\t<div class=\"elementor-widget-container\">\n\t\t\t\t\t\t\t\t\t\t\t\t\t\t\t<img decoding=\"async\" width=\"155\" height=\"200\" src=\"https:\/\/wppool.abenteuerbox.at\/DA_KV_Linz\/wp-content\/uploads\/2025\/01\/Schoerg_Regina.jpg\" class=\"attachment-large size-large wp-image-2020\" alt=\"\" sizes=\"100vw\" \/>\t\t\t\t\t\t\t\t\t\t\t\t\t\t\t<\/div>\n\t\t\t\t<\/div>\n\t\t\t\t<\/div>\n\t\t<div class=\"elementor-element elementor-element-93ed7c9 e-con-full e-flex e-con e-child\" data-id=\"93ed7c9\" data-element_type=\"container\">\n\t\t\t\t<div class=\"elementor-element elementor-element-9267cfc elementor-widget elementor-widget-text-editor\" data-id=\"9267cfc\" data-element_type=\"widget\" data-widget_type=\"text-editor.default\">\n\t\t\t\t<div class=\"elementor-widget-container\">\n\t\t\t\t\t\t\t\t\t<p>In Wien geboren, kann auf zahlreiche Engagements in freien Wiener Operngruppen (Jugendstiltheater etc.) und Operettentourneen in \u00d6sterreich zur\u00fcckblicken.<br>Sie wirkte bei den Sommerspielen in Bad Ischl und Klosterneuburg mit.<br>Zahlreiche Gastspiele f\u00fchrten sie in Opern- und Operettenproduktionen nach Deutschland. Ausverkaufte Konzerte unter anderem im Musikvereinssaal, im Konzerthaus in Wien und im Brucknersaal des Linzer Brucknerhauses.<br>Regina Sch\u00f6rg kann mit einer langen Repertoireliste aufwarten. Seit der Saison 1992\/93 ist sie am Linzer Landestheater engagiert.<\/p>\n<p>(1994)<\/p>\t\t\t\t\t\t\t\t<\/div>\n\t\t\t\t<\/div>\n\t\t\t\t<div class=\"elementor-element elementor-element-346ce3b elementor-widget elementor-widget-text-editor\" data-id=\"346ce3b\" data-element_type=\"widget\" data-widget_type=\"text-editor.default\">\n\t\t\t\t<div class=\"elementor-widget-container\">\n\t\t\t\t\t\t\t\t\t<p style=\"text-align: right;\">\n<a href=\"javascript:history.back();\">Zur\u00fcck<\/a>\n<\/p>\t\t\t\t\t\t\t\t<\/div>\n\t\t\t\t<\/div>\n\t\t\t\t<\/div>\n\t\t\t\t\t<\/div>\n\t\t\t\t<\/div>\n\t\t\t\t<\/div>\n\t\t","protected":false},"excerpt":{"rendered":"<p>Sopran Auftritte im Linzer Konzertverein: 30.11.1994, Festkonzert 75 Jahre Linzer Konzertverein In Wien geboren, kann auf zahlreiche Engagements in freien Wiener Operngruppen (Jugendstiltheater etc.) und Operettentourneen in \u00d6sterreich zur\u00fcckblicken.Sie wirkte bei den Sommerspielen in Bad Ischl und Klosterneuburg mit.Zahlreiche Gastspiele f\u00fchrten sie in Opern- und Operettenproduktionen nach Deutschland. Ausverkaufte Konzerte unter anderem im Musikvereinssaal, im &hellip; <\/p>\n<p class=\"link-more\"><a href=\"https:\/\/wppool.abenteuerbox.at\/DA_KV_Linz\/?page_id=2009\" class=\"more-link\">Read more<span class=\"screen-reader-text\"> &#8222;Regina Sch\u00f6rg&#8220;<\/span><\/a><\/p>\n","protected":false},"author":1,"featured_media":0,"parent":0,"menu_order":0,"comment_status":"closed","ping_status":"closed","template":"","meta":{"inspiro_hide_title":false,"footnotes":""},"class_list":["post-2009","page","type-page","status-publish","hentry"],"_links":{"self":[{"href":"https:\/\/wppool.abenteuerbox.at\/DA_KV_Linz\/index.php?rest_route=\/wp\/v2\/pages\/2009","targetHints":{"allow":["GET"]}}],"collection":[{"href":"https:\/\/wppool.abenteuerbox.at\/DA_KV_Linz\/index.php?rest_route=\/wp\/v2\/pages"}],"about":[{"href":"https:\/\/wppool.abenteuerbox.at\/DA_KV_Linz\/index.php?rest_route=\/wp\/v2\/types\/page"}],"author":[{"embeddable":true,"href":"https:\/\/wppool.abenteuerbox.at\/DA_KV_Linz\/index.php?rest_route=\/wp\/v2\/users\/1"}],"replies":[{"embeddable":true,"href":"https:\/\/wppool.abenteuerbox.at\/DA_KV_Linz\/index.php?rest_route=%2Fwp%2Fv2%2Fcomments&post=2009"}],"version-history":[{"count":13,"href":"https:\/\/wppool.abenteuerbox.at\/DA_KV_Linz\/index.php?rest_route=\/wp\/v2\/pages\/2009\/revisions"}],"predecessor-version":[{"id":7584,"href":"https:\/\/wppool.abenteuerbox.at\/DA_KV_Linz\/index.php?rest_route=\/wp\/v2\/pages\/2009\/revisions\/7584"}],"wp:attachment":[{"href":"https:\/\/wppool.abenteuerbox.at\/DA_KV_Linz\/index.php?rest_route=%2Fwp%2Fv2%2Fmedia&parent=2009"}],"curies":[{"name":"wp","href":"https:\/\/api.w.org\/{rel}","templated":true}]}}