{"id":2033,"date":"2025-01-15T10:30:49","date_gmt":"2025-01-15T09:30:49","guid":{"rendered":"https:\/\/wppool.abenteuerbox.at\/DA_KV_Linz\/?page_id=2033"},"modified":"2025-01-24T20:45:59","modified_gmt":"2025-01-24T19:45:59","slug":"gabriele-uher","status":"publish","type":"page","link":"https:\/\/wppool.abenteuerbox.at\/DA_KV_Linz\/?page_id=2033","title":{"rendered":"Gabriele Uher"},"content":{"rendered":"\t\t<div data-elementor-type=\"wp-page\" data-elementor-id=\"2033\" class=\"elementor elementor-2033\">\n\t\t\t\t<div class=\"elementor-element elementor-element-32ba233 e-flex e-con-boxed e-con e-parent\" data-id=\"32ba233\" data-element_type=\"container\">\n\t\t\t\t\t<div class=\"e-con-inner\">\n\t\t<div class=\"elementor-element elementor-element-2cbcaf8 e-con-full e-flex e-con e-child\" data-id=\"2cbcaf8\" data-element_type=\"container\">\n\t\t\t\t<div class=\"elementor-element elementor-element-88d0921 elementor-widget elementor-widget-heading\" data-id=\"88d0921\" data-element_type=\"widget\" data-widget_type=\"heading.default\">\n\t\t\t\t<div class=\"elementor-widget-container\">\n\t\t\t\t\t<h2 class=\"elementor-heading-title elementor-size-default\">Alt<\/h2>\t\t\t\t<\/div>\n\t\t\t\t<\/div>\n\t\t\t\t<div class=\"elementor-element elementor-element-fd5c2be elementor-widget elementor-widget-text-editor\" data-id=\"fd5c2be\" data-element_type=\"widget\" data-widget_type=\"text-editor.default\">\n\t\t\t\t<div class=\"elementor-widget-container\">\n\t\t\t\t\t\t\t\t\t<p><strong>Auftritte im Linzer Konzertverein:<\/strong><\/p><p>30.11.1994, Festkonzert 75 Jahre Linzer Konzertverein<\/p>\t\t\t\t\t\t\t\t<\/div>\n\t\t\t\t<\/div>\n\t\t\t\t<\/div>\n\t\t<div class=\"elementor-element elementor-element-712e6ad e-con-full e-flex e-con e-child\" data-id=\"712e6ad\" data-element_type=\"container\">\n\t\t\t\t<div class=\"elementor-element elementor-element-79c41a1 elementor-widget elementor-widget-image\" data-id=\"79c41a1\" data-element_type=\"widget\" data-widget_type=\"image.default\">\n\t\t\t\t<div class=\"elementor-widget-container\">\n\t\t\t\t\t\t\t\t\t\t\t\t\t\t\t<img decoding=\"async\" width=\"155\" height=\"200\" src=\"https:\/\/wppool.abenteuerbox.at\/DA_KV_Linz\/wp-content\/uploads\/2025\/01\/Uher_Gabriele.jpg\" class=\"attachment-large size-large wp-image-2041\" alt=\"\" sizes=\"100vw\" \/>\t\t\t\t\t\t\t\t\t\t\t\t\t\t\t<\/div>\n\t\t\t\t<\/div>\n\t\t\t\t<\/div>\n\t\t<div class=\"elementor-element elementor-element-7c56564 e-con-full e-flex e-con e-child\" data-id=\"7c56564\" data-element_type=\"container\">\n\t\t\t\t<div class=\"elementor-element elementor-element-d78db38 elementor-widget elementor-widget-text-editor\" data-id=\"d78db38\" data-element_type=\"widget\" data-widget_type=\"text-editor.default\">\n\t\t\t\t<div class=\"elementor-widget-container\">\n\t\t\t\t\t\t\t\t\t<p>1991 beendete Gabriele Uher, geb\u00fcrtige Wienerin, das Studium an der Hochschule f\u00fcr Musik und Darstellende Kunst in Wien mit Auszeichnung. Als 19j\u00e4hrige deb\u00fctierte sie in der Rolle der &#8222;Barbarina&#8220; in Figaros Hochzeit.<br \/><br \/>1987-1989, w\u00e4hrend ihrer Studienzeit, war sie Mitglied des Bayreuther Festspielchores.<br \/>1990 Ensemblemitglied am Landestheater Linz. Zahlreiche Gastspiele an der Bremer Oper, bei den Heidelberger Festspielen, im Jugendstiltheater Wien und den Sommerspielen Klosterneuburg.<br \/><br \/>Als Konzerts\u00e4ngerin war sie bei den Gmundner Festspielen zu h\u00f6ren.<br \/>Weiters hat sie ein umfangreiches Opernrepertoire.<br \/>In Anton Bruckners Te Deum ist Gabriele Uher heute zum zweiten Mal im Linzer Brucknerhaus zu h\u00f6ren.<br \/><br \/>(1994)<\/p>\t\t\t\t\t\t\t\t<\/div>\n\t\t\t\t<\/div>\n\t\t\t\t<div class=\"elementor-element elementor-element-6a872d9 elementor-widget elementor-widget-text-editor\" data-id=\"6a872d9\" data-element_type=\"widget\" data-widget_type=\"text-editor.default\">\n\t\t\t\t<div class=\"elementor-widget-container\">\n\t\t\t\t\t\t\t\t\t<p style=\"text-align: right;\">\n<a href=\"javascript:history.back();\">Zur\u00fcck<\/a>\n<\/p>\t\t\t\t\t\t\t\t<\/div>\n\t\t\t\t<\/div>\n\t\t\t\t<\/div>\n\t\t\t\t\t<\/div>\n\t\t\t\t<\/div>\n\t\t\t\t<\/div>\n\t\t","protected":false},"excerpt":{"rendered":"<p>Alt Auftritte im Linzer Konzertverein: 30.11.1994, Festkonzert 75 Jahre Linzer Konzertverein 1991 beendete Gabriele Uher, geb\u00fcrtige Wienerin, das Studium an der Hochschule f\u00fcr Musik und Darstellende Kunst in Wien mit Auszeichnung. Als 19j\u00e4hrige deb\u00fctierte sie in der Rolle der &#8222;Barbarina&#8220; in Figaros Hochzeit. 1987-1989, w\u00e4hrend ihrer Studienzeit, war sie Mitglied des Bayreuther Festspielchores.1990 Ensemblemitglied am &hellip; <\/p>\n<p class=\"link-more\"><a href=\"https:\/\/wppool.abenteuerbox.at\/DA_KV_Linz\/?page_id=2033\" class=\"more-link\">Read more<span class=\"screen-reader-text\"> &#8222;Gabriele Uher&#8220;<\/span><\/a><\/p>\n","protected":false},"author":1,"featured_media":0,"parent":0,"menu_order":0,"comment_status":"closed","ping_status":"closed","template":"","meta":{"inspiro_hide_title":false,"footnotes":""},"class_list":["post-2033","page","type-page","status-publish","hentry"],"_links":{"self":[{"href":"https:\/\/wppool.abenteuerbox.at\/DA_KV_Linz\/index.php?rest_route=\/wp\/v2\/pages\/2033","targetHints":{"allow":["GET"]}}],"collection":[{"href":"https:\/\/wppool.abenteuerbox.at\/DA_KV_Linz\/index.php?rest_route=\/wp\/v2\/pages"}],"about":[{"href":"https:\/\/wppool.abenteuerbox.at\/DA_KV_Linz\/index.php?rest_route=\/wp\/v2\/types\/page"}],"author":[{"embeddable":true,"href":"https:\/\/wppool.abenteuerbox.at\/DA_KV_Linz\/index.php?rest_route=\/wp\/v2\/users\/1"}],"replies":[{"embeddable":true,"href":"https:\/\/wppool.abenteuerbox.at\/DA_KV_Linz\/index.php?rest_route=%2Fwp%2Fv2%2Fcomments&post=2033"}],"version-history":[{"count":10,"href":"https:\/\/wppool.abenteuerbox.at\/DA_KV_Linz\/index.php?rest_route=\/wp\/v2\/pages\/2033\/revisions"}],"predecessor-version":[{"id":7587,"href":"https:\/\/wppool.abenteuerbox.at\/DA_KV_Linz\/index.php?rest_route=\/wp\/v2\/pages\/2033\/revisions\/7587"}],"wp:attachment":[{"href":"https:\/\/wppool.abenteuerbox.at\/DA_KV_Linz\/index.php?rest_route=%2Fwp%2Fv2%2Fmedia&parent=2033"}],"curies":[{"name":"wp","href":"https:\/\/api.w.org\/{rel}","templated":true}]}}