{"id":2054,"date":"2025-01-15T10:35:00","date_gmt":"2025-01-15T09:35:00","guid":{"rendered":"https:\/\/wppool.abenteuerbox.at\/DA_KV_Linz\/?page_id=2054"},"modified":"2025-01-24T20:46:35","modified_gmt":"2025-01-24T19:46:35","slug":"piotr-beczala","status":"publish","type":"page","link":"https:\/\/wppool.abenteuerbox.at\/DA_KV_Linz\/?page_id=2054","title":{"rendered":"Piotr Beczala"},"content":{"rendered":"\t\t<div data-elementor-type=\"wp-page\" data-elementor-id=\"2054\" class=\"elementor elementor-2054\">\n\t\t\t\t<div class=\"elementor-element elementor-element-adffebf e-flex e-con-boxed e-con e-parent\" data-id=\"adffebf\" data-element_type=\"container\">\n\t\t\t\t\t<div class=\"e-con-inner\">\n\t\t<div class=\"elementor-element elementor-element-2a1c701 e-con-full e-flex e-con e-child\" data-id=\"2a1c701\" data-element_type=\"container\">\n\t\t\t\t<div class=\"elementor-element elementor-element-88d29c7 elementor-widget elementor-widget-heading\" data-id=\"88d29c7\" data-element_type=\"widget\" data-widget_type=\"heading.default\">\n\t\t\t\t<div class=\"elementor-widget-container\">\n\t\t\t\t\t<h2 class=\"elementor-heading-title elementor-size-default\">Tenor<\/h2>\t\t\t\t<\/div>\n\t\t\t\t<\/div>\n\t\t\t\t<div class=\"elementor-element elementor-element-18ee2a8 elementor-widget elementor-widget-text-editor\" data-id=\"18ee2a8\" data-element_type=\"widget\" data-widget_type=\"text-editor.default\">\n\t\t\t\t<div class=\"elementor-widget-container\">\n\t\t\t\t\t\t\t\t\t<p><strong>Auftritte im Linzer Konzertverein:<\/strong><\/p>\n<p>30.11.1994, Festkonzert 75 Jahre Linzer Konzertverein<\/p>\t\t\t\t\t\t\t\t<\/div>\n\t\t\t\t<\/div>\n\t\t\t\t<\/div>\n\t\t<div class=\"elementor-element elementor-element-42cca78 e-con-full e-flex e-con e-child\" data-id=\"42cca78\" data-element_type=\"container\">\n\t\t\t\t<div class=\"elementor-element elementor-element-ba3981d elementor-widget elementor-widget-image\" data-id=\"ba3981d\" data-element_type=\"widget\" data-widget_type=\"image.default\">\n\t\t\t\t<div class=\"elementor-widget-container\">\n\t\t\t\t\t\t\t\t\t\t\t\t\t\t\t<img decoding=\"async\" width=\"155\" height=\"200\" src=\"https:\/\/wppool.abenteuerbox.at\/DA_KV_Linz\/wp-content\/uploads\/2025\/01\/Beczala_Piotr.jpg\" class=\"attachment-large size-large wp-image-2062\" alt=\"\" sizes=\"100vw\" \/>\t\t\t\t\t\t\t\t\t\t\t\t\t\t\t<\/div>\n\t\t\t\t<\/div>\n\t\t\t\t<\/div>\n\t\t<div class=\"elementor-element elementor-element-1c9b6ee e-con-full e-flex e-con e-child\" data-id=\"1c9b6ee\" data-element_type=\"container\">\n\t\t\t\t<div class=\"elementor-element elementor-element-f6736d8 elementor-widget elementor-widget-text-editor\" data-id=\"f6736d8\" data-element_type=\"widget\" data-widget_type=\"text-editor.default\">\n\t\t\t\t<div class=\"elementor-widget-container\">\n\t\t\t\t\t\t\t\t\t<p>1966 in Czechowice geboren, hatte seine ersten Kontakte mit Musik im Jahre 1984 als Ensemblemitglied bei den &#8222;Madrigalisten&#8220;.<br \/>1986 begann er sein Studium an der Musikakademie Katowice zun\u00e4chst bei Frau Prof. lrena Lewinska, dann bei Prof. Jan Ballarin. W\u00e4hrend der Studienzeit schon rege Konzertt\u00e4tigkeit. 1987-1989 Teilnahme an mehreren vokalistischen Lehrg\u00e4ngen in Wroclaw.<br \/>1990 Meisterklasse bei Prof. Sena Jurinac in der Sommerakademie in Lenk. Im selben Jahr Auftritt in der Bachakademie in Krakow im Weihnachtsoratorium von J. S. Bach unter der Leitung von Prof. Helmuth Rillin.<br \/>1990-1991 Auszeichnungen bei verschiedenen Gesangwettbewerben, unter anderem beim Luciano &#8211; Pavarotti \u2013 lnternational &#8211; Gesangwettbewerb. Nach Auftritt beim &#8222;Jahreskonzert&#8220; in Warszawa vom Kulturministerium ausgezeichnet.<br \/>1992 Studienabschluss mit Auszeichnung.<br \/>Seit der Saison 1992\/93 Engagement am Linzer Landestheater.<br \/><br \/>(1994)<\/p>\t\t\t\t\t\t\t\t<\/div>\n\t\t\t\t<\/div>\n\t\t\t\t<div class=\"elementor-element elementor-element-de66c24 elementor-widget elementor-widget-text-editor\" data-id=\"de66c24\" data-element_type=\"widget\" data-widget_type=\"text-editor.default\">\n\t\t\t\t<div class=\"elementor-widget-container\">\n\t\t\t\t\t\t\t\t\t<p style=\"text-align: right;\">\n<a href=\"javascript:history.back();\">Zur\u00fcck<\/a>\n<\/p>\t\t\t\t\t\t\t\t<\/div>\n\t\t\t\t<\/div>\n\t\t\t\t<\/div>\n\t\t\t\t\t<\/div>\n\t\t\t\t<\/div>\n\t\t\t\t<\/div>\n\t\t","protected":false},"excerpt":{"rendered":"<p>Tenor Auftritte im Linzer Konzertverein: 30.11.1994, Festkonzert 75 Jahre Linzer Konzertverein 1966 in Czechowice geboren, hatte seine ersten Kontakte mit Musik im Jahre 1984 als Ensemblemitglied bei den &#8222;Madrigalisten&#8220;.1986 begann er sein Studium an der Musikakademie Katowice zun\u00e4chst bei Frau Prof. lrena Lewinska, dann bei Prof. Jan Ballarin. W\u00e4hrend der Studienzeit schon rege Konzertt\u00e4tigkeit. 1987-1989 &hellip; <\/p>\n<p class=\"link-more\"><a href=\"https:\/\/wppool.abenteuerbox.at\/DA_KV_Linz\/?page_id=2054\" class=\"more-link\">Read more<span class=\"screen-reader-text\"> &#8222;Piotr Beczala&#8220;<\/span><\/a><\/p>\n","protected":false},"author":1,"featured_media":0,"parent":0,"menu_order":0,"comment_status":"closed","ping_status":"closed","template":"","meta":{"inspiro_hide_title":false,"footnotes":""},"class_list":["post-2054","page","type-page","status-publish","hentry"],"_links":{"self":[{"href":"https:\/\/wppool.abenteuerbox.at\/DA_KV_Linz\/index.php?rest_route=\/wp\/v2\/pages\/2054","targetHints":{"allow":["GET"]}}],"collection":[{"href":"https:\/\/wppool.abenteuerbox.at\/DA_KV_Linz\/index.php?rest_route=\/wp\/v2\/pages"}],"about":[{"href":"https:\/\/wppool.abenteuerbox.at\/DA_KV_Linz\/index.php?rest_route=\/wp\/v2\/types\/page"}],"author":[{"embeddable":true,"href":"https:\/\/wppool.abenteuerbox.at\/DA_KV_Linz\/index.php?rest_route=\/wp\/v2\/users\/1"}],"replies":[{"embeddable":true,"href":"https:\/\/wppool.abenteuerbox.at\/DA_KV_Linz\/index.php?rest_route=%2Fwp%2Fv2%2Fcomments&post=2054"}],"version-history":[{"count":13,"href":"https:\/\/wppool.abenteuerbox.at\/DA_KV_Linz\/index.php?rest_route=\/wp\/v2\/pages\/2054\/revisions"}],"predecessor-version":[{"id":7590,"href":"https:\/\/wppool.abenteuerbox.at\/DA_KV_Linz\/index.php?rest_route=\/wp\/v2\/pages\/2054\/revisions\/7590"}],"wp:attachment":[{"href":"https:\/\/wppool.abenteuerbox.at\/DA_KV_Linz\/index.php?rest_route=%2Fwp%2Fv2%2Fmedia&parent=2054"}],"curies":[{"name":"wp","href":"https:\/\/api.w.org\/{rel}","templated":true}]}}