{"id":2255,"date":"2025-01-15T12:17:22","date_gmt":"2025-01-15T11:17:22","guid":{"rendered":"https:\/\/wppool.abenteuerbox.at\/DA_KV_Linz\/?page_id=2255"},"modified":"2025-01-27T09:46:42","modified_gmt":"2025-01-27T08:46:42","slug":"nikolaus-wipplinger","status":"publish","type":"page","link":"https:\/\/wppool.abenteuerbox.at\/DA_KV_Linz\/?page_id=2255","title":{"rendered":"Nikolaus Wiplinger"},"content":{"rendered":"\t\t<div data-elementor-type=\"wp-page\" data-elementor-id=\"2255\" class=\"elementor elementor-2255\">\n\t\t\t\t<div class=\"elementor-element elementor-element-bfcea96 e-flex e-con-boxed e-con e-parent\" data-id=\"bfcea96\" data-element_type=\"container\">\n\t\t\t\t\t<div class=\"e-con-inner\">\n\t\t<div class=\"elementor-element elementor-element-198548a e-con-full e-flex e-con e-child\" data-id=\"198548a\" data-element_type=\"container\">\n\t\t\t\t<div class=\"elementor-element elementor-element-6a06b7a elementor-widget elementor-widget-heading\" data-id=\"6a06b7a\" data-element_type=\"widget\" data-widget_type=\"heading.default\">\n\t\t\t\t<div class=\"elementor-widget-container\">\n\t\t\t\t\t<h2 class=\"elementor-heading-title elementor-size-default\">Klavier<\/h2>\t\t\t\t<\/div>\n\t\t\t\t<\/div>\n\t\t\t\t<div class=\"elementor-element elementor-element-7e172d2 elementor-widget elementor-widget-text-editor\" data-id=\"7e172d2\" data-element_type=\"widget\" data-widget_type=\"text-editor.default\">\n\t\t\t\t<div class=\"elementor-widget-container\">\n\t\t\t\t\t\t\t\t\t<p><strong>Auftritte im Linzer Konzertverein:<\/strong><\/p><p>21.04.1993, Sinfoniekonzert<br \/>06.12.1983, Sinfoniekonzert<br \/>03.12.1980, Sinfoniekonzert<br \/>16.03.1976, Sinfoniekonzert<br \/>14.04.1970, Sinfoniekonzert<br \/>04.12.1963, Sinfoniekonzert<\/p>\t\t\t\t\t\t\t\t<\/div>\n\t\t\t\t<\/div>\n\t\t\t\t<\/div>\n\t\t<div class=\"elementor-element elementor-element-eb6ca69 e-con-full e-flex e-con e-child\" data-id=\"eb6ca69\" data-element_type=\"container\">\n\t\t\t\t<div class=\"elementor-element elementor-element-3a34668 elementor-widget elementor-widget-image\" data-id=\"3a34668\" data-element_type=\"widget\" data-widget_type=\"image.default\">\n\t\t\t\t<div class=\"elementor-widget-container\">\n\t\t\t\t\t\t\t\t\t\t\t\t\t\t\t<img decoding=\"async\" width=\"155\" height=\"200\" src=\"https:\/\/wppool.abenteuerbox.at\/DA_KV_Linz\/wp-content\/uploads\/2025\/01\/Wiplinger_Klaus.jpg\" class=\"attachment-large size-large wp-image-2257\" alt=\"\" sizes=\"100vw\" \/>\t\t\t\t\t\t\t\t\t\t\t\t\t\t\t<\/div>\n\t\t\t\t<\/div>\n\t\t\t\t<\/div>\n\t\t<div class=\"elementor-element elementor-element-007a01e e-con-full e-flex e-con e-child\" data-id=\"007a01e\" data-element_type=\"container\">\n\t\t\t\t<div class=\"elementor-element elementor-element-a00a00a elementor-widget elementor-widget-text-editor\" data-id=\"a00a00a\" data-element_type=\"widget\" data-widget_type=\"text-editor.default\">\n\t\t\t\t<div class=\"elementor-widget-container\">\n\t\t\t\t\t\t\t\t\t<p>Nikolaus Wiplinger wurde 1937 in Haslach O\u00d6 .geboren.<br \/>Nach Absolvierung des Humanistischen Gymnasiums studierte er zun\u00e4chst Klavier am Mozarteum und Theorie bei Helmut Eder.<br \/>Die pianistische Ausbildung erhielt er bei dem bekannten Klavierp\u00e4dagogen Prof. Dr. Josef DichIer an der Musikhochschule in Wien.<br \/>Seine erfolgreiche Laufbahn umfasst zahlreiche Konzerte im In- und Ausland, auch als Solist vieler namhafter Orchester, sowie Produktionen und Konzert\u00fcbertragungen im ORF.<br \/>Das vielseitige Repertoire ist von der besonderen Beziehung zur Wiener Klassik, der Begabung f\u00fcr die Virtuosenliteratur und der Vorliebe f\u00fcr den Impressionismus gepr\u00e4gt.<br \/>Nikolaus Wiplinger ist Professor am Bruckner-Konservatorium in Linz.<br \/><br \/>(1963)<\/p>\t\t\t\t\t\t\t\t<\/div>\n\t\t\t\t<\/div>\n\t\t\t\t<div class=\"elementor-element elementor-element-4895395 elementor-widget elementor-widget-text-editor\" data-id=\"4895395\" data-element_type=\"widget\" data-widget_type=\"text-editor.default\">\n\t\t\t\t<div class=\"elementor-widget-container\">\n\t\t\t\t\t\t\t\t\t<p style=\"text-align: right;\">\n<a href=\"javascript:history.back();\">Zur\u00fcck<\/a>\n<\/p>\t\t\t\t\t\t\t\t<\/div>\n\t\t\t\t<\/div>\n\t\t\t\t<\/div>\n\t\t\t\t\t<\/div>\n\t\t\t\t<\/div>\n\t\t\t\t<\/div>\n\t\t","protected":false},"excerpt":{"rendered":"<p>Klavier Auftritte im Linzer Konzertverein: 21.04.1993, Sinfoniekonzert06.12.1983, Sinfoniekonzert03.12.1980, Sinfoniekonzert16.03.1976, Sinfoniekonzert14.04.1970, Sinfoniekonzert04.12.1963, Sinfoniekonzert Nikolaus Wiplinger wurde 1937 in Haslach O\u00d6 .geboren.Nach Absolvierung des Humanistischen Gymnasiums studierte er zun\u00e4chst Klavier am Mozarteum und Theorie bei Helmut Eder.Die pianistische Ausbildung erhielt er bei dem bekannten Klavierp\u00e4dagogen Prof. Dr. Josef DichIer an der Musikhochschule in Wien.Seine erfolgreiche Laufbahn umfasst &hellip; <\/p>\n<p class=\"link-more\"><a href=\"https:\/\/wppool.abenteuerbox.at\/DA_KV_Linz\/?page_id=2255\" class=\"more-link\">Read more<span class=\"screen-reader-text\"> &#8222;Nikolaus Wiplinger&#8220;<\/span><\/a><\/p>\n","protected":false},"author":1,"featured_media":0,"parent":0,"menu_order":0,"comment_status":"closed","ping_status":"closed","template":"","meta":{"inspiro_hide_title":false,"footnotes":""},"class_list":["post-2255","page","type-page","status-publish","hentry"],"_links":{"self":[{"href":"https:\/\/wppool.abenteuerbox.at\/DA_KV_Linz\/index.php?rest_route=\/wp\/v2\/pages\/2255","targetHints":{"allow":["GET"]}}],"collection":[{"href":"https:\/\/wppool.abenteuerbox.at\/DA_KV_Linz\/index.php?rest_route=\/wp\/v2\/pages"}],"about":[{"href":"https:\/\/wppool.abenteuerbox.at\/DA_KV_Linz\/index.php?rest_route=\/wp\/v2\/types\/page"}],"author":[{"embeddable":true,"href":"https:\/\/wppool.abenteuerbox.at\/DA_KV_Linz\/index.php?rest_route=\/wp\/v2\/users\/1"}],"replies":[{"embeddable":true,"href":"https:\/\/wppool.abenteuerbox.at\/DA_KV_Linz\/index.php?rest_route=%2Fwp%2Fv2%2Fcomments&post=2255"}],"version-history":[{"count":11,"href":"https:\/\/wppool.abenteuerbox.at\/DA_KV_Linz\/index.php?rest_route=\/wp\/v2\/pages\/2255\/revisions"}],"predecessor-version":[{"id":8005,"href":"https:\/\/wppool.abenteuerbox.at\/DA_KV_Linz\/index.php?rest_route=\/wp\/v2\/pages\/2255\/revisions\/8005"}],"wp:attachment":[{"href":"https:\/\/wppool.abenteuerbox.at\/DA_KV_Linz\/index.php?rest_route=%2Fwp%2Fv2%2Fmedia&parent=2255"}],"curies":[{"name":"wp","href":"https:\/\/api.w.org\/{rel}","templated":true}]}}