{"id":2332,"date":"2025-01-15T12:51:39","date_gmt":"2025-01-15T11:51:39","guid":{"rendered":"https:\/\/wppool.abenteuerbox.at\/DA_KV_Linz\/?page_id=2332"},"modified":"2025-01-26T20:46:28","modified_gmt":"2025-01-26T19:46:28","slug":"cheryl-lichter","status":"publish","type":"page","link":"https:\/\/wppool.abenteuerbox.at\/DA_KV_Linz\/?page_id=2332","title":{"rendered":"Cheryl Lichter"},"content":{"rendered":"\t\t<div data-elementor-type=\"wp-page\" data-elementor-id=\"2332\" class=\"elementor elementor-2332\">\n\t\t\t\t<div class=\"elementor-element elementor-element-ae73382 e-flex e-con-boxed e-con e-parent\" data-id=\"ae73382\" data-element_type=\"container\">\n\t\t\t\t\t<div class=\"e-con-inner\">\n\t\t<div class=\"elementor-element elementor-element-7ee79c0 e-con-full e-flex e-con e-child\" data-id=\"7ee79c0\" data-element_type=\"container\">\n\t\t\t\t<div class=\"elementor-element elementor-element-d0ab9b2 elementor-widget elementor-widget-heading\" data-id=\"d0ab9b2\" data-element_type=\"widget\" data-widget_type=\"heading.default\">\n\t\t\t\t<div class=\"elementor-widget-container\">\n\t\t\t\t\t<h2 class=\"elementor-heading-title elementor-size-default\">Sopran<\/h2>\t\t\t\t<\/div>\n\t\t\t\t<\/div>\n\t\t\t\t<div class=\"elementor-element elementor-element-653f59b elementor-widget elementor-widget-text-editor\" data-id=\"653f59b\" data-element_type=\"widget\" data-widget_type=\"text-editor.default\">\n\t\t\t\t<div class=\"elementor-widget-container\">\n\t\t\t\t\t\t\t\t\t<p><strong>Auftritte im Linzer Konzertverein:<\/strong><\/p><p>07.04.1992, Benefizkonzert f\u00fcr die Freunde des Linzer Musiktheaters<br \/>09.11.1989, Festveranstaltung der Gewerkschaft der Privatangestellten<\/p>\t\t\t\t\t\t\t\t<\/div>\n\t\t\t\t<\/div>\n\t\t\t\t<\/div>\n\t\t<div class=\"elementor-element elementor-element-5d064b1 e-con-full e-flex e-con e-child\" data-id=\"5d064b1\" data-element_type=\"container\">\n\t\t\t\t<div class=\"elementor-element elementor-element-30035b5 elementor-widget elementor-widget-image\" data-id=\"30035b5\" data-element_type=\"widget\" data-widget_type=\"image.default\">\n\t\t\t\t<div class=\"elementor-widget-container\">\n\t\t\t\t\t\t\t\t\t\t\t\t\t\t\t<img decoding=\"async\" width=\"155\" height=\"200\" src=\"https:\/\/wppool.abenteuerbox.at\/DA_KV_Linz\/wp-content\/uploads\/2025\/01\/Lichter_Cheryl.jpg\" class=\"attachment-large size-large wp-image-2334\" alt=\"\" sizes=\"100vw\" \/>\t\t\t\t\t\t\t\t\t\t\t\t\t\t\t<\/div>\n\t\t\t\t<\/div>\n\t\t\t\t<\/div>\n\t\t<div class=\"elementor-element elementor-element-e3d5f78 e-con-full e-flex e-con e-child\" data-id=\"e3d5f78\" data-element_type=\"container\">\n\t\t\t\t<div class=\"elementor-element elementor-element-7609548 elementor-widget elementor-widget-text-editor\" data-id=\"7609548\" data-element_type=\"widget\" data-widget_type=\"text-editor.default\">\n\t\t\t\t<div class=\"elementor-widget-container\">\n\t\t\t\t\t\t\t\t\t<p>Geb\u00fcrtig aus Chicago, vorerst als Musiklehrerin ausgebildet, ein Jahr als P\u00e4dagogin t\u00e4tig, dann Rotarier-Stipendiatin f\u00fcr Gesang in Toronto. Erstes Engagement in Trier mit Zerbinetta, Blondchen, Adina, Konstanze und Cenerentola (in der seltenen Sopranversion unter Regisseur Werner Michael Esser). Antrittsrollen am Linzer Landestheater: Belisa in Balduin Sulzers &#8222;Don Perlimplin&#8220; und Gilda in &#8222;Rigoletto&#8220;. Sp\u00e4ter zahlreiche Rollen, darunter Konstanze und Susanna. Zur Schicksalspartie wurde die auch in Linz bejubelte &#8222;K\u00f6nigin der Nacht&#8220;, mit der Frau Lichter u. a. in Mannheim, Frankfurt, D\u00fcsseldorf und vor allem in Z\u00fcrich im ber\u00fchmten Mozart-Zyklus von Jean-Pierre Ponelle unter der Leitung von Nikolaus Harnoncourt gastierte.<br \/><br \/>(1989)<\/p>\t\t\t\t\t\t\t\t<\/div>\n\t\t\t\t<\/div>\n\t\t\t\t<div class=\"elementor-element elementor-element-c72d87a elementor-widget elementor-widget-text-editor\" data-id=\"c72d87a\" data-element_type=\"widget\" data-widget_type=\"text-editor.default\">\n\t\t\t\t<div class=\"elementor-widget-container\">\n\t\t\t\t\t\t\t\t\t<p style=\"text-align: right;\">\n<a href=\"javascript:history.back();\">Zur\u00fcck<\/a>\n<\/p>\t\t\t\t\t\t\t\t<\/div>\n\t\t\t\t<\/div>\n\t\t\t\t<\/div>\n\t\t\t\t\t<\/div>\n\t\t\t\t<\/div>\n\t\t\t\t<\/div>\n\t\t","protected":false},"excerpt":{"rendered":"<p>Sopran Auftritte im Linzer Konzertverein: 07.04.1992, Benefizkonzert f\u00fcr die Freunde des Linzer Musiktheaters09.11.1989, Festveranstaltung der Gewerkschaft der Privatangestellten Geb\u00fcrtig aus Chicago, vorerst als Musiklehrerin ausgebildet, ein Jahr als P\u00e4dagogin t\u00e4tig, dann Rotarier-Stipendiatin f\u00fcr Gesang in Toronto. Erstes Engagement in Trier mit Zerbinetta, Blondchen, Adina, Konstanze und Cenerentola (in der seltenen Sopranversion unter Regisseur Werner Michael &hellip; <\/p>\n<p class=\"link-more\"><a href=\"https:\/\/wppool.abenteuerbox.at\/DA_KV_Linz\/?page_id=2332\" class=\"more-link\">Read more<span class=\"screen-reader-text\"> &#8222;Cheryl Lichter&#8220;<\/span><\/a><\/p>\n","protected":false},"author":1,"featured_media":0,"parent":0,"menu_order":0,"comment_status":"closed","ping_status":"closed","template":"","meta":{"inspiro_hide_title":false,"footnotes":""},"class_list":["post-2332","page","type-page","status-publish","hentry"],"_links":{"self":[{"href":"https:\/\/wppool.abenteuerbox.at\/DA_KV_Linz\/index.php?rest_route=\/wp\/v2\/pages\/2332","targetHints":{"allow":["GET"]}}],"collection":[{"href":"https:\/\/wppool.abenteuerbox.at\/DA_KV_Linz\/index.php?rest_route=\/wp\/v2\/pages"}],"about":[{"href":"https:\/\/wppool.abenteuerbox.at\/DA_KV_Linz\/index.php?rest_route=\/wp\/v2\/types\/page"}],"author":[{"embeddable":true,"href":"https:\/\/wppool.abenteuerbox.at\/DA_KV_Linz\/index.php?rest_route=\/wp\/v2\/users\/1"}],"replies":[{"embeddable":true,"href":"https:\/\/wppool.abenteuerbox.at\/DA_KV_Linz\/index.php?rest_route=%2Fwp%2Fv2%2Fcomments&post=2332"}],"version-history":[{"count":13,"href":"https:\/\/wppool.abenteuerbox.at\/DA_KV_Linz\/index.php?rest_route=\/wp\/v2\/pages\/2332\/revisions"}],"predecessor-version":[{"id":7614,"href":"https:\/\/wppool.abenteuerbox.at\/DA_KV_Linz\/index.php?rest_route=\/wp\/v2\/pages\/2332\/revisions\/7614"}],"wp:attachment":[{"href":"https:\/\/wppool.abenteuerbox.at\/DA_KV_Linz\/index.php?rest_route=%2Fwp%2Fv2%2Fmedia&parent=2332"}],"curies":[{"name":"wp","href":"https:\/\/api.w.org\/{rel}","templated":true}]}}