{"id":2342,"date":"2025-01-15T12:55:45","date_gmt":"2025-01-15T11:55:45","guid":{"rendered":"https:\/\/wppool.abenteuerbox.at\/DA_KV_Linz\/?page_id=2342"},"modified":"2025-01-26T20:46:54","modified_gmt":"2025-01-26T19:46:54","slug":"karen-johnson","status":"publish","type":"page","link":"https:\/\/wppool.abenteuerbox.at\/DA_KV_Linz\/?page_id=2342","title":{"rendered":"Karen Johnson"},"content":{"rendered":"\t\t<div data-elementor-type=\"wp-page\" data-elementor-id=\"2342\" class=\"elementor elementor-2342\">\n\t\t\t\t<div class=\"elementor-element elementor-element-ababe17 e-flex e-con-boxed e-con e-parent\" data-id=\"ababe17\" data-element_type=\"container\">\n\t\t\t\t\t<div class=\"e-con-inner\">\n\t\t<div class=\"elementor-element elementor-element-35ecf5a e-con-full e-flex e-con e-child\" data-id=\"35ecf5a\" data-element_type=\"container\">\n\t\t\t\t<div class=\"elementor-element elementor-element-486fb8b elementor-widget elementor-widget-heading\" data-id=\"486fb8b\" data-element_type=\"widget\" data-widget_type=\"heading.default\">\n\t\t\t\t<div class=\"elementor-widget-container\">\n\t\t\t\t\t<h2 class=\"elementor-heading-title elementor-size-default\">Mezzosopran<\/h2>\t\t\t\t<\/div>\n\t\t\t\t<\/div>\n\t\t\t\t<div class=\"elementor-element elementor-element-a9e1b67 elementor-widget elementor-widget-text-editor\" data-id=\"a9e1b67\" data-element_type=\"widget\" data-widget_type=\"text-editor.default\">\n\t\t\t\t<div class=\"elementor-widget-container\">\n\t\t\t\t\t\t\t\t\t<p><strong>Auftritte im Linzer Konzertverein:<\/strong><\/p><p>07.04.1992, Benefizkonzert f\u00fcr die Freunde des Linzer Musiktheaters<\/p>\t\t\t\t\t\t\t\t<\/div>\n\t\t\t\t<\/div>\n\t\t\t\t<\/div>\n\t\t<div class=\"elementor-element elementor-element-c5b0bcb e-con-full e-flex e-con e-child\" data-id=\"c5b0bcb\" data-element_type=\"container\">\n\t\t\t\t<div class=\"elementor-element elementor-element-08f3f41 elementor-widget elementor-widget-image\" data-id=\"08f3f41\" data-element_type=\"widget\" data-widget_type=\"image.default\">\n\t\t\t\t<div class=\"elementor-widget-container\">\n\t\t\t\t\t\t\t\t\t\t\t\t\t\t\t<img decoding=\"async\" width=\"155\" height=\"200\" src=\"https:\/\/wppool.abenteuerbox.at\/DA_KV_Linz\/wp-content\/uploads\/2025\/01\/Johnson_Karen.jpg\" class=\"attachment-large size-large wp-image-2346\" alt=\"\" sizes=\"100vw\" \/>\t\t\t\t\t\t\t\t\t\t\t\t\t\t\t<\/div>\n\t\t\t\t<\/div>\n\t\t\t\t<\/div>\n\t\t<div class=\"elementor-element elementor-element-555b9d4 e-con-full e-flex e-con e-child\" data-id=\"555b9d4\" data-element_type=\"container\">\n\t\t\t\t<div class=\"elementor-element elementor-element-183d67d elementor-widget elementor-widget-text-editor\" data-id=\"183d67d\" data-element_type=\"widget\" data-widget_type=\"text-editor.default\">\n\t\t\t\t<div class=\"elementor-widget-container\">\n\t\t\t\t\t\t\t\t\t<p>Mezzosopran, geboren in Pennsylvania USA. Studium an Oberlin College und Juilliard School of Music. Preistr\u00e4gerin in Wettbewerben wie: Montreal International Competition, Baltimore Opera National Competition, Concert Artists Guild (Carnegie Hall). Nach diversen Engagements in den USA seit 1977 in Europa.<br \/>1977: Stadttheater am G\u00e4rtnerplatz, M\u00fcnchen; 1978-1982: Wiener Volksoper; 1982-1985: St\u00e4dtische B\u00fchnen Mainz. Gastspiele: Staatsoper M\u00fcnchen und Hamburg; Wiener Volksoper; Teatro La Fenice, Venedig; Teatro di San Carlo, Neapel; Teatro deI Liceo, Barcelona; Fundacio Gulbenkian, Lissabon; Bregenzer Festspiele; Landestheater Linz; Stadttheater Essen, Klagenfurt, Bern.<br \/>Zahlreiche Konzerte und Liederabende in Europa und USA.<br \/><br \/>(1992)<\/p>\t\t\t\t\t\t\t\t<\/div>\n\t\t\t\t<\/div>\n\t\t\t\t<div class=\"elementor-element elementor-element-b1566e0 elementor-widget elementor-widget-text-editor\" data-id=\"b1566e0\" data-element_type=\"widget\" data-widget_type=\"text-editor.default\">\n\t\t\t\t<div class=\"elementor-widget-container\">\n\t\t\t\t\t\t\t\t\t<p style=\"text-align: right;\">\n<a href=\"javascript:history.back();\">Zur\u00fcck<\/a>\n<\/p>\t\t\t\t\t\t\t\t<\/div>\n\t\t\t\t<\/div>\n\t\t\t\t<\/div>\n\t\t\t\t\t<\/div>\n\t\t\t\t<\/div>\n\t\t\t\t<\/div>\n\t\t","protected":false},"excerpt":{"rendered":"<p>Mezzosopran Auftritte im Linzer Konzertverein: 07.04.1992, Benefizkonzert f\u00fcr die Freunde des Linzer Musiktheaters Mezzosopran, geboren in Pennsylvania USA. Studium an Oberlin College und Juilliard School of Music. Preistr\u00e4gerin in Wettbewerben wie: Montreal International Competition, Baltimore Opera National Competition, Concert Artists Guild (Carnegie Hall). Nach diversen Engagements in den USA seit 1977 in Europa.1977: Stadttheater am &hellip; <\/p>\n<p class=\"link-more\"><a href=\"https:\/\/wppool.abenteuerbox.at\/DA_KV_Linz\/?page_id=2342\" class=\"more-link\">Read more<span class=\"screen-reader-text\"> &#8222;Karen Johnson&#8220;<\/span><\/a><\/p>\n","protected":false},"author":1,"featured_media":0,"parent":0,"menu_order":0,"comment_status":"closed","ping_status":"closed","template":"","meta":{"inspiro_hide_title":false,"footnotes":""},"class_list":["post-2342","page","type-page","status-publish","hentry"],"_links":{"self":[{"href":"https:\/\/wppool.abenteuerbox.at\/DA_KV_Linz\/index.php?rest_route=\/wp\/v2\/pages\/2342","targetHints":{"allow":["GET"]}}],"collection":[{"href":"https:\/\/wppool.abenteuerbox.at\/DA_KV_Linz\/index.php?rest_route=\/wp\/v2\/pages"}],"about":[{"href":"https:\/\/wppool.abenteuerbox.at\/DA_KV_Linz\/index.php?rest_route=\/wp\/v2\/types\/page"}],"author":[{"embeddable":true,"href":"https:\/\/wppool.abenteuerbox.at\/DA_KV_Linz\/index.php?rest_route=\/wp\/v2\/users\/1"}],"replies":[{"embeddable":true,"href":"https:\/\/wppool.abenteuerbox.at\/DA_KV_Linz\/index.php?rest_route=%2Fwp%2Fv2%2Fcomments&post=2342"}],"version-history":[{"count":10,"href":"https:\/\/wppool.abenteuerbox.at\/DA_KV_Linz\/index.php?rest_route=\/wp\/v2\/pages\/2342\/revisions"}],"predecessor-version":[{"id":7617,"href":"https:\/\/wppool.abenteuerbox.at\/DA_KV_Linz\/index.php?rest_route=\/wp\/v2\/pages\/2342\/revisions\/7617"}],"wp:attachment":[{"href":"https:\/\/wppool.abenteuerbox.at\/DA_KV_Linz\/index.php?rest_route=%2Fwp%2Fv2%2Fmedia&parent=2342"}],"curies":[{"name":"wp","href":"https:\/\/api.w.org\/{rel}","templated":true}]}}