{"id":2354,"date":"2025-01-15T12:58:42","date_gmt":"2025-01-15T11:58:42","guid":{"rendered":"https:\/\/wppool.abenteuerbox.at\/DA_KV_Linz\/?page_id=2354"},"modified":"2025-01-26T20:47:23","modified_gmt":"2025-01-26T19:47:23","slug":"karl-ridderbusch","status":"publish","type":"page","link":"https:\/\/wppool.abenteuerbox.at\/DA_KV_Linz\/?page_id=2354","title":{"rendered":"Karl Ridderbusch"},"content":{"rendered":"\t\t<div data-elementor-type=\"wp-page\" data-elementor-id=\"2354\" class=\"elementor elementor-2354\">\n\t\t\t\t<div class=\"elementor-element elementor-element-525d7ca e-flex e-con-boxed e-con e-parent\" data-id=\"525d7ca\" data-element_type=\"container\">\n\t\t\t\t\t<div class=\"e-con-inner\">\n\t\t<div class=\"elementor-element elementor-element-0d17db9 e-con-full e-flex e-con e-child\" data-id=\"0d17db9\" data-element_type=\"container\">\n\t\t\t\t<div class=\"elementor-element elementor-element-9256fd4 elementor-widget elementor-widget-heading\" data-id=\"9256fd4\" data-element_type=\"widget\" data-widget_type=\"heading.default\">\n\t\t\t\t<div class=\"elementor-widget-container\">\n\t\t\t\t\t<h2 class=\"elementor-heading-title elementor-size-default\">Bass<\/h2>\t\t\t\t<\/div>\n\t\t\t\t<\/div>\n\t\t\t\t<div class=\"elementor-element elementor-element-c3d8a2d elementor-widget elementor-widget-text-editor\" data-id=\"c3d8a2d\" data-element_type=\"widget\" data-widget_type=\"text-editor.default\">\n\t\t\t\t<div class=\"elementor-widget-container\">\n\t\t\t\t\t\t\t\t\t<p><strong>Auftritte im Linzer Konzertverein:<\/strong><\/p><p>07.04.1992, Benefizkonzert f\u00fcr die Freunde des Linzer Musiktheaters<\/p>\t\t\t\t\t\t\t\t<\/div>\n\t\t\t\t<\/div>\n\t\t\t\t<\/div>\n\t\t<div class=\"elementor-element elementor-element-b50585d e-con-full e-flex e-con e-child\" data-id=\"b50585d\" data-element_type=\"container\">\n\t\t\t\t<div class=\"elementor-element elementor-element-66f38d2 elementor-widget elementor-widget-image\" data-id=\"66f38d2\" data-element_type=\"widget\" data-widget_type=\"image.default\">\n\t\t\t\t<div class=\"elementor-widget-container\">\n\t\t\t\t\t\t\t\t\t\t\t\t\t\t\t<img decoding=\"async\" width=\"155\" height=\"200\" src=\"https:\/\/wppool.abenteuerbox.at\/DA_KV_Linz\/wp-content\/uploads\/2025\/01\/Ridderbusch_Karl.jpg\" class=\"attachment-large size-large wp-image-2356\" alt=\"\" sizes=\"100vw\" \/>\t\t\t\t\t\t\t\t\t\t\t\t\t\t\t<\/div>\n\t\t\t\t<\/div>\n\t\t\t\t<\/div>\n\t\t<div class=\"elementor-element elementor-element-1dc81f4 e-con-full e-flex e-con e-child\" data-id=\"1dc81f4\" data-element_type=\"container\">\n\t\t\t\t<div class=\"elementor-element elementor-element-a3cca83 elementor-widget elementor-widget-text-editor\" data-id=\"a3cca83\" data-element_type=\"widget\" data-widget_type=\"text-editor.default\">\n\t\t\t\t<div class=\"elementor-widget-container\">\n\t\t\t\t\t\t\t\t\t<p>1932 in Recklinghausen geboren, Ausbildung an der Staatlichen Folkwang-Hochschule in Essen-Werden, erste Engagements in M\u00fcnster und Essen, seit 1965 festes Mitglied der Deutschen Oper am Rhein D\u00fcsseldorf-Duisburg. Seit 1967 Mitwirkung bei den Bayreuther Festspielen; Gastspiele an den bedeutendsten Opernh\u00e4usern der Welt; Zusammenarbeit mit den ber\u00fchmtesten Dirigenten wie Herbert von Karajan, Leonard Bernstein, Carlos Kleiber, Horst Stein, Wolfgang Sawallisch, Rafael Kubelik, Karl B\u00f6hm u. a.; 54 Opernpartien, mehr als 90 Schallplatteneinspielungen; 1978 Verleihung des Titels &#8222;Kammers\u00e4nger&#8220; durch die Wiener Staatsoper.<br \/><br \/>(1992)<\/p>\t\t\t\t\t\t\t\t<\/div>\n\t\t\t\t<\/div>\n\t\t\t\t<div class=\"elementor-element elementor-element-a3dbeb3 elementor-widget elementor-widget-text-editor\" data-id=\"a3dbeb3\" data-element_type=\"widget\" data-widget_type=\"text-editor.default\">\n\t\t\t\t<div class=\"elementor-widget-container\">\n\t\t\t\t\t\t\t\t\t<p style=\"text-align: right;\">\n<a href=\"javascript:history.back();\">Zur\u00fcck<\/a>\n<\/p>\t\t\t\t\t\t\t\t<\/div>\n\t\t\t\t<\/div>\n\t\t\t\t<\/div>\n\t\t\t\t\t<\/div>\n\t\t\t\t<\/div>\n\t\t\t\t<\/div>\n\t\t","protected":false},"excerpt":{"rendered":"<p>Bass Auftritte im Linzer Konzertverein: 07.04.1992, Benefizkonzert f\u00fcr die Freunde des Linzer Musiktheaters 1932 in Recklinghausen geboren, Ausbildung an der Staatlichen Folkwang-Hochschule in Essen-Werden, erste Engagements in M\u00fcnster und Essen, seit 1965 festes Mitglied der Deutschen Oper am Rhein D\u00fcsseldorf-Duisburg. Seit 1967 Mitwirkung bei den Bayreuther Festspielen; Gastspiele an den bedeutendsten Opernh\u00e4usern der Welt; Zusammenarbeit &hellip; <\/p>\n<p class=\"link-more\"><a href=\"https:\/\/wppool.abenteuerbox.at\/DA_KV_Linz\/?page_id=2354\" class=\"more-link\">Read more<span class=\"screen-reader-text\"> &#8222;Karl Ridderbusch&#8220;<\/span><\/a><\/p>\n","protected":false},"author":1,"featured_media":0,"parent":0,"menu_order":0,"comment_status":"closed","ping_status":"closed","template":"","meta":{"inspiro_hide_title":false,"footnotes":""},"class_list":["post-2354","page","type-page","status-publish","hentry"],"_links":{"self":[{"href":"https:\/\/wppool.abenteuerbox.at\/DA_KV_Linz\/index.php?rest_route=\/wp\/v2\/pages\/2354","targetHints":{"allow":["GET"]}}],"collection":[{"href":"https:\/\/wppool.abenteuerbox.at\/DA_KV_Linz\/index.php?rest_route=\/wp\/v2\/pages"}],"about":[{"href":"https:\/\/wppool.abenteuerbox.at\/DA_KV_Linz\/index.php?rest_route=\/wp\/v2\/types\/page"}],"author":[{"embeddable":true,"href":"https:\/\/wppool.abenteuerbox.at\/DA_KV_Linz\/index.php?rest_route=\/wp\/v2\/users\/1"}],"replies":[{"embeddable":true,"href":"https:\/\/wppool.abenteuerbox.at\/DA_KV_Linz\/index.php?rest_route=%2Fwp%2Fv2%2Fcomments&post=2354"}],"version-history":[{"count":10,"href":"https:\/\/wppool.abenteuerbox.at\/DA_KV_Linz\/index.php?rest_route=\/wp\/v2\/pages\/2354\/revisions"}],"predecessor-version":[{"id":7620,"href":"https:\/\/wppool.abenteuerbox.at\/DA_KV_Linz\/index.php?rest_route=\/wp\/v2\/pages\/2354\/revisions\/7620"}],"wp:attachment":[{"href":"https:\/\/wppool.abenteuerbox.at\/DA_KV_Linz\/index.php?rest_route=%2Fwp%2Fv2%2Fmedia&parent=2354"}],"curies":[{"name":"wp","href":"https:\/\/api.w.org\/{rel}","templated":true}]}}