{"id":2363,"date":"2025-01-15T13:02:19","date_gmt":"2025-01-15T12:02:19","guid":{"rendered":"https:\/\/wppool.abenteuerbox.at\/DA_KV_Linz\/?page_id=2363"},"modified":"2025-01-26T20:48:07","modified_gmt":"2025-01-26T19:48:07","slug":"klaus-schuster","status":"publish","type":"page","link":"https:\/\/wppool.abenteuerbox.at\/DA_KV_Linz\/?page_id=2363","title":{"rendered":"Klaus Schuster"},"content":{"rendered":"\t\t<div data-elementor-type=\"wp-page\" data-elementor-id=\"2363\" class=\"elementor elementor-2363\">\n\t\t\t\t<div class=\"elementor-element elementor-element-c273a60 e-flex e-con-boxed e-con e-parent\" data-id=\"c273a60\" data-element_type=\"container\">\n\t\t\t\t\t<div class=\"e-con-inner\">\n\t\t<div class=\"elementor-element elementor-element-6a27ff9 e-con-full e-flex e-con e-child\" data-id=\"6a27ff9\" data-element_type=\"container\">\n\t\t\t\t<div class=\"elementor-element elementor-element-621c7f1 elementor-widget elementor-widget-heading\" data-id=\"621c7f1\" data-element_type=\"widget\" data-widget_type=\"heading.default\">\n\t\t\t\t<div class=\"elementor-widget-container\">\n\t\t\t\t\t<h2 class=\"elementor-heading-title elementor-size-default\">Klavier<\/h2>\t\t\t\t<\/div>\n\t\t\t\t<\/div>\n\t\t\t\t<div class=\"elementor-element elementor-element-cf89816 elementor-widget elementor-widget-text-editor\" data-id=\"cf89816\" data-element_type=\"widget\" data-widget_type=\"text-editor.default\">\n\t\t\t\t<div class=\"elementor-widget-container\">\n\t\t\t\t\t\t\t\t\t<p><strong>Auftritte im Linzer Konzertverein:<\/strong><\/p><p>11.12.1991, Sinfoniekonzert<\/p>\t\t\t\t\t\t\t\t<\/div>\n\t\t\t\t<\/div>\n\t\t\t\t<\/div>\n\t\t<div class=\"elementor-element elementor-element-cec396c e-con-full e-flex e-con e-child\" data-id=\"cec396c\" data-element_type=\"container\">\n\t\t\t\t<div class=\"elementor-element elementor-element-2f0c01b elementor-widget elementor-widget-image\" data-id=\"2f0c01b\" data-element_type=\"widget\" data-widget_type=\"image.default\">\n\t\t\t\t<div class=\"elementor-widget-container\">\n\t\t\t\t\t\t\t\t\t\t\t\t\t\t\t<img decoding=\"async\" width=\"155\" height=\"200\" src=\"https:\/\/wppool.abenteuerbox.at\/DA_KV_Linz\/wp-content\/uploads\/2025\/01\/Schuster_Klaus.jpg\" class=\"attachment-large size-large wp-image-2366\" alt=\"\" sizes=\"100vw\" \/>\t\t\t\t\t\t\t\t\t\t\t\t\t\t\t<\/div>\n\t\t\t\t<\/div>\n\t\t\t\t<\/div>\n\t\t<div class=\"elementor-element elementor-element-b6f7e22 e-con-full e-flex e-con e-child\" data-id=\"b6f7e22\" data-element_type=\"container\">\n\t\t\t\t<div class=\"elementor-element elementor-element-405268a elementor-widget elementor-widget-text-editor\" data-id=\"405268a\" data-element_type=\"widget\" data-widget_type=\"text-editor.default\">\n\t\t\t\t<div class=\"elementor-widget-container\">\n\t\t\t\t\t\t\t\t\t<p>Geboren 1974 in St. P\u00f6lten.<br \/>Seit Oktober 1978 musikalische Fr\u00fcherziehung.<br \/>Ab 1980 Klavierunterricht bei Frau Irmgard Blazey &#8211; Musikschule St. P\u00f6lten.<br \/>Ab 1982 Violoncellounterricht.<br \/>1986 Aufnahme an der Musikhochschule in Wien bei Prof. Ernst Knava &#8211; Violoncello und Kammermusik.<br \/>1987 Aufnahme in die Klaviervorbereitungsklasse bei Prof. Alma Sauer.<br \/>Ab 1989 Studium Konzertklasse &#8211; Klavier bei Prof. Heinz Medjimorec.<br \/>1987, 1989 und 1991 1. Preis beim Landeswettbewerb &#8222;Jugend musiziert&#8220;.<br \/>Solistisch mehrfacher Preistr\u00e4ger beim Bundeswettbewerb in Leoben.<br \/>Besondere Auszeichnungen als Klavierbegleiter:<br \/>1988 1. Preis Steinway-Wettbewerb f\u00fcr Wien, N\u00f6. und Burgenland.<br \/>2. Preis von \u00d6sterreich<br \/>1989 1. Preis beim Bundeswettbewerb in Leoben Kammermusik \u2013 Violoncello.<br \/>Konzertt\u00e4tigkeiten:<br \/>Internat. Steinway-Festival in Aarhus (D\u00e4nemark); Zwickau, BRD, Wien, Baden, Klosterneuburg; &#8222;Musica juventutis&#8220; Konzerthaus Wien;<br \/>Soloabende in St. P\u00f6lten, Laa\/Thaya, Sitzenberg\/Reidling, Wesseling (K\u00f6ln), BRD; Jeunesse-Galakonzert in Klagenfurt;<br \/>Europ\u00e4isches Musikfestival in Moskau;<br \/>Rundfunk- und Fernsehaufnahmen.<br \/><br \/>(1991)<\/p>\t\t\t\t\t\t\t\t<\/div>\n\t\t\t\t<\/div>\n\t\t\t\t<div class=\"elementor-element elementor-element-e4296ce elementor-widget elementor-widget-text-editor\" data-id=\"e4296ce\" data-element_type=\"widget\" data-widget_type=\"text-editor.default\">\n\t\t\t\t<div class=\"elementor-widget-container\">\n\t\t\t\t\t\t\t\t\t<p style=\"text-align: right;\">\n<a href=\"javascript:history.back();\">Zur\u00fcck<\/a>\n<\/p>\t\t\t\t\t\t\t\t<\/div>\n\t\t\t\t<\/div>\n\t\t\t\t<\/div>\n\t\t\t\t\t<\/div>\n\t\t\t\t<\/div>\n\t\t\t\t<\/div>\n\t\t","protected":false},"excerpt":{"rendered":"<p>Klavier Auftritte im Linzer Konzertverein: 11.12.1991, Sinfoniekonzert Geboren 1974 in St. P\u00f6lten.Seit Oktober 1978 musikalische Fr\u00fcherziehung.Ab 1980 Klavierunterricht bei Frau Irmgard Blazey &#8211; Musikschule St. P\u00f6lten.Ab 1982 Violoncellounterricht.1986 Aufnahme an der Musikhochschule in Wien bei Prof. Ernst Knava &#8211; Violoncello und Kammermusik.1987 Aufnahme in die Klaviervorbereitungsklasse bei Prof. Alma Sauer.Ab 1989 Studium Konzertklasse &#8211; Klavier &hellip; <\/p>\n<p class=\"link-more\"><a href=\"https:\/\/wppool.abenteuerbox.at\/DA_KV_Linz\/?page_id=2363\" class=\"more-link\">Read more<span class=\"screen-reader-text\"> &#8222;Klaus Schuster&#8220;<\/span><\/a><\/p>\n","protected":false},"author":1,"featured_media":0,"parent":0,"menu_order":0,"comment_status":"closed","ping_status":"closed","template":"","meta":{"inspiro_hide_title":false,"footnotes":""},"class_list":["post-2363","page","type-page","status-publish","hentry"],"_links":{"self":[{"href":"https:\/\/wppool.abenteuerbox.at\/DA_KV_Linz\/index.php?rest_route=\/wp\/v2\/pages\/2363","targetHints":{"allow":["GET"]}}],"collection":[{"href":"https:\/\/wppool.abenteuerbox.at\/DA_KV_Linz\/index.php?rest_route=\/wp\/v2\/pages"}],"about":[{"href":"https:\/\/wppool.abenteuerbox.at\/DA_KV_Linz\/index.php?rest_route=\/wp\/v2\/types\/page"}],"author":[{"embeddable":true,"href":"https:\/\/wppool.abenteuerbox.at\/DA_KV_Linz\/index.php?rest_route=\/wp\/v2\/users\/1"}],"replies":[{"embeddable":true,"href":"https:\/\/wppool.abenteuerbox.at\/DA_KV_Linz\/index.php?rest_route=%2Fwp%2Fv2%2Fcomments&post=2363"}],"version-history":[{"count":10,"href":"https:\/\/wppool.abenteuerbox.at\/DA_KV_Linz\/index.php?rest_route=\/wp\/v2\/pages\/2363\/revisions"}],"predecessor-version":[{"id":7623,"href":"https:\/\/wppool.abenteuerbox.at\/DA_KV_Linz\/index.php?rest_route=\/wp\/v2\/pages\/2363\/revisions\/7623"}],"wp:attachment":[{"href":"https:\/\/wppool.abenteuerbox.at\/DA_KV_Linz\/index.php?rest_route=%2Fwp%2Fv2%2Fmedia&parent=2363"}],"curies":[{"name":"wp","href":"https:\/\/api.w.org\/{rel}","templated":true}]}}