{"id":2370,"date":"2025-01-15T13:05:27","date_gmt":"2025-01-15T12:05:27","guid":{"rendered":"https:\/\/wppool.abenteuerbox.at\/DA_KV_Linz\/?page_id=2370"},"modified":"2025-01-26T20:48:55","modified_gmt":"2025-01-26T19:48:55","slug":"boris-anifantakis","status":"publish","type":"page","link":"https:\/\/wppool.abenteuerbox.at\/DA_KV_Linz\/?page_id=2370","title":{"rendered":"Boris Anifantakis"},"content":{"rendered":"\t\t<div data-elementor-type=\"wp-page\" data-elementor-id=\"2370\" class=\"elementor elementor-2370\">\n\t\t\t\t<div class=\"elementor-element elementor-element-2d675f1 e-flex e-con-boxed e-con e-parent\" data-id=\"2d675f1\" data-element_type=\"container\">\n\t\t\t\t\t<div class=\"e-con-inner\">\n\t\t<div class=\"elementor-element elementor-element-628722e e-con-full e-flex e-con e-child\" data-id=\"628722e\" data-element_type=\"container\">\n\t\t\t\t<div class=\"elementor-element elementor-element-bbb51bd elementor-widget elementor-widget-heading\" data-id=\"bbb51bd\" data-element_type=\"widget\" data-widget_type=\"heading.default\">\n\t\t\t\t<div class=\"elementor-widget-container\">\n\t\t\t\t\t<h2 class=\"elementor-heading-title elementor-size-default\">Dirigent<\/h2>\t\t\t\t<\/div>\n\t\t\t\t<\/div>\n\t\t\t\t<div class=\"elementor-element elementor-element-60f94a9 elementor-widget elementor-widget-text-editor\" data-id=\"60f94a9\" data-element_type=\"widget\" data-widget_type=\"text-editor.default\">\n\t\t\t\t<div class=\"elementor-widget-container\">\n\t\t\t\t\t\t\t\t\t<p><strong>Auftritte im Linzer Konzertverein:<\/strong><\/p><p>10.04.1991, Sinfoniekonzert<\/p>\t\t\t\t\t\t\t\t<\/div>\n\t\t\t\t<\/div>\n\t\t\t\t<\/div>\n\t\t<div class=\"elementor-element elementor-element-47a57a1 e-con-full e-flex e-con e-child\" data-id=\"47a57a1\" data-element_type=\"container\">\n\t\t\t\t<div class=\"elementor-element elementor-element-d07144f elementor-widget elementor-widget-image\" data-id=\"d07144f\" data-element_type=\"widget\" data-widget_type=\"image.default\">\n\t\t\t\t<div class=\"elementor-widget-container\">\n\t\t\t\t\t\t\t\t\t\t\t\t\t\t\t<img decoding=\"async\" width=\"155\" height=\"200\" src=\"https:\/\/wppool.abenteuerbox.at\/DA_KV_Linz\/wp-content\/uploads\/2025\/01\/Anifantakis_Boris.jpg\" class=\"attachment-large size-large wp-image-2372\" alt=\"\" sizes=\"100vw\" \/>\t\t\t\t\t\t\t\t\t\t\t\t\t\t\t<\/div>\n\t\t\t\t<\/div>\n\t\t\t\t<\/div>\n\t\t<div class=\"elementor-element elementor-element-69a74a9 e-con-full e-flex e-con e-child\" data-id=\"69a74a9\" data-element_type=\"container\">\n\t\t\t\t<div class=\"elementor-element elementor-element-4707d33 elementor-widget elementor-widget-text-editor\" data-id=\"4707d33\" data-element_type=\"widget\" data-widget_type=\"text-editor.default\">\n\t\t\t\t<div class=\"elementor-widget-container\">\n\t\t\t\t\t\t\t\t\t<p>Der 25j\u00e4hrige hatte schon neben seinem Orgel- und Klavierstudium in Essen erste Erfolge als Dirigent bei Konzerten, was ihn bewog, sich ganz auf das Dirigieren zu konzentrieren.<br \/><br \/>Er studierte an der Hochschule f\u00fcr Musik in Hamburg, wo er sein Dirigierstudium mit der Oper &#8222;l&#8217;heure espagnole&#8220; von Maurice Ravel abschloss.<br \/><br \/>Nach einem Engagement an das Linzer Landestheater assistierte er bei Riccardo Muti im Rahmen der Salzburger Festspiele und wurde im letzten Sommer an die St\u00e4dtischen B\u00fchnen in N\u00fcrnberg berufen, wo er derzeit noch engagiert ist.<br \/><br \/>(1991)<\/p>\t\t\t\t\t\t\t\t<\/div>\n\t\t\t\t<\/div>\n\t\t\t\t<div class=\"elementor-element elementor-element-3602d68 elementor-widget elementor-widget-text-editor\" data-id=\"3602d68\" data-element_type=\"widget\" data-widget_type=\"text-editor.default\">\n\t\t\t\t<div class=\"elementor-widget-container\">\n\t\t\t\t\t\t\t\t\t<p style=\"text-align: right;\">\n<a href=\"javascript:history.back();\">Zur\u00fcck<\/a>\n<\/p>\t\t\t\t\t\t\t\t<\/div>\n\t\t\t\t<\/div>\n\t\t\t\t<\/div>\n\t\t\t\t\t<\/div>\n\t\t\t\t<\/div>\n\t\t\t\t<\/div>\n\t\t","protected":false},"excerpt":{"rendered":"<p>Dirigent Auftritte im Linzer Konzertverein: 10.04.1991, Sinfoniekonzert Der 25j\u00e4hrige hatte schon neben seinem Orgel- und Klavierstudium in Essen erste Erfolge als Dirigent bei Konzerten, was ihn bewog, sich ganz auf das Dirigieren zu konzentrieren. Er studierte an der Hochschule f\u00fcr Musik in Hamburg, wo er sein Dirigierstudium mit der Oper &#8222;l&#8217;heure espagnole&#8220; von Maurice Ravel &hellip; <\/p>\n<p class=\"link-more\"><a href=\"https:\/\/wppool.abenteuerbox.at\/DA_KV_Linz\/?page_id=2370\" class=\"more-link\">Read more<span class=\"screen-reader-text\"> &#8222;Boris Anifantakis&#8220;<\/span><\/a><\/p>\n","protected":false},"author":1,"featured_media":0,"parent":0,"menu_order":0,"comment_status":"closed","ping_status":"closed","template":"","meta":{"inspiro_hide_title":false,"footnotes":""},"class_list":["post-2370","page","type-page","status-publish","hentry"],"_links":{"self":[{"href":"https:\/\/wppool.abenteuerbox.at\/DA_KV_Linz\/index.php?rest_route=\/wp\/v2\/pages\/2370","targetHints":{"allow":["GET"]}}],"collection":[{"href":"https:\/\/wppool.abenteuerbox.at\/DA_KV_Linz\/index.php?rest_route=\/wp\/v2\/pages"}],"about":[{"href":"https:\/\/wppool.abenteuerbox.at\/DA_KV_Linz\/index.php?rest_route=\/wp\/v2\/types\/page"}],"author":[{"embeddable":true,"href":"https:\/\/wppool.abenteuerbox.at\/DA_KV_Linz\/index.php?rest_route=\/wp\/v2\/users\/1"}],"replies":[{"embeddable":true,"href":"https:\/\/wppool.abenteuerbox.at\/DA_KV_Linz\/index.php?rest_route=%2Fwp%2Fv2%2Fcomments&post=2370"}],"version-history":[{"count":10,"href":"https:\/\/wppool.abenteuerbox.at\/DA_KV_Linz\/index.php?rest_route=\/wp\/v2\/pages\/2370\/revisions"}],"predecessor-version":[{"id":7626,"href":"https:\/\/wppool.abenteuerbox.at\/DA_KV_Linz\/index.php?rest_route=\/wp\/v2\/pages\/2370\/revisions\/7626"}],"wp:attachment":[{"href":"https:\/\/wppool.abenteuerbox.at\/DA_KV_Linz\/index.php?rest_route=%2Fwp%2Fv2%2Fmedia&parent=2370"}],"curies":[{"name":"wp","href":"https:\/\/api.w.org\/{rel}","templated":true}]}}