{"id":2376,"date":"2025-01-15T13:09:15","date_gmt":"2025-01-15T12:09:15","guid":{"rendered":"https:\/\/wppool.abenteuerbox.at\/DA_KV_Linz\/?page_id=2376"},"modified":"2025-01-26T20:49:24","modified_gmt":"2025-01-26T19:49:24","slug":"thomas-kerbl","status":"publish","type":"page","link":"https:\/\/wppool.abenteuerbox.at\/DA_KV_Linz\/?page_id=2376","title":{"rendered":"Thomas Kerbl"},"content":{"rendered":"\t\t<div data-elementor-type=\"wp-page\" data-elementor-id=\"2376\" class=\"elementor elementor-2376\">\n\t\t\t\t<div class=\"elementor-element elementor-element-3e75e7d e-flex e-con-boxed e-con e-parent\" data-id=\"3e75e7d\" data-element_type=\"container\">\n\t\t\t\t\t<div class=\"e-con-inner\">\n\t\t<div class=\"elementor-element elementor-element-956dac4 e-con-full e-flex e-con e-child\" data-id=\"956dac4\" data-element_type=\"container\">\n\t\t\t\t<div class=\"elementor-element elementor-element-8edbf09 elementor-widget elementor-widget-heading\" data-id=\"8edbf09\" data-element_type=\"widget\" data-widget_type=\"heading.default\">\n\t\t\t\t<div class=\"elementor-widget-container\">\n\t\t\t\t\t<h2 class=\"elementor-heading-title elementor-size-default\">Klavier<\/h2>\t\t\t\t<\/div>\n\t\t\t\t<\/div>\n\t\t\t\t<div class=\"elementor-element elementor-element-66251ad elementor-widget elementor-widget-text-editor\" data-id=\"66251ad\" data-element_type=\"widget\" data-widget_type=\"text-editor.default\">\n\t\t\t\t<div class=\"elementor-widget-container\">\n\t\t\t\t\t\t\t\t\t<p><strong>Auftritte im Linzer Konzertverein:<\/strong><\/p><p>10.04.1991, Sinfoniekonzert<\/p>\t\t\t\t\t\t\t\t<\/div>\n\t\t\t\t<\/div>\n\t\t\t\t<\/div>\n\t\t<div class=\"elementor-element elementor-element-8393705 e-con-full e-flex e-con e-child\" data-id=\"8393705\" data-element_type=\"container\">\n\t\t\t\t<div class=\"elementor-element elementor-element-f323c77 elementor-widget elementor-widget-image\" data-id=\"f323c77\" data-element_type=\"widget\" data-widget_type=\"image.default\">\n\t\t\t\t<div class=\"elementor-widget-container\">\n\t\t\t\t\t\t\t\t\t\t\t\t\t\t\t<img decoding=\"async\" width=\"155\" height=\"200\" src=\"https:\/\/wppool.abenteuerbox.at\/DA_KV_Linz\/wp-content\/uploads\/2025\/01\/Kerbl_Thomas.jpg\" class=\"attachment-large size-large wp-image-2378\" alt=\"\" sizes=\"100vw\" \/>\t\t\t\t\t\t\t\t\t\t\t\t\t\t\t<\/div>\n\t\t\t\t<\/div>\n\t\t\t\t<\/div>\n\t\t<div class=\"elementor-element elementor-element-8bd8653 e-con-full e-flex e-con e-child\" data-id=\"8bd8653\" data-element_type=\"container\">\n\t\t\t\t<div class=\"elementor-element elementor-element-9cf8f9c elementor-widget elementor-widget-text-editor\" data-id=\"9cf8f9c\" data-element_type=\"widget\" data-widget_type=\"text-editor.default\">\n\t\t\t\t<div class=\"elementor-widget-container\">\n\t\t\t\t\t\t\t\t\t<p>Der 1965 geborene Pianist pflegt seine k\u00fcnstlerische Arbeit gemeinsam mit Reinhold Puri-Jobi als Duo auf zwei Klavieren, aber auch auf einem Klavier vierh\u00e4ndig.<br \/><br \/>Anlass zum Beginn dieser Zusammenarbeit war der Debussy-Zyklus in der Neuen Galerie in Linz 1986, wo sie das Gesamtwerk des Franzosen an mehreren Abenden zu Geh\u00f6r brachten. Es folgten Auftritte u. a. im Brucknerhaus Linz, in M\u00fcnchen, wo sie eingeladen wurden, Carl Orffs &#8222;Carmina burana&#8220; in der Originalbesetzung ohne Orchester aufzuf\u00fchren, sie spielten das Gesamtwerk von Johannes Brahms u. v. m.<br \/><br \/>Beide erhielten ihre Ausbildung am Linzer Brucknerkonservatorium, wo sie nun mittlerweile selber unterrichten.<br \/><br \/>(1991)<\/p>\t\t\t\t\t\t\t\t<\/div>\n\t\t\t\t<\/div>\n\t\t\t\t<div class=\"elementor-element elementor-element-a20cb6b elementor-widget elementor-widget-text-editor\" data-id=\"a20cb6b\" data-element_type=\"widget\" data-widget_type=\"text-editor.default\">\n\t\t\t\t<div class=\"elementor-widget-container\">\n\t\t\t\t\t\t\t\t\t<p style=\"text-align: right;\">\n<a href=\"javascript:history.back();\">Zur\u00fcck<\/a>\n<\/p>\t\t\t\t\t\t\t\t<\/div>\n\t\t\t\t<\/div>\n\t\t\t\t<\/div>\n\t\t\t\t\t<\/div>\n\t\t\t\t<\/div>\n\t\t\t\t<\/div>\n\t\t","protected":false},"excerpt":{"rendered":"<p>Klavier Auftritte im Linzer Konzertverein: 10.04.1991, Sinfoniekonzert Der 1965 geborene Pianist pflegt seine k\u00fcnstlerische Arbeit gemeinsam mit Reinhold Puri-Jobi als Duo auf zwei Klavieren, aber auch auf einem Klavier vierh\u00e4ndig. Anlass zum Beginn dieser Zusammenarbeit war der Debussy-Zyklus in der Neuen Galerie in Linz 1986, wo sie das Gesamtwerk des Franzosen an mehreren Abenden zu &hellip; <\/p>\n<p class=\"link-more\"><a href=\"https:\/\/wppool.abenteuerbox.at\/DA_KV_Linz\/?page_id=2376\" class=\"more-link\">Read more<span class=\"screen-reader-text\"> &#8222;Thomas Kerbl&#8220;<\/span><\/a><\/p>\n","protected":false},"author":1,"featured_media":0,"parent":0,"menu_order":0,"comment_status":"closed","ping_status":"closed","template":"","meta":{"inspiro_hide_title":false,"footnotes":""},"class_list":["post-2376","page","type-page","status-publish","hentry"],"_links":{"self":[{"href":"https:\/\/wppool.abenteuerbox.at\/DA_KV_Linz\/index.php?rest_route=\/wp\/v2\/pages\/2376","targetHints":{"allow":["GET"]}}],"collection":[{"href":"https:\/\/wppool.abenteuerbox.at\/DA_KV_Linz\/index.php?rest_route=\/wp\/v2\/pages"}],"about":[{"href":"https:\/\/wppool.abenteuerbox.at\/DA_KV_Linz\/index.php?rest_route=\/wp\/v2\/types\/page"}],"author":[{"embeddable":true,"href":"https:\/\/wppool.abenteuerbox.at\/DA_KV_Linz\/index.php?rest_route=\/wp\/v2\/users\/1"}],"replies":[{"embeddable":true,"href":"https:\/\/wppool.abenteuerbox.at\/DA_KV_Linz\/index.php?rest_route=%2Fwp%2Fv2%2Fcomments&post=2376"}],"version-history":[{"count":10,"href":"https:\/\/wppool.abenteuerbox.at\/DA_KV_Linz\/index.php?rest_route=\/wp\/v2\/pages\/2376\/revisions"}],"predecessor-version":[{"id":7629,"href":"https:\/\/wppool.abenteuerbox.at\/DA_KV_Linz\/index.php?rest_route=\/wp\/v2\/pages\/2376\/revisions\/7629"}],"wp:attachment":[{"href":"https:\/\/wppool.abenteuerbox.at\/DA_KV_Linz\/index.php?rest_route=%2Fwp%2Fv2%2Fmedia&parent=2376"}],"curies":[{"name":"wp","href":"https:\/\/api.w.org\/{rel}","templated":true}]}}