{"id":2382,"date":"2025-01-15T13:13:02","date_gmt":"2025-01-15T12:13:02","guid":{"rendered":"https:\/\/wppool.abenteuerbox.at\/DA_KV_Linz\/?page_id=2382"},"modified":"2025-01-26T20:49:53","modified_gmt":"2025-01-26T19:49:53","slug":"reinhold-puri-jobi","status":"publish","type":"page","link":"https:\/\/wppool.abenteuerbox.at\/DA_KV_Linz\/?page_id=2382","title":{"rendered":"Reinhold Puri-Jobi"},"content":{"rendered":"\t\t<div data-elementor-type=\"wp-page\" data-elementor-id=\"2382\" class=\"elementor elementor-2382\">\n\t\t\t\t<div class=\"elementor-element elementor-element-f4bd08c e-flex e-con-boxed e-con e-parent\" data-id=\"f4bd08c\" data-element_type=\"container\">\n\t\t\t\t\t<div class=\"e-con-inner\">\n\t\t<div class=\"elementor-element elementor-element-00511a0 e-con-full e-flex e-con e-child\" data-id=\"00511a0\" data-element_type=\"container\">\n\t\t\t\t<div class=\"elementor-element elementor-element-3edfc54 elementor-widget elementor-widget-heading\" data-id=\"3edfc54\" data-element_type=\"widget\" data-widget_type=\"heading.default\">\n\t\t\t\t<div class=\"elementor-widget-container\">\n\t\t\t\t\t<h2 class=\"elementor-heading-title elementor-size-default\">Klavier<\/h2>\t\t\t\t<\/div>\n\t\t\t\t<\/div>\n\t\t\t\t<div class=\"elementor-element elementor-element-59adb62 elementor-widget elementor-widget-text-editor\" data-id=\"59adb62\" data-element_type=\"widget\" data-widget_type=\"text-editor.default\">\n\t\t\t\t<div class=\"elementor-widget-container\">\n\t\t\t\t\t\t\t\t\t<p><strong>Auftritte im Linzer Konzertverein:<\/strong><\/p><p>10.04.1991, Sinfoniekonzert<\/p>\t\t\t\t\t\t\t\t<\/div>\n\t\t\t\t<\/div>\n\t\t\t\t<\/div>\n\t\t<div class=\"elementor-element elementor-element-1d2fedd e-con-full e-flex e-con e-child\" data-id=\"1d2fedd\" data-element_type=\"container\">\n\t\t\t\t<div class=\"elementor-element elementor-element-64961ed elementor-widget elementor-widget-image\" data-id=\"64961ed\" data-element_type=\"widget\" data-widget_type=\"image.default\">\n\t\t\t\t<div class=\"elementor-widget-container\">\n\t\t\t\t\t\t\t\t\t\t\t\t\t\t\t<img decoding=\"async\" width=\"155\" height=\"200\" src=\"https:\/\/wppool.abenteuerbox.at\/DA_KV_Linz\/wp-content\/uploads\/2025\/01\/Puri-Jobi_Reinhold.jpg\" class=\"attachment-large size-large wp-image-2384\" alt=\"\" sizes=\"100vw\" \/>\t\t\t\t\t\t\t\t\t\t\t\t\t\t\t<\/div>\n\t\t\t\t<\/div>\n\t\t\t\t<\/div>\n\t\t<div class=\"elementor-element elementor-element-52c55a9 e-con-full e-flex e-con e-child\" data-id=\"52c55a9\" data-element_type=\"container\">\n\t\t\t\t<div class=\"elementor-element elementor-element-c8b25f9 elementor-widget elementor-widget-text-editor\" data-id=\"c8b25f9\" data-element_type=\"widget\" data-widget_type=\"text-editor.default\">\n\t\t\t\t<div class=\"elementor-widget-container\">\n\t\t\t\t\t\t\t\t\t<p>Der 1965 geborene Pianist pflegt seine k\u00fcnstlerische Arbeit gemeinsam mit Thomas Kerbl als Duo auf zwei Klavieren, aber auch auf einem Klavier vierh\u00e4ndig.<br \/><br \/>Anlass zum Beginn dieser Zusammenarbeit war der Debussy-Zyklus in der Neuen Galerie in Linz 1986, wo sie das Gesamtwerk des Franzosen an mehreren Abenden zu Geh\u00f6r brachten. Es folgten Auftritte u. a. im Brucknerhaus Linz, in M\u00fcnchen, wo sie eingeladen wurden, Carl Orffs &#8222;Carmina burana&#8220; in der Originalbesetzung ohne Orchester aufzuf\u00fchren, sie spielten das Gesamtwerk von Johannes Brahms u. v. m.<br \/><br \/>Beide erhielten ihre Ausbildung am Linzer Brucknerkonservatorium, wo sie nun mittlerweile selber unterrichten.<br \/><br \/>(1991)<\/p>\t\t\t\t\t\t\t\t<\/div>\n\t\t\t\t<\/div>\n\t\t\t\t<div class=\"elementor-element elementor-element-7a19d8e elementor-widget elementor-widget-text-editor\" data-id=\"7a19d8e\" data-element_type=\"widget\" data-widget_type=\"text-editor.default\">\n\t\t\t\t<div class=\"elementor-widget-container\">\n\t\t\t\t\t\t\t\t\t<p style=\"text-align: right;\">\n<a href=\"javascript:history.back();\">Zur\u00fcck<\/a>\n<\/p>\t\t\t\t\t\t\t\t<\/div>\n\t\t\t\t<\/div>\n\t\t\t\t<\/div>\n\t\t\t\t\t<\/div>\n\t\t\t\t<\/div>\n\t\t\t\t<\/div>\n\t\t","protected":false},"excerpt":{"rendered":"<p>Klavier Auftritte im Linzer Konzertverein: 10.04.1991, Sinfoniekonzert Der 1965 geborene Pianist pflegt seine k\u00fcnstlerische Arbeit gemeinsam mit Thomas Kerbl als Duo auf zwei Klavieren, aber auch auf einem Klavier vierh\u00e4ndig. Anlass zum Beginn dieser Zusammenarbeit war der Debussy-Zyklus in der Neuen Galerie in Linz 1986, wo sie das Gesamtwerk des Franzosen an mehreren Abenden zu &hellip; <\/p>\n<p class=\"link-more\"><a href=\"https:\/\/wppool.abenteuerbox.at\/DA_KV_Linz\/?page_id=2382\" class=\"more-link\">Read more<span class=\"screen-reader-text\"> &#8222;Reinhold Puri-Jobi&#8220;<\/span><\/a><\/p>\n","protected":false},"author":1,"featured_media":0,"parent":0,"menu_order":0,"comment_status":"closed","ping_status":"closed","template":"","meta":{"inspiro_hide_title":false,"footnotes":""},"class_list":["post-2382","page","type-page","status-publish","hentry"],"_links":{"self":[{"href":"https:\/\/wppool.abenteuerbox.at\/DA_KV_Linz\/index.php?rest_route=\/wp\/v2\/pages\/2382","targetHints":{"allow":["GET"]}}],"collection":[{"href":"https:\/\/wppool.abenteuerbox.at\/DA_KV_Linz\/index.php?rest_route=\/wp\/v2\/pages"}],"about":[{"href":"https:\/\/wppool.abenteuerbox.at\/DA_KV_Linz\/index.php?rest_route=\/wp\/v2\/types\/page"}],"author":[{"embeddable":true,"href":"https:\/\/wppool.abenteuerbox.at\/DA_KV_Linz\/index.php?rest_route=\/wp\/v2\/users\/1"}],"replies":[{"embeddable":true,"href":"https:\/\/wppool.abenteuerbox.at\/DA_KV_Linz\/index.php?rest_route=%2Fwp%2Fv2%2Fcomments&post=2382"}],"version-history":[{"count":10,"href":"https:\/\/wppool.abenteuerbox.at\/DA_KV_Linz\/index.php?rest_route=\/wp\/v2\/pages\/2382\/revisions"}],"predecessor-version":[{"id":7632,"href":"https:\/\/wppool.abenteuerbox.at\/DA_KV_Linz\/index.php?rest_route=\/wp\/v2\/pages\/2382\/revisions\/7632"}],"wp:attachment":[{"href":"https:\/\/wppool.abenteuerbox.at\/DA_KV_Linz\/index.php?rest_route=%2Fwp%2Fv2%2Fmedia&parent=2382"}],"curies":[{"name":"wp","href":"https:\/\/api.w.org\/{rel}","templated":true}]}}