{"id":2405,"date":"2025-01-15T13:23:05","date_gmt":"2025-01-15T12:23:05","guid":{"rendered":"https:\/\/wppool.abenteuerbox.at\/DA_KV_Linz\/?page_id=2405"},"modified":"2025-01-26T20:51:56","modified_gmt":"2025-01-26T19:51:56","slug":"donna-ellen","status":"publish","type":"page","link":"https:\/\/wppool.abenteuerbox.at\/DA_KV_Linz\/?page_id=2405","title":{"rendered":"Donna Ellen"},"content":{"rendered":"\t\t<div data-elementor-type=\"wp-page\" data-elementor-id=\"2405\" class=\"elementor elementor-2405\">\n\t\t\t\t<div class=\"elementor-element elementor-element-9bc38b3 e-flex e-con-boxed e-con e-parent\" data-id=\"9bc38b3\" data-element_type=\"container\">\n\t\t\t\t\t<div class=\"e-con-inner\">\n\t\t<div class=\"elementor-element elementor-element-b34af2e e-con-full e-flex e-con e-child\" data-id=\"b34af2e\" data-element_type=\"container\">\n\t\t\t\t<div class=\"elementor-element elementor-element-a4ca211 elementor-widget elementor-widget-heading\" data-id=\"a4ca211\" data-element_type=\"widget\" data-widget_type=\"heading.default\">\n\t\t\t\t<div class=\"elementor-widget-container\">\n\t\t\t\t\t<h2 class=\"elementor-heading-title elementor-size-default\">Sopran<\/h2>\t\t\t\t<\/div>\n\t\t\t\t<\/div>\n\t\t\t\t<div class=\"elementor-element elementor-element-c367c69 elementor-widget elementor-widget-text-editor\" data-id=\"c367c69\" data-element_type=\"widget\" data-widget_type=\"text-editor.default\">\n\t\t\t\t<div class=\"elementor-widget-container\">\n\t\t\t\t\t\t\t\t\t<p><strong>Auftritte im Linzer Konzertverein:<\/strong><\/p><p>06.12.1989, Festkonzert 70 Jahre Linzer Konzertverein<\/p><p>\u00a0<\/p>\t\t\t\t\t\t\t\t<\/div>\n\t\t\t\t<\/div>\n\t\t\t\t<\/div>\n\t\t<div class=\"elementor-element elementor-element-873b135 e-con-full e-flex e-con e-child\" data-id=\"873b135\" data-element_type=\"container\">\n\t\t\t\t<div class=\"elementor-element elementor-element-058fad3 elementor-widget elementor-widget-image\" data-id=\"058fad3\" data-element_type=\"widget\" data-widget_type=\"image.default\">\n\t\t\t\t<div class=\"elementor-widget-container\">\n\t\t\t\t\t\t\t\t\t\t\t\t\t\t\t<img fetchpriority=\"high\" decoding=\"async\" width=\"345\" height=\"461\" src=\"https:\/\/wppool.abenteuerbox.at\/DA_KV_Linz\/wp-content\/uploads\/2025\/01\/Ellen_Donna.jpg\" class=\"attachment-large size-large wp-image-2407\" alt=\"\" srcset=\"https:\/\/wppool.abenteuerbox.at\/DA_KV_Linz\/wp-content\/uploads\/2025\/01\/Ellen_Donna.jpg 345w, https:\/\/wppool.abenteuerbox.at\/DA_KV_Linz\/wp-content\/uploads\/2025\/01\/Ellen_Donna-225x300.jpg 225w\" sizes=\"100vw\" \/>\t\t\t\t\t\t\t\t\t\t\t\t\t\t\t<\/div>\n\t\t\t\t<\/div>\n\t\t\t\t<\/div>\n\t\t<div class=\"elementor-element elementor-element-0dae647 e-con-full e-flex e-con e-child\" data-id=\"0dae647\" data-element_type=\"container\">\n\t\t\t\t<div class=\"elementor-element elementor-element-55ee588 elementor-widget elementor-widget-text-editor\" data-id=\"55ee588\" data-element_type=\"widget\" data-widget_type=\"text-editor.default\">\n\t\t\t\t<div class=\"elementor-widget-container\">\n\t\t\t\t\t\t\t\t\t<p>In Canada, ihrem Geburtsland, wurde sie vorerst als Posaunistin ausgebildet, arbeitete dann in einem b\u00fcrgerlichen Beruf, entschloss sich an der Universit\u00e4t von Waterloo Gesang zu studieren. Widmete sich haupts\u00e4chlich der Konzertt\u00e4tigkeit, bis sie von Leopold Simoneau f\u00fcr die Oper entdeckt wurde. Ein Stipendium erm\u00f6glichte Engagements in Europa. \u00dcber Z\u00fcrich, dem Sprungbrett f\u00fcr junge K\u00fcnstler, kam sie nach Linz. wo sie im Landestheater wirkt und vom Publikum gut aufgenommen wurde.<\/p><p>(1989)<\/p>\t\t\t\t\t\t\t\t<\/div>\n\t\t\t\t<\/div>\n\t\t\t\t<div class=\"elementor-element elementor-element-24259fc elementor-widget elementor-widget-text-editor\" data-id=\"24259fc\" data-element_type=\"widget\" data-widget_type=\"text-editor.default\">\n\t\t\t\t<div class=\"elementor-widget-container\">\n\t\t\t\t\t\t\t\t\t<p style=\"text-align: right;\">\n<a href=\"javascript:history.back();\">Zur\u00fcck<\/a>\n<\/p>\t\t\t\t\t\t\t\t<\/div>\n\t\t\t\t<\/div>\n\t\t\t\t<\/div>\n\t\t\t\t\t<\/div>\n\t\t\t\t<\/div>\n\t\t\t\t<\/div>\n\t\t","protected":false},"excerpt":{"rendered":"<p>Sopran Auftritte im Linzer Konzertverein: 06.12.1989, Festkonzert 70 Jahre Linzer Konzertverein \u00a0 In Canada, ihrem Geburtsland, wurde sie vorerst als Posaunistin ausgebildet, arbeitete dann in einem b\u00fcrgerlichen Beruf, entschloss sich an der Universit\u00e4t von Waterloo Gesang zu studieren. Widmete sich haupts\u00e4chlich der Konzertt\u00e4tigkeit, bis sie von Leopold Simoneau f\u00fcr die Oper entdeckt wurde. Ein Stipendium &hellip; <\/p>\n<p class=\"link-more\"><a href=\"https:\/\/wppool.abenteuerbox.at\/DA_KV_Linz\/?page_id=2405\" class=\"more-link\">Read more<span class=\"screen-reader-text\"> &#8222;Donna Ellen&#8220;<\/span><\/a><\/p>\n","protected":false},"author":1,"featured_media":0,"parent":0,"menu_order":0,"comment_status":"closed","ping_status":"closed","template":"","meta":{"inspiro_hide_title":false,"footnotes":""},"class_list":["post-2405","page","type-page","status-publish","hentry"],"_links":{"self":[{"href":"https:\/\/wppool.abenteuerbox.at\/DA_KV_Linz\/index.php?rest_route=\/wp\/v2\/pages\/2405","targetHints":{"allow":["GET"]}}],"collection":[{"href":"https:\/\/wppool.abenteuerbox.at\/DA_KV_Linz\/index.php?rest_route=\/wp\/v2\/pages"}],"about":[{"href":"https:\/\/wppool.abenteuerbox.at\/DA_KV_Linz\/index.php?rest_route=\/wp\/v2\/types\/page"}],"author":[{"embeddable":true,"href":"https:\/\/wppool.abenteuerbox.at\/DA_KV_Linz\/index.php?rest_route=\/wp\/v2\/users\/1"}],"replies":[{"embeddable":true,"href":"https:\/\/wppool.abenteuerbox.at\/DA_KV_Linz\/index.php?rest_route=%2Fwp%2Fv2%2Fcomments&post=2405"}],"version-history":[{"count":10,"href":"https:\/\/wppool.abenteuerbox.at\/DA_KV_Linz\/index.php?rest_route=\/wp\/v2\/pages\/2405\/revisions"}],"predecessor-version":[{"id":7641,"href":"https:\/\/wppool.abenteuerbox.at\/DA_KV_Linz\/index.php?rest_route=\/wp\/v2\/pages\/2405\/revisions\/7641"}],"wp:attachment":[{"href":"https:\/\/wppool.abenteuerbox.at\/DA_KV_Linz\/index.php?rest_route=%2Fwp%2Fv2%2Fmedia&parent=2405"}],"curies":[{"name":"wp","href":"https:\/\/api.w.org\/{rel}","templated":true}]}}