{"id":2507,"date":"2025-01-15T16:54:28","date_gmt":"2025-01-15T15:54:28","guid":{"rendered":"https:\/\/wppool.abenteuerbox.at\/DA_KV_Linz\/?page_id=2507"},"modified":"2025-01-26T20:57:03","modified_gmt":"2025-01-26T19:57:03","slug":"arben-spahiu","status":"publish","type":"page","link":"https:\/\/wppool.abenteuerbox.at\/DA_KV_Linz\/?page_id=2507","title":{"rendered":"Arben Spahiu"},"content":{"rendered":"\t\t<div data-elementor-type=\"wp-page\" data-elementor-id=\"2507\" class=\"elementor elementor-2507\">\n\t\t\t\t<div class=\"elementor-element elementor-element-00e5aaa e-flex e-con-boxed e-con e-parent\" data-id=\"00e5aaa\" data-element_type=\"container\">\n\t\t\t\t\t<div class=\"e-con-inner\">\n\t\t<div class=\"elementor-element elementor-element-e383abc e-con-full e-flex e-con e-child\" data-id=\"e383abc\" data-element_type=\"container\">\n\t\t\t\t<div class=\"elementor-element elementor-element-b8458fe elementor-widget elementor-widget-heading\" data-id=\"b8458fe\" data-element_type=\"widget\" data-widget_type=\"heading.default\">\n\t\t\t\t<div class=\"elementor-widget-container\">\n\t\t\t\t\t<h2 class=\"elementor-heading-title elementor-size-default\">Violine<\/h2>\t\t\t\t<\/div>\n\t\t\t\t<\/div>\n\t\t\t\t<div class=\"elementor-element elementor-element-013cef9 elementor-widget elementor-widget-text-editor\" data-id=\"013cef9\" data-element_type=\"widget\" data-widget_type=\"text-editor.default\">\n\t\t\t\t<div class=\"elementor-widget-container\">\n\t\t\t\t\t\t\t\t\t<p><strong>Auftritte im Linzer Konzertverein:<\/strong><\/p><p>30.11.1988, Sinfoniekonzert<\/p>\t\t\t\t\t\t\t\t<\/div>\n\t\t\t\t<\/div>\n\t\t\t\t<\/div>\n\t\t<div class=\"elementor-element elementor-element-032ed9c e-con-full e-flex e-con e-child\" data-id=\"032ed9c\" data-element_type=\"container\">\n\t\t\t\t<div class=\"elementor-element elementor-element-c2047d8 elementor-widget elementor-widget-image\" data-id=\"c2047d8\" data-element_type=\"widget\" data-widget_type=\"image.default\">\n\t\t\t\t<div class=\"elementor-widget-container\">\n\t\t\t\t\t\t\t\t\t\t\t\t\t\t\t<img fetchpriority=\"high\" decoding=\"async\" width=\"263\" height=\"350\" src=\"https:\/\/wppool.abenteuerbox.at\/DA_KV_Linz\/wp-content\/uploads\/2025\/01\/Spahiu_Arben.jpg\" class=\"attachment-large size-large wp-image-2509\" alt=\"\" srcset=\"https:\/\/wppool.abenteuerbox.at\/DA_KV_Linz\/wp-content\/uploads\/2025\/01\/Spahiu_Arben.jpg 263w, https:\/\/wppool.abenteuerbox.at\/DA_KV_Linz\/wp-content\/uploads\/2025\/01\/Spahiu_Arben-225x300.jpg 225w\" sizes=\"100vw\" \/>\t\t\t\t\t\t\t\t\t\t\t\t\t\t\t<\/div>\n\t\t\t\t<\/div>\n\t\t\t\t<\/div>\n\t\t<div class=\"elementor-element elementor-element-cf5af45 e-con-full e-flex e-con e-child\" data-id=\"cf5af45\" data-element_type=\"container\">\n\t\t\t\t<div class=\"elementor-element elementor-element-dc5d5b3 elementor-widget elementor-widget-text-editor\" data-id=\"dc5d5b3\" data-element_type=\"widget\" data-widget_type=\"text-editor.default\">\n\t\t\t\t<div class=\"elementor-widget-container\">\n\t\t\t\t\t\t\t\t\t<p>In Albanien geboren, ist er Solist des Violinkonzertes.<br \/>Mit sechs Jahren trat er in das Konservatorium in Tirana ein, wo er f\u00fcnf Jahre studierte. Durch Gew\u00e4hrung eines staatlichen Stipendiums studiert er seit Oktober 1983 bei Prof. Samohyl an der Hochschule f\u00fcr Musik in Wien.<br \/>Er ist mehrfacher Preistr\u00e4ger, konzertierte au\u00dfer in seinem Heimatland u.a. in der BRD, in Griechenland, der T\u00fcrkei und in \u00d6sterreich. Nunmehr ist er Stipendiat der \u00f6sterreichischen Regierung.<\/p><p>(1988)<\/p>\t\t\t\t\t\t\t\t<\/div>\n\t\t\t\t<\/div>\n\t\t\t\t<div class=\"elementor-element elementor-element-9e0feeb elementor-widget elementor-widget-text-editor\" data-id=\"9e0feeb\" data-element_type=\"widget\" data-widget_type=\"text-editor.default\">\n\t\t\t\t<div class=\"elementor-widget-container\">\n\t\t\t\t\t\t\t\t\t<p style=\"text-align: right;\">\n<a href=\"javascript:history.back();\">Zur\u00fcck<\/a>\n<\/p>\t\t\t\t\t\t\t\t<\/div>\n\t\t\t\t<\/div>\n\t\t\t\t<\/div>\n\t\t\t\t\t<\/div>\n\t\t\t\t<\/div>\n\t\t\t\t<\/div>\n\t\t","protected":false},"excerpt":{"rendered":"<p>Violine Auftritte im Linzer Konzertverein: 30.11.1988, Sinfoniekonzert In Albanien geboren, ist er Solist des Violinkonzertes.Mit sechs Jahren trat er in das Konservatorium in Tirana ein, wo er f\u00fcnf Jahre studierte. Durch Gew\u00e4hrung eines staatlichen Stipendiums studiert er seit Oktober 1983 bei Prof. Samohyl an der Hochschule f\u00fcr Musik in Wien.Er ist mehrfacher Preistr\u00e4ger, konzertierte au\u00dfer &hellip; <\/p>\n<p class=\"link-more\"><a href=\"https:\/\/wppool.abenteuerbox.at\/DA_KV_Linz\/?page_id=2507\" class=\"more-link\">Read more<span class=\"screen-reader-text\"> &#8222;Arben Spahiu&#8220;<\/span><\/a><\/p>\n","protected":false},"author":1,"featured_media":0,"parent":0,"menu_order":0,"comment_status":"closed","ping_status":"closed","template":"","meta":{"inspiro_hide_title":false,"footnotes":""},"class_list":["post-2507","page","type-page","status-publish","hentry"],"_links":{"self":[{"href":"https:\/\/wppool.abenteuerbox.at\/DA_KV_Linz\/index.php?rest_route=\/wp\/v2\/pages\/2507","targetHints":{"allow":["GET"]}}],"collection":[{"href":"https:\/\/wppool.abenteuerbox.at\/DA_KV_Linz\/index.php?rest_route=\/wp\/v2\/pages"}],"about":[{"href":"https:\/\/wppool.abenteuerbox.at\/DA_KV_Linz\/index.php?rest_route=\/wp\/v2\/types\/page"}],"author":[{"embeddable":true,"href":"https:\/\/wppool.abenteuerbox.at\/DA_KV_Linz\/index.php?rest_route=\/wp\/v2\/users\/1"}],"replies":[{"embeddable":true,"href":"https:\/\/wppool.abenteuerbox.at\/DA_KV_Linz\/index.php?rest_route=%2Fwp%2Fv2%2Fcomments&post=2507"}],"version-history":[{"count":10,"href":"https:\/\/wppool.abenteuerbox.at\/DA_KV_Linz\/index.php?rest_route=\/wp\/v2\/pages\/2507\/revisions"}],"predecessor-version":[{"id":7659,"href":"https:\/\/wppool.abenteuerbox.at\/DA_KV_Linz\/index.php?rest_route=\/wp\/v2\/pages\/2507\/revisions\/7659"}],"wp:attachment":[{"href":"https:\/\/wppool.abenteuerbox.at\/DA_KV_Linz\/index.php?rest_route=%2Fwp%2Fv2%2Fmedia&parent=2507"}],"curies":[{"name":"wp","href":"https:\/\/api.w.org\/{rel}","templated":true}]}}