{"id":2516,"date":"2025-01-15T16:58:04","date_gmt":"2025-01-15T15:58:04","guid":{"rendered":"https:\/\/wppool.abenteuerbox.at\/DA_KV_Linz\/?page_id=2516"},"modified":"2025-01-26T20:58:05","modified_gmt":"2025-01-26T19:58:05","slug":"naoko-knopp","status":"publish","type":"page","link":"https:\/\/wppool.abenteuerbox.at\/DA_KV_Linz\/?page_id=2516","title":{"rendered":"Naoko Knopp"},"content":{"rendered":"\t\t<div data-elementor-type=\"wp-page\" data-elementor-id=\"2516\" class=\"elementor elementor-2516\">\n\t\t\t\t<div class=\"elementor-element elementor-element-ae9c9e1 e-flex e-con-boxed e-con e-parent\" data-id=\"ae9c9e1\" data-element_type=\"container\">\n\t\t\t\t\t<div class=\"e-con-inner\">\n\t\t<div class=\"elementor-element elementor-element-eb3a85c e-con-full e-flex e-con e-child\" data-id=\"eb3a85c\" data-element_type=\"container\">\n\t\t\t\t<div class=\"elementor-element elementor-element-e0a7786 elementor-widget elementor-widget-heading\" data-id=\"e0a7786\" data-element_type=\"widget\" data-widget_type=\"heading.default\">\n\t\t\t\t<div class=\"elementor-widget-container\">\n\t\t\t\t\t<h2 class=\"elementor-heading-title elementor-size-default\">Klavier<\/h2>\t\t\t\t<\/div>\n\t\t\t\t<\/div>\n\t\t\t\t<div class=\"elementor-element elementor-element-7d31dc1 elementor-widget elementor-widget-text-editor\" data-id=\"7d31dc1\" data-element_type=\"widget\" data-widget_type=\"text-editor.default\">\n\t\t\t\t<div class=\"elementor-widget-container\">\n\t\t\t\t\t\t\t\t\t<p><strong>Auftritte im Linzer Konzertverein:<\/strong><\/p><p>13.04.1988, Sinfoniekonzert<\/p>\t\t\t\t\t\t\t\t<\/div>\n\t\t\t\t<\/div>\n\t\t\t\t<\/div>\n\t\t<div class=\"elementor-element elementor-element-c986df1 e-con-full e-flex e-con e-child\" data-id=\"c986df1\" data-element_type=\"container\">\n\t\t\t\t<div class=\"elementor-element elementor-element-063adcd elementor-widget elementor-widget-image\" data-id=\"063adcd\" data-element_type=\"widget\" data-widget_type=\"image.default\">\n\t\t\t\t<div class=\"elementor-widget-container\">\n\t\t\t\t\t\t\t\t\t\t\t\t\t\t\t<img fetchpriority=\"high\" decoding=\"async\" width=\"262\" height=\"350\" src=\"https:\/\/wppool.abenteuerbox.at\/DA_KV_Linz\/wp-content\/uploads\/2025\/01\/Knopp_Naoko.jpg\" class=\"attachment-large size-large wp-image-2519\" alt=\"\" srcset=\"https:\/\/wppool.abenteuerbox.at\/DA_KV_Linz\/wp-content\/uploads\/2025\/01\/Knopp_Naoko.jpg 262w, https:\/\/wppool.abenteuerbox.at\/DA_KV_Linz\/wp-content\/uploads\/2025\/01\/Knopp_Naoko-225x300.jpg 225w\" sizes=\"100vw\" \/>\t\t\t\t\t\t\t\t\t\t\t\t\t\t\t<\/div>\n\t\t\t\t<\/div>\n\t\t\t\t<\/div>\n\t\t<div class=\"elementor-element elementor-element-b982b13 e-con-full e-flex e-con e-child\" data-id=\"b982b13\" data-element_type=\"container\">\n\t\t\t\t<div class=\"elementor-element elementor-element-4ee052a elementor-widget elementor-widget-text-editor\" data-id=\"4ee052a\" data-element_type=\"widget\" data-widget_type=\"text-editor.default\">\n\t\t\t\t<div class=\"elementor-widget-container\">\n\t\t\t\t\t\t\t\t\t<p>1957 in Morioka, Japan geboren. 1962-1973 Klavierunterricht in Japan.<br \/>1970 l. Preis beim Jugendmusikwettbewerb in Morioka, 1973 Aufnahme in die Hochschule f\u00fcr Musik und darstellende Kunst in Wien. Studium bei Prof. Dr. Dichler, Prof. Medjimorec, Prof. Panhofer.<br \/>1. Preis beim Rombro-Stepanov-Wettbewerb in Wien. Begabtenstipendium vom \u00d6sterreichischen Bundesministerium f\u00fcr Wissenschaft und Forschung. Diplompr\u00fcfung mit einstimmiger Auszeichnung.<br \/>l. Preis beim B\u00f6sendorfer-Wettbewerb.<br \/>1982 Meisterkurs bei Prof. Badura-Skoda.<br \/>1982-1983 Studium am Mozarteum in der Meisterklasse bei Prof. Leygraf.<br \/>Zahlreiche Klavierabende und Kammermusikabende in \u00d6sterreich (Stiftskonzerte), Deutschland und Japan (Japan-Tournee mit Deb\u00fct in Tokio).<br \/>Regelm\u00e4\u00dfige Klavierabende und Tourneen im In- und Ausland ( u.a. Brucknerhaus Linz). Seit der Heirat mit einem Ober\u00f6sterreicher in Ohlsdorf bei Gmunden wohnhaft.<\/p><p>(1988)<\/p>\t\t\t\t\t\t\t\t<\/div>\n\t\t\t\t<\/div>\n\t\t\t\t<div class=\"elementor-element elementor-element-0c18198 elementor-widget elementor-widget-text-editor\" data-id=\"0c18198\" data-element_type=\"widget\" data-widget_type=\"text-editor.default\">\n\t\t\t\t<div class=\"elementor-widget-container\">\n\t\t\t\t\t\t\t\t\t<p style=\"text-align: right;\">\n<a href=\"javascript:history.back();\">Zur\u00fcck<\/a>\n<\/p>\t\t\t\t\t\t\t\t<\/div>\n\t\t\t\t<\/div>\n\t\t\t\t<\/div>\n\t\t\t\t\t<\/div>\n\t\t\t\t<\/div>\n\t\t\t\t<\/div>\n\t\t","protected":false},"excerpt":{"rendered":"<p>Klavier Auftritte im Linzer Konzertverein: 13.04.1988, Sinfoniekonzert 1957 in Morioka, Japan geboren. 1962-1973 Klavierunterricht in Japan.1970 l. Preis beim Jugendmusikwettbewerb in Morioka, 1973 Aufnahme in die Hochschule f\u00fcr Musik und darstellende Kunst in Wien. Studium bei Prof. Dr. Dichler, Prof. Medjimorec, Prof. Panhofer.1. Preis beim Rombro-Stepanov-Wettbewerb in Wien. Begabtenstipendium vom \u00d6sterreichischen Bundesministerium f\u00fcr Wissenschaft und &hellip; <\/p>\n<p class=\"link-more\"><a href=\"https:\/\/wppool.abenteuerbox.at\/DA_KV_Linz\/?page_id=2516\" class=\"more-link\">Read more<span class=\"screen-reader-text\"> &#8222;Naoko Knopp&#8220;<\/span><\/a><\/p>\n","protected":false},"author":1,"featured_media":0,"parent":0,"menu_order":0,"comment_status":"closed","ping_status":"closed","template":"","meta":{"inspiro_hide_title":false,"footnotes":""},"class_list":["post-2516","page","type-page","status-publish","hentry"],"_links":{"self":[{"href":"https:\/\/wppool.abenteuerbox.at\/DA_KV_Linz\/index.php?rest_route=\/wp\/v2\/pages\/2516","targetHints":{"allow":["GET"]}}],"collection":[{"href":"https:\/\/wppool.abenteuerbox.at\/DA_KV_Linz\/index.php?rest_route=\/wp\/v2\/pages"}],"about":[{"href":"https:\/\/wppool.abenteuerbox.at\/DA_KV_Linz\/index.php?rest_route=\/wp\/v2\/types\/page"}],"author":[{"embeddable":true,"href":"https:\/\/wppool.abenteuerbox.at\/DA_KV_Linz\/index.php?rest_route=\/wp\/v2\/users\/1"}],"replies":[{"embeddable":true,"href":"https:\/\/wppool.abenteuerbox.at\/DA_KV_Linz\/index.php?rest_route=%2Fwp%2Fv2%2Fcomments&post=2516"}],"version-history":[{"count":10,"href":"https:\/\/wppool.abenteuerbox.at\/DA_KV_Linz\/index.php?rest_route=\/wp\/v2\/pages\/2516\/revisions"}],"predecessor-version":[{"id":7662,"href":"https:\/\/wppool.abenteuerbox.at\/DA_KV_Linz\/index.php?rest_route=\/wp\/v2\/pages\/2516\/revisions\/7662"}],"wp:attachment":[{"href":"https:\/\/wppool.abenteuerbox.at\/DA_KV_Linz\/index.php?rest_route=%2Fwp%2Fv2%2Fmedia&parent=2516"}],"curies":[{"name":"wp","href":"https:\/\/api.w.org\/{rel}","templated":true}]}}