{"id":2526,"date":"2025-01-15T17:01:00","date_gmt":"2025-01-15T16:01:00","guid":{"rendered":"https:\/\/wppool.abenteuerbox.at\/DA_KV_Linz\/?page_id=2526"},"modified":"2025-01-26T20:58:41","modified_gmt":"2025-01-26T19:58:41","slug":"hildegard-kugler","status":"publish","type":"page","link":"https:\/\/wppool.abenteuerbox.at\/DA_KV_Linz\/?page_id=2526","title":{"rendered":"Hildegard Kugler"},"content":{"rendered":"\t\t<div data-elementor-type=\"wp-page\" data-elementor-id=\"2526\" class=\"elementor elementor-2526\">\n\t\t\t\t<div class=\"elementor-element elementor-element-e16769d e-flex e-con-boxed e-con e-parent\" data-id=\"e16769d\" data-element_type=\"container\">\n\t\t\t\t\t<div class=\"e-con-inner\">\n\t\t<div class=\"elementor-element elementor-element-0f45ab1 e-con-full e-flex e-con e-child\" data-id=\"0f45ab1\" data-element_type=\"container\">\n\t\t\t\t<div class=\"elementor-element elementor-element-6550590 elementor-widget elementor-widget-heading\" data-id=\"6550590\" data-element_type=\"widget\" data-widget_type=\"heading.default\">\n\t\t\t\t<div class=\"elementor-widget-container\">\n\t\t\t\t\t<h2 class=\"elementor-heading-title elementor-size-default\">Klavier<\/h2>\t\t\t\t<\/div>\n\t\t\t\t<\/div>\n\t\t\t\t<div class=\"elementor-element elementor-element-2e1ca34 elementor-widget elementor-widget-text-editor\" data-id=\"2e1ca34\" data-element_type=\"widget\" data-widget_type=\"text-editor.default\">\n\t\t\t\t<div class=\"elementor-widget-container\">\n\t\t\t\t\t\t\t\t\t<p><strong>Auftritte im Linzer Konzertverein:<\/strong><\/p><p>02.12.1987, Sinfoniekonzert<\/p>\t\t\t\t\t\t\t\t<\/div>\n\t\t\t\t<\/div>\n\t\t\t\t<\/div>\n\t\t<div class=\"elementor-element elementor-element-7490513 e-con-full e-flex e-con e-child\" data-id=\"7490513\" data-element_type=\"container\">\n\t\t\t\t<div class=\"elementor-element elementor-element-40842b6 elementor-widget elementor-widget-image\" data-id=\"40842b6\" data-element_type=\"widget\" data-widget_type=\"image.default\">\n\t\t\t\t<div class=\"elementor-widget-container\">\n\t\t\t\t\t\t\t\t\t\t\t\t\t\t\t<img fetchpriority=\"high\" decoding=\"async\" width=\"263\" height=\"350\" src=\"https:\/\/wppool.abenteuerbox.at\/DA_KV_Linz\/wp-content\/uploads\/2025\/01\/Kugler_Hildegard.jpg\" class=\"attachment-large size-large wp-image-2528\" alt=\"\" srcset=\"https:\/\/wppool.abenteuerbox.at\/DA_KV_Linz\/wp-content\/uploads\/2025\/01\/Kugler_Hildegard.jpg 263w, https:\/\/wppool.abenteuerbox.at\/DA_KV_Linz\/wp-content\/uploads\/2025\/01\/Kugler_Hildegard-225x300.jpg 225w\" sizes=\"100vw\" \/>\t\t\t\t\t\t\t\t\t\t\t\t\t\t\t<\/div>\n\t\t\t\t<\/div>\n\t\t\t\t<\/div>\n\t\t<div class=\"elementor-element elementor-element-fa18290 e-con-full e-flex e-con e-child\" data-id=\"fa18290\" data-element_type=\"container\">\n\t\t\t\t<div class=\"elementor-element elementor-element-540fa10 elementor-widget elementor-widget-text-editor\" data-id=\"540fa10\" data-element_type=\"widget\" data-widget_type=\"text-editor.default\">\n\t\t\t\t<div class=\"elementor-widget-container\">\n\t\t\t\t\t\t\t\t\t<p>Frau Prof. Hildegard Kugler studierte in Br\u00fcnn und gewann schon als 12-j\u00e4hrige den l. Preis im Wettbewerb der Musikschulen der CSSR. 1963 Studium an der Janacek-Musikhochschule. Sie spezialisierte sich auf Kammermusik und Klavierbegleitung. Im Laufe des Studiums erfolgreiche Teilnahme am 2. Internationalen Tschaikowsky-Wettbewerb in Moskau und an den Schubert-Wettbewerben 1957 und 1971 in Wien. Ihr Lehrer in Wien war Prof. Paul Badura-Skoda. Es folgten Auftritte als Solistin und Begleiterin in \u00d6sterreich, CSSR, Belgien, Ungarn, England und Korea.<br \/>Nach 10-j\u00e4hriger Lehrt\u00e4tigkeit am Br\u00fcnner Konservatorium lehrt sie seit 1976 am Brucknerkonservatorium in Linz.<\/p><p>(1988)<\/p>\t\t\t\t\t\t\t\t<\/div>\n\t\t\t\t<\/div>\n\t\t\t\t<div class=\"elementor-element elementor-element-505c1d9 elementor-widget elementor-widget-text-editor\" data-id=\"505c1d9\" data-element_type=\"widget\" data-widget_type=\"text-editor.default\">\n\t\t\t\t<div class=\"elementor-widget-container\">\n\t\t\t\t\t\t\t\t\t<p style=\"text-align: right;\">\n<a href=\"javascript:history.back();\">Zur\u00fcck<\/a>\n<\/p>\t\t\t\t\t\t\t\t<\/div>\n\t\t\t\t<\/div>\n\t\t\t\t<\/div>\n\t\t\t\t\t<\/div>\n\t\t\t\t<\/div>\n\t\t\t\t<\/div>\n\t\t","protected":false},"excerpt":{"rendered":"<p>Klavier Auftritte im Linzer Konzertverein: 02.12.1987, Sinfoniekonzert Frau Prof. Hildegard Kugler studierte in Br\u00fcnn und gewann schon als 12-j\u00e4hrige den l. Preis im Wettbewerb der Musikschulen der CSSR. 1963 Studium an der Janacek-Musikhochschule. Sie spezialisierte sich auf Kammermusik und Klavierbegleitung. Im Laufe des Studiums erfolgreiche Teilnahme am 2. Internationalen Tschaikowsky-Wettbewerb in Moskau und an den &hellip; <\/p>\n<p class=\"link-more\"><a href=\"https:\/\/wppool.abenteuerbox.at\/DA_KV_Linz\/?page_id=2526\" class=\"more-link\">Read more<span class=\"screen-reader-text\"> &#8222;Hildegard Kugler&#8220;<\/span><\/a><\/p>\n","protected":false},"author":1,"featured_media":0,"parent":0,"menu_order":0,"comment_status":"closed","ping_status":"closed","template":"","meta":{"inspiro_hide_title":false,"footnotes":""},"class_list":["post-2526","page","type-page","status-publish","hentry"],"_links":{"self":[{"href":"https:\/\/wppool.abenteuerbox.at\/DA_KV_Linz\/index.php?rest_route=\/wp\/v2\/pages\/2526","targetHints":{"allow":["GET"]}}],"collection":[{"href":"https:\/\/wppool.abenteuerbox.at\/DA_KV_Linz\/index.php?rest_route=\/wp\/v2\/pages"}],"about":[{"href":"https:\/\/wppool.abenteuerbox.at\/DA_KV_Linz\/index.php?rest_route=\/wp\/v2\/types\/page"}],"author":[{"embeddable":true,"href":"https:\/\/wppool.abenteuerbox.at\/DA_KV_Linz\/index.php?rest_route=\/wp\/v2\/users\/1"}],"replies":[{"embeddable":true,"href":"https:\/\/wppool.abenteuerbox.at\/DA_KV_Linz\/index.php?rest_route=%2Fwp%2Fv2%2Fcomments&post=2526"}],"version-history":[{"count":10,"href":"https:\/\/wppool.abenteuerbox.at\/DA_KV_Linz\/index.php?rest_route=\/wp\/v2\/pages\/2526\/revisions"}],"predecessor-version":[{"id":7665,"href":"https:\/\/wppool.abenteuerbox.at\/DA_KV_Linz\/index.php?rest_route=\/wp\/v2\/pages\/2526\/revisions\/7665"}],"wp:attachment":[{"href":"https:\/\/wppool.abenteuerbox.at\/DA_KV_Linz\/index.php?rest_route=%2Fwp%2Fv2%2Fmedia&parent=2526"}],"curies":[{"name":"wp","href":"https:\/\/api.w.org\/{rel}","templated":true}]}}