{"id":2532,"date":"2025-01-15T17:03:58","date_gmt":"2025-01-15T16:03:58","guid":{"rendered":"https:\/\/wppool.abenteuerbox.at\/DA_KV_Linz\/?page_id=2532"},"modified":"2025-01-26T20:59:17","modified_gmt":"2025-01-26T19:59:17","slug":"gottfried-hemtsberger","status":"publish","type":"page","link":"https:\/\/wppool.abenteuerbox.at\/DA_KV_Linz\/?page_id=2532","title":{"rendered":"Gottfried Hemtsberger"},"content":{"rendered":"\t\t<div data-elementor-type=\"wp-page\" data-elementor-id=\"2532\" class=\"elementor elementor-2532\">\n\t\t\t\t<div class=\"elementor-element elementor-element-5a45ab5 e-flex e-con-boxed e-con e-parent\" data-id=\"5a45ab5\" data-element_type=\"container\">\n\t\t\t\t\t<div class=\"e-con-inner\">\n\t\t<div class=\"elementor-element elementor-element-e15e444 e-con-full e-flex e-con e-child\" data-id=\"e15e444\" data-element_type=\"container\">\n\t\t\t\t<div class=\"elementor-element elementor-element-3d728f0 elementor-widget elementor-widget-heading\" data-id=\"3d728f0\" data-element_type=\"widget\" data-widget_type=\"heading.default\">\n\t\t\t\t<div class=\"elementor-widget-container\">\n\t\t\t\t\t<h2 class=\"elementor-heading-title elementor-size-default\">Klavier<\/h2>\t\t\t\t<\/div>\n\t\t\t\t<\/div>\n\t\t\t\t<div class=\"elementor-element elementor-element-8cc87be elementor-widget elementor-widget-text-editor\" data-id=\"8cc87be\" data-element_type=\"widget\" data-widget_type=\"text-editor.default\">\n\t\t\t\t<div class=\"elementor-widget-container\">\n\t\t\t\t\t\t\t\t\t<p><strong>Auftritte im Linzer Konzertverein:<\/strong><\/p><p>08.04.1987, Sinfoniekonzert<\/p>\t\t\t\t\t\t\t\t<\/div>\n\t\t\t\t<\/div>\n\t\t\t\t<\/div>\n\t\t<div class=\"elementor-element elementor-element-0c80436 e-con-full e-flex e-con e-child\" data-id=\"0c80436\" data-element_type=\"container\">\n\t\t\t\t<div class=\"elementor-element elementor-element-38df6d3 elementor-widget elementor-widget-image\" data-id=\"38df6d3\" data-element_type=\"widget\" data-widget_type=\"image.default\">\n\t\t\t\t<div class=\"elementor-widget-container\">\n\t\t\t\t\t\t\t\t\t\t\t\t\t\t\t<img fetchpriority=\"high\" decoding=\"async\" width=\"262\" height=\"350\" src=\"https:\/\/wppool.abenteuerbox.at\/DA_KV_Linz\/wp-content\/uploads\/2025\/01\/Hemetsberger_Gottfried.jpg\" class=\"attachment-large size-large wp-image-2535\" alt=\"\" srcset=\"https:\/\/wppool.abenteuerbox.at\/DA_KV_Linz\/wp-content\/uploads\/2025\/01\/Hemetsberger_Gottfried.jpg 262w, https:\/\/wppool.abenteuerbox.at\/DA_KV_Linz\/wp-content\/uploads\/2025\/01\/Hemetsberger_Gottfried-225x300.jpg 225w\" sizes=\"100vw\" \/>\t\t\t\t\t\t\t\t\t\t\t\t\t\t\t<\/div>\n\t\t\t\t<\/div>\n\t\t\t\t<\/div>\n\t\t<div class=\"elementor-element elementor-element-7727033 e-con-full e-flex e-con e-child\" data-id=\"7727033\" data-element_type=\"container\">\n\t\t\t\t<div class=\"elementor-element elementor-element-7f73e1a elementor-widget elementor-widget-text-editor\" data-id=\"7f73e1a\" data-element_type=\"widget\" data-widget_type=\"text-editor.default\">\n\t\t\t\t<div class=\"elementor-widget-container\">\n\t\t\t\t\t\t\t\t\t<p>Geboren am 8. Februar 1952. Erster Klavierunterricht mit 7 Jahren bei Prof. Ferdinand Andergassen, dann bei Gisela Andergassen. Nach der Matura Fortsetzung der Studien an der Musikhochschule und Universit\u00e4t Wien.<br \/>Neben dem Klavierstudium (Konzertfachklasse o. Prof. Walter Panhofer) Absolvierung der Studienrichtung Musikp\u00e4dagogik und Philosophie f\u00fcr das Lehramt an H\u00f6heren Schulen, (Magister phil.) und der Studienrichtung Instrumentallehrerbildung Klavier.<br \/>Lehrbef\u00e4higungspr\u00fcfung Klavier und Methodik des Klavierspiels mit Auszeichnung. Mai 1979 Konzertdiplom Klavier.<br \/>Anschlie\u00dfend Studien (Meisterkurse usw.) bei Stanislav Neuhaus (Moskau), Vitalij Margulis (Freiburg, BRD) und J\u00f6rg Demus (Wien).<br \/>Seit Februar 1980 Leiter einer Klavierklasse am Bruckner-Konservatorium des Landes Ober\u00f6sterreich in Linz.<\/p><p>(1988)<\/p>\t\t\t\t\t\t\t\t<\/div>\n\t\t\t\t<\/div>\n\t\t\t\t<div class=\"elementor-element elementor-element-d757aef elementor-widget elementor-widget-text-editor\" data-id=\"d757aef\" data-element_type=\"widget\" data-widget_type=\"text-editor.default\">\n\t\t\t\t<div class=\"elementor-widget-container\">\n\t\t\t\t\t\t\t\t\t<p style=\"text-align: right;\">\n<a href=\"javascript:history.back();\">Zur\u00fcck<\/a>\n<\/p>\t\t\t\t\t\t\t\t<\/div>\n\t\t\t\t<\/div>\n\t\t\t\t<\/div>\n\t\t\t\t\t<\/div>\n\t\t\t\t<\/div>\n\t\t\t\t<\/div>\n\t\t","protected":false},"excerpt":{"rendered":"<p>Klavier Auftritte im Linzer Konzertverein: 08.04.1987, Sinfoniekonzert Geboren am 8. Februar 1952. Erster Klavierunterricht mit 7 Jahren bei Prof. Ferdinand Andergassen, dann bei Gisela Andergassen. Nach der Matura Fortsetzung der Studien an der Musikhochschule und Universit\u00e4t Wien.Neben dem Klavierstudium (Konzertfachklasse o. Prof. Walter Panhofer) Absolvierung der Studienrichtung Musikp\u00e4dagogik und Philosophie f\u00fcr das Lehramt an H\u00f6heren &hellip; <\/p>\n<p class=\"link-more\"><a href=\"https:\/\/wppool.abenteuerbox.at\/DA_KV_Linz\/?page_id=2532\" class=\"more-link\">Read more<span class=\"screen-reader-text\"> &#8222;Gottfried Hemtsberger&#8220;<\/span><\/a><\/p>\n","protected":false},"author":1,"featured_media":0,"parent":0,"menu_order":0,"comment_status":"closed","ping_status":"closed","template":"","meta":{"inspiro_hide_title":false,"footnotes":""},"class_list":["post-2532","page","type-page","status-publish","hentry"],"_links":{"self":[{"href":"https:\/\/wppool.abenteuerbox.at\/DA_KV_Linz\/index.php?rest_route=\/wp\/v2\/pages\/2532","targetHints":{"allow":["GET"]}}],"collection":[{"href":"https:\/\/wppool.abenteuerbox.at\/DA_KV_Linz\/index.php?rest_route=\/wp\/v2\/pages"}],"about":[{"href":"https:\/\/wppool.abenteuerbox.at\/DA_KV_Linz\/index.php?rest_route=\/wp\/v2\/types\/page"}],"author":[{"embeddable":true,"href":"https:\/\/wppool.abenteuerbox.at\/DA_KV_Linz\/index.php?rest_route=\/wp\/v2\/users\/1"}],"replies":[{"embeddable":true,"href":"https:\/\/wppool.abenteuerbox.at\/DA_KV_Linz\/index.php?rest_route=%2Fwp%2Fv2%2Fcomments&post=2532"}],"version-history":[{"count":10,"href":"https:\/\/wppool.abenteuerbox.at\/DA_KV_Linz\/index.php?rest_route=\/wp\/v2\/pages\/2532\/revisions"}],"predecessor-version":[{"id":7668,"href":"https:\/\/wppool.abenteuerbox.at\/DA_KV_Linz\/index.php?rest_route=\/wp\/v2\/pages\/2532\/revisions\/7668"}],"wp:attachment":[{"href":"https:\/\/wppool.abenteuerbox.at\/DA_KV_Linz\/index.php?rest_route=%2Fwp%2Fv2%2Fmedia&parent=2532"}],"curies":[{"name":"wp","href":"https:\/\/api.w.org\/{rel}","templated":true}]}}