{"id":2542,"date":"2025-01-15T17:06:31","date_gmt":"2025-01-15T16:06:31","guid":{"rendered":"https:\/\/wppool.abenteuerbox.at\/DA_KV_Linz\/?page_id=2542"},"modified":"2025-01-26T20:59:45","modified_gmt":"2025-01-26T19:59:45","slug":"thomas-poezlberger","status":"publish","type":"page","link":"https:\/\/wppool.abenteuerbox.at\/DA_KV_Linz\/?page_id=2542","title":{"rendered":"Thomas P\u00f6zlberger"},"content":{"rendered":"\t\t<div data-elementor-type=\"wp-page\" data-elementor-id=\"2542\" class=\"elementor elementor-2542\">\n\t\t\t\t<div class=\"elementor-element elementor-element-372f81e e-flex e-con-boxed e-con e-parent\" data-id=\"372f81e\" data-element_type=\"container\">\n\t\t\t\t\t<div class=\"e-con-inner\">\n\t\t<div class=\"elementor-element elementor-element-f4253ee e-con-full e-flex e-con e-child\" data-id=\"f4253ee\" data-element_type=\"container\">\n\t\t\t\t<div class=\"elementor-element elementor-element-841e12e elementor-widget elementor-widget-heading\" data-id=\"841e12e\" data-element_type=\"widget\" data-widget_type=\"heading.default\">\n\t\t\t\t<div class=\"elementor-widget-container\">\n\t\t\t\t\t<h2 class=\"elementor-heading-title elementor-size-default\">Violine<\/h2>\t\t\t\t<\/div>\n\t\t\t\t<\/div>\n\t\t\t\t<div class=\"elementor-element elementor-element-00a61f9 elementor-widget elementor-widget-text-editor\" data-id=\"00a61f9\" data-element_type=\"widget\" data-widget_type=\"text-editor.default\">\n\t\t\t\t<div class=\"elementor-widget-container\">\n\t\t\t\t\t\t\t\t\t<p><strong>Auftritte im Linzer Konzertverein:<\/strong><\/p><p>08.04.1987, Sinfoniekonzert<\/p>\t\t\t\t\t\t\t\t<\/div>\n\t\t\t\t<\/div>\n\t\t\t\t<\/div>\n\t\t<div class=\"elementor-element elementor-element-4687f50 e-con-full e-flex e-con e-child\" data-id=\"4687f50\" data-element_type=\"container\">\n\t\t\t\t<div class=\"elementor-element elementor-element-755292d elementor-widget elementor-widget-image\" data-id=\"755292d\" data-element_type=\"widget\" data-widget_type=\"image.default\">\n\t\t\t\t<div class=\"elementor-widget-container\">\n\t\t\t\t\t\t\t\t\t\t\t\t\t\t\t<img fetchpriority=\"high\" decoding=\"async\" width=\"372\" height=\"496\" src=\"https:\/\/wppool.abenteuerbox.at\/DA_KV_Linz\/wp-content\/uploads\/2025\/01\/Poezlberger_Thomas.jpg\" class=\"attachment-large size-large wp-image-2544\" alt=\"\" srcset=\"https:\/\/wppool.abenteuerbox.at\/DA_KV_Linz\/wp-content\/uploads\/2025\/01\/Poezlberger_Thomas.jpg 372w, https:\/\/wppool.abenteuerbox.at\/DA_KV_Linz\/wp-content\/uploads\/2025\/01\/Poezlberger_Thomas-225x300.jpg 225w\" sizes=\"100vw\" \/>\t\t\t\t\t\t\t\t\t\t\t\t\t\t\t<\/div>\n\t\t\t\t<\/div>\n\t\t\t\t<\/div>\n\t\t<div class=\"elementor-element elementor-element-8944dc7 e-con-full e-flex e-con e-child\" data-id=\"8944dc7\" data-element_type=\"container\">\n\t\t\t\t<div class=\"elementor-element elementor-element-1fec4d2 elementor-widget elementor-widget-text-editor\" data-id=\"1fec4d2\" data-element_type=\"widget\" data-widget_type=\"text-editor.default\">\n\t\t\t\t<div class=\"elementor-widget-container\">\n\t\t\t\t\t\t\t\t\t<p>Geboren am 26. Juni 1959. Violinunterricht seit dem 5. Lebensjahr am Brucknerkonservatorium in Linz bei Prof. Gerda Seidl und Prof. Walter P\u00f6zlberger.<br \/>Sp\u00e4ter an der Musikhochschule Mozarteum in Salzburg bei Prof. Sachiko Nakajima, Prof. Sandor Vegh und Prof. J\u00fcrgen Geise.<br \/>Pr\u00fcfung in Musikp\u00e4dagogik (f\u00fcr Instrumentallehrer, Seminar B) als Externist am Brucknerkonservatorium in Linz.<br \/>K\u00fcnstlerisches Abschlu\u00df-Diplom an der Musikhochschule Mozarteum Salzburg.<\/p><p>(1988)<\/p>\t\t\t\t\t\t\t\t<\/div>\n\t\t\t\t<\/div>\n\t\t\t\t<div class=\"elementor-element elementor-element-ed731bd elementor-widget elementor-widget-text-editor\" data-id=\"ed731bd\" data-element_type=\"widget\" data-widget_type=\"text-editor.default\">\n\t\t\t\t<div class=\"elementor-widget-container\">\n\t\t\t\t\t\t\t\t\t<p style=\"text-align: right;\">\n<a href=\"javascript:history.back();\">Zur\u00fcck<\/a>\n<\/p>\t\t\t\t\t\t\t\t<\/div>\n\t\t\t\t<\/div>\n\t\t\t\t<\/div>\n\t\t\t\t\t<\/div>\n\t\t\t\t<\/div>\n\t\t\t\t<\/div>\n\t\t","protected":false},"excerpt":{"rendered":"<p>Violine Auftritte im Linzer Konzertverein: 08.04.1987, Sinfoniekonzert Geboren am 26. Juni 1959. Violinunterricht seit dem 5. Lebensjahr am Brucknerkonservatorium in Linz bei Prof. Gerda Seidl und Prof. Walter P\u00f6zlberger.Sp\u00e4ter an der Musikhochschule Mozarteum in Salzburg bei Prof. Sachiko Nakajima, Prof. Sandor Vegh und Prof. J\u00fcrgen Geise.Pr\u00fcfung in Musikp\u00e4dagogik (f\u00fcr Instrumentallehrer, Seminar B) als Externist am &hellip; <\/p>\n<p class=\"link-more\"><a href=\"https:\/\/wppool.abenteuerbox.at\/DA_KV_Linz\/?page_id=2542\" class=\"more-link\">Read more<span class=\"screen-reader-text\"> &#8222;Thomas P\u00f6zlberger&#8220;<\/span><\/a><\/p>\n","protected":false},"author":1,"featured_media":0,"parent":0,"menu_order":0,"comment_status":"closed","ping_status":"closed","template":"","meta":{"inspiro_hide_title":false,"footnotes":""},"class_list":["post-2542","page","type-page","status-publish","hentry"],"_links":{"self":[{"href":"https:\/\/wppool.abenteuerbox.at\/DA_KV_Linz\/index.php?rest_route=\/wp\/v2\/pages\/2542","targetHints":{"allow":["GET"]}}],"collection":[{"href":"https:\/\/wppool.abenteuerbox.at\/DA_KV_Linz\/index.php?rest_route=\/wp\/v2\/pages"}],"about":[{"href":"https:\/\/wppool.abenteuerbox.at\/DA_KV_Linz\/index.php?rest_route=\/wp\/v2\/types\/page"}],"author":[{"embeddable":true,"href":"https:\/\/wppool.abenteuerbox.at\/DA_KV_Linz\/index.php?rest_route=\/wp\/v2\/users\/1"}],"replies":[{"embeddable":true,"href":"https:\/\/wppool.abenteuerbox.at\/DA_KV_Linz\/index.php?rest_route=%2Fwp%2Fv2%2Fcomments&post=2542"}],"version-history":[{"count":10,"href":"https:\/\/wppool.abenteuerbox.at\/DA_KV_Linz\/index.php?rest_route=\/wp\/v2\/pages\/2542\/revisions"}],"predecessor-version":[{"id":7671,"href":"https:\/\/wppool.abenteuerbox.at\/DA_KV_Linz\/index.php?rest_route=\/wp\/v2\/pages\/2542\/revisions\/7671"}],"wp:attachment":[{"href":"https:\/\/wppool.abenteuerbox.at\/DA_KV_Linz\/index.php?rest_route=%2Fwp%2Fv2%2Fmedia&parent=2542"}],"curies":[{"name":"wp","href":"https:\/\/api.w.org\/{rel}","templated":true}]}}