{"id":2712,"date":"2025-01-16T13:19:23","date_gmt":"2025-01-16T12:19:23","guid":{"rendered":"https:\/\/wppool.abenteuerbox.at\/DA_KV_Linz\/?page_id=2712"},"modified":"2025-01-27T09:10:56","modified_gmt":"2025-01-27T08:10:56","slug":"gottfried-schmid","status":"publish","type":"page","link":"https:\/\/wppool.abenteuerbox.at\/DA_KV_Linz\/?page_id=2712","title":{"rendered":"Gottfried Schmid"},"content":{"rendered":"\t\t<div data-elementor-type=\"wp-page\" data-elementor-id=\"2712\" class=\"elementor elementor-2712\">\n\t\t\t\t<div class=\"elementor-element elementor-element-77cfb83 e-flex e-con-boxed e-con e-parent\" data-id=\"77cfb83\" data-element_type=\"container\">\n\t\t\t\t\t<div class=\"e-con-inner\">\n\t\t<div class=\"elementor-element elementor-element-0e3b023 e-con-full e-flex e-con e-child\" data-id=\"0e3b023\" data-element_type=\"container\">\n\t\t\t\t<div class=\"elementor-element elementor-element-d30a26c elementor-widget elementor-widget-heading\" data-id=\"d30a26c\" data-element_type=\"widget\" data-widget_type=\"heading.default\">\n\t\t\t\t<div class=\"elementor-widget-container\">\n\t\t\t\t\t<h2 class=\"elementor-heading-title elementor-size-default\">Fl\u00f6te<\/h2>\t\t\t\t<\/div>\n\t\t\t\t<\/div>\n\t\t\t\t<div class=\"elementor-element elementor-element-3e0360b elementor-widget elementor-widget-text-editor\" data-id=\"3e0360b\" data-element_type=\"widget\" data-widget_type=\"text-editor.default\">\n\t\t\t\t<div class=\"elementor-widget-container\">\n\t\t\t\t\t\t\t\t\t<p><strong>Auftritte im Linzer Konzertverein:<\/strong><\/p><p>22.05.1985, Sinfoniekonzert<\/p>\t\t\t\t\t\t\t\t<\/div>\n\t\t\t\t<\/div>\n\t\t\t\t<\/div>\n\t\t<div class=\"elementor-element elementor-element-3f9ae88 e-con-full e-flex e-con e-child\" data-id=\"3f9ae88\" data-element_type=\"container\">\n\t\t\t\t<div class=\"elementor-element elementor-element-5931ed7 elementor-widget elementor-widget-image\" data-id=\"5931ed7\" data-element_type=\"widget\" data-widget_type=\"image.default\">\n\t\t\t\t<div class=\"elementor-widget-container\">\n\t\t\t\t\t\t\t\t\t\t\t\t\t\t\t<img fetchpriority=\"high\" decoding=\"async\" width=\"262\" height=\"350\" src=\"https:\/\/wppool.abenteuerbox.at\/DA_KV_Linz\/wp-content\/uploads\/2025\/01\/Schmid_Gottfried.jpg\" class=\"attachment-large size-large wp-image-2715\" alt=\"\" srcset=\"https:\/\/wppool.abenteuerbox.at\/DA_KV_Linz\/wp-content\/uploads\/2025\/01\/Schmid_Gottfried.jpg 262w, https:\/\/wppool.abenteuerbox.at\/DA_KV_Linz\/wp-content\/uploads\/2025\/01\/Schmid_Gottfried-225x300.jpg 225w\" sizes=\"100vw\" \/>\t\t\t\t\t\t\t\t\t\t\t\t\t\t\t<\/div>\n\t\t\t\t<\/div>\n\t\t\t\t<\/div>\n\t\t<div class=\"elementor-element elementor-element-5b1d2ad e-con-full e-flex e-con e-child\" data-id=\"5b1d2ad\" data-element_type=\"container\">\n\t\t\t\t<div class=\"elementor-element elementor-element-d1fa013 elementor-widget elementor-widget-text-editor\" data-id=\"d1fa013\" data-element_type=\"widget\" data-widget_type=\"text-editor.default\">\n\t\t\t\t<div class=\"elementor-widget-container\">\n\t\t\t\t\t\t\t\t\t<p>Gottfried Schmid ist 1956 in Wien geboren. Er erhielt seine musikalische Ausbildung am Bruckner-Konservatorium Linz und an der Wiener Musikhochschule. Seine Lehrer waren Prof. Hugo Rabitsch (Klavier), Karl Traw\u00f6ger und Louis Rivi\u00e8re (Querfl\u00f6te). W\u00e4hrend seiner Studienzeit in Wien hatte er die Gelegenheit, als Substitut im Orchester der Wiener Staatsoper Orchestererfahrung zu sammeln. Seit 1982 ist<br \/>Gottfried Schmid Musiklehrer am BG Ramsauerstra\u00dfe und am BRG Hamerlingstra\u00dfe in Linz, seit 1984 Leiter der Singvereinigung &#8222;Linzer M\u00e4dchenchor&#8220;.<\/p><p>(1985)<\/p>\t\t\t\t\t\t\t\t<\/div>\n\t\t\t\t<\/div>\n\t\t\t\t<div class=\"elementor-element elementor-element-0e1aa52 elementor-widget elementor-widget-text-editor\" data-id=\"0e1aa52\" data-element_type=\"widget\" data-widget_type=\"text-editor.default\">\n\t\t\t\t<div class=\"elementor-widget-container\">\n\t\t\t\t\t\t\t\t\t<p style=\"text-align: right;\">\n<a href=\"javascript:history.back();\">Zur\u00fcck<\/a>\n<\/p>\t\t\t\t\t\t\t\t<\/div>\n\t\t\t\t<\/div>\n\t\t\t\t<\/div>\n\t\t\t\t\t<\/div>\n\t\t\t\t<\/div>\n\t\t\t\t<\/div>\n\t\t","protected":false},"excerpt":{"rendered":"<p>Fl\u00f6te Auftritte im Linzer Konzertverein: 22.05.1985, Sinfoniekonzert Gottfried Schmid ist 1956 in Wien geboren. Er erhielt seine musikalische Ausbildung am Bruckner-Konservatorium Linz und an der Wiener Musikhochschule. Seine Lehrer waren Prof. Hugo Rabitsch (Klavier), Karl Traw\u00f6ger und Louis Rivi\u00e8re (Querfl\u00f6te). W\u00e4hrend seiner Studienzeit in Wien hatte er die Gelegenheit, als Substitut im Orchester der Wiener &hellip; <\/p>\n<p class=\"link-more\"><a href=\"https:\/\/wppool.abenteuerbox.at\/DA_KV_Linz\/?page_id=2712\" class=\"more-link\">Read more<span class=\"screen-reader-text\"> &#8222;Gottfried Schmid&#8220;<\/span><\/a><\/p>\n","protected":false},"author":1,"featured_media":0,"parent":0,"menu_order":0,"comment_status":"closed","ping_status":"closed","template":"","meta":{"inspiro_hide_title":false,"footnotes":""},"class_list":["post-2712","page","type-page","status-publish","hentry"],"_links":{"self":[{"href":"https:\/\/wppool.abenteuerbox.at\/DA_KV_Linz\/index.php?rest_route=\/wp\/v2\/pages\/2712","targetHints":{"allow":["GET"]}}],"collection":[{"href":"https:\/\/wppool.abenteuerbox.at\/DA_KV_Linz\/index.php?rest_route=\/wp\/v2\/pages"}],"about":[{"href":"https:\/\/wppool.abenteuerbox.at\/DA_KV_Linz\/index.php?rest_route=\/wp\/v2\/types\/page"}],"author":[{"embeddable":true,"href":"https:\/\/wppool.abenteuerbox.at\/DA_KV_Linz\/index.php?rest_route=\/wp\/v2\/users\/1"}],"replies":[{"embeddable":true,"href":"https:\/\/wppool.abenteuerbox.at\/DA_KV_Linz\/index.php?rest_route=%2Fwp%2Fv2%2Fcomments&post=2712"}],"version-history":[{"count":10,"href":"https:\/\/wppool.abenteuerbox.at\/DA_KV_Linz\/index.php?rest_route=\/wp\/v2\/pages\/2712\/revisions"}],"predecessor-version":[{"id":7976,"href":"https:\/\/wppool.abenteuerbox.at\/DA_KV_Linz\/index.php?rest_route=\/wp\/v2\/pages\/2712\/revisions\/7976"}],"wp:attachment":[{"href":"https:\/\/wppool.abenteuerbox.at\/DA_KV_Linz\/index.php?rest_route=%2Fwp%2Fv2%2Fmedia&parent=2712"}],"curies":[{"name":"wp","href":"https:\/\/api.w.org\/{rel}","templated":true}]}}