{"id":2750,"date":"2025-01-16T13:33:24","date_gmt":"2025-01-16T12:33:24","guid":{"rendered":"https:\/\/wppool.abenteuerbox.at\/DA_KV_Linz\/?page_id=2750"},"modified":"2025-01-27T09:14:23","modified_gmt":"2025-01-27T08:14:23","slug":"josef-sabaini","status":"publish","type":"page","link":"https:\/\/wppool.abenteuerbox.at\/DA_KV_Linz\/?page_id=2750","title":{"rendered":"Josef Sabaini"},"content":{"rendered":"\t\t<div data-elementor-type=\"wp-page\" data-elementor-id=\"2750\" class=\"elementor elementor-2750\">\n\t\t\t\t<div class=\"elementor-element elementor-element-72dafb1 e-flex e-con-boxed e-con e-parent\" data-id=\"72dafb1\" data-element_type=\"container\">\n\t\t\t\t\t<div class=\"e-con-inner\">\n\t\t<div class=\"elementor-element elementor-element-a07a1af e-con-full e-flex e-con e-child\" data-id=\"a07a1af\" data-element_type=\"container\">\n\t\t\t\t<div class=\"elementor-element elementor-element-665cbb3 elementor-widget elementor-widget-heading\" data-id=\"665cbb3\" data-element_type=\"widget\" data-widget_type=\"heading.default\">\n\t\t\t\t<div class=\"elementor-widget-container\">\n\t\t\t\t\t<h2 class=\"elementor-heading-title elementor-size-default\">Violine<\/h2>\t\t\t\t<\/div>\n\t\t\t\t<\/div>\n\t\t\t\t<div class=\"elementor-element elementor-element-87367bd elementor-widget elementor-widget-text-editor\" data-id=\"87367bd\" data-element_type=\"widget\" data-widget_type=\"text-editor.default\">\n\t\t\t\t<div class=\"elementor-widget-container\">\n\t\t\t\t\t\t\t\t\t<p><strong>Auftritte im Linzer Konzertverein:<\/strong><\/p><p>04.04.1984, Jugendkonzert &#8222;Klassische Hits&#8220;<br \/>25.06.1972, &#8222;Konzert f\u00fcr alle&#8220; in Bad Leonfelden<br \/>09.04.1972, &#8222;Konzert f\u00fcr alle&#8220;<\/p>\t\t\t\t\t\t\t\t<\/div>\n\t\t\t\t<\/div>\n\t\t\t\t<\/div>\n\t\t<div class=\"elementor-element elementor-element-bb86c0d e-con-full e-flex e-con e-child\" data-id=\"bb86c0d\" data-element_type=\"container\">\n\t\t\t\t<div class=\"elementor-element elementor-element-086e2ca elementor-widget elementor-widget-image\" data-id=\"086e2ca\" data-element_type=\"widget\" data-widget_type=\"image.default\">\n\t\t\t\t<div class=\"elementor-widget-container\">\n\t\t\t\t\t\t\t\t\t\t\t\t\t\t\t<img fetchpriority=\"high\" decoding=\"async\" width=\"262\" height=\"350\" src=\"https:\/\/wppool.abenteuerbox.at\/DA_KV_Linz\/wp-content\/uploads\/2025\/01\/Sabaini_Josef.jpg\" class=\"attachment-large size-large wp-image-2753\" alt=\"\" srcset=\"https:\/\/wppool.abenteuerbox.at\/DA_KV_Linz\/wp-content\/uploads\/2025\/01\/Sabaini_Josef.jpg 262w, https:\/\/wppool.abenteuerbox.at\/DA_KV_Linz\/wp-content\/uploads\/2025\/01\/Sabaini_Josef-225x300.jpg 225w\" sizes=\"100vw\" \/>\t\t\t\t\t\t\t\t\t\t\t\t\t\t\t<\/div>\n\t\t\t\t<\/div>\n\t\t\t\t<\/div>\n\t\t<div class=\"elementor-element elementor-element-87b9c93 e-con-full e-flex e-con e-child\" data-id=\"87b9c93\" data-element_type=\"container\">\n\t\t\t\t<div class=\"elementor-element elementor-element-9e064e8 elementor-widget elementor-widget-text-editor\" data-id=\"9e064e8\" data-element_type=\"widget\" data-widget_type=\"text-editor.default\">\n\t\t\t\t<div class=\"elementor-widget-container\">\n\t\t\t\t\t\t\t\t\t<p style=\"text-align: right;\">\n<a href=\"javascript:history.back();\">Zur\u00fcck<\/a>\n<\/p>\t\t\t\t\t\t\t\t<\/div>\n\t\t\t\t<\/div>\n\t\t\t\t<\/div>\n\t\t\t\t\t<\/div>\n\t\t\t\t<\/div>\n\t\t\t\t<\/div>\n\t\t","protected":false},"excerpt":{"rendered":"<p>Violine Auftritte im Linzer Konzertverein: 04.04.1984, Jugendkonzert &#8222;Klassische Hits&#8220;25.06.1972, &#8222;Konzert f\u00fcr alle&#8220; in Bad Leonfelden09.04.1972, &#8222;Konzert f\u00fcr alle&#8220; Zur\u00fcck<\/p>\n","protected":false},"author":1,"featured_media":0,"parent":0,"menu_order":0,"comment_status":"closed","ping_status":"closed","template":"","meta":{"inspiro_hide_title":false,"footnotes":""},"class_list":["post-2750","page","type-page","status-publish","hentry"],"_links":{"self":[{"href":"https:\/\/wppool.abenteuerbox.at\/DA_KV_Linz\/index.php?rest_route=\/wp\/v2\/pages\/2750","targetHints":{"allow":["GET"]}}],"collection":[{"href":"https:\/\/wppool.abenteuerbox.at\/DA_KV_Linz\/index.php?rest_route=\/wp\/v2\/pages"}],"about":[{"href":"https:\/\/wppool.abenteuerbox.at\/DA_KV_Linz\/index.php?rest_route=\/wp\/v2\/types\/page"}],"author":[{"embeddable":true,"href":"https:\/\/wppool.abenteuerbox.at\/DA_KV_Linz\/index.php?rest_route=\/wp\/v2\/users\/1"}],"replies":[{"embeddable":true,"href":"https:\/\/wppool.abenteuerbox.at\/DA_KV_Linz\/index.php?rest_route=%2Fwp%2Fv2%2Fcomments&post=2750"}],"version-history":[{"count":10,"href":"https:\/\/wppool.abenteuerbox.at\/DA_KV_Linz\/index.php?rest_route=\/wp\/v2\/pages\/2750\/revisions"}],"predecessor-version":[{"id":7985,"href":"https:\/\/wppool.abenteuerbox.at\/DA_KV_Linz\/index.php?rest_route=\/wp\/v2\/pages\/2750\/revisions\/7985"}],"wp:attachment":[{"href":"https:\/\/wppool.abenteuerbox.at\/DA_KV_Linz\/index.php?rest_route=%2Fwp%2Fv2%2Fmedia&parent=2750"}],"curies":[{"name":"wp","href":"https:\/\/api.w.org\/{rel}","templated":true}]}}