{"id":302,"date":"2024-12-16T21:41:28","date_gmt":"2024-12-16T20:41:28","guid":{"rendered":"https:\/\/wppool.abenteuerbox.at\/DA_KV_Linz\/?page_id=302"},"modified":"2025-01-11T12:31:06","modified_gmt":"2025-01-11T11:31:06","slug":"kartenanfrage","status":"publish","type":"page","link":"https:\/\/wppool.abenteuerbox.at\/DA_KV_Linz\/?page_id=302","title":{"rendered":"Kartenbestellung"},"content":{"rendered":"\t\t<div data-elementor-type=\"wp-page\" data-elementor-id=\"302\" class=\"elementor elementor-302\">\n\t\t\t\t<div class=\"elementor-element elementor-element-f168cae e-flex e-con-boxed e-con e-parent\" data-id=\"f168cae\" data-element_type=\"container\">\n\t\t\t\t\t<div class=\"e-con-inner\">\n\t\t\t\t<div class=\"elementor-element elementor-element-de83864 elementor-widget elementor-widget-heading\" data-id=\"de83864\" data-element_type=\"widget\" data-widget_type=\"heading.default\">\n\t\t\t\t<div class=\"elementor-widget-container\">\n\t\t\t\t\t<h2 class=\"elementor-heading-title elementor-size-default\">Fr\u00fchjahrskonzert<\/h2>\t\t\t\t<\/div>\n\t\t\t\t<\/div>\n\t\t\t\t<div class=\"elementor-element elementor-element-3185383 elementor-widget elementor-widget-text-editor\" data-id=\"3185383\" data-element_type=\"widget\" data-widget_type=\"text-editor.default\">\n\t\t\t\t<div class=\"elementor-widget-container\">\n\t\t\t\t\t\t\t\t\t&nbsp;\n\n<p>Datum: 26.03.2025<\/p>\n<p>Uhrzeit: 19:30 Uhr<\/p>\n<p>Ort: <a href=\"https:\/\/www.google.at\/maps\/place\/Brucknerhaus+Linz\/@48.3104346,14.2904744,17z\/data=!3m1!4b1!4m6!3m5!1s0x4773978783aff285:0xba8e92c4f5f0cd50!8m2!3d48.3104346!4d14.2930493!16s%2Fm%2F064m5vt?entry=ttu&#038;g_ep=EgoyMDI1MDEwOC4wIKXMDSoASAFQAw%3D%3D\" target=\"_blank\" style=\"text-decoration: underline;\">Brucknerhaus Linz<\/a><\/p>\n\t\t\t\t\t\t\t\t<\/div>\n\t\t\t\t<\/div>\n\t\t\t\t\t<\/div>\n\t\t\t\t<\/div>\n\t\t<div class=\"elementor-element elementor-element-9521bf2 e-flex e-con-boxed e-con e-parent\" data-id=\"9521bf2\" data-element_type=\"container\">\n\t\t\t\t\t<div class=\"e-con-inner\">\n\t\t\t\t<div class=\"elementor-element elementor-element-89000b1 elementor-widget elementor-widget-image\" data-id=\"89000b1\" data-element_type=\"widget\" data-widget_type=\"image.default\">\n\t\t\t\t<div class=\"elementor-widget-container\">\n\t\t\t\t\t\t\t\t\t\t\t\t\t\t\t<img fetchpriority=\"high\" decoding=\"async\" width=\"768\" height=\"652\" src=\"https:\/\/wppool.abenteuerbox.at\/DA_KV_Linz\/wp-content\/uploads\/2025\/01\/Sitzplan-orange-lila-aktualisiert.jpg\" class=\"attachment-medium_large size-medium_large wp-image-719\" alt=\"\" srcset=\"https:\/\/wppool.abenteuerbox.at\/DA_KV_Linz\/wp-content\/uploads\/2025\/01\/Sitzplan-orange-lila-aktualisiert.jpg 909w, https:\/\/wppool.abenteuerbox.at\/DA_KV_Linz\/wp-content\/uploads\/2025\/01\/Sitzplan-orange-lila-aktualisiert-300x255.jpg 300w\" sizes=\"100vw\" \/>\t\t\t\t\t\t\t\t\t\t\t\t\t\t\t<\/div>\n\t\t\t\t<\/div>\n\t\t\t\t\t<\/div>\n\t\t\t\t<\/div>\n\t\t<div class=\"elementor-element elementor-element-abdeccd e-flex e-con-boxed e-con e-parent\" data-id=\"abdeccd\" data-element_type=\"container\">\n\t\t\t\t\t<div class=\"e-con-inner\">\n\t\t\t\t<div class=\"elementor-element elementor-element-831f9dc elementor-widget elementor-widget-wpforms\" data-id=\"831f9dc\" data-element_type=\"widget\" data-widget_type=\"wpforms.default\">\n\t\t\t\t<div class=\"elementor-widget-container\">\n\t\t\t\t\t<style id=\"wpforms-css-vars-elementor-widget-831f9dc\">\n\t\t\t\t.elementor-widget-wpforms.elementor-element-831f9dc {\n\t\t\t\t--wpforms-field-size-input-height: 43px;\n--wpforms-field-size-input-spacing: 15px;\n--wpforms-field-size-font-size: 16px;\n--wpforms-field-size-line-height: 19px;\n--wpforms-field-size-padding-h: 14px;\n--wpforms-field-size-checkbox-size: 16px;\n--wpforms-field-size-sublabel-spacing: 5px;\n--wpforms-field-size-icon-size: 1;\n--wpforms-label-size-font-size: 16px;\n--wpforms-label-size-line-height: 19px;\n--wpforms-label-size-sublabel-font-size: 14px;\n--wpforms-label-size-sublabel-line-height: 17px;\n--wpforms-button-size-font-size: 17px;\n--wpforms-button-size-height: 41px;\n--wpforms-button-size-padding-h: 15px;\n--wpforms-button-size-margin-top: 10px;\n\n\t\t\t}\n\t\t\t<\/style><div class=\"wpforms-container wpforms-container-full wpforms-render-modern\" id=\"wpforms-226\"><form id=\"wpforms-form-226\" class=\"wpforms-validate wpforms-form wpforms-ajax-form\" data-formid=\"226\" method=\"post\" enctype=\"multipart\/form-data\" action=\"\/DA_KV_Linz\/index.php?rest_route=%2Fwp%2Fv2%2Fpages%2F302\" data-token=\"74c88f899c79b6984213eaf06d9af3ab\" data-token-time=\"1776301498\"><noscript class=\"wpforms-error-noscript\">Please enable JavaScript in your browser to complete this form.<\/noscript><div class=\"wpforms-hidden\" id=\"wpforms-error-noscript\">Please enable JavaScript in your browser to complete this form.<\/div><div class=\"wpforms-field-container\"><div id=\"wpforms-226-field_1-container\" class=\"wpforms-field wpforms-field-name\" data-field-id=\"1\"><fieldset><legend class=\"wpforms-field-label\">Name <span class=\"wpforms-required-label\" aria-hidden=\"true\">*<\/span><\/legend><div class=\"wpforms-field-row wpforms-field-medium\"><div class=\"wpforms-field-row-block wpforms-first wpforms-one-half\"><input type=\"text\" id=\"wpforms-226-field_1\" class=\"wpforms-field-name-first wpforms-field-required\" name=\"wpforms[fields][1][first]\" placeholder=\"Vorname\" aria-errormessage=\"wpforms-226-field_1-error\" required><label for=\"wpforms-226-field_1\" class=\"wpforms-field-sublabel after wpforms-sublabel-hide\">First<\/label><\/div><div class=\"wpforms-field-row-block wpforms-one-half\"><input type=\"text\" id=\"wpforms-226-field_1-last\" class=\"wpforms-field-name-last wpforms-field-required\" name=\"wpforms[fields][1][last]\" placeholder=\"Nachname\" aria-errormessage=\"wpforms-226-field_1-last-error\" required><label for=\"wpforms-226-field_1-last\" class=\"wpforms-field-sublabel after wpforms-sublabel-hide\">Last<\/label><\/div><\/div><\/fieldset><\/div><div id=\"wpforms-226-field_2-container\" class=\"wpforms-field wpforms-field-email\" data-field-id=\"2\"><label class=\"wpforms-field-label\" for=\"wpforms-226-field_2\">E-Mail-Adresse <span class=\"wpforms-required-label\" aria-hidden=\"true\">*<\/span><\/label><input type=\"email\" id=\"wpforms-226-field_2\" class=\"wpforms-field-medium wpforms-field-required\" name=\"wpforms[fields][2]\" spellcheck=\"false\" aria-errormessage=\"wpforms-226-field_2-error\" aria-describedby=\"wpforms-226-field_2-description\" required><div id=\"wpforms-226-field_2-description\" class=\"wpforms-field-description\">Geben Sie hier Ihre g\u00fcltige E-Mail-Adresse ein, \u00fcber der wir Sie kontaktieren k\u00f6nnen.<\/div><\/div><div id=\"wpforms-226-field_9-container\" class=\"wpforms-field wpforms-field-radio\" data-field-id=\"9\"><fieldset><legend class=\"wpforms-field-label\">Kartenzustellungsform <span class=\"wpforms-required-label\" aria-hidden=\"true\">*<\/span><\/legend><ul id=\"wpforms-226-field_9\" class=\"wpforms-field-required\"><li class=\"choice-1 depth-1\"><input type=\"radio\" id=\"wpforms-226-field_9_1\" name=\"wpforms[fields][9]\" value=\"Postzustellung (+1,60\u20ac Versandspesen)\" aria-errormessage=\"wpforms-226-field_9_1-error\" required ><label class=\"wpforms-field-label-inline\" for=\"wpforms-226-field_9_1\">Postzustellung (+1,60\u20ac Versandspesen)<\/label><\/li><li class=\"choice-2 depth-1\"><input type=\"radio\" id=\"wpforms-226-field_9_2\" name=\"wpforms[fields][9]\" value=\"Hinterlegung (kostenlos)\" aria-errormessage=\"wpforms-226-field_9_2-error\" required ><label class=\"wpforms-field-label-inline\" for=\"wpforms-226-field_9_2\">Hinterlegung (kostenlos)<\/label><\/li><\/ul><\/fieldset><\/div><div id=\"wpforms-226-field_8-container\" class=\"wpforms-field wpforms-field-text\" data-field-id=\"8\"><label class=\"wpforms-field-label\" for=\"wpforms-226-field_8\">Adresse (bei Postzustellung)<\/label><input type=\"text\" id=\"wpforms-226-field_8\" class=\"wpforms-field-medium\" name=\"wpforms[fields][8]\" placeholder=\"Stra\u00dfenname und Hausnummer\" aria-errormessage=\"wpforms-226-field_8-error\" ><\/div><div id=\"wpforms-226-field_10-container\" class=\"wpforms-field wpforms-field-text\" data-field-id=\"10\"><label class=\"wpforms-field-label wpforms-label-hide\" for=\"wpforms-226-field_10\" aria-hidden=\"false\">PLZ<\/label><input type=\"text\" id=\"wpforms-226-field_10\" class=\"wpforms-field-small\" name=\"wpforms[fields][10]\" placeholder=\"Postleitzahl\" aria-errormessage=\"wpforms-226-field_10-error\" ><\/div><div id=\"wpforms-226-field_11-container\" class=\"wpforms-field wpforms-field-text\" data-field-id=\"11\"><label class=\"wpforms-field-label wpforms-label-hide\" for=\"wpforms-226-field_11\" aria-hidden=\"false\">Ort<\/label><input type=\"text\" id=\"wpforms-226-field_11\" class=\"wpforms-field-small\" name=\"wpforms[fields][11]\" placeholder=\"Stadt\/Ort\" aria-errormessage=\"wpforms-226-field_11-error\" ><\/div><div id=\"wpforms-226-field_12-container\" class=\"wpforms-field wpforms-field-number\" data-field-id=\"12\"><label class=\"wpforms-field-label\" for=\"wpforms-226-field_12\">Kartenanzahl Kategorie 1 (29,00\u20ac) <span class=\"wpforms-required-label\" aria-hidden=\"true\">*<\/span><\/label><input type=\"number\" id=\"wpforms-226-field_12\" class=\"wpforms-field-small wpforms-field-required\" name=\"wpforms[fields][12]\" placeholder=\"Kategorie 1\" aria-errormessage=\"wpforms-226-field_12-error\" required><\/div><div id=\"wpforms-226-field_13-container\" class=\"wpforms-field wpforms-field-number\" data-field-id=\"13\"><label class=\"wpforms-field-label\" for=\"wpforms-226-field_13\">Kartenanzahl Kategorie 2 (26,00\u20ac) <span class=\"wpforms-required-label\" aria-hidden=\"true\">*<\/span><\/label><input type=\"number\" id=\"wpforms-226-field_13\" class=\"wpforms-field-small wpforms-field-required\" name=\"wpforms[fields][13]\" placeholder=\"Kategorie 2\" aria-errormessage=\"wpforms-226-field_13-error\" required><\/div><div id=\"wpforms-226-field_14-container\" class=\"wpforms-field wpforms-field-number\" data-field-id=\"14\"><label class=\"wpforms-field-label\" for=\"wpforms-226-field_14\">Kartenanzahl Jugendkarte (18,00\u20ac) <span class=\"wpforms-required-label\" aria-hidden=\"true\">*<\/span><\/label><input type=\"number\" id=\"wpforms-226-field_14\" class=\"wpforms-field-small wpforms-field-required\" name=\"wpforms[fields][14]\" placeholder=\"Jugendkarte\" aria-errormessage=\"wpforms-226-field_14-error\" aria-describedby=\"wpforms-226-field_14-description\" required><div id=\"wpforms-226-field_14-description\" class=\"wpforms-field-description\">Erh\u00e4ltlich f\u00fcr alle unter 18 Jahren<\/div><\/div><div id=\"wpforms-226-field_7-container\" class=\"wpforms-field wpforms-field-textarea\" data-field-id=\"7\"><label class=\"wpforms-field-label wpforms-label-hide\" for=\"wpforms-226-field_7\" aria-hidden=\"false\">Was Sie uns sonst noch mitteilen m\u00f6chten<\/label><textarea id=\"wpforms-226-field_7\" class=\"wpforms-field-medium\" name=\"wpforms[fields][7]\" placeholder=\"Hier ist Platz f\u00fcr offene Fragen oder W\u00fcnsche zu Ihrer Kartenbestellung\" aria-errormessage=\"wpforms-226-field_7-error\" ><\/textarea><\/div><div id=\"wpforms-226-field_15-container\" class=\"wpforms-field wpforms-field-checkbox\" data-field-id=\"15\"><fieldset><legend class=\"wpforms-field-label wpforms-label-hide\" aria-hidden=\"false\">Checkboxes <span class=\"wpforms-required-label\" aria-hidden=\"true\">*<\/span><\/legend><ul id=\"wpforms-226-field_15\" class=\"wpforms-field-required\"><li class=\"choice-1 depth-1\"><input type=\"checkbox\" id=\"wpforms-226-field_15_1\" name=\"wpforms[fields][15][]\" value=\"Ich habe die &lt;a target=&quot;_blank&quot; href=&quot;https:\/\/wppool.abenteuerbox.at\/DA_KV_Linz\/?page_id=1407&quot;&gt;Datenschutzerkl\u00e4rung&lt;\/a&gt; gelesen und stimme der Verarbeitung meiner Daten zu.\" aria-errormessage=\"wpforms-226-field_15_1-error\" required ><label class=\"wpforms-field-label-inline\" for=\"wpforms-226-field_15_1\">Ich habe die <a target=\"_blank\" href=\"https:\/\/wppool.abenteuerbox.at\/DA_KV_Linz\/?page_id=1407\">Datenschutzerkl\u00e4rung<\/a> gelesen und stimme der Verarbeitung meiner Daten zu.<\/label><\/li><li class=\"choice-2 depth-1\"><input type=\"checkbox\" id=\"wpforms-226-field_15_2\" name=\"wpforms[fields][15][]\" value=\"Ich best\u00e4tige, dass meine Bestellung verpflichtend ist und die Karten bei gew\u00fcnschter Zustellung kostenpflichtig per Post zugeschickt werden. Eine R\u00fcckgabe oder Stornierung ist ausgeschlossen, es sei denn, das Konzert wird abgesagt oder es wird eine individuelle Vereinbarung mit dem Linzer Konzertverein getroffen.\" aria-errormessage=\"wpforms-226-field_15_2-error\" required ><label class=\"wpforms-field-label-inline\" for=\"wpforms-226-field_15_2\">Ich best\u00e4tige, dass meine Bestellung verpflichtend ist und die Karten bei gew\u00fcnschter Zustellung kostenpflichtig per Post zugeschickt werden. Eine R\u00fcckgabe oder Stornierung ist ausgeschlossen, es sei denn, das Konzert wird abgesagt oder es wird eine individuelle Vereinbarung mit dem Linzer Konzertverein getroffen.<\/label><\/li><li class=\"choice-3 depth-1\"><input type=\"checkbox\" id=\"wpforms-226-field_15_3\" name=\"wpforms[fields][15][]\" value=\"Ich akzeptiere, dass die Zahlung bei Zustellung sp\u00e4testens bis eine Woche vor dem Konzert zu erfolgen hat.\" aria-errormessage=\"wpforms-226-field_15_3-error\" required ><label class=\"wpforms-field-label-inline\" for=\"wpforms-226-field_15_3\">Ich akzeptiere, dass die Zahlung bei Zustellung sp\u00e4testens bis eine Woche vor dem Konzert zu erfolgen hat.<\/label><\/li><li class=\"choice-4 depth-1\"><input type=\"checkbox\" id=\"wpforms-226-field_15_4\" name=\"wpforms[fields][15][]\" value=\"Ich stimme zu, dass meine Kontaktdaten f\u00fcr R\u00fcckfrage zu dieser Bestellung verwendet werden d\u00fcrfen.\" aria-errormessage=\"wpforms-226-field_15_4-error\" required ><label class=\"wpforms-field-label-inline\" for=\"wpforms-226-field_15_4\">Ich stimme zu, dass meine Kontaktdaten f\u00fcr R\u00fcckfrage zu dieser Bestellung verwendet werden d\u00fcrfen.<\/label><\/li><li class=\"choice-5 depth-1\"><input type=\"checkbox\" id=\"wpforms-226-field_15_5\" name=\"wpforms[fields][15][]\" value=\"Ich nehme zur Kenntnis, dass Tickets nur solange verf\u00fcgbar sind, wie der Vorrat reicht. Sollte der Vorrat ersch\u00f6pft sein, werde ich unverz\u00fcglich dar\u00fcber informiert.\" aria-errormessage=\"wpforms-226-field_15_5-error\" required ><label class=\"wpforms-field-label-inline\" for=\"wpforms-226-field_15_5\">Ich nehme zur Kenntnis, dass Tickets nur solange verf\u00fcgbar sind, wie der Vorrat reicht. Sollte der Vorrat ersch\u00f6pft sein, werde ich unverz\u00fcglich dar\u00fcber informiert.<\/label><\/li><li class=\"choice-6 depth-1\"><input type=\"checkbox\" id=\"wpforms-226-field_15_6\" name=\"wpforms[fields][15][]\" value=\"Ich best\u00e4tige, dass meine Ticketbestellung erst als abgeschlossen gilt, wenn ich eine Best\u00e4tigungs-E-Mail erhalten habe.\" aria-errormessage=\"wpforms-226-field_15_6-error\" required ><label class=\"wpforms-field-label-inline\" for=\"wpforms-226-field_15_6\">Ich best\u00e4tige, dass meine Ticketbestellung erst als abgeschlossen gilt, wenn ich eine Best\u00e4tigungs-E-Mail erhalten habe.<\/label><\/li><\/ul><\/fieldset><\/div><\/div><!-- .wpforms-field-container --><div class=\"wpforms-submit-container\" ><input type=\"hidden\" name=\"wpforms[id]\" value=\"226\"><input type=\"hidden\" name=\"page_title\" value=\"\"><input type=\"hidden\" name=\"page_url\" value=\"https:\/\/wppool.abenteuerbox.at\/DA_KV_Linz\/index.php?rest_route=\/wp\/v2\/pages\/302\"><button type=\"submit\" name=\"wpforms[submit]\" id=\"wpforms-submit-226\" class=\"wpforms-submit\" data-alt-text=\"Sending...\" data-submit-text=\"Bestellung absenden\" aria-live=\"assertive\" value=\"wpforms-submit\">Bestellung absenden<\/button><img decoding=\"async\" src=\"https:\/\/wppool.abenteuerbox.at\/DA_KV_Linz\/wp-content\/plugins\/wpforms-lite\/assets\/images\/submit-spin.svg\" class=\"wpforms-submit-spinner\" style=\"display: none;\" width=\"26\" height=\"26\" alt=\"Loading\"><\/div><\/form><\/div>  <!-- .wpforms-container -->\t\t\t\t<\/div>\n\t\t\t\t<\/div>\n\t\t\t\t\t<\/div>\n\t\t\t\t<\/div>\n\t\t<div class=\"elementor-element elementor-element-82caab3 e-flex e-con-boxed e-con e-parent\" data-id=\"82caab3\" data-element_type=\"container\">\n\t\t\t\t\t<div class=\"e-con-inner\">\n\t\t\t\t<div class=\"elementor-element elementor-element-b63e061 elementor-widget elementor-widget-text-editor\" data-id=\"b63e061\" data-element_type=\"widget\" data-widget_type=\"text-editor.default\">\n\t\t\t\t<div class=\"elementor-widget-container\">\n\t\t\t\t\t\t\t\t\t<p><span style=\"color: #f70505;\">*<\/span>verpflichtend auszuf\u00fcllende Felder<\/p>\t\t\t\t\t\t\t\t<\/div>\n\t\t\t\t<\/div>\n\t\t\t\t\t<\/div>\n\t\t\t\t<\/div>\n\t\t<div class=\"elementor-element elementor-element-2044fb4 e-flex e-con-boxed e-con e-parent\" data-id=\"2044fb4\" data-element_type=\"container\">\n\t\t\t\t\t<div class=\"e-con-inner\">\n\t\t\t\t\t<\/div>\n\t\t\t\t<\/div>\n\t\t\t\t<\/div>\n\t\t","protected":false},"excerpt":{"rendered":"<p>Fr\u00fchjahrskonzert &nbsp; Datum: 26.03.2025 Uhrzeit: 19:30 Uhr Ort: Brucknerhaus Linz Please enable JavaScript in your browser to complete this form.Please enable JavaScript in your browser to complete this form. Name * FirstLast E-Mail-Adresse *Geben Sie hier Ihre g\u00fcltige E-Mail-Adresse ein, \u00fcber der wir Sie kontaktieren k\u00f6nnen. Kartenzustellungsform * Postzustellung (+1,60\u20ac Versandspesen) Hinterlegung (kostenlos) Adresse (bei &hellip; <\/p>\n<p class=\"link-more\"><a href=\"https:\/\/wppool.abenteuerbox.at\/DA_KV_Linz\/?page_id=302\" class=\"more-link\">Read more<span class=\"screen-reader-text\"> &#8222;Kartenbestellung&#8220;<\/span><\/a><\/p>\n","protected":false},"author":1,"featured_media":0,"parent":118,"menu_order":0,"comment_status":"closed","ping_status":"closed","template":"","meta":{"inspiro_hide_title":false,"footnotes":""},"class_list":["post-302","page","type-page","status-publish","hentry"],"_links":{"self":[{"href":"https:\/\/wppool.abenteuerbox.at\/DA_KV_Linz\/index.php?rest_route=\/wp\/v2\/pages\/302","targetHints":{"allow":["GET"]}}],"collection":[{"href":"https:\/\/wppool.abenteuerbox.at\/DA_KV_Linz\/index.php?rest_route=\/wp\/v2\/pages"}],"about":[{"href":"https:\/\/wppool.abenteuerbox.at\/DA_KV_Linz\/index.php?rest_route=\/wp\/v2\/types\/page"}],"author":[{"embeddable":true,"href":"https:\/\/wppool.abenteuerbox.at\/DA_KV_Linz\/index.php?rest_route=\/wp\/v2\/users\/1"}],"replies":[{"embeddable":true,"href":"https:\/\/wppool.abenteuerbox.at\/DA_KV_Linz\/index.php?rest_route=%2Fwp%2Fv2%2Fcomments&post=302"}],"version-history":[{"count":50,"href":"https:\/\/wppool.abenteuerbox.at\/DA_KV_Linz\/index.php?rest_route=\/wp\/v2\/pages\/302\/revisions"}],"predecessor-version":[{"id":1139,"href":"https:\/\/wppool.abenteuerbox.at\/DA_KV_Linz\/index.php?rest_route=\/wp\/v2\/pages\/302\/revisions\/1139"}],"up":[{"embeddable":true,"href":"https:\/\/wppool.abenteuerbox.at\/DA_KV_Linz\/index.php?rest_route=\/wp\/v2\/pages\/118"}],"wp:attachment":[{"href":"https:\/\/wppool.abenteuerbox.at\/DA_KV_Linz\/index.php?rest_route=%2Fwp%2Fv2%2Fmedia&parent=302"}],"curies":[{"name":"wp","href":"https:\/\/api.w.org\/{rel}","templated":true}]}}