{"id":3388,"date":"2025-01-18T21:28:41","date_gmt":"2025-01-18T20:28:41","guid":{"rendered":"https:\/\/wppool.abenteuerbox.at\/DA_KV_Linz\/?page_id=3388"},"modified":"2025-01-27T11:23:49","modified_gmt":"2025-01-27T10:23:49","slug":"mitsuko-uchida","status":"publish","type":"page","link":"https:\/\/wppool.abenteuerbox.at\/DA_KV_Linz\/?page_id=3388","title":{"rendered":"Mitsuko Uchida"},"content":{"rendered":"\t\t<div data-elementor-type=\"wp-page\" data-elementor-id=\"3388\" class=\"elementor elementor-3388\">\n\t\t\t\t<div class=\"elementor-element elementor-element-128a1f7 e-flex e-con-boxed e-con e-parent\" data-id=\"128a1f7\" data-element_type=\"container\">\n\t\t\t\t\t<div class=\"e-con-inner\">\n\t\t<div class=\"elementor-element elementor-element-3786b0a e-con-full e-flex e-con e-child\" data-id=\"3786b0a\" data-element_type=\"container\">\n\t\t\t\t<div class=\"elementor-element elementor-element-722966c elementor-widget elementor-widget-heading\" data-id=\"722966c\" data-element_type=\"widget\" data-widget_type=\"heading.default\">\n\t\t\t\t<div class=\"elementor-widget-container\">\n\t\t\t\t\t<h2 class=\"elementor-heading-title elementor-size-default\">Klavier<\/h2>\t\t\t\t<\/div>\n\t\t\t\t<\/div>\n\t\t\t\t<div class=\"elementor-element elementor-element-ba0a63d elementor-widget elementor-widget-text-editor\" data-id=\"ba0a63d\" data-element_type=\"widget\" data-widget_type=\"text-editor.default\">\n\t\t\t\t<div class=\"elementor-widget-container\">\n\t\t\t\t\t\t\t\t\t<p><a href=\"http:\/\/www.mitsukouchida.com\/index.php\" target=\"_blank\" rel=\"noopener\">mitsukouchida.com<\/a><\/p><p><strong>Auftritte im Linzer Konzertverein:<\/strong><\/p><p>24.11.1966, Sinfoniekonzert<\/p>\t\t\t\t\t\t\t\t<\/div>\n\t\t\t\t<\/div>\n\t\t\t\t<\/div>\n\t\t<div class=\"elementor-element elementor-element-7deb46b e-con-full e-flex e-con e-child\" data-id=\"7deb46b\" data-element_type=\"container\">\n\t\t\t\t<div class=\"elementor-element elementor-element-38a4d46 elementor-widget elementor-widget-image\" data-id=\"38a4d46\" data-element_type=\"widget\" data-widget_type=\"image.default\">\n\t\t\t\t<div class=\"elementor-widget-container\">\n\t\t\t\t\t\t\t\t\t\t\t\t\t\t\t<img fetchpriority=\"high\" decoding=\"async\" width=\"450\" height=\"539\" src=\"https:\/\/wppool.abenteuerbox.at\/DA_KV_Linz\/wp-content\/uploads\/2025\/01\/Uchida_Mitsuko-1.jpg\" class=\"attachment-large size-large wp-image-6204\" alt=\"\" srcset=\"https:\/\/wppool.abenteuerbox.at\/DA_KV_Linz\/wp-content\/uploads\/2025\/01\/Uchida_Mitsuko-1.jpg 450w, https:\/\/wppool.abenteuerbox.at\/DA_KV_Linz\/wp-content\/uploads\/2025\/01\/Uchida_Mitsuko-1-250x300.jpg 250w\" sizes=\"100vw\" \/>\t\t\t\t\t\t\t\t\t\t\t\t\t\t\t<\/div>\n\t\t\t\t<\/div>\n\t\t\t\t<\/div>\n\t\t<div class=\"elementor-element elementor-element-2e98b4c e-con-full e-flex e-con e-child\" data-id=\"2e98b4c\" data-element_type=\"container\">\n\t\t\t\t<div class=\"elementor-element elementor-element-f9936b4 elementor-widget elementor-widget-text-editor\" data-id=\"f9936b4\" data-element_type=\"widget\" data-widget_type=\"text-editor.default\">\n\t\t\t\t<div class=\"elementor-widget-container\">\n\t\t\t\t\t\t\t\t\t<p>Die Pianistin Mitsuko Uchida (*1948) wurde in Tokio geboren. Im Alter von vier Jahren bekam sie erste Klavierstunden, bereits im Kindergarten fiel sie dadurch auf, dass sie, wann immer es m\u00f6glich war, sich ans Klavier und ans Harmonium setzte. Sie wurde auf eine Junior Music School geschickt, wo sie Grundlagen der musikalischen Erziehung beigebracht bekam. Als sie zw\u00f6lf Jahre alt war, wurde der Vater nach Wien versetzt und die Familie folgte ihm nach \u00d6sterreich. Dort kam sie an die Wiener Musikhochschule in die Klasse von Richard Hauser. Mit 14 spielte sie ihr erstes Recital. Als der Vater 1964 erneut versetzt wurde, diesmal nach K\u00f6ln, beschloss Uchida in Wien zu bleiben und dort ihre Ausbildung abzuschlie\u00dfen, was sie 1968, zuletzt als Assistentin von Hauser, auch tat.<\/p><p>Von da an ging es langsam, aber stetig voran. Im Jahr 1969 gewann sie den Beethoven-Wettbewerb in Wien. Sie nahm weitere Stunden bei Wilhelm Kempf, schaffte es dann 1970 beim Chopin-Wettbewerb in Warschau auf den 2.Platz. 1972 lie\u00df sie sich in London nieder. 1976 gewann sie den Klavierwettbewerb in Leeds. Uchida begann, sich aufw\u00e4ndige Projekte vorzunehmen, und erarbeitete ein Recital mit s\u00e4mtlichen Klaviersonaten von Mozart. 1982 trat Uchida damit an die \u00d6ffentlichkeit und pr\u00e4sentierte die Sonaten in London und Tokio komplett auf der B\u00fchne. Die internationale Musikszene wurde dadurch auf sie aufmerksam und so begann die eigentliche Karriere. Es folgten erste Aufnahmen f\u00fcr die Philips, dann 1986 eine Gesamteinspielung der Mozart-Klavierkonzerte mit Jeffrey Tate und dem English Chamber Orchestra.<\/p><p>Von da an mischte Uchida in der internationalen Konzertszene mit. Als Teil der gro\u00dfen Mozart-Edition, aber auch zunehmend als Spezialistin f\u00fcr die Werke von Schubert, Beethoven, Sch\u00f6nberg, Hindemith machte sie sich einen Namen und trat seit ihrem Deb\u00fct mit den Berliner Philharmonikern 1984 mit vielen renommierten Ensembles auf. Zusammen mit Kurt Sanderling und den Orchestern des Bayerischen Rundfunks und des Royal Concertgebouw nahm sie in der zweiten H\u00e4lfte der Neunziger die kompletten Beethoven-Konzerte auf, mit Pierre Boulez und dem Cleveland Orchestra widmete sie sich der Klavier-Orchestermusik von Sch\u00f6nberg, Webern und Berg (2001). 2002 war sie Artist in Residence beim Cleveland Orchestra, spielte au\u00dferdem in der Hamburger Musikhalle, dem Wiener Konzerthaus, der Carnegie Hall, dem Amsterdam Concertgebouw und in der Royal Festival Hall in London. Im selben Jahr schloss sie ihren Schubert-Zyklus ab.<\/p><p>Anfang 2004 stellte Uchida wiederum Mozart Klavierkonzerte mit den Berliner Philharmonikern vor. Ebenfalls einen Mozart-Zyklus gestaltete sie mit dem Cleveland Orchestra, au\u00dferdem stehen Werke von Messiaen und Ravel auf dem Programm. Mit der Chicago Symphony und der Camerata Salzburg spielte und dirigierte sie Mozart vom Klavier aus. Konzerte folgten mit dem London Symphony Orchestra und dem Chamber Orchestra of Europe.<\/p><p>(2015)<\/p>\t\t\t\t\t\t\t\t<\/div>\n\t\t\t\t<\/div>\n\t\t\t\t<div class=\"elementor-element elementor-element-ca270b5 elementor-widget elementor-widget-text-editor\" data-id=\"ca270b5\" data-element_type=\"widget\" data-widget_type=\"text-editor.default\">\n\t\t\t\t<div class=\"elementor-widget-container\">\n\t\t\t\t\t\t\t\t\t<p style=\"text-align: right;\">\n<a href=\"javascript:history.back();\">Zur\u00fcck<\/a>\n<\/p>\t\t\t\t\t\t\t\t<\/div>\n\t\t\t\t<\/div>\n\t\t\t\t<\/div>\n\t\t\t\t\t<\/div>\n\t\t\t\t<\/div>\n\t\t\t\t<\/div>\n\t\t","protected":false},"excerpt":{"rendered":"<p>Klavier mitsukouchida.com Auftritte im Linzer Konzertverein: 24.11.1966, Sinfoniekonzert Die Pianistin Mitsuko Uchida (*1948) wurde in Tokio geboren. Im Alter von vier Jahren bekam sie erste Klavierstunden, bereits im Kindergarten fiel sie dadurch auf, dass sie, wann immer es m\u00f6glich war, sich ans Klavier und ans Harmonium setzte. Sie wurde auf eine Junior Music School geschickt, &hellip; <\/p>\n<p class=\"link-more\"><a href=\"https:\/\/wppool.abenteuerbox.at\/DA_KV_Linz\/?page_id=3388\" class=\"more-link\">Read more<span class=\"screen-reader-text\"> &#8222;Mitsuko Uchida&#8220;<\/span><\/a><\/p>\n","protected":false},"author":1,"featured_media":0,"parent":0,"menu_order":0,"comment_status":"closed","ping_status":"closed","template":"","meta":{"inspiro_hide_title":false,"footnotes":""},"class_list":["post-3388","page","type-page","status-publish","hentry"],"_links":{"self":[{"href":"https:\/\/wppool.abenteuerbox.at\/DA_KV_Linz\/index.php?rest_route=\/wp\/v2\/pages\/3388","targetHints":{"allow":["GET"]}}],"collection":[{"href":"https:\/\/wppool.abenteuerbox.at\/DA_KV_Linz\/index.php?rest_route=\/wp\/v2\/pages"}],"about":[{"href":"https:\/\/wppool.abenteuerbox.at\/DA_KV_Linz\/index.php?rest_route=\/wp\/v2\/types\/page"}],"author":[{"embeddable":true,"href":"https:\/\/wppool.abenteuerbox.at\/DA_KV_Linz\/index.php?rest_route=\/wp\/v2\/users\/1"}],"replies":[{"embeddable":true,"href":"https:\/\/wppool.abenteuerbox.at\/DA_KV_Linz\/index.php?rest_route=%2Fwp%2Fv2%2Fcomments&post=3388"}],"version-history":[{"count":16,"href":"https:\/\/wppool.abenteuerbox.at\/DA_KV_Linz\/index.php?rest_route=\/wp\/v2\/pages\/3388\/revisions"}],"predecessor-version":[{"id":8342,"href":"https:\/\/wppool.abenteuerbox.at\/DA_KV_Linz\/index.php?rest_route=\/wp\/v2\/pages\/3388\/revisions\/8342"}],"wp:attachment":[{"href":"https:\/\/wppool.abenteuerbox.at\/DA_KV_Linz\/index.php?rest_route=%2Fwp%2Fv2%2Fmedia&parent=3388"}],"curies":[{"name":"wp","href":"https:\/\/api.w.org\/{rel}","templated":true}]}}