{"id":3463,"date":"2025-01-18T21:59:26","date_gmt":"2025-01-18T20:59:26","guid":{"rendered":"https:\/\/wppool.abenteuerbox.at\/DA_KV_Linz\/?page_id=3463"},"modified":"2025-01-27T11:11:42","modified_gmt":"2025-01-27T10:11:42","slug":"michael-hutterstrasser","status":"publish","type":"page","link":"https:\/\/wppool.abenteuerbox.at\/DA_KV_Linz\/?page_id=3463","title":{"rendered":"Michael Hutterstrasser"},"content":{"rendered":"\t\t<div data-elementor-type=\"wp-page\" data-elementor-id=\"3463\" class=\"elementor elementor-3463\">\n\t\t\t\t<div class=\"elementor-element elementor-element-1b8a6bb e-flex e-con-boxed e-con e-parent\" data-id=\"1b8a6bb\" data-element_type=\"container\">\n\t\t\t\t\t<div class=\"e-con-inner\">\n\t\t<div class=\"elementor-element elementor-element-1570164 e-con-full e-flex e-con e-child\" data-id=\"1570164\" data-element_type=\"container\">\n\t\t\t\t<div class=\"elementor-element elementor-element-2fc84dc elementor-widget elementor-widget-heading\" data-id=\"2fc84dc\" data-element_type=\"widget\" data-widget_type=\"heading.default\">\n\t\t\t\t<div class=\"elementor-widget-container\">\n\t\t\t\t\t<h2 class=\"elementor-heading-title elementor-size-default\">Dirigent<\/h2>\t\t\t\t<\/div>\n\t\t\t\t<\/div>\n\t\t\t\t<div class=\"elementor-element elementor-element-bea9238 elementor-widget elementor-widget-text-editor\" data-id=\"bea9238\" data-element_type=\"widget\" data-widget_type=\"text-editor.default\">\n\t\t\t\t<div class=\"elementor-widget-container\">\n\t\t\t\t\t\t\t\t\t<p><strong>Auftritte im Linzer Konzertverein:<\/strong><\/p><p>29.2.1956,<br \/>10.6.1956,<br \/>27.2.1956 und<br \/>23.10.1957 \u2013 10.5.1961\u00a0<\/p>\t\t\t\t\t\t\t\t<\/div>\n\t\t\t\t<\/div>\n\t\t\t\t<\/div>\n\t\t<div class=\"elementor-element elementor-element-518446b e-con-full e-flex e-con e-child\" data-id=\"518446b\" data-element_type=\"container\">\n\t\t\t\t<div class=\"elementor-element elementor-element-5835b00 elementor-widget elementor-widget-image\" data-id=\"5835b00\" data-element_type=\"widget\" data-widget_type=\"image.default\">\n\t\t\t\t<div class=\"elementor-widget-container\">\n\t\t\t\t\t\t\t\t\t\t\t\t\t\t\t<img fetchpriority=\"high\" decoding=\"async\" width=\"466\" height=\"600\" src=\"https:\/\/wppool.abenteuerbox.at\/DA_KV_Linz\/wp-content\/uploads\/2025\/01\/Hutterstrasser_Michael.jpg\" class=\"attachment-large size-large wp-image-3466\" alt=\"\" srcset=\"https:\/\/wppool.abenteuerbox.at\/DA_KV_Linz\/wp-content\/uploads\/2025\/01\/Hutterstrasser_Michael.jpg 466w, https:\/\/wppool.abenteuerbox.at\/DA_KV_Linz\/wp-content\/uploads\/2025\/01\/Hutterstrasser_Michael-233x300.jpg 233w\" sizes=\"100vw\" \/>\t\t\t\t\t\t\t\t\t\t\t\t\t\t\t<\/div>\n\t\t\t\t<\/div>\n\t\t\t\t<\/div>\n\t\t<div class=\"elementor-element elementor-element-2aad48d e-con-full e-flex e-con e-child\" data-id=\"2aad48d\" data-element_type=\"container\">\n\t\t\t\t<div class=\"elementor-element elementor-element-97b9b28 elementor-widget elementor-widget-text-editor\" data-id=\"97b9b28\" data-element_type=\"widget\" data-widget_type=\"text-editor.default\">\n\t\t\t\t<div class=\"elementor-widget-container\">\n\t\t\t\t\t\t\t\t\t<p>Michael Hutterstrasser, ein Spross der bis 1965 Besitzerfamilie der Wiener Klaviererzeugung B\u00f6sendorfer, war vom 1. September 1951 bis zum 16. August 1961 Kapellmeister am Linzer Landestheater.<br \/><br \/>Er dirigierte zwischen 1956 und 1961 auch wiederholt das Orchester des LINZER KONZERTVEREINS. Zum ersten Mal bei einem Gastspiel in Salzburg mit dem Requiem von Wolfgang Amadeus Mozart und dem Pianisten Paul Badura Skoda im Jahr 1956. Es folgten vierzehn weitere Konzerte mit bekannten Solisten, unter anderen J\u00f6rg Demus am Klavier mit einem Beethoven-Programm, den Geigern Walter Weller, G\u00fcnter Pichler, Anton Fietz, Willi Boskovsky und Richard Krotschak. Ein historisches Tondokument aus den 80er Jahren sind die &#8222;Lautenlieder&#8220; von Franz Sedlacek, vertont und interpretiert von Michael Hutterstrasser.<br \/><br \/>Zum Linzer Debut von Alexander Jenner schrieb Prof. Johannes Unfried in seiner Konzertkritik: Die Leitung durch Michael Hutterstrasser zeigt den steten Aufstieg, welchen der hochmusikalische K\u00fcnstler nach seinen Aufgaben als Kapellmeister des Linzer Landestheaters im Konzertsaal nimmt. Seine Zeichen, zumal die kleinen rhythmischen Pianoakzente aus dem Handgelenk, schienen pr\u00e4ziser, als wenn Hutterstrasser vor dem Berufsorchester steht&#8220;.<br \/><br \/>Auch der Musikkritiker Franz Kinzl war voll des Lobes f\u00fcr den Dirigenten: &#8222;Im Festkonzert musste das Orchester infolge der \u00dcberbeanspruchung des Opernkapellmeisters Hutterstrasser, ein ziemlich schwieriges Programm mit verh\u00e4ltnism\u00e4\u00dfig wenigen Proben bew\u00e4ltigen. Dank der zweij\u00e4hrigen Erziehungsarbeit des Dirigenten am Klangk\u00f6rper gelang das heikle Experiment.&#8220;<br \/><br \/>Michael Hutterstrasser verstarb in Wien.<\/p>\t\t\t\t\t\t\t\t<\/div>\n\t\t\t\t<\/div>\n\t\t\t\t<div class=\"elementor-element elementor-element-829de68 elementor-widget elementor-widget-text-editor\" data-id=\"829de68\" data-element_type=\"widget\" data-widget_type=\"text-editor.default\">\n\t\t\t\t<div class=\"elementor-widget-container\">\n\t\t\t\t\t\t\t\t\t<p style=\"text-align: right;\">\n<a href=\"javascript:history.back();\">Zur\u00fcck<\/a>\n<\/p>\t\t\t\t\t\t\t\t<\/div>\n\t\t\t\t<\/div>\n\t\t\t\t<\/div>\n\t\t\t\t\t<\/div>\n\t\t\t\t<\/div>\n\t\t\t\t<\/div>\n\t\t","protected":false},"excerpt":{"rendered":"<p>Dirigent Auftritte im Linzer Konzertverein: 29.2.1956,10.6.1956,27.2.1956 und23.10.1957 \u2013 10.5.1961\u00a0 Michael Hutterstrasser, ein Spross der bis 1965 Besitzerfamilie der Wiener Klaviererzeugung B\u00f6sendorfer, war vom 1. September 1951 bis zum 16. August 1961 Kapellmeister am Linzer Landestheater. Er dirigierte zwischen 1956 und 1961 auch wiederholt das Orchester des LINZER KONZERTVEREINS. Zum ersten Mal bei einem Gastspiel in &hellip; <\/p>\n<p class=\"link-more\"><a href=\"https:\/\/wppool.abenteuerbox.at\/DA_KV_Linz\/?page_id=3463\" class=\"more-link\">Read more<span class=\"screen-reader-text\"> &#8222;Michael Hutterstrasser&#8220;<\/span><\/a><\/p>\n","protected":false},"author":1,"featured_media":0,"parent":0,"menu_order":0,"comment_status":"closed","ping_status":"closed","template":"","meta":{"inspiro_hide_title":false,"footnotes":""},"class_list":["post-3463","page","type-page","status-publish","hentry"],"_links":{"self":[{"href":"https:\/\/wppool.abenteuerbox.at\/DA_KV_Linz\/index.php?rest_route=\/wp\/v2\/pages\/3463","targetHints":{"allow":["GET"]}}],"collection":[{"href":"https:\/\/wppool.abenteuerbox.at\/DA_KV_Linz\/index.php?rest_route=\/wp\/v2\/pages"}],"about":[{"href":"https:\/\/wppool.abenteuerbox.at\/DA_KV_Linz\/index.php?rest_route=\/wp\/v2\/types\/page"}],"author":[{"embeddable":true,"href":"https:\/\/wppool.abenteuerbox.at\/DA_KV_Linz\/index.php?rest_route=\/wp\/v2\/users\/1"}],"replies":[{"embeddable":true,"href":"https:\/\/wppool.abenteuerbox.at\/DA_KV_Linz\/index.php?rest_route=%2Fwp%2Fv2%2Fcomments&post=3463"}],"version-history":[{"count":13,"href":"https:\/\/wppool.abenteuerbox.at\/DA_KV_Linz\/index.php?rest_route=\/wp\/v2\/pages\/3463\/revisions"}],"predecessor-version":[{"id":8240,"href":"https:\/\/wppool.abenteuerbox.at\/DA_KV_Linz\/index.php?rest_route=\/wp\/v2\/pages\/3463\/revisions\/8240"}],"wp:attachment":[{"href":"https:\/\/wppool.abenteuerbox.at\/DA_KV_Linz\/index.php?rest_route=%2Fwp%2Fv2%2Fmedia&parent=3463"}],"curies":[{"name":"wp","href":"https:\/\/api.w.org\/{rel}","templated":true}]}}