{"id":3566,"date":"2025-01-19T19:34:04","date_gmt":"2025-01-19T18:34:04","guid":{"rendered":"https:\/\/wppool.abenteuerbox.at\/DA_KV_Linz\/?page_id=3566"},"modified":"2025-01-27T10:55:34","modified_gmt":"2025-01-27T09:55:34","slug":"anton-konrath","status":"publish","type":"page","link":"https:\/\/wppool.abenteuerbox.at\/DA_KV_Linz\/?page_id=3566","title":{"rendered":"Anton Konrath"},"content":{"rendered":"\t\t<div data-elementor-type=\"wp-page\" data-elementor-id=\"3566\" class=\"elementor elementor-3566\">\n\t\t\t\t<div class=\"elementor-element elementor-element-f2cfadc e-flex e-con-boxed e-con e-parent\" data-id=\"f2cfadc\" data-element_type=\"container\">\n\t\t\t\t\t<div class=\"e-con-inner\">\n\t\t<div class=\"elementor-element elementor-element-446489e e-con-full e-flex e-con e-child\" data-id=\"446489e\" data-element_type=\"container\">\n\t\t\t\t<div class=\"elementor-element elementor-element-4740f84 elementor-widget elementor-widget-heading\" data-id=\"4740f84\" data-element_type=\"widget\" data-widget_type=\"heading.default\">\n\t\t\t\t<div class=\"elementor-widget-container\">\n\t\t\t\t\t<h2 class=\"elementor-heading-title elementor-size-default\">Dirigent<\/h2>\t\t\t\t<\/div>\n\t\t\t\t<\/div>\n\t\t\t\t<div class=\"elementor-element elementor-element-d5776e7 elementor-widget elementor-widget-text-editor\" data-id=\"d5776e7\" data-element_type=\"widget\" data-widget_type=\"text-editor.default\">\n\t\t\t\t<div class=\"elementor-widget-container\">\n\t\t\t\t\t\t\t\t\t<p><strong>Auftritte im Linzer Konzertverein:<\/strong><\/p><p>28.6.1947 \u2013 23.11.1955,<br \/>21.11.1956 und<br \/>23.5.1957\u00a0<\/p>\t\t\t\t\t\t\t\t<\/div>\n\t\t\t\t<\/div>\n\t\t\t\t<\/div>\n\t\t<div class=\"elementor-element elementor-element-69c1d7b e-con-full e-flex e-con e-child\" data-id=\"69c1d7b\" data-element_type=\"container\">\n\t\t\t\t<div class=\"elementor-element elementor-element-87f99d2 elementor-widget elementor-widget-image\" data-id=\"87f99d2\" data-element_type=\"widget\" data-widget_type=\"image.default\">\n\t\t\t\t<div class=\"elementor-widget-container\">\n\t\t\t\t\t\t\t\t\t\t\t\t\t\t\t<img fetchpriority=\"high\" decoding=\"async\" width=\"300\" height=\"401\" src=\"https:\/\/wppool.abenteuerbox.at\/DA_KV_Linz\/wp-content\/uploads\/2025\/01\/Konrath_Anton.jpg\" class=\"attachment-large size-large wp-image-3572\" alt=\"\" srcset=\"https:\/\/wppool.abenteuerbox.at\/DA_KV_Linz\/wp-content\/uploads\/2025\/01\/Konrath_Anton.jpg 300w, https:\/\/wppool.abenteuerbox.at\/DA_KV_Linz\/wp-content\/uploads\/2025\/01\/Konrath_Anton-224x300.jpg 224w\" sizes=\"100vw\" \/>\t\t\t\t\t\t\t\t\t\t\t\t\t\t\t<\/div>\n\t\t\t\t<\/div>\n\t\t\t\t<\/div>\n\t\t<div class=\"elementor-element elementor-element-849bb95 e-con-full e-flex e-con e-child\" data-id=\"849bb95\" data-element_type=\"container\">\n\t\t\t\t<div class=\"elementor-element elementor-element-d2a5fcf elementor-widget elementor-widget-text-editor\" data-id=\"d2a5fcf\" data-element_type=\"widget\" data-widget_type=\"text-editor.default\">\n\t\t\t\t<div class=\"elementor-widget-container\">\n\t\t\t\t\t\t\t\t\t<p>Anton Konrath erblickte am 14. Mai 1888 in Innsbruck das Licht der Welt, studierte an der dortigen Musikschule und absolvierte das Hauptfach Geige mit dem Jakob-Stainer-Preis. Anschlie\u00dfend wirkte er als Orchestermusiker und war von 1904 bis 1907 Mitglied des St\u00e4dtischen Orchesters Innsbruck und von 1907 bis 1913 des Wiener Tonk\u00fcnstler Orchesters. In diesem Klangk\u00f6rper war er unter Oskar Nedbal Solo-Bratschist. 1913 vertauschte er das Instrument mit dem Dirigentenstab und bis 1928 f\u00fchrte er das Tonk\u00fcnstler-Orchester als Dirigent. Anschlie\u00dfend war er bis 1945 Dirigent der Wiener Konzerthausgesellschaft und der Wiener Singakademie.<br \/><br \/>Anton Konrath komponierte verschiedene symphonische Werke, darunter auch das Musikdrama &#8222;Der Held und das Leben&#8220;. 1912 hatte er ein Staatsstipendium f\u00fcr Komposition erhalten.<br \/><br \/>1924 wurde er vom Bundespr\u00e4sidenten mit dem Professorentitel ausgezeichnet. Die Wiener Symphoniker ehrten ihn durch die Verleihung des Brucknerringes, die Gemeinde Wien durch die Goldene Ehrenm\u00fcnze, die Wiener Singakademie und der Wiener A-cappella-Chor durch ihre Ehrenmitgliedschaft.<br \/><br \/>Es war f\u00fcr den LINZER KONZERTVEREIN ein gro\u00dfes Gl\u00fcck, dass er Professor Anton Konrath f\u00fcr die Leitung seiner Konzerte in der Wiederaufbauphase nach dem Krieg gewinnen konnte. Von 1947 bis 1955 war er st\u00e4ndiger Dirigent des LINZER KONZERTVEREINS und Direktor das Linzer Konservatoriums.<br \/><br \/>Prof. Konrath, hochgewachsen und das Urbild einer Dirigenten-Pers\u00f6nlichkeit, wusste seine Musiker f\u00fcr alle Stile zu begeistern. Er half ihnen, auch technisch komplizierte Anforderungen zu meistern.<br \/><br \/>Prof. Konraths private Interessen waren breit gestreut. So befasste er sich gr\u00fcndlich mit Mathematik, mit Naturwissenschaften, klassischen Sprachen und Philosophie. Er sprach flie\u00dfend englisch und war ein Meister der Photographie. Seine besondere Vorliebe galt der Jagd und der Vogelkunde. Der geb\u00fcrtige Tiroler liebte die Berge, denen er sich in seinem Heim am Fu\u00dfe des Sarsteins in der N\u00e4he des Hallst\u00e4tter Sees besonders nahe f\u00fchlte.<br \/><br \/>Professor Konrath starb am 22. April 1981 in Bad Ischl.<br \/><br \/>(2009)<\/p>\t\t\t\t\t\t\t\t<\/div>\n\t\t\t\t<\/div>\n\t\t\t\t<div class=\"elementor-element elementor-element-96b64bb elementor-widget elementor-widget-text-editor\" data-id=\"96b64bb\" data-element_type=\"widget\" data-widget_type=\"text-editor.default\">\n\t\t\t\t<div class=\"elementor-widget-container\">\n\t\t\t\t\t\t\t\t\t<p style=\"text-align: right;\">\n<a href=\"javascript:history.back();\">Zur\u00fcck<\/a>\n<\/p>\t\t\t\t\t\t\t\t<\/div>\n\t\t\t\t<\/div>\n\t\t\t\t<\/div>\n\t\t\t\t\t<\/div>\n\t\t\t\t<\/div>\n\t\t\t\t<\/div>\n\t\t","protected":false},"excerpt":{"rendered":"<p>Dirigent Auftritte im Linzer Konzertverein: 28.6.1947 \u2013 23.11.1955,21.11.1956 und23.5.1957\u00a0 Anton Konrath erblickte am 14. Mai 1888 in Innsbruck das Licht der Welt, studierte an der dortigen Musikschule und absolvierte das Hauptfach Geige mit dem Jakob-Stainer-Preis. Anschlie\u00dfend wirkte er als Orchestermusiker und war von 1904 bis 1907 Mitglied des St\u00e4dtischen Orchesters Innsbruck und von 1907 bis &hellip; <\/p>\n<p class=\"link-more\"><a href=\"https:\/\/wppool.abenteuerbox.at\/DA_KV_Linz\/?page_id=3566\" class=\"more-link\">Read more<span class=\"screen-reader-text\"> &#8222;Anton Konrath&#8220;<\/span><\/a><\/p>\n","protected":false},"author":1,"featured_media":0,"parent":0,"menu_order":0,"comment_status":"closed","ping_status":"closed","template":"","meta":{"inspiro_hide_title":false,"footnotes":""},"class_list":["post-3566","page","type-page","status-publish","hentry"],"_links":{"self":[{"href":"https:\/\/wppool.abenteuerbox.at\/DA_KV_Linz\/index.php?rest_route=\/wp\/v2\/pages\/3566","targetHints":{"allow":["GET"]}}],"collection":[{"href":"https:\/\/wppool.abenteuerbox.at\/DA_KV_Linz\/index.php?rest_route=\/wp\/v2\/pages"}],"about":[{"href":"https:\/\/wppool.abenteuerbox.at\/DA_KV_Linz\/index.php?rest_route=\/wp\/v2\/types\/page"}],"author":[{"embeddable":true,"href":"https:\/\/wppool.abenteuerbox.at\/DA_KV_Linz\/index.php?rest_route=\/wp\/v2\/users\/1"}],"replies":[{"embeddable":true,"href":"https:\/\/wppool.abenteuerbox.at\/DA_KV_Linz\/index.php?rest_route=%2Fwp%2Fv2%2Fcomments&post=3566"}],"version-history":[{"count":13,"href":"https:\/\/wppool.abenteuerbox.at\/DA_KV_Linz\/index.php?rest_route=\/wp\/v2\/pages\/3566\/revisions"}],"predecessor-version":[{"id":8126,"href":"https:\/\/wppool.abenteuerbox.at\/DA_KV_Linz\/index.php?rest_route=\/wp\/v2\/pages\/3566\/revisions\/8126"}],"wp:attachment":[{"href":"https:\/\/wppool.abenteuerbox.at\/DA_KV_Linz\/index.php?rest_route=%2Fwp%2Fv2%2Fmedia&parent=3566"}],"curies":[{"name":"wp","href":"https:\/\/api.w.org\/{rel}","templated":true}]}}