{"id":3872,"date":"2025-01-20T19:34:21","date_gmt":"2025-01-20T18:34:21","guid":{"rendered":"https:\/\/wppool.abenteuerbox.at\/DA_KV_Linz\/?page_id=3872"},"modified":"2025-01-24T12:44:50","modified_gmt":"2025-01-24T11:44:50","slug":"max-damberger","status":"publish","type":"page","link":"https:\/\/wppool.abenteuerbox.at\/DA_KV_Linz\/?page_id=3872","title":{"rendered":"Max Damberger"},"content":{"rendered":"\t\t<div data-elementor-type=\"wp-page\" data-elementor-id=\"3872\" class=\"elementor elementor-3872\">\n\t\t\t\t<div class=\"elementor-element elementor-element-47c4322 e-flex e-con-boxed e-con e-parent\" data-id=\"47c4322\" data-element_type=\"container\">\n\t\t\t\t\t<div class=\"e-con-inner\">\n\t\t<div class=\"elementor-element elementor-element-8b62b5c e-con-full e-flex e-con e-child\" data-id=\"8b62b5c\" data-element_type=\"container\">\n\t\t\t\t<div class=\"elementor-element elementor-element-e9e942a elementor-widget elementor-widget-heading\" data-id=\"e9e942a\" data-element_type=\"widget\" data-widget_type=\"heading.default\">\n\t\t\t\t<div class=\"elementor-widget-container\">\n\t\t\t\t\t<h2 class=\"elementor-heading-title elementor-size-default\">Dirigent<\/h2>\t\t\t\t<\/div>\n\t\t\t\t<\/div>\n\t\t\t\t<div class=\"elementor-element elementor-element-9634274 elementor-widget elementor-widget-text-editor\" data-id=\"9634274\" data-element_type=\"widget\" data-widget_type=\"text-editor.default\">\n\t\t\t\t<div class=\"elementor-widget-container\">\n\t\t\t\t\t\t\t\t\t<p><strong>Auftritte im Linzer Konzertverein:<\/strong><\/p><p>9.12.1922 \u2013 22.4.1939<\/p>\t\t\t\t\t\t\t\t<\/div>\n\t\t\t\t<\/div>\n\t\t\t\t<\/div>\n\t\t<div class=\"elementor-element elementor-element-5d351f2 e-con-full e-flex e-con e-child\" data-id=\"5d351f2\" data-element_type=\"container\">\n\t\t\t\t<div class=\"elementor-element elementor-element-b119ad3 elementor-widget elementor-widget-image\" data-id=\"b119ad3\" data-element_type=\"widget\" data-widget_type=\"image.default\">\n\t\t\t\t<div class=\"elementor-widget-container\">\n\t\t\t\t\t\t\t\t\t\t\t\t\t\t\t<img fetchpriority=\"high\" decoding=\"async\" width=\"466\" height=\"600\" src=\"https:\/\/wppool.abenteuerbox.at\/DA_KV_Linz\/wp-content\/uploads\/2025\/01\/Damberger_Max-1.jpg\" class=\"attachment-large size-large wp-image-3875\" alt=\"\" srcset=\"https:\/\/wppool.abenteuerbox.at\/DA_KV_Linz\/wp-content\/uploads\/2025\/01\/Damberger_Max-1.jpg 466w, https:\/\/wppool.abenteuerbox.at\/DA_KV_Linz\/wp-content\/uploads\/2025\/01\/Damberger_Max-1-233x300.jpg 233w\" sizes=\"100vw\" \/>\t\t\t\t\t\t\t\t\t\t\t\t\t\t\t<\/div>\n\t\t\t\t<\/div>\n\t\t\t\t<\/div>\n\t\t<div class=\"elementor-element elementor-element-6fc6977 e-con-full e-flex e-con e-child\" data-id=\"6fc6977\" data-element_type=\"container\">\n\t\t\t\t<div class=\"elementor-element elementor-element-41f87ee elementor-widget elementor-widget-text-editor\" data-id=\"41f87ee\" data-element_type=\"widget\" data-widget_type=\"text-editor.default\">\n\t\t\t\t<div class=\"elementor-widget-container\">\n\t\t\t\t\t\t\t\t\t<p>Max Damberger, Ehrenmitglied des LINZER KONZERTVEREINS, wurde am 6. August 1877 in St. Gallen in der Steiermark geboren. Seine Eltern \u00fcbersiedelten nach Ried im Innkreis, wo er die Volks- und B\u00fcrgerschule besuchte. Schon damals erhielt er seinen ersten Musikunterricht an der dortigen Musikschule.<\/p><p>Als Eleve r\u00fcckte er 1892 in das Infanterie-Regiment 84 ein. Hier traf er auf den erfolgreichen Milit\u00e4rkapellmeister Karl Komz\u00e1k und als er sieben Jahre sp\u00e4ter zum Infanterieregiment 100 nach Krakau versetzt wurde, verdiente er sich seine ersten Sporen als Dirigent und Regimentstambour. Sein ausgezeichneter Ruf verschaffte ihm 1908 die Stelle des Kapellmeisters beim IR 56 in Krakau. Dort blieb er bis zum Kriegsende. Er wurde f\u00fcr sein tapferes Verhalten mit dem goldenen Verdienstkreuz ausgezeichnet.<\/p><p>Nach dem Krieg stellte Max Damberger in Linz eine Musikkapelle aus ehemaligen Milit\u00e4rmusikern zusammen und leitete diese bis 1934. Parallel dazu konnte der LINZER KONZERTVEREIN den ersten Kapellmeister, der 1923 an der Musikuniversit\u00e4t Wien die damals im \u00f6sterreichischen Bundesheer vorgeschriebene Kapellmeisterpr\u00fcfung ablegte, f\u00fcr das ausbauf\u00e4hige Laienorchester verpflichten. Dieses Engagement stellt sich als au\u00dferordentlicher Gl\u00fccksfall f\u00fcr den Verein dar bei der Umgestaltung des Orchesters vom Salonorchester zum Sinfonieorchester. In die \u00c4ra Damberger fiel auch die \u00c4nderung des Vereinsnamens von &#8222;Tonzunft&#8220; in &#8222;LINZER KONZERTVEREIN&#8220; anno 1925.<\/p><p>Der ehemalige Superintendent der evangelischen Kirchengemeinde in Linz, Wilhelm Mensing-Braun, schrieb anl\u00e4sslich seiner \u00dcbersiedlung nach Salzburg einen Brief an den damaligen Pr\u00e4sidenten des LINZER KONZERTVEREINS Kommerzialrat Direktor Franz Zaininger, in dem es unter anderem hei\u00dft: &#8222;Kapellmeister Max Damberger, der ob seiner sprichw\u00f6rtlichen Strenge bei den Proben von vielen Laienmusikern gef\u00fcrchtet war, konnte dennoch der bedingungslosen Gefolgschaft der Vereinsmitglieder sicher sein, weil seine Erfolge eine eindeutige Sprache f\u00fchrten. Dass die Konzerte k\u00fcnstlerisch weit \u00fcber den Rahmen eines Liebhaberorchesters stehen, danken wir der t\u00fcchtigen Leitung des Vereines und ihrem unerm\u00fcdlichen Dirigenten&#8220;.<\/p><p>Regelm\u00e4\u00dfige Sinfoniekonzerte gab es erstmals in der Saison 1924\/25, das Orchester wurde auf 50 Mitglieder aufgestockt und Max Damberger als Dirigent wurde eine Pers\u00f6nlichkeit bescheinigt, die den k\u00fcnstlerischen Aufstieg des Vereins erm\u00f6glicht hat.<\/p><p>Nach seiner Pensionierung im Jahre 1934 stellte Max Damberger sein Wissen und K\u00f6nnen in den Dienst der Blasmusik. Er war Preisrichter bei den Konkurrenzspielen des Reichsverbands f\u00fcr Volksmusik und widmete sich auch verschiedenen p\u00e4dagogischen Aufgaben. Er \u00fcbernahm die Leitung der Magistratsmusik Linz und war Kurkapellmeister in Bad Hall. Auch als Komponist war er erfolgreich. Von seinen zahlreichen Milit\u00e4rm\u00e4rschen, Tanzen, Streichquartetten und Konzertst\u00fccken sind heute noch einige klangsch\u00f6ne M\u00e4rsche erhalten.<\/p><p>Max Damberger starb am 15. April 1943 in Linz.<\/p><p>(2012)<\/p>\t\t\t\t\t\t\t\t<\/div>\n\t\t\t\t<\/div>\n\t\t\t\t<div class=\"elementor-element elementor-element-38c1d8d elementor-widget elementor-widget-text-editor\" data-id=\"38c1d8d\" data-element_type=\"widget\" data-widget_type=\"text-editor.default\">\n\t\t\t\t<div class=\"elementor-widget-container\">\n\t\t\t\t\t\t\t\t\t<p style=\"text-align: right;\">\n<a href=\"javascript:history.back();\">Zur\u00fcck<\/a>\n<\/p>\t\t\t\t\t\t\t\t<\/div>\n\t\t\t\t<\/div>\n\t\t\t\t<\/div>\n\t\t\t\t\t<\/div>\n\t\t\t\t<\/div>\n\t\t\t\t<\/div>\n\t\t","protected":false},"excerpt":{"rendered":"<p>Dirigent Auftritte im Linzer Konzertverein: 9.12.1922 \u2013 22.4.1939 Max Damberger, Ehrenmitglied des LINZER KONZERTVEREINS, wurde am 6. August 1877 in St. Gallen in der Steiermark geboren. Seine Eltern \u00fcbersiedelten nach Ried im Innkreis, wo er die Volks- und B\u00fcrgerschule besuchte. Schon damals erhielt er seinen ersten Musikunterricht an der dortigen Musikschule. Als Eleve r\u00fcckte er &hellip; <\/p>\n<p class=\"link-more\"><a href=\"https:\/\/wppool.abenteuerbox.at\/DA_KV_Linz\/?page_id=3872\" class=\"more-link\">Read more<span class=\"screen-reader-text\"> &#8222;Max Damberger&#8220;<\/span><\/a><\/p>\n","protected":false},"author":1,"featured_media":0,"parent":0,"menu_order":0,"comment_status":"closed","ping_status":"closed","template":"","meta":{"inspiro_hide_title":false,"footnotes":""},"class_list":["post-3872","page","type-page","status-publish","hentry"],"_links":{"self":[{"href":"https:\/\/wppool.abenteuerbox.at\/DA_KV_Linz\/index.php?rest_route=\/wp\/v2\/pages\/3872","targetHints":{"allow":["GET"]}}],"collection":[{"href":"https:\/\/wppool.abenteuerbox.at\/DA_KV_Linz\/index.php?rest_route=\/wp\/v2\/pages"}],"about":[{"href":"https:\/\/wppool.abenteuerbox.at\/DA_KV_Linz\/index.php?rest_route=\/wp\/v2\/types\/page"}],"author":[{"embeddable":true,"href":"https:\/\/wppool.abenteuerbox.at\/DA_KV_Linz\/index.php?rest_route=\/wp\/v2\/users\/1"}],"replies":[{"embeddable":true,"href":"https:\/\/wppool.abenteuerbox.at\/DA_KV_Linz\/index.php?rest_route=%2Fwp%2Fv2%2Fcomments&post=3872"}],"version-history":[{"count":10,"href":"https:\/\/wppool.abenteuerbox.at\/DA_KV_Linz\/index.php?rest_route=\/wp\/v2\/pages\/3872\/revisions"}],"predecessor-version":[{"id":6274,"href":"https:\/\/wppool.abenteuerbox.at\/DA_KV_Linz\/index.php?rest_route=\/wp\/v2\/pages\/3872\/revisions\/6274"}],"wp:attachment":[{"href":"https:\/\/wppool.abenteuerbox.at\/DA_KV_Linz\/index.php?rest_route=%2Fwp%2Fv2%2Fmedia&parent=3872"}],"curies":[{"name":"wp","href":"https:\/\/api.w.org\/{rel}","templated":true}]}}