{"id":40,"date":"2024-10-17T20:40:13","date_gmt":"2024-10-17T18:40:13","guid":{"rendered":"https:\/\/wppool.abenteuerbox.at\/DA_KV_Linz\/?page_id=40"},"modified":"2025-01-22T12:50:55","modified_gmt":"2025-01-22T11:50:55","slug":"linzer-konzertverein","status":"publish","type":"page","link":"https:\/\/wppool.abenteuerbox.at\/DA_KV_Linz\/","title":{"rendered":"Linzer Konzertverein"},"content":{"rendered":"\t\t<div data-elementor-type=\"wp-post\" data-elementor-id=\"40\" class=\"elementor elementor-40\">\n\t\t\t\t<div class=\"elementor-element elementor-element-c740ee5 e-flex e-con-boxed e-con e-parent\" data-id=\"c740ee5\" data-element_type=\"container\">\n\t\t\t\t\t<div class=\"e-con-inner\">\n\t\t\t\t<div class=\"elementor-element elementor-element-3ed19bb elementor-widget elementor-widget-heading\" data-id=\"3ed19bb\" data-element_type=\"widget\" data-widget_type=\"heading.default\">\n\t\t\t\t<div class=\"elementor-widget-container\">\n\t\t\t\t\t<h2 class=\"elementor-heading-title elementor-size-default\">Herbst-Pasticcio 2024:\nViel Freude bei Ausf\u00fchrenden und Zuh\u00f6rern<\/h2>\t\t\t\t<\/div>\n\t\t\t\t<\/div>\n\t\t\t\t\t<\/div>\n\t\t\t\t<\/div>\n\t\t<div class=\"elementor-element elementor-element-582074f e-flex e-con-boxed e-con e-parent\" data-id=\"582074f\" data-element_type=\"container\">\n\t\t\t\t\t<div class=\"e-con-inner\">\n\t\t\t\t<div class=\"elementor-element elementor-element-7afc67c elementor-widget elementor-widget-text-editor\" data-id=\"7afc67c\" data-element_type=\"widget\" data-widget_type=\"text-editor.default\">\n\t\t\t\t<div class=\"elementor-widget-container\">\n\t\t\t\t\t\t\t\t\t<p>Es muss nicht immer Klassik sein! Mit seinem\u00a0<strong>Herbst-Pasticcio<\/strong>\u00a02024 setzte der Linzer Konzertverein diesmal den Akzent auf die nur vermeintlich \u201eleichte Muse\u201c, auf Operette, Filmmusik und Musical. Ein bunter Klangbogen erstreckte sich von Franz von Supp\u00e9s Operette\u00a0<em>Die sch\u00f6ne Galathee<\/em>\u00a0\u00fcber Filmmusik von Ennio Morricone bis zu Musical-Klassikern wie\u00a0<em>West Side Story<\/em>\u00a0und\u00a0<em>Phantom der Oper<\/em>, um mit Emmerich K\u00e1lm\u00e1ns\u00a0<em>Csardasf\u00fcrstin<\/em>\u00a0den Bogen zur Operette zur\u00fcckzuf\u00fchren.\u00a0<\/p><p style=\"font-weight: 400;\"><em>\u201eSo mancher treue Besucher der Konzerte des Linzer Konzertvereins mag sich \u00fcber das Programm des Herbstkonzertes gewundert haben\u201c<\/em>, schreibt Giorgina Szeless im\u00a0<em>O\u00d6 Volksblatt<\/em>,\u00a0<em>\u201ees war ungewohnt, stellte sich aber am Schluss als ein Volltreffer heraus. Kein Wunder, mit\u00a0<strong>Walter Rescheneder<\/strong>, nicht zum ersten Mal am Pult, dem neu ernannten Vereinspr\u00e4sidenten und Allesk\u00f6nner in der Musik, f\u00fcr den scheinbar weder Stile noch Grenzen z\u00e4hlen.\u201c<\/em><\/p><p style=\"font-weight: 400;\">Als Solistinnen konnte der Linzer Konzertverein die Panfl\u00f6tistin\u00a0<strong>Andreea Chira<\/strong>\u00a0und die Sopranistin\u00a0<strong>Ksenia Valentina<\/strong>\u00a0gewinnen. Michael Wruss w\u00fcrdigte in den\u00a0<em>Ober\u00f6sterreichischen Nachrichten<\/em>\u00a0das herausragende K\u00f6nnen der K\u00fcnstlerinnen:<\/p><p style=\"font-weight: 400;\"><em>\u201eMit Andrea Chira war eine ungew\u00f6hnliche Solistin zu Gast, die die Panfl\u00f6te erfolgreich aus der volksmusikalischen bzw. schlagergeschw\u00e4ngerten Ecke holte und gerade Vivaldis \u201aVier Jahreszeiten\u2018 mit dem Kammerorchester Pforzheim auf CD bannte. In Linz musizierte sie daraus den geschickt f\u00fcr die Panfl\u00f6te arrangierten Fr\u00fchling sowie Jean-Baptiste Arbans Variationen \u00fcber den \u201aCarneval von Venedig\u2018 \u2013 und das nicht nur h\u00f6chst virtuos, sondern auch klangvoll und fein phrasiert umgesetzt. Als zweite Solistin begeisterte Ksenia Valentina, die beim Operettenwettbewerb der Bruckneruni den Publikumspreis gewonnen hatte. Sie sang Dvo\u0159\u00e1ks \u201aLied an den Mond\u2018 und mit viel feurigem Elan das Auftrittslied der Sylva aus K\u00e1lm\u00e1ns \u201aCz\u00e1rd\u00e1sf\u00fcrstin\u2018.\u201c<\/em><\/p><p style=\"font-weight: 400;\">Die Auff\u00fchrung von Michael Schrattbauers filmmusikalischer Komposition \u201eSternenreise\u201c war aus zwei Gr\u00fcnden ein besonderes Ereignis: Den Film zu dieser Musik gibt es (noch) nicht und der Komponist wirkte im Orchester bei den ersten Violinen mit. Beim bestens gelaunten Publikum bedankten sich Walter Rescheneder und das Orchester des Linzer Konzertvereins mit der Polka schnell\u00a0<em>Ohne Sorgen<\/em>\u00a0von Josef Strauss als Zugabe. Das Res\u00fcmee der Linzer Konzertkritik best\u00e4tigt den musikalischen Weg, den der Verein mit seinem Herbst-Pasticcio eingeschlagen hat:<\/p><p style=\"font-weight: 400;\"><em>\u201eEin erfolgreiches Konzert, das Ausf\u00fchrenden und Zuh\u00f6rern viel Freude bereitete.\u201c (O\u00d6N, 29.11.24)<\/em><\/p><p style=\"font-weight: 400;\"><em>\u201eMan darf stolz sein auf den Konzertverein mit einem heimischen Vereinsorchester derartigen Qualit\u00e4tsstandards.\u201c (O\u00d6 Volksblatt, 29.11.24)<\/em><\/p><p style=\"font-weight: 400;\"><em>Christian Schacherreiter<\/em><\/p>\t\t\t\t\t\t\t\t<\/div>\n\t\t\t\t<\/div>\n\t\t\t\t\t<\/div>\n\t\t\t\t<\/div>\n\t\t\t\t<\/div>\n\t\t","protected":false},"excerpt":{"rendered":"<p>Herbst-Pasticcio 2024: Viel Freude bei Ausf\u00fchrenden und Zuh\u00f6rern Es muss nicht immer Klassik sein! Mit seinem\u00a0Herbst-Pasticcio\u00a02024 setzte der Linzer Konzertverein diesmal den Akzent auf die nur vermeintlich \u201eleichte Muse\u201c, auf Operette, Filmmusik und Musical. Ein bunter Klangbogen erstreckte sich von Franz von Supp\u00e9s Operette\u00a0Die sch\u00f6ne Galathee\u00a0\u00fcber Filmmusik von Ennio Morricone bis zu Musical-Klassikern wie\u00a0West Side &hellip; <\/p>\n<p class=\"link-more\"><a href=\"https:\/\/wppool.abenteuerbox.at\/DA_KV_Linz\/\" class=\"more-link\">Read more<span class=\"screen-reader-text\"> &#8222;Linzer Konzertverein&#8220;<\/span><\/a><\/p>\n","protected":false},"author":1,"featured_media":0,"parent":0,"menu_order":0,"comment_status":"closed","ping_status":"closed","template":"","meta":{"inspiro_hide_title":false,"footnotes":""},"class_list":["post-40","page","type-page","status-publish","hentry"],"_links":{"self":[{"href":"https:\/\/wppool.abenteuerbox.at\/DA_KV_Linz\/index.php?rest_route=\/wp\/v2\/pages\/40","targetHints":{"allow":["GET"]}}],"collection":[{"href":"https:\/\/wppool.abenteuerbox.at\/DA_KV_Linz\/index.php?rest_route=\/wp\/v2\/pages"}],"about":[{"href":"https:\/\/wppool.abenteuerbox.at\/DA_KV_Linz\/index.php?rest_route=\/wp\/v2\/types\/page"}],"author":[{"embeddable":true,"href":"https:\/\/wppool.abenteuerbox.at\/DA_KV_Linz\/index.php?rest_route=\/wp\/v2\/users\/1"}],"replies":[{"embeddable":true,"href":"https:\/\/wppool.abenteuerbox.at\/DA_KV_Linz\/index.php?rest_route=%2Fwp%2Fv2%2Fcomments&post=40"}],"version-history":[{"count":25,"href":"https:\/\/wppool.abenteuerbox.at\/DA_KV_Linz\/index.php?rest_route=\/wp\/v2\/pages\/40\/revisions"}],"predecessor-version":[{"id":5730,"href":"https:\/\/wppool.abenteuerbox.at\/DA_KV_Linz\/index.php?rest_route=\/wp\/v2\/pages\/40\/revisions\/5730"}],"wp:attachment":[{"href":"https:\/\/wppool.abenteuerbox.at\/DA_KV_Linz\/index.php?rest_route=%2Fwp%2Fv2%2Fmedia&parent=40"}],"curies":[{"name":"wp","href":"https:\/\/api.w.org\/{rel}","templated":true}]}}