{"id":4434,"date":"2025-01-21T09:41:29","date_gmt":"2025-01-21T08:41:29","guid":{"rendered":"https:\/\/wppool.abenteuerbox.at\/DA_KV_Linz\/?page_id=4434"},"modified":"2025-01-24T20:17:08","modified_gmt":"2025-01-24T19:17:08","slug":"thomas-kapun","status":"publish","type":"page","link":"https:\/\/wppool.abenteuerbox.at\/DA_KV_Linz\/?page_id=4434","title":{"rendered":"Thomas Kapun"},"content":{"rendered":"\t\t<div data-elementor-type=\"wp-page\" data-elementor-id=\"4434\" class=\"elementor elementor-4434\">\n\t\t\t\t<div class=\"elementor-element elementor-element-37d36e3 e-flex e-con-boxed e-con e-parent\" data-id=\"37d36e3\" data-element_type=\"container\">\n\t\t\t\t\t<div class=\"e-con-inner\">\n\t\t<div class=\"elementor-element elementor-element-70e1d3f e-con-full e-flex e-con e-child\" data-id=\"70e1d3f\" data-element_type=\"container\">\n\t\t\t\t<div class=\"elementor-element elementor-element-28a7156 elementor-widget elementor-widget-heading\" data-id=\"28a7156\" data-element_type=\"widget\" data-widget_type=\"heading.default\">\n\t\t\t\t<div class=\"elementor-widget-container\">\n\t\t\t\t\t<h2 class=\"elementor-heading-title elementor-size-default\">Fl\u00f6te<\/h2>\t\t\t\t<\/div>\n\t\t\t\t<\/div>\n\t\t\t\t<div class=\"elementor-element elementor-element-534e83a elementor-widget elementor-widget-text-editor\" data-id=\"534e83a\" data-element_type=\"widget\" data-widget_type=\"text-editor.default\">\n\t\t\t\t<div class=\"elementor-widget-container\">\n\t\t\t\t\t\t\t\t\t<p><strong>Auftritte im Linzer Konzertverein:<\/strong><\/p><p>09.04.2008, Fr\u00fchjahrskonzert &#8222;Kl\u00e4nge aus dem S\u00fcden&#8220;<\/p>\t\t\t\t\t\t\t\t<\/div>\n\t\t\t\t<\/div>\n\t\t\t\t<\/div>\n\t\t<div class=\"elementor-element elementor-element-5e014aa e-con-full e-flex e-con e-child\" data-id=\"5e014aa\" data-element_type=\"container\">\n\t\t\t\t<div class=\"elementor-element elementor-element-7655d86 elementor-widget elementor-widget-image\" data-id=\"7655d86\" data-element_type=\"widget\" data-widget_type=\"image.default\">\n\t\t\t\t<div class=\"elementor-widget-container\">\n\t\t\t\t\t\t\t\t\t\t\t\t\t\t\t<img decoding=\"async\" width=\"143\" height=\"184\" src=\"https:\/\/wppool.abenteuerbox.at\/DA_KV_Linz\/wp-content\/uploads\/2025\/01\/Kapun_Thomas.jpg\" class=\"attachment-large size-large wp-image-4470\" alt=\"\" sizes=\"100vw\" \/>\t\t\t\t\t\t\t\t\t\t\t\t\t\t\t<\/div>\n\t\t\t\t<\/div>\n\t\t\t\t<\/div>\n\t\t<div class=\"elementor-element elementor-element-e77ba3a e-con-full e-flex e-con e-child\" data-id=\"e77ba3a\" data-element_type=\"container\">\n\t\t\t\t<div class=\"elementor-element elementor-element-2b3decd elementor-widget elementor-widget-text-editor\" data-id=\"2b3decd\" data-element_type=\"widget\" data-widget_type=\"text-editor.default\">\n\t\t\t\t<div class=\"elementor-widget-container\">\n\t\t\t\t\t\t\t\t\t<p>Der Fl\u00f6tist Thomas Kapun wurde 1982 in Linz geboren.<br \/>Die Liebe zur Musik und die Begabung f\u00fcr das Instrument wurden ihm sozusagen als Sohn von Prof. Peter Kapun in die Wiege gelegt.<br \/>Gef\u00f6rdert wurde er im Linzer Musikgymnasium und als Elfj\u00e4hriger sammelte er erste Orchestererfahrung bei einer Konzerttournee mit dem Leondinger Sinfonie Orchester durch S\u00fcd-Frankreich.<br \/>Ernsthafte Studien betrieb er am damaligen Linzer Bruckner Konservatorium, zuerst bei Prof. Norbert Girlinger, dann bei seinem Vater und bis 2000 bei Prof. Gisela Mashayekhi-Beer.<br \/>Anschlie\u00dfend begann er das Konzertfachstudium bei Prof. Barbara Gisler-Haase an der Universit\u00e4t f\u00fcr Musik und darstellende Kunst in Wien, wo er lebt und lernt.<br \/>Er blieb aber trotz internationaler Erfolge und Studien in aller Welt seiner Heimatstadt Linz eng verbunden.<br \/>So war er st\u00e4ndiges Mitglied beim Instrumentalkollegium der Evangelischen Kantorei in Linz, Festival Sinfonietta Linz, dem Orchester der Musica Sacra und dem Ensemble NovAntique Linz.<br \/>In all diesen Ensembles trat er auch als Solist hervor. Zus\u00e4tzlich im Universit\u00e4tsorchester Linz unter Johannes Wetzler mit Prof. Peter Kapun,<br \/>Kammermusik spielte er in verschiedensten Besetzungen. Auch die Liste der errungenen Preise und der absolvierten Meisterkurse ist lang. Unter anderem spielte er als Mitglied der Yehudi-Menuhin-Stiftung LIVE MUSIC NOW und bei zahlreichen renommierten Festivals wie in St. Gallen, Festine Ljubljana und anerkennenswerter Weise immer wieder in seiner ober\u00f6sterreichischen Heimat, wie bei den Ober\u00f6sterreichischen Stiftskonzerten, dem Attergauer oder dem Reichersberger Kultursommer.<br \/>Er kennt die B\u00fchnen aller wichtigen Konzerth\u00e4user in \u00d6sterreich und viele im Ausland von Spanien bis Israel.<\/p><p>(2008)<\/p>\t\t\t\t\t\t\t\t<\/div>\n\t\t\t\t<\/div>\n\t\t\t\t<div class=\"elementor-element elementor-element-9853f5b elementor-widget elementor-widget-text-editor\" data-id=\"9853f5b\" data-element_type=\"widget\" data-widget_type=\"text-editor.default\">\n\t\t\t\t<div class=\"elementor-widget-container\">\n\t\t\t\t\t\t\t\t\t<p style=\"text-align: right;\">\n<a href=\"javascript:history.back();\">Zur\u00fcck<\/a>\n<\/p>\t\t\t\t\t\t\t\t<\/div>\n\t\t\t\t<\/div>\n\t\t\t\t<\/div>\n\t\t\t\t\t<\/div>\n\t\t\t\t<\/div>\n\t\t\t\t<\/div>\n\t\t","protected":false},"excerpt":{"rendered":"<p>Fl\u00f6te Auftritte im Linzer Konzertverein: 09.04.2008, Fr\u00fchjahrskonzert &#8222;Kl\u00e4nge aus dem S\u00fcden&#8220; Der Fl\u00f6tist Thomas Kapun wurde 1982 in Linz geboren.Die Liebe zur Musik und die Begabung f\u00fcr das Instrument wurden ihm sozusagen als Sohn von Prof. Peter Kapun in die Wiege gelegt.Gef\u00f6rdert wurde er im Linzer Musikgymnasium und als Elfj\u00e4hriger sammelte er erste Orchestererfahrung bei &hellip; <\/p>\n<p class=\"link-more\"><a href=\"https:\/\/wppool.abenteuerbox.at\/DA_KV_Linz\/?page_id=4434\" class=\"more-link\">Read more<span class=\"screen-reader-text\"> &#8222;Thomas Kapun&#8220;<\/span><\/a><\/p>\n","protected":false},"author":1,"featured_media":0,"parent":0,"menu_order":0,"comment_status":"closed","ping_status":"closed","template":"","meta":{"inspiro_hide_title":false,"footnotes":""},"class_list":["post-4434","page","type-page","status-publish","hentry"],"_links":{"self":[{"href":"https:\/\/wppool.abenteuerbox.at\/DA_KV_Linz\/index.php?rest_route=\/wp\/v2\/pages\/4434","targetHints":{"allow":["GET"]}}],"collection":[{"href":"https:\/\/wppool.abenteuerbox.at\/DA_KV_Linz\/index.php?rest_route=\/wp\/v2\/pages"}],"about":[{"href":"https:\/\/wppool.abenteuerbox.at\/DA_KV_Linz\/index.php?rest_route=\/wp\/v2\/types\/page"}],"author":[{"embeddable":true,"href":"https:\/\/wppool.abenteuerbox.at\/DA_KV_Linz\/index.php?rest_route=\/wp\/v2\/users\/1"}],"replies":[{"embeddable":true,"href":"https:\/\/wppool.abenteuerbox.at\/DA_KV_Linz\/index.php?rest_route=%2Fwp%2Fv2%2Fcomments&post=4434"}],"version-history":[{"count":7,"href":"https:\/\/wppool.abenteuerbox.at\/DA_KV_Linz\/index.php?rest_route=\/wp\/v2\/pages\/4434\/revisions"}],"predecessor-version":[{"id":7244,"href":"https:\/\/wppool.abenteuerbox.at\/DA_KV_Linz\/index.php?rest_route=\/wp\/v2\/pages\/4434\/revisions\/7244"}],"wp:attachment":[{"href":"https:\/\/wppool.abenteuerbox.at\/DA_KV_Linz\/index.php?rest_route=%2Fwp%2Fv2%2Fmedia&parent=4434"}],"curies":[{"name":"wp","href":"https:\/\/api.w.org\/{rel}","templated":true}]}}