{"id":4774,"date":"2025-01-21T10:40:10","date_gmt":"2025-01-21T09:40:10","guid":{"rendered":"https:\/\/wppool.abenteuerbox.at\/DA_KV_Linz\/?page_id=4774"},"modified":"2025-01-24T20:44:39","modified_gmt":"2025-01-24T19:44:39","slug":"tomas-strahl","status":"publish","type":"page","link":"https:\/\/wppool.abenteuerbox.at\/DA_KV_Linz\/?page_id=4774","title":{"rendered":"Tomas Strahl"},"content":{"rendered":"\t\t<div data-elementor-type=\"wp-page\" data-elementor-id=\"4774\" class=\"elementor elementor-4774\">\n\t\t\t\t<div class=\"elementor-element elementor-element-d7872db e-flex e-con-boxed e-con e-parent\" data-id=\"d7872db\" data-element_type=\"container\">\n\t\t\t\t\t<div class=\"e-con-inner\">\n\t\t<div class=\"elementor-element elementor-element-3ea44ee e-con-full e-flex e-con e-child\" data-id=\"3ea44ee\" data-element_type=\"container\">\n\t\t\t\t<div class=\"elementor-element elementor-element-9a71dd3 elementor-widget elementor-widget-heading\" data-id=\"9a71dd3\" data-element_type=\"widget\" data-widget_type=\"heading.default\">\n\t\t\t\t<div class=\"elementor-widget-container\">\n\t\t\t\t\t<h3 class=\"elementor-heading-title elementor-size-default\">Cello<\/h3>\t\t\t\t<\/div>\n\t\t\t\t<\/div>\n\t\t\t\t<div class=\"elementor-element elementor-element-25a989c elementor-widget elementor-widget-text-editor\" data-id=\"25a989c\" data-element_type=\"widget\" data-widget_type=\"text-editor.default\">\n\t\t\t\t<div class=\"elementor-widget-container\">\n\t\t\t\t\t\t\t\t\t<p><strong>Auftritte im Linzer Konzertverein:<\/strong><br \/>29.11.1995, Sinfoniekonzert<\/p>\t\t\t\t\t\t\t\t<\/div>\n\t\t\t\t<\/div>\n\t\t\t\t<\/div>\n\t\t<div class=\"elementor-element elementor-element-7706033 e-con-full e-flex e-con e-child\" data-id=\"7706033\" data-element_type=\"container\">\n\t\t\t\t<div class=\"elementor-element elementor-element-39a0b36 elementor-widget elementor-widget-image\" data-id=\"39a0b36\" data-element_type=\"widget\" data-widget_type=\"image.default\">\n\t\t\t\t<div class=\"elementor-widget-container\">\n\t\t\t\t\t\t\t\t\t\t\t\t\t\t\t<img decoding=\"async\" width=\"155\" height=\"200\" src=\"https:\/\/wppool.abenteuerbox.at\/DA_KV_Linz\/wp-content\/uploads\/2025\/01\/Strahl_Tomas.jpg\" class=\"attachment-large size-large wp-image-4789\" alt=\"\" sizes=\"100vw\" \/>\t\t\t\t\t\t\t\t\t\t\t\t\t\t\t<\/div>\n\t\t\t\t<\/div>\n\t\t\t\t<\/div>\n\t\t<div class=\"elementor-element elementor-element-1f8620a e-con-full e-flex e-con e-child\" data-id=\"1f8620a\" data-element_type=\"container\">\n\t\t\t\t<div class=\"elementor-element elementor-element-86928a8 elementor-widget elementor-widget-text-editor\" data-id=\"86928a8\" data-element_type=\"widget\" data-widget_type=\"text-editor.default\">\n\t\t\t\t<div class=\"elementor-widget-container\">\n\t\t\t\t\t\t\t\t\t<p>Am 30. 12. 1965 in Jelenia Gora (ehemals Hirschberg) geboren. Bereits im Alter von 15 bis 17 Jahren gewann er mehrere bedeutende nationale Cellowettbewerbe in Elblag, Posen, in Dresden, Deutschland und den 1. Preis im Akademischen Wettbewerb in Warschau.<br \/>1989 absolvierte er die Musikakademie in Warschau bei Professor Michalik.<br \/>1991 studierte er an der Musikhochschule Wien, bei Prof. K\u00fchne. Meisterkurse absolvierte er bei den Professoren D. Schafran und M. Sadlo. Im selben Jahr gewann Tomas Strahl den 1. Preis im internationalen Cellowettbewerb in San Sebastian (Spanien).<br \/>1993 f\u00fchrte Tomas Strahl das Cellokonzert von Witold Lutoslawski unter pers\u00f6nlichen Anweisungen des Komponisten auf.<br \/>Zahlreiche Konzertreisen f\u00fchrten den K\u00fcnstler in fast alle L\u00e4nder des Kontinents.<br \/>Als Dozent ist Tomas Strahl an der Warschauer Musikakademie und an vielen Meisterkursen als Hochschullehrer im In- und Ausland t\u00e4tig.<\/p><p>(1995)<\/p>\t\t\t\t\t\t\t\t<\/div>\n\t\t\t\t<\/div>\n\t\t\t\t<div class=\"elementor-element elementor-element-0eca67d elementor-widget elementor-widget-text-editor\" data-id=\"0eca67d\" data-element_type=\"widget\" data-widget_type=\"text-editor.default\">\n\t\t\t\t<div class=\"elementor-widget-container\">\n\t\t\t\t\t\t\t\t\t<p style=\"text-align: right;\">\n<a href=\"javascript:history.back();\">Zur\u00fcck<\/a>\n<\/p>\t\t\t\t\t\t\t\t<\/div>\n\t\t\t\t<\/div>\n\t\t\t\t<\/div>\n\t\t\t\t\t<\/div>\n\t\t\t\t<\/div>\n\t\t\t\t<\/div>\n\t\t","protected":false},"excerpt":{"rendered":"<p>Cello Auftritte im Linzer Konzertverein:29.11.1995, Sinfoniekonzert Am 30. 12. 1965 in Jelenia Gora (ehemals Hirschberg) geboren. Bereits im Alter von 15 bis 17 Jahren gewann er mehrere bedeutende nationale Cellowettbewerbe in Elblag, Posen, in Dresden, Deutschland und den 1. Preis im Akademischen Wettbewerb in Warschau.1989 absolvierte er die Musikakademie in Warschau bei Professor Michalik.1991 studierte &hellip; <\/p>\n<p class=\"link-more\"><a href=\"https:\/\/wppool.abenteuerbox.at\/DA_KV_Linz\/?page_id=4774\" class=\"more-link\">Read more<span class=\"screen-reader-text\"> &#8222;Tomas Strahl&#8220;<\/span><\/a><\/p>\n","protected":false},"author":1,"featured_media":0,"parent":0,"menu_order":0,"comment_status":"closed","ping_status":"closed","template":"","meta":{"inspiro_hide_title":false,"footnotes":""},"class_list":["post-4774","page","type-page","status-publish","hentry"],"_links":{"self":[{"href":"https:\/\/wppool.abenteuerbox.at\/DA_KV_Linz\/index.php?rest_route=\/wp\/v2\/pages\/4774","targetHints":{"allow":["GET"]}}],"collection":[{"href":"https:\/\/wppool.abenteuerbox.at\/DA_KV_Linz\/index.php?rest_route=\/wp\/v2\/pages"}],"about":[{"href":"https:\/\/wppool.abenteuerbox.at\/DA_KV_Linz\/index.php?rest_route=\/wp\/v2\/types\/page"}],"author":[{"embeddable":true,"href":"https:\/\/wppool.abenteuerbox.at\/DA_KV_Linz\/index.php?rest_route=\/wp\/v2\/users\/1"}],"replies":[{"embeddable":true,"href":"https:\/\/wppool.abenteuerbox.at\/DA_KV_Linz\/index.php?rest_route=%2Fwp%2Fv2%2Fcomments&post=4774"}],"version-history":[{"count":10,"href":"https:\/\/wppool.abenteuerbox.at\/DA_KV_Linz\/index.php?rest_route=\/wp\/v2\/pages\/4774\/revisions"}],"predecessor-version":[{"id":7581,"href":"https:\/\/wppool.abenteuerbox.at\/DA_KV_Linz\/index.php?rest_route=\/wp\/v2\/pages\/4774\/revisions\/7581"}],"wp:attachment":[{"href":"https:\/\/wppool.abenteuerbox.at\/DA_KV_Linz\/index.php?rest_route=%2Fwp%2Fv2%2Fmedia&parent=4774"}],"curies":[{"name":"wp","href":"https:\/\/api.w.org\/{rel}","templated":true}]}}