{"id":5386,"date":"2025-01-22T10:36:51","date_gmt":"2025-01-22T09:36:51","guid":{"rendered":"https:\/\/wppool.abenteuerbox.at\/DA_KV_Linz\/?page_id=5386"},"modified":"2025-01-27T11:53:51","modified_gmt":"2025-01-27T10:53:51","slug":"dir-josef-straub","status":"publish","type":"page","link":"https:\/\/wppool.abenteuerbox.at\/DA_KV_Linz\/?page_id=5386","title":{"rendered":"Dir. Josef Straub"},"content":{"rendered":"\t\t<div data-elementor-type=\"wp-page\" data-elementor-id=\"5386\" class=\"elementor elementor-5386\">\n\t\t\t\t<div class=\"elementor-element elementor-element-d5fdf48 e-flex e-con-boxed e-con e-parent\" data-id=\"d5fdf48\" data-element_type=\"container\">\n\t\t\t\t\t<div class=\"e-con-inner\">\n\t\t<div class=\"elementor-element elementor-element-a7bf882 e-con-full e-flex e-con e-child\" data-id=\"a7bf882\" data-element_type=\"container\">\n\t\t\t\t<div class=\"elementor-element elementor-element-67f285b elementor-widget elementor-widget-heading\" data-id=\"67f285b\" data-element_type=\"widget\" data-widget_type=\"heading.default\">\n\t\t\t\t<div class=\"elementor-widget-container\">\n\t\t\t\t\t<h2 class=\"elementor-heading-title elementor-size-default\">Obmann<\/h2>\t\t\t\t<\/div>\n\t\t\t\t<\/div>\n\t\t\t\t<div class=\"elementor-element elementor-element-734730f elementor-widget elementor-widget-text-editor\" data-id=\"734730f\" data-element_type=\"widget\" data-widget_type=\"text-editor.default\">\n\t\t\t\t<div class=\"elementor-widget-container\">\n\t\t\t\t\t\t\t\t\t<p>Obmann 1920-1939<\/p>\t\t\t\t\t\t\t\t<\/div>\n\t\t\t\t<\/div>\n\t\t\t\t<\/div>\n\t\t<div class=\"elementor-element elementor-element-f396070 e-con-full e-flex e-con e-child\" data-id=\"f396070\" data-element_type=\"container\">\n\t\t\t\t<div class=\"elementor-element elementor-element-9fe8b82 elementor-widget elementor-widget-image\" data-id=\"9fe8b82\" data-element_type=\"widget\" data-widget_type=\"image.default\">\n\t\t\t\t<div class=\"elementor-widget-container\">\n\t\t\t\t\t\t\t\t\t\t\t\t\t\t\t<img fetchpriority=\"high\" decoding=\"async\" width=\"466\" height=\"600\" src=\"https:\/\/wppool.abenteuerbox.at\/DA_KV_Linz\/wp-content\/uploads\/2025\/01\/Straub_Josef.jpg\" class=\"attachment-large size-large wp-image-5388\" alt=\"\" srcset=\"https:\/\/wppool.abenteuerbox.at\/DA_KV_Linz\/wp-content\/uploads\/2025\/01\/Straub_Josef.jpg 466w, https:\/\/wppool.abenteuerbox.at\/DA_KV_Linz\/wp-content\/uploads\/2025\/01\/Straub_Josef-233x300.jpg 233w\" sizes=\"100vw\" \/>\t\t\t\t\t\t\t\t\t\t\t\t\t\t\t<\/div>\n\t\t\t\t<\/div>\n\t\t\t\t<\/div>\n\t\t<div class=\"elementor-element elementor-element-fff4075 e-con-full e-flex e-con e-child\" data-id=\"fff4075\" data-element_type=\"container\">\n\t\t\t\t<div class=\"elementor-element elementor-element-f76cce7 elementor-widget elementor-widget-text-editor\" data-id=\"f76cce7\" data-element_type=\"widget\" data-widget_type=\"text-editor.default\">\n\t\t\t\t<div class=\"elementor-widget-container\">\n\t\t\t\t\t\t\t\t\t<p>Josef Straub wurde am 12. Mai 1889 geboren. Schon w\u00e4hrend seiner Mittelschulzeit in Linz fiel er als guter S\u00e4nger auf. Aus dem S\u00e4ngerknaben im Linzer Dom wurde ein Pianist und vor allem ein t\u00fcchtiger Hornist. Er machte allerdings nicht die Musik zu seinem Beruf. In Anbetracht der schwierigen materiellen Lage der damaligen Berufsmusiker rieten ihm die Eltern zu einem Brotberuf als Bankbeamter. Lehrjahre verbrachte er in Paris und London. Als Soldat im ersten Weltkrieg kehrte er mit einer schweren Verwundung nach Linz zur\u00fcck. Die Idee, ein Laiensymphonieorchester zu gr\u00fcnden lie\u00df ihn nicht mehr los und er machte aus der &#8222;Tonzunft&#8220;, die 1919 ins Leben gerufen worden war und deren Obmann-Stellvertreter er war, den LINZER KONZERTVEREIN und \u00fcbernahm ab 1920 bis 1946 die Obmannstelle.<\/p><p>In der Zwischenkriegszeit nach dem Ersten Weltkrieg war der LINZER KONZERTVEREIN der f\u00fchrende musikalische Verein, der die Tradition von Symphoniekonzerten aufrecht hielt. In Linz bestand zu jener Zeit keine andere, orchestrale Musik betreibende Organisation.<\/p><p>Sparkassendirektor Josef Straub n\u00fctzte als Obmann und Ehrenobmann (1959) seine gro\u00dfe Sachkenntnis und seine vielfachen Beziehungen zum Wohle des Vereines.<\/p><p>Obmann Josef Straub gelang es, nachdem der LINZER KONZERTVEREIN am 22. April 1939 noch ein Festkonzert anl\u00e4sslich seines zwanzigj\u00e4hrigen Bestehens veranstalten konnte, den Verein vor der drohenden Aufl\u00f6sung zu retten. Er konnte den LINZER KONZERTVEREIN rechtzeitig bei den Berliner Beh\u00f6rden als ruhend anmelden. An eine Fortf\u00fchrung der Konzertt\u00e4tigkeit war w\u00e4hrend des Krieges ohnehin nicht zu denken.<\/p><p>Nach dem Krieg, im Jahre 1946, wurde er beruflich nach Peuerbach versetzt und Reg. Rat Hermann Furthmoser \u00fcbernahm das Amt des Obmannes.<\/p><p>Der Obmann und Ehrenobmann des LINZER KONZERTVEREINS, Josef Straub, starb am 21. Mai 1974 im Alter von 85 Jahren.<\/p>\t\t\t\t\t\t\t\t<\/div>\n\t\t\t\t<\/div>\n\t\t\t\t<div class=\"elementor-element elementor-element-81327e2 elementor-widget elementor-widget-text-editor\" data-id=\"81327e2\" data-element_type=\"widget\" data-widget_type=\"text-editor.default\">\n\t\t\t\t<div class=\"elementor-widget-container\">\n\t\t\t\t\t\t\t\t\t<p style=\"text-align: right;\">\n<a href=\"javascript:history.back();\">Zur\u00fcck<\/a>\n<\/p>\t\t\t\t\t\t\t\t<\/div>\n\t\t\t\t<\/div>\n\t\t\t\t<\/div>\n\t\t\t\t\t<\/div>\n\t\t\t\t<\/div>\n\t\t\t\t<\/div>\n\t\t","protected":false},"excerpt":{"rendered":"<p>Obmann Obmann 1920-1939 Josef Straub wurde am 12. Mai 1889 geboren. Schon w\u00e4hrend seiner Mittelschulzeit in Linz fiel er als guter S\u00e4nger auf. Aus dem S\u00e4ngerknaben im Linzer Dom wurde ein Pianist und vor allem ein t\u00fcchtiger Hornist. Er machte allerdings nicht die Musik zu seinem Beruf. In Anbetracht der schwierigen materiellen Lage der damaligen &hellip; <\/p>\n<p class=\"link-more\"><a href=\"https:\/\/wppool.abenteuerbox.at\/DA_KV_Linz\/?page_id=5386\" class=\"more-link\">Read more<span class=\"screen-reader-text\"> &#8222;Dir. Josef Straub&#8220;<\/span><\/a><\/p>\n","protected":false},"author":1,"featured_media":0,"parent":0,"menu_order":0,"comment_status":"closed","ping_status":"closed","template":"","meta":{"inspiro_hide_title":false,"footnotes":""},"class_list":["post-5386","page","type-page","status-publish","hentry"],"_links":{"self":[{"href":"https:\/\/wppool.abenteuerbox.at\/DA_KV_Linz\/index.php?rest_route=\/wp\/v2\/pages\/5386","targetHints":{"allow":["GET"]}}],"collection":[{"href":"https:\/\/wppool.abenteuerbox.at\/DA_KV_Linz\/index.php?rest_route=\/wp\/v2\/pages"}],"about":[{"href":"https:\/\/wppool.abenteuerbox.at\/DA_KV_Linz\/index.php?rest_route=\/wp\/v2\/types\/page"}],"author":[{"embeddable":true,"href":"https:\/\/wppool.abenteuerbox.at\/DA_KV_Linz\/index.php?rest_route=\/wp\/v2\/users\/1"}],"replies":[{"embeddable":true,"href":"https:\/\/wppool.abenteuerbox.at\/DA_KV_Linz\/index.php?rest_route=%2Fwp%2Fv2%2Fcomments&post=5386"}],"version-history":[{"count":10,"href":"https:\/\/wppool.abenteuerbox.at\/DA_KV_Linz\/index.php?rest_route=\/wp\/v2\/pages\/5386\/revisions"}],"predecessor-version":[{"id":8389,"href":"https:\/\/wppool.abenteuerbox.at\/DA_KV_Linz\/index.php?rest_route=\/wp\/v2\/pages\/5386\/revisions\/8389"}],"wp:attachment":[{"href":"https:\/\/wppool.abenteuerbox.at\/DA_KV_Linz\/index.php?rest_route=%2Fwp%2Fv2%2Fmedia&parent=5386"}],"curies":[{"name":"wp","href":"https:\/\/api.w.org\/{rel}","templated":true}]}}