{"id":540,"date":"2025-01-07T18:28:39","date_gmt":"2025-01-07T17:28:39","guid":{"rendered":"https:\/\/wppool.abenteuerbox.at\/DA_KV_Linz\/?page_id=540"},"modified":"2025-01-24T12:45:09","modified_gmt":"2025-01-24T11:45:09","slug":"walter-rescheneder","status":"publish","type":"page","link":"https:\/\/wppool.abenteuerbox.at\/DA_KV_Linz\/?page_id=540","title":{"rendered":"Walter Rescheneder"},"content":{"rendered":"\t\t<div data-elementor-type=\"wp-page\" data-elementor-id=\"540\" class=\"elementor elementor-540\">\n\t\t\t\t<div class=\"elementor-element elementor-element-9570e07 e-flex e-con-boxed e-con e-parent\" data-id=\"9570e07\" data-element_type=\"container\">\n\t\t\t\t\t<div class=\"e-con-inner\">\n\t\t<div class=\"elementor-element elementor-element-686a0b5 e-con-full e-flex e-con e-child\" data-id=\"686a0b5\" data-element_type=\"container\">\n\t\t\t\t<div class=\"elementor-element elementor-element-54ce26a elementor-widget elementor-widget-heading\" data-id=\"54ce26a\" data-element_type=\"widget\" data-widget_type=\"heading.default\">\n\t\t\t\t<div class=\"elementor-widget-container\">\n\t\t\t\t\t<h2 class=\"elementor-heading-title elementor-size-default\">Dirigent<\/h2>\t\t\t\t<\/div>\n\t\t\t\t<\/div>\n\t\t\t\t<div class=\"elementor-element elementor-element-b942181 elementor-widget elementor-widget-text-editor\" data-id=\"b942181\" data-element_type=\"widget\" data-widget_type=\"text-editor.default\">\n\t\t\t\t<div class=\"elementor-widget-container\">\n\t\t\t\t\t\t\t\t\t<p><strong>Auftritte im Linzer Konzertverein<\/strong><\/p><p>27.11.2024, Herbstkonzert<br \/>22.03.2024, Fr\u00fchjahrskonzert<br \/>20.03.2017, Fr\u00fchjahrskonzert<br \/>02.04.2014, Fr\u00fchjahrskonzert<br \/>09.04.2008, Fr\u00fchjahrskonzert &#8222;Kl\u00e4nge aus dem S\u00fcden&#8220;<\/p>\t\t\t\t\t\t\t\t<\/div>\n\t\t\t\t<\/div>\n\t\t\t\t<\/div>\n\t\t<div class=\"elementor-element elementor-element-b7d27c9 e-con-full e-flex e-con e-child\" data-id=\"b7d27c9\" data-element_type=\"container\">\n\t\t\t\t<div class=\"elementor-element elementor-element-4aadfb3 elementor-widget elementor-widget-image\" data-id=\"4aadfb3\" data-element_type=\"widget\" data-widget_type=\"image.default\">\n\t\t\t\t<div class=\"elementor-widget-container\">\n\t\t\t\t\t\t\t\t\t\t\t\t\t\t\t<img decoding=\"async\" width=\"140\" height=\"169\" src=\"https:\/\/wppool.abenteuerbox.at\/DA_KV_Linz\/wp-content\/uploads\/2024\/11\/Rescheneder_Walter.jpg\" class=\"attachment-large size-large wp-image-180\" alt=\"\" sizes=\"100vw\" \/>\t\t\t\t\t\t\t\t\t\t\t\t\t\t\t<\/div>\n\t\t\t\t<\/div>\n\t\t\t\t<\/div>\n\t\t<div class=\"elementor-element elementor-element-d9d79e0 e-con-full e-flex e-con e-child\" data-id=\"d9d79e0\" data-element_type=\"container\">\n\t\t\t\t<div class=\"elementor-element elementor-element-258166c elementor-widget elementor-widget-text-editor\" data-id=\"258166c\" data-element_type=\"widget\" data-widget_type=\"text-editor.default\">\n\t\t\t\t<div class=\"elementor-widget-container\">\n\t\t\t\t\t\t\t\t\t<p>Walter Rescheneder wurde am 20. Juni 1948 in Linz geboren. Er studierte Klarinette und Dirigieren am Linzer Brucknerkonservatorium und am Mozarteum Salzburg.<\/p><p>Er ist seit 1968 musikalischer Leiter der Magistratsmusik Wels und seit 1972 Leiter des St\u00e4dtischen Symphonieorchesters Wels. Von 1979 bis 2007 war er Direktor der Landesmusikschule Wels. Seit 1991 ist er Landeskapellmeister und seit 2004 Bundeskapellmeister des Ober\u00f6sterreichischen Blasmusikverbandes.<\/p><p>Von 1991 bis 2015 war Walter Rescheneder, dem 2016 der Berufstitel &#8218;Professor&#8216; verliehen wurde, Landesmusikdirektor beim Amt der O\u00f6. Landesregierung. Als Blasmusikreferent beim ORF gestaltete und moderiert er im Rundfunk beliebte Sendungen wie &#8218;Klingendes Ober\u00f6sterreich&#8216; und &#8218;Musikanten spielt&#8217;s auf&#8216;.<\/p><p>Professor Walter Rescheneder ist ein wichtiger Eckpfeiler der heimischen Blasmusikszene, f\u00fcr die er auch zahlreiche Musikst\u00fccke komponierte. Er dirigierte klassische Operetten bei der M\u00fcnchner Opernb\u00fchne, der Wiener Operettenb\u00fchne und &#8218;Das Phantom der Oper&#8216; in Bad Leonfelden.<\/p><p>Immer aufgeschlossen f\u00fcr neue Aufgaben leitete er die Urauff\u00fchrung der Jugendoper &#8218;Picassa&#8216; und das Musical &#8218;Annie&#8216;. Zahlreiche Urauff\u00fchrungen internationaler und heimischer Komponisten erklangen unter seiner Stabf\u00fchrung. Viele Konzerte dirigierte er mit unterschiedlichsten Klangk\u00f6rpern vom World Youth Symphony Orchestra bis zum Kollegium Ennsegg.<\/p><p>Prof. Walter Rescheneder, dem auch das Goldene Verdienstzeichen des Landes verliehen wurde, ist auch als Referent bei Seminaren und als Juror bei internationalen Wettbewerben ein gefragter Mann.<\/p><p>(2016)<\/p>\t\t\t\t\t\t\t\t<\/div>\n\t\t\t\t<\/div>\n\t\t\t\t<div class=\"elementor-element elementor-element-9e91c2f elementor-widget elementor-widget-text-editor\" data-id=\"9e91c2f\" data-element_type=\"widget\" data-widget_type=\"text-editor.default\">\n\t\t\t\t<div class=\"elementor-widget-container\">\n\t\t\t\t\t\t\t\t\t<p style=\"text-align: right;\">\n<a href=\"javascript:history.back();\">Zur\u00fcck<\/a>\n<\/p>\t\t\t\t\t\t\t\t<\/div>\n\t\t\t\t<\/div>\n\t\t\t\t<\/div>\n\t\t\t\t\t<\/div>\n\t\t\t\t<\/div>\n\t\t\t\t<\/div>\n\t\t","protected":false},"excerpt":{"rendered":"<p>Dirigent Auftritte im Linzer Konzertverein 27.11.2024, Herbstkonzert22.03.2024, Fr\u00fchjahrskonzert20.03.2017, Fr\u00fchjahrskonzert02.04.2014, Fr\u00fchjahrskonzert09.04.2008, Fr\u00fchjahrskonzert &#8222;Kl\u00e4nge aus dem S\u00fcden&#8220; Walter Rescheneder wurde am 20. Juni 1948 in Linz geboren. Er studierte Klarinette und Dirigieren am Linzer Brucknerkonservatorium und am Mozarteum Salzburg. Er ist seit 1968 musikalischer Leiter der Magistratsmusik Wels und seit 1972 Leiter des St\u00e4dtischen Symphonieorchesters Wels. Von &hellip; <\/p>\n<p class=\"link-more\"><a href=\"https:\/\/wppool.abenteuerbox.at\/DA_KV_Linz\/?page_id=540\" class=\"more-link\">Read more<span class=\"screen-reader-text\"> &#8222;Walter Rescheneder&#8220;<\/span><\/a><\/p>\n","protected":false},"author":1,"featured_media":0,"parent":0,"menu_order":0,"comment_status":"closed","ping_status":"closed","template":"","meta":{"inspiro_hide_title":false,"footnotes":""},"class_list":["post-540","page","type-page","status-publish","hentry"],"_links":{"self":[{"href":"https:\/\/wppool.abenteuerbox.at\/DA_KV_Linz\/index.php?rest_route=\/wp\/v2\/pages\/540","targetHints":{"allow":["GET"]}}],"collection":[{"href":"https:\/\/wppool.abenteuerbox.at\/DA_KV_Linz\/index.php?rest_route=\/wp\/v2\/pages"}],"about":[{"href":"https:\/\/wppool.abenteuerbox.at\/DA_KV_Linz\/index.php?rest_route=\/wp\/v2\/types\/page"}],"author":[{"embeddable":true,"href":"https:\/\/wppool.abenteuerbox.at\/DA_KV_Linz\/index.php?rest_route=\/wp\/v2\/users\/1"}],"replies":[{"embeddable":true,"href":"https:\/\/wppool.abenteuerbox.at\/DA_KV_Linz\/index.php?rest_route=%2Fwp%2Fv2%2Fcomments&post=540"}],"version-history":[{"count":29,"href":"https:\/\/wppool.abenteuerbox.at\/DA_KV_Linz\/index.php?rest_route=\/wp\/v2\/pages\/540\/revisions"}],"predecessor-version":[{"id":6277,"href":"https:\/\/wppool.abenteuerbox.at\/DA_KV_Linz\/index.php?rest_route=\/wp\/v2\/pages\/540\/revisions\/6277"}],"wp:attachment":[{"href":"https:\/\/wppool.abenteuerbox.at\/DA_KV_Linz\/index.php?rest_route=%2Fwp%2Fv2%2Fmedia&parent=540"}],"curies":[{"name":"wp","href":"https:\/\/api.w.org\/{rel}","templated":true}]}}