{"id":5407,"date":"2025-01-22T10:43:59","date_gmt":"2025-01-22T09:43:59","guid":{"rendered":"https:\/\/wppool.abenteuerbox.at\/DA_KV_Linz\/?page_id=5407"},"modified":"2025-01-27T11:54:27","modified_gmt":"2025-01-27T10:54:27","slug":"hermann-furthmoser","status":"publish","type":"page","link":"https:\/\/wppool.abenteuerbox.at\/DA_KV_Linz\/?page_id=5407","title":{"rendered":"Hermann Furthmoser"},"content":{"rendered":"\t\t<div data-elementor-type=\"wp-page\" data-elementor-id=\"5407\" class=\"elementor elementor-5407\">\n\t\t\t\t<div class=\"elementor-element elementor-element-fd5d011 e-flex e-con-boxed e-con e-parent\" data-id=\"fd5d011\" data-element_type=\"container\">\n\t\t\t\t\t<div class=\"e-con-inner\">\n\t\t<div class=\"elementor-element elementor-element-aac0268 e-con-full e-flex e-con e-child\" data-id=\"aac0268\" data-element_type=\"container\">\n\t\t\t\t<div class=\"elementor-element elementor-element-1126c9d elementor-widget elementor-widget-heading\" data-id=\"1126c9d\" data-element_type=\"widget\" data-widget_type=\"heading.default\">\n\t\t\t\t<div class=\"elementor-widget-container\">\n\t\t\t\t\t<h2 class=\"elementor-heading-title elementor-size-default\">Obmann<\/h2>\t\t\t\t<\/div>\n\t\t\t\t<\/div>\n\t\t\t\t<div class=\"elementor-element elementor-element-86d841e elementor-widget elementor-widget-text-editor\" data-id=\"86d841e\" data-element_type=\"widget\" data-widget_type=\"text-editor.default\">\n\t\t\t\t<div class=\"elementor-widget-container\">\n\t\t\t\t\t\t\t\t\t<p>Obmann 1946-1953<\/p>\t\t\t\t\t\t\t\t<\/div>\n\t\t\t\t<\/div>\n\t\t\t\t<\/div>\n\t\t<div class=\"elementor-element elementor-element-dd17cf1 e-con-full e-flex e-con e-child\" data-id=\"dd17cf1\" data-element_type=\"container\">\n\t\t\t\t<div class=\"elementor-element elementor-element-fe368fa elementor-widget elementor-widget-image\" data-id=\"fe368fa\" data-element_type=\"widget\" data-widget_type=\"image.default\">\n\t\t\t\t<div class=\"elementor-widget-container\">\n\t\t\t\t\t\t\t\t\t\t\t\t\t\t\t<img fetchpriority=\"high\" decoding=\"async\" width=\"466\" height=\"600\" src=\"https:\/\/wppool.abenteuerbox.at\/DA_KV_Linz\/wp-content\/uploads\/2025\/01\/Furthmoser_Hermann.jpg\" class=\"attachment-large size-large wp-image-5415\" alt=\"\" srcset=\"https:\/\/wppool.abenteuerbox.at\/DA_KV_Linz\/wp-content\/uploads\/2025\/01\/Furthmoser_Hermann.jpg 466w, https:\/\/wppool.abenteuerbox.at\/DA_KV_Linz\/wp-content\/uploads\/2025\/01\/Furthmoser_Hermann-233x300.jpg 233w\" sizes=\"100vw\" \/>\t\t\t\t\t\t\t\t\t\t\t\t\t\t\t<\/div>\n\t\t\t\t<\/div>\n\t\t\t\t<\/div>\n\t\t<div class=\"elementor-element elementor-element-ae9fa1b e-con-full e-flex e-con e-child\" data-id=\"ae9fa1b\" data-element_type=\"container\">\n\t\t\t\t<div class=\"elementor-element elementor-element-c0b5bda elementor-widget elementor-widget-text-editor\" data-id=\"c0b5bda\" data-element_type=\"widget\" data-widget_type=\"text-editor.default\">\n\t\t\t\t<div class=\"elementor-widget-container\">\n\t\t\t\t\t\t\t\t\t<p>Einen Ehrenplatz in der Geschichte des LINZER KONZERTVEREINS nimmt auch Regierungsrat Hermann Furthmoser ein. Er hatte die Leitung des Vereins nach dem langj\u00e4hrigen Obmann Josef Straub, dem es gelungen war den LINZER KONZERTVEREIN bei den Berliner Beh\u00f6rden anno 1939 als ruhend zu melden, wodurch er seiner Aufl\u00f6sung entgangen war, \u00fcbernommen. Josef Straub war beruflich nach Peuerbach versetzt worden. Das Orchester hat Hermann Furthmoser als ausgezeichneter Kontrabassist schon unter Kapellmeister Max Damberger verst\u00e4rkt.<\/p><p>Im Alter von 56 Jahren verstarb Regierungsrat Furthmoser pl\u00f6tzlich am 4. September 1953.<\/p><p>&#8222;Die \u00fcberaus gro\u00dfe Zahl der Trauerg\u00e4ste bildete einen imposanten Beweis f\u00fcr die Beliebtheit des Verstorbenen, der 34 Jahre lang im Dienste der Landesregierung gestanden war\u2026.<br \/>Elf Bl\u00e4ser des LINZER KONZERTVEREINS, dessen Obmann der Verewigte war, spielten unter der Direktion von Prof. Anton Konrath\u2026<br \/>Jahrzehntelang hatte Furthmoser dem Linzer Domchor angeh\u00f6rt, mit dem er auch in Rom vor dem Heiligen Vater, im Pantheon und in den Katakomben gesungen hatte. Reg. Rat Furthmoser leitete auch den Festzug der Pummerin nach Wien\u2026<br \/>Landeshauptmann Dr. Glei\u00dfner nahm im Namen der Landesregierung Abschied von Hermann Furthmoser. Er pries dessen Gewissenhaftigkeit, sein Organisationstalent, seine Menschlichkeit, das entgegenkommende konziliante Wesen sowie seine frohe und gesellige Art. Abschlie\u00dfend bezeichnete Dr. Glei\u00dfner den Verewigten als &#8218;Vollmenschen in Arbeit und Freude&#8216;.<\/p><p>Soweit der Nachruf, erschienen im &#8222;Linzer Volksblatt&#8220; Nr. 207 vom 7. September 1953.<\/p><p>(2012)<\/p>\t\t\t\t\t\t\t\t<\/div>\n\t\t\t\t<\/div>\n\t\t\t\t<div class=\"elementor-element elementor-element-4e48b02 elementor-widget elementor-widget-text-editor\" data-id=\"4e48b02\" data-element_type=\"widget\" data-widget_type=\"text-editor.default\">\n\t\t\t\t<div class=\"elementor-widget-container\">\n\t\t\t\t\t\t\t\t\t<p style=\"text-align: right;\"><a>Zur\u00fcck<\/a><\/p>\t\t\t\t\t\t\t\t<\/div>\n\t\t\t\t<\/div>\n\t\t\t\t<\/div>\n\t\t\t\t\t<\/div>\n\t\t\t\t<\/div>\n\t\t\t\t<\/div>\n\t\t","protected":false},"excerpt":{"rendered":"<p>Obmann Obmann 1946-1953 Einen Ehrenplatz in der Geschichte des LINZER KONZERTVEREINS nimmt auch Regierungsrat Hermann Furthmoser ein. Er hatte die Leitung des Vereins nach dem langj\u00e4hrigen Obmann Josef Straub, dem es gelungen war den LINZER KONZERTVEREIN bei den Berliner Beh\u00f6rden anno 1939 als ruhend zu melden, wodurch er seiner Aufl\u00f6sung entgangen war, \u00fcbernommen. Josef Straub &hellip; <\/p>\n<p class=\"link-more\"><a href=\"https:\/\/wppool.abenteuerbox.at\/DA_KV_Linz\/?page_id=5407\" class=\"more-link\">Read more<span class=\"screen-reader-text\"> &#8222;Hermann Furthmoser&#8220;<\/span><\/a><\/p>\n","protected":false},"author":1,"featured_media":0,"parent":0,"menu_order":0,"comment_status":"closed","ping_status":"closed","template":"","meta":{"inspiro_hide_title":false,"footnotes":""},"class_list":["post-5407","page","type-page","status-publish","hentry"],"_links":{"self":[{"href":"https:\/\/wppool.abenteuerbox.at\/DA_KV_Linz\/index.php?rest_route=\/wp\/v2\/pages\/5407","targetHints":{"allow":["GET"]}}],"collection":[{"href":"https:\/\/wppool.abenteuerbox.at\/DA_KV_Linz\/index.php?rest_route=\/wp\/v2\/pages"}],"about":[{"href":"https:\/\/wppool.abenteuerbox.at\/DA_KV_Linz\/index.php?rest_route=\/wp\/v2\/types\/page"}],"author":[{"embeddable":true,"href":"https:\/\/wppool.abenteuerbox.at\/DA_KV_Linz\/index.php?rest_route=\/wp\/v2\/users\/1"}],"replies":[{"embeddable":true,"href":"https:\/\/wppool.abenteuerbox.at\/DA_KV_Linz\/index.php?rest_route=%2Fwp%2Fv2%2Fcomments&post=5407"}],"version-history":[{"count":10,"href":"https:\/\/wppool.abenteuerbox.at\/DA_KV_Linz\/index.php?rest_route=\/wp\/v2\/pages\/5407\/revisions"}],"predecessor-version":[{"id":8398,"href":"https:\/\/wppool.abenteuerbox.at\/DA_KV_Linz\/index.php?rest_route=\/wp\/v2\/pages\/5407\/revisions\/8398"}],"wp:attachment":[{"href":"https:\/\/wppool.abenteuerbox.at\/DA_KV_Linz\/index.php?rest_route=%2Fwp%2Fv2%2Fmedia&parent=5407"}],"curies":[{"name":"wp","href":"https:\/\/api.w.org\/{rel}","templated":true}]}}