{"id":5439,"date":"2025-01-22T11:41:37","date_gmt":"2025-01-22T10:41:37","guid":{"rendered":"https:\/\/wppool.abenteuerbox.at\/DA_KV_Linz\/?page_id=5439"},"modified":"2025-01-27T11:55:07","modified_gmt":"2025-01-27T10:55:07","slug":"wirkl-hofrat-dr-karl-galanda","status":"publish","type":"page","link":"https:\/\/wppool.abenteuerbox.at\/DA_KV_Linz\/?page_id=5439","title":{"rendered":"Wirkl. Hofrat Dr. Karl Galanda"},"content":{"rendered":"\t\t<div data-elementor-type=\"wp-page\" data-elementor-id=\"5439\" class=\"elementor elementor-5439\">\n\t\t\t\t<div class=\"elementor-element elementor-element-5b73042 e-flex e-con-boxed e-con e-parent\" data-id=\"5b73042\" data-element_type=\"container\">\n\t\t\t\t\t<div class=\"e-con-inner\">\n\t\t<div class=\"elementor-element elementor-element-0c1b478 e-con-full e-flex e-con e-child\" data-id=\"0c1b478\" data-element_type=\"container\">\n\t\t\t\t<div class=\"elementor-element elementor-element-95a64c6 elementor-widget elementor-widget-heading\" data-id=\"95a64c6\" data-element_type=\"widget\" data-widget_type=\"heading.default\">\n\t\t\t\t<div class=\"elementor-widget-container\">\n\t\t\t\t\t<h2 class=\"elementor-heading-title elementor-size-default\">Obmann<\/h2>\t\t\t\t<\/div>\n\t\t\t\t<\/div>\n\t\t\t\t<div class=\"elementor-element elementor-element-47c456b elementor-widget elementor-widget-text-editor\" data-id=\"47c456b\" data-element_type=\"widget\" data-widget_type=\"text-editor.default\">\n\t\t\t\t<div class=\"elementor-widget-container\">\n\t\t\t\t\t\t\t\t\t<p>Obmann 1953-1965<\/p>\t\t\t\t\t\t\t\t<\/div>\n\t\t\t\t<\/div>\n\t\t\t\t<\/div>\n\t\t<div class=\"elementor-element elementor-element-1796d88 e-con-full e-flex e-con e-child\" data-id=\"1796d88\" data-element_type=\"container\">\n\t\t\t\t<div class=\"elementor-element elementor-element-375427c elementor-widget elementor-widget-image\" data-id=\"375427c\" data-element_type=\"widget\" data-widget_type=\"image.default\">\n\t\t\t\t<div class=\"elementor-widget-container\">\n\t\t\t\t\t\t\t\t\t\t\t\t\t\t\t<img fetchpriority=\"high\" decoding=\"async\" width=\"466\" height=\"600\" src=\"https:\/\/wppool.abenteuerbox.at\/DA_KV_Linz\/wp-content\/uploads\/2025\/01\/Galanda_Karl.jpg\" class=\"attachment-large size-large wp-image-5441\" alt=\"\" srcset=\"https:\/\/wppool.abenteuerbox.at\/DA_KV_Linz\/wp-content\/uploads\/2025\/01\/Galanda_Karl.jpg 466w, https:\/\/wppool.abenteuerbox.at\/DA_KV_Linz\/wp-content\/uploads\/2025\/01\/Galanda_Karl-233x300.jpg 233w\" sizes=\"100vw\" \/>\t\t\t\t\t\t\t\t\t\t\t\t\t\t\t<\/div>\n\t\t\t\t<\/div>\n\t\t\t\t<\/div>\n\t\t<div class=\"elementor-element elementor-element-0ee1202 e-con-full e-flex e-con e-child\" data-id=\"0ee1202\" data-element_type=\"container\">\n\t\t\t\t<div class=\"elementor-element elementor-element-958d4db elementor-widget elementor-widget-text-editor\" data-id=\"958d4db\" data-element_type=\"widget\" data-widget_type=\"text-editor.default\">\n\t\t\t\t<div class=\"elementor-widget-container\">\n\t\t\t\t\t\t\t\t\t<p>Karl Galanda wurde als Sohn eines bekannten Linzer Uhrmachermeisters am 29. Mai 1906 in Linz geboren. Als Kind begann er mit dem Querfl\u00f6ten-Unterricht. Gemeinsam mit dem sp\u00e4teren Staatsoperndirigenten Prof. Wilhelm Loibner studierte er bei Prof. Wolfsgruber Musik und Harmonielehre in Linz.<\/p><p>Schon als Gymnasiast trat er dem LINZER KONZERTVEREIN bei, dem er mit schicksalbedingten Unterbrechungen bis 1980 angeh\u00f6rte.<\/p><p>Die erste Unterbrechung erfolgte nach der Matura am Khevenh\u00fcller-Gymnasium, als er zum Studium der Rechtswissenschaften nach Wien \u00fcbersiedelte. Doch auch w\u00e4hrend der Studienzeit vernachl\u00e4ssigte er seine musikalische Ausbildung nicht. Er studierte Fl\u00f6te bei Prof. Niedermeier, Mitglied der Wiener Philharmoniker und bei Prof. Gal, Lehrer f\u00fcr Harmonielehre an der Musikhochschule in Wien.<\/p><p>Nach absolviertem Studium wieder in Linz, wurde er in der Folge nach K\u00f6nigsberg versetzt und zur deutschen Wehrmacht einberufen.<\/p><p>1947 kehrte er aus der Kriegsgefangenschaft aus dem ber\u00fcchtigten Lager &#8222;Bad Kreuznach&#8220; in seine Heimatstadt zur\u00fcck. Hier trat er in den Dienst der Finanzlandesdirektion wo er es zum Wirkl. Hofrat und Leiter der Rechtsmittelabteilung in zweiter Instanz brachte.<\/p><p>Seine Freundschaft mit Prof. Anton Konrath, der nach dem Zweiten Weltkrieg st\u00e4ndiger Dirigent des LINZER KONZERTVEREINS war, band Hofrat Dr. Galanda wieder so fest an das Orchester, dass er von 1953 bis 1965 dessen Obmannstelle bekleidete.<\/p><p>F\u00fcr seine Verdienste als langj\u00e4hriger Obmann wurde Hofrat Dr. Galanda 1967 zum Ehrenmitglied des LINZER KONZERTVEREINS ernannt. Weiters wurde ihm vom Bundespr\u00e4sidenten das Gro\u00dfe Ehrenzeichen f\u00fcr Verdienste um die Republik \u00d6sterreich verliehen.<\/p><p>Hofrat Dr. Karl Galanda verstarb am 11. September 1990 in Linz.<\/p><p>(2012)<\/p>\t\t\t\t\t\t\t\t<\/div>\n\t\t\t\t<\/div>\n\t\t\t\t<div class=\"elementor-element elementor-element-5d5ac16 elementor-widget elementor-widget-text-editor\" data-id=\"5d5ac16\" data-element_type=\"widget\" data-widget_type=\"text-editor.default\">\n\t\t\t\t<div class=\"elementor-widget-container\">\n\t\t\t\t\t\t\t\t\t<p style=\"text-align: right;\">\n<a href=\"javascript:history.back();\">Zur\u00fcck<\/a>\n<\/p>\t\t\t\t\t\t\t\t<\/div>\n\t\t\t\t<\/div>\n\t\t\t\t<\/div>\n\t\t\t\t\t<\/div>\n\t\t\t\t<\/div>\n\t\t\t\t<\/div>\n\t\t","protected":false},"excerpt":{"rendered":"<p>Obmann Obmann 1953-1965 Karl Galanda wurde als Sohn eines bekannten Linzer Uhrmachermeisters am 29. Mai 1906 in Linz geboren. Als Kind begann er mit dem Querfl\u00f6ten-Unterricht. Gemeinsam mit dem sp\u00e4teren Staatsoperndirigenten Prof. Wilhelm Loibner studierte er bei Prof. Wolfsgruber Musik und Harmonielehre in Linz. Schon als Gymnasiast trat er dem LINZER KONZERTVEREIN bei, dem er &hellip; <\/p>\n<p class=\"link-more\"><a href=\"https:\/\/wppool.abenteuerbox.at\/DA_KV_Linz\/?page_id=5439\" class=\"more-link\">Read more<span class=\"screen-reader-text\"> &#8222;Wirkl. Hofrat Dr. Karl Galanda&#8220;<\/span><\/a><\/p>\n","protected":false},"author":1,"featured_media":0,"parent":0,"menu_order":0,"comment_status":"closed","ping_status":"closed","template":"","meta":{"inspiro_hide_title":false,"footnotes":""},"class_list":["post-5439","page","type-page","status-publish","hentry"],"_links":{"self":[{"href":"https:\/\/wppool.abenteuerbox.at\/DA_KV_Linz\/index.php?rest_route=\/wp\/v2\/pages\/5439","targetHints":{"allow":["GET"]}}],"collection":[{"href":"https:\/\/wppool.abenteuerbox.at\/DA_KV_Linz\/index.php?rest_route=\/wp\/v2\/pages"}],"about":[{"href":"https:\/\/wppool.abenteuerbox.at\/DA_KV_Linz\/index.php?rest_route=\/wp\/v2\/types\/page"}],"author":[{"embeddable":true,"href":"https:\/\/wppool.abenteuerbox.at\/DA_KV_Linz\/index.php?rest_route=\/wp\/v2\/users\/1"}],"replies":[{"embeddable":true,"href":"https:\/\/wppool.abenteuerbox.at\/DA_KV_Linz\/index.php?rest_route=%2Fwp%2Fv2%2Fcomments&post=5439"}],"version-history":[{"count":7,"href":"https:\/\/wppool.abenteuerbox.at\/DA_KV_Linz\/index.php?rest_route=\/wp\/v2\/pages\/5439\/revisions"}],"predecessor-version":[{"id":8404,"href":"https:\/\/wppool.abenteuerbox.at\/DA_KV_Linz\/index.php?rest_route=\/wp\/v2\/pages\/5439\/revisions\/8404"}],"wp:attachment":[{"href":"https:\/\/wppool.abenteuerbox.at\/DA_KV_Linz\/index.php?rest_route=%2Fwp%2Fv2%2Fmedia&parent=5439"}],"curies":[{"name":"wp","href":"https:\/\/api.w.org\/{rel}","templated":true}]}}