{"id":5445,"date":"2025-01-22T11:45:53","date_gmt":"2025-01-22T10:45:53","guid":{"rendered":"https:\/\/wppool.abenteuerbox.at\/DA_KV_Linz\/?page_id=5445"},"modified":"2025-01-22T11:58:06","modified_gmt":"2025-01-22T10:58:06","slug":"abt-dir-karl-pointner","status":"publish","type":"page","link":"https:\/\/wppool.abenteuerbox.at\/DA_KV_Linz\/?page_id=5445","title":{"rendered":"Abt. Dir. Karl Pointner"},"content":{"rendered":"\t\t<div data-elementor-type=\"wp-page\" data-elementor-id=\"5445\" class=\"elementor elementor-5445\">\n\t\t\t\t<div class=\"elementor-element elementor-element-0634351 e-flex e-con-boxed e-con e-parent\" data-id=\"0634351\" data-element_type=\"container\">\n\t\t\t\t\t<div class=\"e-con-inner\">\n\t\t<div class=\"elementor-element elementor-element-41e10c5 e-con-full e-flex e-con e-child\" data-id=\"41e10c5\" data-element_type=\"container\">\n\t\t\t\t<div class=\"elementor-element elementor-element-6ddd1a7 elementor-widget elementor-widget-heading\" data-id=\"6ddd1a7\" data-element_type=\"widget\" data-widget_type=\"heading.default\">\n\t\t\t\t<div class=\"elementor-widget-container\">\n\t\t\t\t\t<h2 class=\"elementor-heading-title elementor-size-default\">Obmann<\/h2>\t\t\t\t<\/div>\n\t\t\t\t<\/div>\n\t\t\t\t<div class=\"elementor-element elementor-element-8a1cb7b elementor-widget elementor-widget-text-editor\" data-id=\"8a1cb7b\" data-element_type=\"widget\" data-widget_type=\"text-editor.default\">\n\t\t\t\t<div class=\"elementor-widget-container\">\n\t\t\t\t\t\t\t\t\t<p>Obmann 1965-1968<\/p>\t\t\t\t\t\t\t\t<\/div>\n\t\t\t\t<\/div>\n\t\t\t\t<\/div>\n\t\t<div class=\"elementor-element elementor-element-b5219be e-con-full e-flex e-con e-child\" data-id=\"b5219be\" data-element_type=\"container\">\n\t\t\t\t<div class=\"elementor-element elementor-element-df5e166 elementor-widget elementor-widget-image\" data-id=\"df5e166\" data-element_type=\"widget\" data-widget_type=\"image.default\">\n\t\t\t\t<div class=\"elementor-widget-container\">\n\t\t\t\t\t\t\t\t\t\t\t\t\t\t\t<img decoding=\"async\" width=\"155\" height=\"200\" src=\"https:\/\/wppool.abenteuerbox.at\/DA_KV_Linz\/wp-content\/uploads\/2025\/01\/Pointner_Karl.jpg\" class=\"attachment-large size-large wp-image-5451\" alt=\"\" sizes=\"100vw\" \/>\t\t\t\t\t\t\t\t\t\t\t\t\t\t\t<\/div>\n\t\t\t\t<\/div>\n\t\t\t\t<\/div>\n\t\t<div class=\"elementor-element elementor-element-e7ee762 e-con-full e-flex e-con e-child\" data-id=\"e7ee762\" data-element_type=\"container\">\n\t\t\t\t<div class=\"elementor-element elementor-element-31b794c elementor-widget elementor-widget-text-editor\" data-id=\"31b794c\" data-element_type=\"widget\" data-widget_type=\"text-editor.default\">\n\t\t\t\t<div class=\"elementor-widget-container\">\n\t\t\t\t\t\t\t\t\t<p>Karl Pointner wurde 1930 in Linz geboren. Nach der Handelsakademie begann er seine Berufslaufbahn bei der O\u00d6 Hypobank, wo er 1976 Abteilungsdirektor wurde.<\/p><p>Von der Mutter erbte er die Liebe zur Musik. Besonders Konzerte und Kirchenmusik begeisterten den jungen Mann. Durch Zufall &#8222;stolperte&#8220; er \u00fcber ein unbenutztes Cello, als er im Kirchenchor von St. Antonius sang. Er nahm Unterricht am damaligen Linzer Brucknerkonservatorium und machte erste Orchestererfahrungen im Studentenwerk bei Prof. Robert Schollum.<\/p><p>Im Herbst 1950 bekam er eine Einladung zur Mitwirkung beim LINZER KONZERTVEREIN. Im Orchester war er bis 2011 als Cellist aktives Mitglied und war somit der am l\u00e4ngsten mitwirkende Musiker.<\/p><p>Abteilungsdirektor Karl Pointner war viele Jahre als Archivar im Vorstand t\u00e4tig, ehe er 1965 nach Oberfinanzrat Dr. Karl Galanda das Amt des Obmannes \u00fcbernahm und zum Nutzen des Vereins eine Reihe neuer Kr\u00e4fte mobilisierte.<br \/>1968 legte er die Obmannstelle aus beruflichen und privaten Gr\u00fcnden nieder. Im Verein war er auch einige Jahre als Rechnungspr\u00fcfer t\u00e4tig.<\/p><p>Karl Pointner bleibt nach seinem Ausscheiden als aktiver Musiker durch 61 Jahre auch weiterhin dem LINZER KONZERTVEREIN sehr verbunden.<\/p><p>1977 wurde er zum Ehrenmitglied des Vereines ernannt.<br \/>1990 wurde er mit dem Silbernen Verdienstzeichen des Landes Ober\u00f6sterreich ausgezeichnet.<\/p><p>Karl Pointner starb am 11. August 2015 im 86. Lebensjahr.<\/p><p>(2011)<\/p>\t\t\t\t\t\t\t\t<\/div>\n\t\t\t\t<\/div>\n\t\t\t\t<\/div>\n\t\t\t\t\t<\/div>\n\t\t\t\t<\/div>\n\t\t\t\t<\/div>\n\t\t","protected":false},"excerpt":{"rendered":"<p>Obmann Obmann 1965-1968 Karl Pointner wurde 1930 in Linz geboren. Nach der Handelsakademie begann er seine Berufslaufbahn bei der O\u00d6 Hypobank, wo er 1976 Abteilungsdirektor wurde. Von der Mutter erbte er die Liebe zur Musik. Besonders Konzerte und Kirchenmusik begeisterten den jungen Mann. Durch Zufall &#8222;stolperte&#8220; er \u00fcber ein unbenutztes Cello, als er im Kirchenchor &hellip; <\/p>\n<p class=\"link-more\"><a href=\"https:\/\/wppool.abenteuerbox.at\/DA_KV_Linz\/?page_id=5445\" class=\"more-link\">Read more<span class=\"screen-reader-text\"> &#8222;Abt. Dir. Karl Pointner&#8220;<\/span><\/a><\/p>\n","protected":false},"author":1,"featured_media":0,"parent":0,"menu_order":0,"comment_status":"closed","ping_status":"closed","template":"","meta":{"inspiro_hide_title":false,"footnotes":""},"class_list":["post-5445","page","type-page","status-publish","hentry"],"_links":{"self":[{"href":"https:\/\/wppool.abenteuerbox.at\/DA_KV_Linz\/index.php?rest_route=\/wp\/v2\/pages\/5445","targetHints":{"allow":["GET"]}}],"collection":[{"href":"https:\/\/wppool.abenteuerbox.at\/DA_KV_Linz\/index.php?rest_route=\/wp\/v2\/pages"}],"about":[{"href":"https:\/\/wppool.abenteuerbox.at\/DA_KV_Linz\/index.php?rest_route=\/wp\/v2\/types\/page"}],"author":[{"embeddable":true,"href":"https:\/\/wppool.abenteuerbox.at\/DA_KV_Linz\/index.php?rest_route=\/wp\/v2\/users\/1"}],"replies":[{"embeddable":true,"href":"https:\/\/wppool.abenteuerbox.at\/DA_KV_Linz\/index.php?rest_route=%2Fwp%2Fv2%2Fcomments&post=5445"}],"version-history":[{"count":9,"href":"https:\/\/wppool.abenteuerbox.at\/DA_KV_Linz\/index.php?rest_route=\/wp\/v2\/pages\/5445\/revisions"}],"predecessor-version":[{"id":6324,"href":"https:\/\/wppool.abenteuerbox.at\/DA_KV_Linz\/index.php?rest_route=\/wp\/v2\/pages\/5445\/revisions\/6324"}],"wp:attachment":[{"href":"https:\/\/wppool.abenteuerbox.at\/DA_KV_Linz\/index.php?rest_route=%2Fwp%2Fv2%2Fmedia&parent=5445"}],"curies":[{"name":"wp","href":"https:\/\/api.w.org\/{rel}","templated":true}]}}