{"id":5475,"date":"2025-01-22T11:59:02","date_gmt":"2025-01-22T10:59:02","guid":{"rendered":"https:\/\/wppool.abenteuerbox.at\/DA_KV_Linz\/?page_id=5475"},"modified":"2025-01-22T12:02:03","modified_gmt":"2025-01-22T11:02:03","slug":"konsulent-wolfram-ziegler","status":"publish","type":"page","link":"https:\/\/wppool.abenteuerbox.at\/DA_KV_Linz\/?page_id=5475","title":{"rendered":"Konsulent Wolfram Ziegler"},"content":{"rendered":"\t\t<div data-elementor-type=\"wp-page\" data-elementor-id=\"5475\" class=\"elementor elementor-5475\">\n\t\t\t\t<div class=\"elementor-element elementor-element-a52da42 e-flex e-con-boxed e-con e-parent\" data-id=\"a52da42\" data-element_type=\"container\">\n\t\t\t\t\t<div class=\"e-con-inner\">\n\t\t<div class=\"elementor-element elementor-element-af7a7fc e-con-full e-flex e-con e-child\" data-id=\"af7a7fc\" data-element_type=\"container\">\n\t\t\t\t<div class=\"elementor-element elementor-element-e91b9b5 elementor-widget elementor-widget-heading\" data-id=\"e91b9b5\" data-element_type=\"widget\" data-widget_type=\"heading.default\">\n\t\t\t\t<div class=\"elementor-widget-container\">\n\t\t\t\t\t<h2 class=\"elementor-heading-title elementor-size-default\">Obmann<\/h2>\t\t\t\t<\/div>\n\t\t\t\t<\/div>\n\t\t\t\t<div class=\"elementor-element elementor-element-a85f306 elementor-widget elementor-widget-text-editor\" data-id=\"a85f306\" data-element_type=\"widget\" data-widget_type=\"text-editor.default\">\n\t\t\t\t<div class=\"elementor-widget-container\">\n\t\t\t\t\t\t\t\t\t<p>Obmann und Pr\u00e4sident 1968 \u2013 2006<\/p>\t\t\t\t\t\t\t\t<\/div>\n\t\t\t\t<\/div>\n\t\t\t\t<\/div>\n\t\t<div class=\"elementor-element elementor-element-6e5ea4c e-con-full e-flex e-con e-child\" data-id=\"6e5ea4c\" data-element_type=\"container\">\n\t\t\t\t<div class=\"elementor-element elementor-element-273b531 elementor-widget elementor-widget-image\" data-id=\"273b531\" data-element_type=\"widget\" data-widget_type=\"image.default\">\n\t\t\t\t<div class=\"elementor-widget-container\">\n\t\t\t\t\t\t\t\t\t\t\t\t\t\t\t<img fetchpriority=\"high\" decoding=\"async\" width=\"467\" height=\"600\" src=\"https:\/\/wppool.abenteuerbox.at\/DA_KV_Linz\/wp-content\/uploads\/2025\/01\/Ziegler_Wolfram.jpg\" class=\"attachment-large size-large wp-image-5483\" alt=\"\" srcset=\"https:\/\/wppool.abenteuerbox.at\/DA_KV_Linz\/wp-content\/uploads\/2025\/01\/Ziegler_Wolfram.jpg 467w, https:\/\/wppool.abenteuerbox.at\/DA_KV_Linz\/wp-content\/uploads\/2025\/01\/Ziegler_Wolfram-234x300.jpg 234w\" sizes=\"100vw\" \/>\t\t\t\t\t\t\t\t\t\t\t\t\t\t\t<\/div>\n\t\t\t\t<\/div>\n\t\t\t\t<\/div>\n\t\t<div class=\"elementor-element elementor-element-f1b0126 e-con-full e-flex e-con e-child\" data-id=\"f1b0126\" data-element_type=\"container\">\n\t\t\t\t<div class=\"elementor-element elementor-element-55b735e elementor-widget elementor-widget-text-editor\" data-id=\"55b735e\" data-element_type=\"widget\" data-widget_type=\"text-editor.default\">\n\t\t\t\t<div class=\"elementor-widget-container\">\n\t\t\t\t\t\t\t\t\t<p>Wolfram Ziegler leitete die Geschicke des LINZER KONZERTVEREINS 38 Jahre lang mit viel Einf\u00fchlungsverm\u00f6gen, gro\u00dfer Umsicht und ebensolchem Engagement.<br \/><br \/>Er wurde 1933 als einziger Sohn des Schuldirektors Ernst Ziegler in Linz-Ebelsberg geboren. 1953 maturierte er an der Fadinger-Realschule und trat in die Dienste der Sparkasse O\u00d6 ein. Diesem Institut blieb er bis zu seiner Pensionierung 1993 treu. Er begann als Schalterbeamter, leitete die Wechselabteilung und baute die AS-Box, den S-Club auf. Anfang der Achtziger Jahre wurde er Direktionsrat und dann mit der Prokura bedacht.<br \/><br \/>Die Musik hatte in seinem Leben immer einen hohen Stellenwert. Er lernte Violine und Bratsche in der Musikschule der Stadt Linz und am damaligen Bruckner Konservatorium. Er war Substitut beim Linzer Brucknerorchester und spielte seit 1950 Bratsche im Linzer Konzertverein, dessen Obmann er 1968 wurde. Seit 1984 war er als Pr\u00e4sident Repr\u00e4sentant des Vereines.<br \/><br \/>Mit Kompetenz und Engagement f\u00fchrte er den LINZER KONZERTVEREIN. Seine Verbindungen n\u00fctzte er zum Wohle der Vereinskasse und er gab jungen Musikern zweimal j\u00e4hrlich die Chance Konzerterfahrung zu sammeln.<br \/><br \/>F\u00fcr seine besonderen Verdienste wurde er 1983 mit der Kulturmedaille der Stadt Linz ausgezeichnet. Die Kulturmedaille des Landes Ober\u00f6sterreich und der Titel &#8222;Konsulent&#8220; bewiesen die Wertsch\u00e4tzung, die Wolfram Ziegler von allen Seiten zuteil wurde.<br \/><br \/>Er starb am 13. Juli 2006.<br \/><br \/>(2008)<\/p>\t\t\t\t\t\t\t\t<\/div>\n\t\t\t\t<\/div>\n\t\t\t\t<\/div>\n\t\t\t\t\t<\/div>\n\t\t\t\t<\/div>\n\t\t\t\t<\/div>\n\t\t","protected":false},"excerpt":{"rendered":"<p>Obmann Obmann und Pr\u00e4sident 1968 \u2013 2006 Wolfram Ziegler leitete die Geschicke des LINZER KONZERTVEREINS 38 Jahre lang mit viel Einf\u00fchlungsverm\u00f6gen, gro\u00dfer Umsicht und ebensolchem Engagement. Er wurde 1933 als einziger Sohn des Schuldirektors Ernst Ziegler in Linz-Ebelsberg geboren. 1953 maturierte er an der Fadinger-Realschule und trat in die Dienste der Sparkasse O\u00d6 ein. Diesem &hellip; <\/p>\n<p class=\"link-more\"><a href=\"https:\/\/wppool.abenteuerbox.at\/DA_KV_Linz\/?page_id=5475\" class=\"more-link\">Read more<span class=\"screen-reader-text\"> &#8222;Konsulent Wolfram Ziegler&#8220;<\/span><\/a><\/p>\n","protected":false},"author":1,"featured_media":0,"parent":0,"menu_order":0,"comment_status":"closed","ping_status":"closed","template":"","meta":{"inspiro_hide_title":false,"footnotes":""},"class_list":["post-5475","page","type-page","status-publish","hentry"],"_links":{"self":[{"href":"https:\/\/wppool.abenteuerbox.at\/DA_KV_Linz\/index.php?rest_route=\/wp\/v2\/pages\/5475","targetHints":{"allow":["GET"]}}],"collection":[{"href":"https:\/\/wppool.abenteuerbox.at\/DA_KV_Linz\/index.php?rest_route=\/wp\/v2\/pages"}],"about":[{"href":"https:\/\/wppool.abenteuerbox.at\/DA_KV_Linz\/index.php?rest_route=\/wp\/v2\/types\/page"}],"author":[{"embeddable":true,"href":"https:\/\/wppool.abenteuerbox.at\/DA_KV_Linz\/index.php?rest_route=\/wp\/v2\/users\/1"}],"replies":[{"embeddable":true,"href":"https:\/\/wppool.abenteuerbox.at\/DA_KV_Linz\/index.php?rest_route=%2Fwp%2Fv2%2Fcomments&post=5475"}],"version-history":[{"count":4,"href":"https:\/\/wppool.abenteuerbox.at\/DA_KV_Linz\/index.php?rest_route=\/wp\/v2\/pages\/5475\/revisions"}],"predecessor-version":[{"id":5492,"href":"https:\/\/wppool.abenteuerbox.at\/DA_KV_Linz\/index.php?rest_route=\/wp\/v2\/pages\/5475\/revisions\/5492"}],"wp:attachment":[{"href":"https:\/\/wppool.abenteuerbox.at\/DA_KV_Linz\/index.php?rest_route=%2Fwp%2Fv2%2Fmedia&parent=5475"}],"curies":[{"name":"wp","href":"https:\/\/api.w.org\/{rel}","templated":true}]}}