{"id":5506,"date":"2025-01-22T12:04:17","date_gmt":"2025-01-22T11:04:17","guid":{"rendered":"https:\/\/wppool.abenteuerbox.at\/DA_KV_Linz\/?page_id=5506"},"modified":"2025-01-22T12:08:38","modified_gmt":"2025-01-22T11:08:38","slug":"mag-arnold-wiesberger","status":"publish","type":"page","link":"https:\/\/wppool.abenteuerbox.at\/DA_KV_Linz\/?page_id=5506","title":{"rendered":"Mag. Arnold Wiesberger"},"content":{"rendered":"\t\t<div data-elementor-type=\"wp-page\" data-elementor-id=\"5506\" class=\"elementor elementor-5506\">\n\t\t\t\t<div class=\"elementor-element elementor-element-cc0616c e-flex e-con-boxed e-con e-parent\" data-id=\"cc0616c\" data-element_type=\"container\">\n\t\t\t\t\t<div class=\"e-con-inner\">\n\t\t<div class=\"elementor-element elementor-element-4b428ab e-con-full e-flex e-con e-child\" data-id=\"4b428ab\" data-element_type=\"container\">\n\t\t\t\t<div class=\"elementor-element elementor-element-db1079d elementor-widget elementor-widget-heading\" data-id=\"db1079d\" data-element_type=\"widget\" data-widget_type=\"heading.default\">\n\t\t\t\t<div class=\"elementor-widget-container\">\n\t\t\t\t\t<h2 class=\"elementor-heading-title elementor-size-default\">Pr\u00e4sident<\/h2>\t\t\t\t<\/div>\n\t\t\t\t<\/div>\n\t\t\t\t<div class=\"elementor-element elementor-element-27ff4cb elementor-widget elementor-widget-text-editor\" data-id=\"27ff4cb\" data-element_type=\"widget\" data-widget_type=\"text-editor.default\">\n\t\t\t\t<div class=\"elementor-widget-container\">\n\t\t\t\t\t\t\t\t\t<p>Pr\u00e4sident von 2006 bis 2010<\/p>\t\t\t\t\t\t\t\t<\/div>\n\t\t\t\t<\/div>\n\t\t\t\t<\/div>\n\t\t<div class=\"elementor-element elementor-element-1e9f9b3 e-con-full e-flex e-con e-child\" data-id=\"1e9f9b3\" data-element_type=\"container\">\n\t\t\t\t<div class=\"elementor-element elementor-element-9accfd4 elementor-widget elementor-widget-image\" data-id=\"9accfd4\" data-element_type=\"widget\" data-widget_type=\"image.default\">\n\t\t\t\t<div class=\"elementor-widget-container\">\n\t\t\t\t\t\t\t\t\t\t\t\t\t\t\t<img fetchpriority=\"high\" decoding=\"async\" width=\"548\" height=\"705\" src=\"https:\/\/wppool.abenteuerbox.at\/DA_KV_Linz\/wp-content\/uploads\/2025\/01\/Wiesberger_Arnold.jpg\" class=\"attachment-large size-large wp-image-5517\" alt=\"\" srcset=\"https:\/\/wppool.abenteuerbox.at\/DA_KV_Linz\/wp-content\/uploads\/2025\/01\/Wiesberger_Arnold.jpg 548w, https:\/\/wppool.abenteuerbox.at\/DA_KV_Linz\/wp-content\/uploads\/2025\/01\/Wiesberger_Arnold-233x300.jpg 233w\" sizes=\"100vw\" \/>\t\t\t\t\t\t\t\t\t\t\t\t\t\t\t<\/div>\n\t\t\t\t<\/div>\n\t\t\t\t<\/div>\n\t\t<div class=\"elementor-element elementor-element-619f3a6 e-con-full e-flex e-con e-child\" data-id=\"619f3a6\" data-element_type=\"container\">\n\t\t\t\t<div class=\"elementor-element elementor-element-db42f6b elementor-widget elementor-widget-text-editor\" data-id=\"db42f6b\" data-element_type=\"widget\" data-widget_type=\"text-editor.default\">\n\t\t\t\t<div class=\"elementor-widget-container\">\n\t\t\t\t\t\t\t\t\t<p>Vom Vater erlernte Arnold Wiesberger (Jahrgang 1950) im Alter von 6 Jahren das Geigenspiel. Er ging im Laufe seiner Schulzeit durch die H\u00e4nde von erfahrenen Lehrern in Bad Leonfelden (Musikschule) und Freistadt (Prof. Makovsky). Neben der Mittelschule in Linz erhielt er Privatunterricht auf der Violine bis zur Matura.<\/p><p>Trotz des Studiums der Betriebswirtschaft und in den vielen Jahren seiner internationalen beruflichen T\u00e4tigkeiten lie\u00df er das Geigenspiel nie in Vergessenheit geraten. Er spielte in den Amateurorchestern in Freistadt, Ried\/Innkreis (Brucknerbund), Salzburg (Kulturvereinigung und Universit\u00e4tsorchester) und konzertierte als langj\u00e4hriges Ensemblemitglied der Pro Musica Sacra Salzburg unter der Leitung von Bernhard Gfrerer in vielen L\u00e4ndern Europas. Als Wiesberger 1995 beruflich nach Wels \u00fcbersiedelte, schloss er sich dem Welser Symphonieorchester und dem LINZER KONZERTVEREIN an.<\/p><p>Beim LINZER KONZERTVEREIN spielte er bis 2002 in der 1. Violine. W\u00e4hrend eines Sommerlehrganges entdeckte er die Liebe zur Viola und begann nochmals mit einer soliden Ausbildung bei Mag. Martina Franke (Wels) und Prof. Georg Hamann (Musik-Uni Wien). Zusammen mit seinem Korrepetitor Dr. Jos\u00e9-Daniel Martinez erarbeitete er in den letzten Jahren eine Reihe von Konzertst\u00fccken (Bach, Brahms, Schumann, Sibelius, Piazzola, Faur\u00e9, Reinecke, etc.). Anfang 2008 gab er in Wels zusammen mit der Pianistin Karolin Landsch\u00fctzer Telemanns Violakonzert in G-Dur.<\/p><p>Wiesberger war regelm\u00e4\u00dfiger Teilnehmer an Sommerakademien von Prof. Ladislaus Markovics (Innsbruck) und Prof. Christos Polizoides (Uni Graz). Er spielt \u2013 so es seine Zeit erlaubt &#8211; in mehreren Orchestern (u.a. im Festivalorchester St.Gallen unter Erwin Ortner).<\/p><p>(2010)<\/p>\t\t\t\t\t\t\t\t<\/div>\n\t\t\t\t<\/div>\n\t\t\t\t<\/div>\n\t\t\t\t\t<\/div>\n\t\t\t\t<\/div>\n\t\t\t\t<\/div>\n\t\t","protected":false},"excerpt":{"rendered":"<p>Pr\u00e4sident Pr\u00e4sident von 2006 bis 2010 Vom Vater erlernte Arnold Wiesberger (Jahrgang 1950) im Alter von 6 Jahren das Geigenspiel. Er ging im Laufe seiner Schulzeit durch die H\u00e4nde von erfahrenen Lehrern in Bad Leonfelden (Musikschule) und Freistadt (Prof. Makovsky). Neben der Mittelschule in Linz erhielt er Privatunterricht auf der Violine bis zur Matura. Trotz &hellip; <\/p>\n<p class=\"link-more\"><a href=\"https:\/\/wppool.abenteuerbox.at\/DA_KV_Linz\/?page_id=5506\" class=\"more-link\">Read more<span class=\"screen-reader-text\"> &#8222;Mag. Arnold Wiesberger&#8220;<\/span><\/a><\/p>\n","protected":false},"author":1,"featured_media":0,"parent":0,"menu_order":0,"comment_status":"closed","ping_status":"closed","template":"","meta":{"inspiro_hide_title":false,"footnotes":""},"class_list":["post-5506","page","type-page","status-publish","hentry"],"_links":{"self":[{"href":"https:\/\/wppool.abenteuerbox.at\/DA_KV_Linz\/index.php?rest_route=\/wp\/v2\/pages\/5506","targetHints":{"allow":["GET"]}}],"collection":[{"href":"https:\/\/wppool.abenteuerbox.at\/DA_KV_Linz\/index.php?rest_route=\/wp\/v2\/pages"}],"about":[{"href":"https:\/\/wppool.abenteuerbox.at\/DA_KV_Linz\/index.php?rest_route=\/wp\/v2\/types\/page"}],"author":[{"embeddable":true,"href":"https:\/\/wppool.abenteuerbox.at\/DA_KV_Linz\/index.php?rest_route=\/wp\/v2\/users\/1"}],"replies":[{"embeddable":true,"href":"https:\/\/wppool.abenteuerbox.at\/DA_KV_Linz\/index.php?rest_route=%2Fwp%2Fv2%2Fcomments&post=5506"}],"version-history":[{"count":4,"href":"https:\/\/wppool.abenteuerbox.at\/DA_KV_Linz\/index.php?rest_route=\/wp\/v2\/pages\/5506\/revisions"}],"predecessor-version":[{"id":5532,"href":"https:\/\/wppool.abenteuerbox.at\/DA_KV_Linz\/index.php?rest_route=\/wp\/v2\/pages\/5506\/revisions\/5532"}],"wp:attachment":[{"href":"https:\/\/wppool.abenteuerbox.at\/DA_KV_Linz\/index.php?rest_route=%2Fwp%2Fv2%2Fmedia&parent=5506"}],"curies":[{"name":"wp","href":"https:\/\/api.w.org\/{rel}","templated":true}]}}