{"id":5558,"date":"2025-01-22T12:18:10","date_gmt":"2025-01-22T11:18:10","guid":{"rendered":"https:\/\/wppool.abenteuerbox.at\/DA_KV_Linz\/?page_id=5558"},"modified":"2025-01-22T12:20:47","modified_gmt":"2025-01-22T11:20:47","slug":"konsulentin-str-maria-mair","status":"publish","type":"page","link":"https:\/\/wppool.abenteuerbox.at\/DA_KV_Linz\/?page_id=5558","title":{"rendered":"Konsulentin StR. Maria Mair"},"content":{"rendered":"\t\t<div data-elementor-type=\"wp-page\" data-elementor-id=\"5558\" class=\"elementor elementor-5558\">\n\t\t\t\t<div class=\"elementor-element elementor-element-721f0cc e-flex e-con-boxed e-con e-parent\" data-id=\"721f0cc\" data-element_type=\"container\">\n\t\t\t\t\t<div class=\"e-con-inner\">\n\t\t<div class=\"elementor-element elementor-element-0835657 e-con-full e-flex e-con e-child\" data-id=\"0835657\" data-element_type=\"container\">\n\t\t\t\t<\/div>\n\t\t<div class=\"elementor-element elementor-element-4c7fe46 e-con-full e-flex e-con e-child\" data-id=\"4c7fe46\" data-element_type=\"container\">\n\t\t\t\t<div class=\"elementor-element elementor-element-d350c70 elementor-widget elementor-widget-image\" data-id=\"d350c70\" data-element_type=\"widget\" data-widget_type=\"image.default\">\n\t\t\t\t<div class=\"elementor-widget-container\">\n\t\t\t\t\t\t\t\t\t\t\t\t\t\t\t<img decoding=\"async\" width=\"141\" height=\"169\" src=\"https:\/\/wppool.abenteuerbox.at\/DA_KV_Linz\/wp-content\/uploads\/2025\/01\/Mair_Maria.jpg\" class=\"attachment-large size-large wp-image-5574\" alt=\"\" sizes=\"100vw\" \/>\t\t\t\t\t\t\t\t\t\t\t\t\t\t\t<\/div>\n\t\t\t\t<\/div>\n\t\t\t\t<\/div>\n\t\t<div class=\"elementor-element elementor-element-61171a4 e-con-full e-flex e-con e-child\" data-id=\"61171a4\" data-element_type=\"container\">\n\t\t\t\t<div class=\"elementor-element elementor-element-097f646 elementor-widget elementor-widget-text-editor\" data-id=\"097f646\" data-element_type=\"widget\" data-widget_type=\"text-editor.default\">\n\t\t\t\t<div class=\"elementor-widget-container\">\n\t\t\t\t\t\t\t\t\t<p>Geboren 1946, maturiert 1964 an der Hamerlingschule Linz. Abi Kurs an der LBA 1965 und Volksschullehrerin in Prambachkirchen und Alkoven. Ab 1970 bis 2007 Professorin f\u00fcr Musikerziehung, Blockfl\u00f6te und Gitarre an der BBA f\u00fcr Kindergartenp\u00e4dagogik in Linz. 1976 Staatliche Lehrbef\u00e4higungspr\u00fcfung f\u00fcr Blockfl\u00f6te mit Auszeichnung.<\/p><p>Ab dem 12. Lebensjahr Geigenunterricht am Brucknerkonservatorium Linz bei Frau Br\u00f6derer und Herrn Filiberto Estrella, Schulorchester unter Leitung von Leopold Mayr.<\/p><p>Ab 1966 als \u201eSinger Sisters\u201c (mit Schwester Gusti Singer) erste Frauen beim LINZER KONZERTVEREIN. Orchestermitglied ohne Unterbrechung bis heute. Ab 1987 Beirat und ab 2007 Vorstandsmitglied beim LINZER KONZERTVEREIN als Schriftf\u00fchrerin und verantwortlich f\u00fcr den Kartenverkauf.<\/p><p>2005 Verdienstmedaille des Landes Ober\u00f6sterreich in Gold, 2012 Verleihung des Ehrentitels \u201eKonsulentin f\u00fcr Musikpflege\u201c. Ehrenamtliche T\u00e4tigkeit bei der Linzer Streichervereinigung und seit 1994 Leiterin des Kirchenchores St. Magdalena.<\/p>\t\t\t\t\t\t\t\t<\/div>\n\t\t\t\t<\/div>\n\t\t\t\t<\/div>\n\t\t\t\t\t<\/div>\n\t\t\t\t<\/div>\n\t\t\t\t<\/div>\n\t\t","protected":false},"excerpt":{"rendered":"<p>Geboren 1946, maturiert 1964 an der Hamerlingschule Linz. Abi Kurs an der LBA 1965 und Volksschullehrerin in Prambachkirchen und Alkoven. Ab 1970 bis 2007 Professorin f\u00fcr Musikerziehung, Blockfl\u00f6te und Gitarre an der BBA f\u00fcr Kindergartenp\u00e4dagogik in Linz. 1976 Staatliche Lehrbef\u00e4higungspr\u00fcfung f\u00fcr Blockfl\u00f6te mit Auszeichnung. Ab dem 12. Lebensjahr Geigenunterricht am Brucknerkonservatorium Linz bei Frau Br\u00f6derer &hellip; <\/p>\n<p class=\"link-more\"><a href=\"https:\/\/wppool.abenteuerbox.at\/DA_KV_Linz\/?page_id=5558\" class=\"more-link\">Read more<span class=\"screen-reader-text\"> &#8222;Konsulentin StR. Maria Mair&#8220;<\/span><\/a><\/p>\n","protected":false},"author":1,"featured_media":0,"parent":0,"menu_order":0,"comment_status":"closed","ping_status":"closed","template":"","meta":{"inspiro_hide_title":false,"footnotes":""},"class_list":["post-5558","page","type-page","status-publish","hentry"],"_links":{"self":[{"href":"https:\/\/wppool.abenteuerbox.at\/DA_KV_Linz\/index.php?rest_route=\/wp\/v2\/pages\/5558","targetHints":{"allow":["GET"]}}],"collection":[{"href":"https:\/\/wppool.abenteuerbox.at\/DA_KV_Linz\/index.php?rest_route=\/wp\/v2\/pages"}],"about":[{"href":"https:\/\/wppool.abenteuerbox.at\/DA_KV_Linz\/index.php?rest_route=\/wp\/v2\/types\/page"}],"author":[{"embeddable":true,"href":"https:\/\/wppool.abenteuerbox.at\/DA_KV_Linz\/index.php?rest_route=\/wp\/v2\/users\/1"}],"replies":[{"embeddable":true,"href":"https:\/\/wppool.abenteuerbox.at\/DA_KV_Linz\/index.php?rest_route=%2Fwp%2Fv2%2Fcomments&post=5558"}],"version-history":[{"count":4,"href":"https:\/\/wppool.abenteuerbox.at\/DA_KV_Linz\/index.php?rest_route=\/wp\/v2\/pages\/5558\/revisions"}],"predecessor-version":[{"id":5577,"href":"https:\/\/wppool.abenteuerbox.at\/DA_KV_Linz\/index.php?rest_route=\/wp\/v2\/pages\/5558\/revisions\/5577"}],"wp:attachment":[{"href":"https:\/\/wppool.abenteuerbox.at\/DA_KV_Linz\/index.php?rest_route=%2Fwp%2Fv2%2Fmedia&parent=5558"}],"curies":[{"name":"wp","href":"https:\/\/api.w.org\/{rel}","templated":true}]}}