{"id":5638,"date":"2025-01-22T12:28:47","date_gmt":"2025-01-22T11:28:47","guid":{"rendered":"https:\/\/wppool.abenteuerbox.at\/DA_KV_Linz\/?page_id=5638"},"modified":"2025-01-22T12:29:25","modified_gmt":"2025-01-22T11:29:25","slug":"elisabeth-oberlik","status":"publish","type":"page","link":"https:\/\/wppool.abenteuerbox.at\/DA_KV_Linz\/?page_id=5638","title":{"rendered":"Elisabeth Oberlik"},"content":{"rendered":"\t\t<div data-elementor-type=\"wp-page\" data-elementor-id=\"5638\" class=\"elementor elementor-5638\">\n\t\t\t\t<div class=\"elementor-element elementor-element-c05c433 e-flex e-con-boxed e-con e-parent\" data-id=\"c05c433\" data-element_type=\"container\">\n\t\t\t\t\t<div class=\"e-con-inner\">\n\t\t\t\t<div class=\"elementor-element elementor-element-825c16f elementor-widget elementor-widget-text-editor\" data-id=\"825c16f\" data-element_type=\"widget\" data-widget_type=\"text-editor.default\">\n\t\t\t\t<div class=\"elementor-widget-container\">\n\t\t\t\t\t\t\t\t\t<p>Geboren in Linz, maturiert am Bundesrealgymnasium K\u00f6rnerschule, nach einem kurzen Intermezzo bei der Wiener Wochenzeitung &#8222;Nachrichten f\u00fcr den Sonntag\u201c, folgten drei Volont\u00e4rsjahre bei den Ober\u00f6sterreichischen Nachrichten in der Lokalredaktion, dem Archiv und als Gerichtssaalberichterstatterin. J\u00fcngste Ressortleiterin in der Geschichte der Zeitung zust\u00e4ndig f\u00fcr &#8222;Film, Funk und Fernsehen&#8220; mit einer t\u00e4glichen Zeitungsseite und der ersten Fernsehbeilage.<br \/><br \/>Ausstieg aus dem Berufsleben aus famili\u00e4ren Gr\u00fcnden. Widmet sich ihren drei Kindern.<br \/>Wiedereinstieg im Presseamt des Magistrates Linz. Zwanzig Jahre hauptverantwortlich f\u00fcr die monatlich erscheinende Programmzeitschrift &#8222;Was ist los in Linz und Ober\u00f6sterreich&#8220;. Dort erste Kontakte mit dem LINZER KONZERTVEREIN. Von Pr\u00e4sident Wolfram Ziegler als Beirat eingeladen.<br \/><br \/>Nach der Pensionierung freiberufliche t\u00e4tig und seit 2006 Vorstandsmitglied f\u00fcr \u00d6ffentlichkeitsarbeit und alle journalistischen Aufgaben im LINZER KONZERTVEREIN unter Pr\u00e4sident Hans Li\u00dfberger.<\/p>\t\t\t\t\t\t\t\t<\/div>\n\t\t\t\t<\/div>\n\t\t\t\t\t<\/div>\n\t\t\t\t<\/div>\n\t\t\t\t<\/div>\n\t\t","protected":false},"excerpt":{"rendered":"<p>Geboren in Linz, maturiert am Bundesrealgymnasium K\u00f6rnerschule, nach einem kurzen Intermezzo bei der Wiener Wochenzeitung &#8222;Nachrichten f\u00fcr den Sonntag\u201c, folgten drei Volont\u00e4rsjahre bei den Ober\u00f6sterreichischen Nachrichten in der Lokalredaktion, dem Archiv und als Gerichtssaalberichterstatterin. J\u00fcngste Ressortleiterin in der Geschichte der Zeitung zust\u00e4ndig f\u00fcr &#8222;Film, Funk und Fernsehen&#8220; mit einer t\u00e4glichen Zeitungsseite und der ersten Fernsehbeilage. &hellip; <\/p>\n<p class=\"link-more\"><a href=\"https:\/\/wppool.abenteuerbox.at\/DA_KV_Linz\/?page_id=5638\" class=\"more-link\">Read more<span class=\"screen-reader-text\"> &#8222;Elisabeth Oberlik&#8220;<\/span><\/a><\/p>\n","protected":false},"author":1,"featured_media":0,"parent":0,"menu_order":0,"comment_status":"closed","ping_status":"closed","template":"","meta":{"inspiro_hide_title":false,"footnotes":""},"class_list":["post-5638","page","type-page","status-publish","hentry"],"_links":{"self":[{"href":"https:\/\/wppool.abenteuerbox.at\/DA_KV_Linz\/index.php?rest_route=\/wp\/v2\/pages\/5638","targetHints":{"allow":["GET"]}}],"collection":[{"href":"https:\/\/wppool.abenteuerbox.at\/DA_KV_Linz\/index.php?rest_route=\/wp\/v2\/pages"}],"about":[{"href":"https:\/\/wppool.abenteuerbox.at\/DA_KV_Linz\/index.php?rest_route=\/wp\/v2\/types\/page"}],"author":[{"embeddable":true,"href":"https:\/\/wppool.abenteuerbox.at\/DA_KV_Linz\/index.php?rest_route=\/wp\/v2\/users\/1"}],"replies":[{"embeddable":true,"href":"https:\/\/wppool.abenteuerbox.at\/DA_KV_Linz\/index.php?rest_route=%2Fwp%2Fv2%2Fcomments&post=5638"}],"version-history":[{"count":4,"href":"https:\/\/wppool.abenteuerbox.at\/DA_KV_Linz\/index.php?rest_route=\/wp\/v2\/pages\/5638\/revisions"}],"predecessor-version":[{"id":5642,"href":"https:\/\/wppool.abenteuerbox.at\/DA_KV_Linz\/index.php?rest_route=\/wp\/v2\/pages\/5638\/revisions\/5642"}],"wp:attachment":[{"href":"https:\/\/wppool.abenteuerbox.at\/DA_KV_Linz\/index.php?rest_route=%2Fwp%2Fv2%2Fmedia&parent=5638"}],"curies":[{"name":"wp","href":"https:\/\/api.w.org\/{rel}","templated":true}]}}