{"id":618,"date":"2025-01-08T09:24:13","date_gmt":"2025-01-08T08:24:13","guid":{"rendered":"https:\/\/wppool.abenteuerbox.at\/DA_KV_Linz\/?page_id=618"},"modified":"2025-01-24T12:47:35","modified_gmt":"2025-01-24T11:47:35","slug":"elementor-618","status":"publish","type":"page","link":"https:\/\/wppool.abenteuerbox.at\/DA_KV_Linz\/?page_id=618","title":{"rendered":"Sevtlana Teplova"},"content":{"rendered":"\t\t<div data-elementor-type=\"wp-page\" data-elementor-id=\"618\" class=\"elementor elementor-618\">\n\t\t\t\t<div class=\"elementor-element elementor-element-570727b e-flex e-con-boxed e-con e-parent\" data-id=\"570727b\" data-element_type=\"container\">\n\t\t\t\t\t<div class=\"e-con-inner\">\n\t\t<div class=\"elementor-element elementor-element-e34f90a e-con-full e-flex e-con e-child\" data-id=\"e34f90a\" data-element_type=\"container\">\n\t\t\t\t<div class=\"elementor-element elementor-element-8c7006c elementor-widget elementor-widget-heading\" data-id=\"8c7006c\" data-element_type=\"widget\" data-widget_type=\"heading.default\">\n\t\t\t\t<div class=\"elementor-widget-container\">\n\t\t\t\t\t<h2 class=\"elementor-heading-title elementor-size-default\">Violine<\/h2>\t\t\t\t<\/div>\n\t\t\t\t<\/div>\n\t\t\t\t<div class=\"elementor-element elementor-element-10cdddb elementor-widget elementor-widget-text-editor\" data-id=\"10cdddb\" data-element_type=\"widget\" data-widget_type=\"text-editor.default\">\n\t\t\t\t<div class=\"elementor-widget-container\">\n\t\t\t\t\t\t\t\t\t<p><strong>Auftritte im Linzer Konzertverein:<\/strong><\/p><p>15.03.2024, Fr\u00fchjahrskonzert\u00a0<\/p>\t\t\t\t\t\t\t\t<\/div>\n\t\t\t\t<\/div>\n\t\t\t\t<\/div>\n\t\t<div class=\"elementor-element elementor-element-2e44a93 e-con-full e-flex e-con e-child\" data-id=\"2e44a93\" data-element_type=\"container\">\n\t\t\t\t<div class=\"elementor-element elementor-element-ba07c0f elementor-widget elementor-widget-image\" data-id=\"ba07c0f\" data-element_type=\"widget\" data-widget_type=\"image.default\">\n\t\t\t\t<div class=\"elementor-widget-container\">\n\t\t\t\t\t\t\t\t\t\t\t\t\t\t\t<img fetchpriority=\"high\" decoding=\"async\" width=\"421\" height=\"535\" src=\"https:\/\/wppool.abenteuerbox.at\/DA_KV_Linz\/wp-content\/uploads\/2025\/01\/Svetlana_Teplova-1.jpg\" class=\"attachment-large size-large wp-image-6200\" alt=\"\" srcset=\"https:\/\/wppool.abenteuerbox.at\/DA_KV_Linz\/wp-content\/uploads\/2025\/01\/Svetlana_Teplova-1.jpg 421w, https:\/\/wppool.abenteuerbox.at\/DA_KV_Linz\/wp-content\/uploads\/2025\/01\/Svetlana_Teplova-1-236x300.jpg 236w\" sizes=\"100vw\" \/>\t\t\t\t\t\t\t\t\t\t\t\t\t\t\t<\/div>\n\t\t\t\t<\/div>\n\t\t\t\t<\/div>\n\t\t<div class=\"elementor-element elementor-element-e2862a5 e-con-full e-flex e-con e-child\" data-id=\"e2862a5\" data-element_type=\"container\">\n\t\t\t\t<div class=\"elementor-element elementor-element-ca6fcd1 elementor-widget elementor-widget-text-editor\" data-id=\"ca6fcd1\" data-element_type=\"widget\" data-widget_type=\"text-editor.default\">\n\t\t\t\t<div class=\"elementor-widget-container\">\n\t\t\t\t\t\t\t\t\t<p>Svetlana Teplova, geboren in Voronezh, Russland. Violinstudium und postgraduales Studium am Tschaikowsky-Konservatorium in Moskau bei Prof. Irina Bochkova. Zahlreiche Preise bei nationalen und internationalen Wettbewerben.<\/p><p>2003 ernannt zur Solistin der Moskauer Philharmonie. Solo- und Kammermusikauftritte in der Ukraine, Spanien, Serbien, Kroatien, Chile, Italien etc. Viele Auftritte als Solistin mit bedeutenden Orchestern und Dirigenten, u.a. mit Juri Bashmet und seinem Orchester \u201eMoskauer Solisten\u201c, Moskauer Philharmonie unter Juri Nikolaewsky etc.<\/p><p>2003 &#8211; 2008 Assistentin von Prof. Irina Bochkova am Moskauer Tschaikowsky Konservatorium.<\/p><p>2004 &#8211; 2008 Leiterin einer eigenen Klasse an der Zentralen Musikschule f\u00fcr begabte Kinder in Moskau (der Vorbereitungsschule des Moskauer Konservatoriums f\u00fcr Sch\u00fcler im Alter von 6 &#8211; 18 Jahren.<\/p><p>2006 &#8211; 2008 Leiterin einer eigenen Klasse am Moskauer Tschaikowsky Konservatorium.<\/p><p>2007 &#8211; 2012 Mitglied des Bruckner Orchesters in Linz Primgeigerin des Adalbert Stifter Quartetts.<\/p><p>Seit September 2012 Leiterin einer eigenen Klasse am Tiroler Landeskonservatorium.<\/p><p>(2019)<\/p>\t\t\t\t\t\t\t\t<\/div>\n\t\t\t\t<\/div>\n\t\t\t\t<div class=\"elementor-element elementor-element-4ec0ec8 elementor-widget elementor-widget-text-editor\" data-id=\"4ec0ec8\" data-element_type=\"widget\" data-widget_type=\"text-editor.default\">\n\t\t\t\t<div class=\"elementor-widget-container\">\n\t\t\t\t\t\t\t\t\t<p style=\"text-align: right;\">\n<a href=\"javascript:history.back();\">Zur\u00fcck<\/a>\n<\/p>\t\t\t\t\t\t\t\t<\/div>\n\t\t\t\t<\/div>\n\t\t\t\t<\/div>\n\t\t\t\t\t<\/div>\n\t\t\t\t<\/div>\n\t\t\t\t<\/div>\n\t\t","protected":false},"excerpt":{"rendered":"<p>Violine Auftritte im Linzer Konzertverein: 15.03.2024, Fr\u00fchjahrskonzert\u00a0 Svetlana Teplova, geboren in Voronezh, Russland. Violinstudium und postgraduales Studium am Tschaikowsky-Konservatorium in Moskau bei Prof. Irina Bochkova. Zahlreiche Preise bei nationalen und internationalen Wettbewerben. 2003 ernannt zur Solistin der Moskauer Philharmonie. Solo- und Kammermusikauftritte in der Ukraine, Spanien, Serbien, Kroatien, Chile, Italien etc. Viele Auftritte als Solistin &hellip; <\/p>\n<p class=\"link-more\"><a href=\"https:\/\/wppool.abenteuerbox.at\/DA_KV_Linz\/?page_id=618\" class=\"more-link\">Read more<span class=\"screen-reader-text\"> &#8222;Sevtlana Teplova&#8220;<\/span><\/a><\/p>\n","protected":false},"author":1,"featured_media":0,"parent":0,"menu_order":0,"comment_status":"closed","ping_status":"closed","template":"","meta":{"inspiro_hide_title":false,"footnotes":""},"class_list":["post-618","page","type-page","status-publish","hentry"],"_links":{"self":[{"href":"https:\/\/wppool.abenteuerbox.at\/DA_KV_Linz\/index.php?rest_route=\/wp\/v2\/pages\/618","targetHints":{"allow":["GET"]}}],"collection":[{"href":"https:\/\/wppool.abenteuerbox.at\/DA_KV_Linz\/index.php?rest_route=\/wp\/v2\/pages"}],"about":[{"href":"https:\/\/wppool.abenteuerbox.at\/DA_KV_Linz\/index.php?rest_route=\/wp\/v2\/types\/page"}],"author":[{"embeddable":true,"href":"https:\/\/wppool.abenteuerbox.at\/DA_KV_Linz\/index.php?rest_route=\/wp\/v2\/users\/1"}],"replies":[{"embeddable":true,"href":"https:\/\/wppool.abenteuerbox.at\/DA_KV_Linz\/index.php?rest_route=%2Fwp%2Fv2%2Fcomments&post=618"}],"version-history":[{"count":35,"href":"https:\/\/wppool.abenteuerbox.at\/DA_KV_Linz\/index.php?rest_route=\/wp\/v2\/pages\/618\/revisions"}],"predecessor-version":[{"id":6304,"href":"https:\/\/wppool.abenteuerbox.at\/DA_KV_Linz\/index.php?rest_route=\/wp\/v2\/pages\/618\/revisions\/6304"}],"wp:attachment":[{"href":"https:\/\/wppool.abenteuerbox.at\/DA_KV_Linz\/index.php?rest_route=%2Fwp%2Fv2%2Fmedia&parent=618"}],"curies":[{"name":"wp","href":"https:\/\/api.w.org\/{rel}","templated":true}]}}