{"id":685,"date":"2025-01-08T12:04:21","date_gmt":"2025-01-08T11:04:21","guid":{"rendered":"https:\/\/wppool.abenteuerbox.at\/DA_KV_Linz\/?page_id=685"},"modified":"2025-01-24T12:48:45","modified_gmt":"2025-01-24T11:48:45","slug":"michael-wahlmueller","status":"publish","type":"page","link":"https:\/\/wppool.abenteuerbox.at\/DA_KV_Linz\/?page_id=685","title":{"rendered":"Michael Wahlm\u00fcller"},"content":{"rendered":"\t\t<div data-elementor-type=\"wp-page\" data-elementor-id=\"685\" class=\"elementor elementor-685\">\n\t\t\t\t<div class=\"elementor-element elementor-element-e221938 e-flex e-con-boxed e-con e-parent\" data-id=\"e221938\" data-element_type=\"container\">\n\t\t\t\t\t<div class=\"e-con-inner\">\n\t\t<div class=\"elementor-element elementor-element-6b3d31c e-con-full e-flex e-con e-child\" data-id=\"6b3d31c\" data-element_type=\"container\">\n\t\t\t\t<div class=\"elementor-element elementor-element-b35e3c7 elementor-widget elementor-widget-heading\" data-id=\"b35e3c7\" data-element_type=\"widget\" data-widget_type=\"heading.default\">\n\t\t\t\t<div class=\"elementor-widget-container\">\n\t\t\t\t\t<h2 class=\"elementor-heading-title elementor-size-default\">Dirigent<\/h2>\t\t\t\t<\/div>\n\t\t\t\t<\/div>\n\t\t\t\t<div class=\"elementor-element elementor-element-5869244 elementor-widget elementor-widget-text-editor\" data-id=\"5869244\" data-element_type=\"widget\" data-widget_type=\"text-editor.default\">\n\t\t\t\t<div class=\"elementor-widget-container\">\n\t\t\t\t\t\t\t\t\t<p><a href=\"https:\/\/michaelwahlmueller.blogspot.com\/\" target=\"_blank\" rel=\"noopener\">michaelwahlmueller.blogspot.com<\/a><\/p><p><strong>Auftritte im Linzer Konzertverein:<\/strong><\/p><p>29.11.2023, Herbstkonzert<br \/>02.12.2015, Herbstkonzert<br \/>06.04.2011, Fr\u00fchjahrskonzert<\/p>\t\t\t\t\t\t\t\t<\/div>\n\t\t\t\t<\/div>\n\t\t\t\t<\/div>\n\t\t<div class=\"elementor-element elementor-element-2a98c94 e-con-full e-flex e-con e-child\" data-id=\"2a98c94\" data-element_type=\"container\">\n\t\t\t\t<div class=\"elementor-element elementor-element-3cb2be7 elementor-widget elementor-widget-image\" data-id=\"3cb2be7\" data-element_type=\"widget\" data-widget_type=\"image.default\">\n\t\t\t\t<div class=\"elementor-widget-container\">\n\t\t\t\t\t\t\t\t\t\t\t\t\t\t\t<img fetchpriority=\"high\" decoding=\"async\" width=\"950\" height=\"698\" src=\"https:\/\/wppool.abenteuerbox.at\/DA_KV_Linz\/wp-content\/uploads\/2025\/01\/Wahlmueller_Michael-1024x752.jpg\" class=\"attachment-large size-large wp-image-692\" alt=\"\" srcset=\"https:\/\/wppool.abenteuerbox.at\/DA_KV_Linz\/wp-content\/uploads\/2025\/01\/Wahlmueller_Michael-1024x752.jpg 1024w, https:\/\/wppool.abenteuerbox.at\/DA_KV_Linz\/wp-content\/uploads\/2025\/01\/Wahlmueller_Michael-300x220.jpg 300w, https:\/\/wppool.abenteuerbox.at\/DA_KV_Linz\/wp-content\/uploads\/2025\/01\/Wahlmueller_Michael-2000x1468.jpg 2000w, https:\/\/wppool.abenteuerbox.at\/DA_KV_Linz\/wp-content\/uploads\/2025\/01\/Wahlmueller_Michael-scaled-1536x1127.jpg 1536w, https:\/\/wppool.abenteuerbox.at\/DA_KV_Linz\/wp-content\/uploads\/2025\/01\/Wahlmueller_Michael-scaled-2048x1503.jpg 2048w\" sizes=\"100vw\" \/>\t\t\t\t\t\t\t\t\t\t\t\t\t\t\t<\/div>\n\t\t\t\t<\/div>\n\t\t\t\t<\/div>\n\t\t<div class=\"elementor-element elementor-element-27f830c e-con-full e-flex e-con e-child\" data-id=\"27f830c\" data-element_type=\"container\">\n\t\t\t\t<div class=\"elementor-element elementor-element-5b4db2a elementor-widget elementor-widget-text-editor\" data-id=\"5b4db2a\" data-element_type=\"widget\" data-widget_type=\"text-editor.default\">\n\t\t\t\t<div class=\"elementor-widget-container\">\n\t\t\t\t\t\t\t\t\t<p>Michael Wahlm\u00fcller wurde 1980 in Linz\/O\u00d6 geboren und lebt und arbeitet in Wien und Linz. Er studierte in seiner Heimatstadt Linz an der Anton Bruckner Privatuniversit\u00e4t Linz sowie an der Universit\u00e4t f\u00fcr Musik und darstellende Kunst und an der Universit\u00e4t Wien u. a. die F\u00e4cher: Komposition, Dirigieren, Violoncello, Schulmusik sowie das Lehramt f\u00fcr Psychologie und Philosophie.<br \/><br \/>Michael Wahlm\u00fcller unterrichtet am Albertus Magnus Gymnasium der Vereinigung von Ordensschulen \u00d6sterreichs und ist neben dieser T\u00e4tigkeit auch Lehrbeauftragter an der Privaten P\u00e4dagogischen Hochschule der Di\u00f6zese Linz. \u00dcberdies ist er Vorstandsmitglied der \u00d6sterreichischen Gesellschaft f\u00fcr zeitgen\u00f6ssische Musik (\u00d6GZM).<br \/><br \/>Neben den p\u00e4dagogischen und organisatorischen Aufgaben ist Michael Wahlm\u00fcller Gr\u00fcnder und Leiter des Ensemble Lentia Nova und dirigiert \u00fcberdies Konzerte mit unterschiedlichen Ch\u00f6ren und Orchestern, zu denen er als Gastdirigent eingeladen wird. Seit dem Beginn der Saison 2014\/15 ist Michael Wahlm\u00fcller auch der k\u00fcnstlerische Leiter des Wiener Vokalensembles.<br \/><br \/>Michael Wahlm\u00fcllers Werke wurden bisher schon von namhaften Ensembles aufgef\u00fchrt: u.a. durch das Belmonte Quartett Salzburg, das Koehne Quartett, das Max Brand Ensemble, das Nieder\u00f6sterreichischen Tonk\u00fcnstlerorchester, das Ensemble \u201edie reihe\u201c oder den Wiener Concert-Verein.<br \/><br \/>F\u00fcr sein kompositorisches Schaffen wurde Michael Wahlm\u00fcller durch nationale und internationale Preise ausgezeichnet: u.a. Kunstf\u00f6rderungsstipendium der Stadt Linz f\u00fcr Komposition (2011), Talentf\u00f6rderungspreis des Landes Ober\u00f6sterreich f\u00fcr Komposition (2012), Theodor K\u00f6rner Preis f\u00fcr Komposition (2013), 2. Preis beim Internationalen Gustav Mahler Kompositionswettbewerb (2013)<br \/><br \/>Honorary Diploma of the \u201eThird Edison Denisov Composition Competition\u201d (2013),<br \/><br \/>1. Preis des internationalen Kompositionswettbewerbes \u201ckompolize\u201d f\u00fcr<br \/><br \/>Orchester in Berlin (2013), 3. Preis beim Internationalen Kompositionswettbewerb f\u00fcr Kammermusik der Weimarer Fr\u00fchlingstage f\u00fcr zeitgen\u00f6ssische Musik (2015),<br \/><br \/>3. Preis beim Paul Lowin Preis (Sydney-Wien) in der Kategorie \u201eOrchesterwerke\u201c (2015), 1. Preis beim Kompositionswettbewerb des Wiener Concert-Vereins (2016)<br \/><br \/>(2020)<\/p>\t\t\t\t\t\t\t\t<\/div>\n\t\t\t\t<\/div>\n\t\t\t\t<div class=\"elementor-element elementor-element-9230de4 elementor-widget elementor-widget-text-editor\" data-id=\"9230de4\" data-element_type=\"widget\" data-widget_type=\"text-editor.default\">\n\t\t\t\t<div class=\"elementor-widget-container\">\n\t\t\t\t\t\t\t\t\t<p style=\"text-align: right;\">\n<a href=\"javascript:history.back();\">Zur\u00fcck<\/a>\n<\/p>\t\t\t\t\t\t\t\t<\/div>\n\t\t\t\t<\/div>\n\t\t\t\t<\/div>\n\t\t\t\t\t<\/div>\n\t\t\t\t<\/div>\n\t\t\t\t<\/div>\n\t\t","protected":false},"excerpt":{"rendered":"<p>Dirigent michaelwahlmueller.blogspot.com Auftritte im Linzer Konzertverein: 29.11.2023, Herbstkonzert02.12.2015, Herbstkonzert06.04.2011, Fr\u00fchjahrskonzert Michael Wahlm\u00fcller wurde 1980 in Linz\/O\u00d6 geboren und lebt und arbeitet in Wien und Linz. Er studierte in seiner Heimatstadt Linz an der Anton Bruckner Privatuniversit\u00e4t Linz sowie an der Universit\u00e4t f\u00fcr Musik und darstellende Kunst und an der Universit\u00e4t Wien u. a. die F\u00e4cher: &hellip; <\/p>\n<p class=\"link-more\"><a href=\"https:\/\/wppool.abenteuerbox.at\/DA_KV_Linz\/?page_id=685\" class=\"more-link\">Read more<span class=\"screen-reader-text\"> &#8222;Michael Wahlm\u00fcller&#8220;<\/span><\/a><\/p>\n","protected":false},"author":1,"featured_media":0,"parent":0,"menu_order":0,"comment_status":"closed","ping_status":"closed","template":"","meta":{"inspiro_hide_title":false,"footnotes":""},"class_list":["post-685","page","type-page","status-publish","hentry"],"_links":{"self":[{"href":"https:\/\/wppool.abenteuerbox.at\/DA_KV_Linz\/index.php?rest_route=\/wp\/v2\/pages\/685","targetHints":{"allow":["GET"]}}],"collection":[{"href":"https:\/\/wppool.abenteuerbox.at\/DA_KV_Linz\/index.php?rest_route=\/wp\/v2\/pages"}],"about":[{"href":"https:\/\/wppool.abenteuerbox.at\/DA_KV_Linz\/index.php?rest_route=\/wp\/v2\/types\/page"}],"author":[{"embeddable":true,"href":"https:\/\/wppool.abenteuerbox.at\/DA_KV_Linz\/index.php?rest_route=\/wp\/v2\/users\/1"}],"replies":[{"embeddable":true,"href":"https:\/\/wppool.abenteuerbox.at\/DA_KV_Linz\/index.php?rest_route=%2Fwp%2Fv2%2Fcomments&post=685"}],"version-history":[{"count":28,"href":"https:\/\/wppool.abenteuerbox.at\/DA_KV_Linz\/index.php?rest_route=\/wp\/v2\/pages\/685\/revisions"}],"predecessor-version":[{"id":6320,"href":"https:\/\/wppool.abenteuerbox.at\/DA_KV_Linz\/index.php?rest_route=\/wp\/v2\/pages\/685\/revisions\/6320"}],"wp:attachment":[{"href":"https:\/\/wppool.abenteuerbox.at\/DA_KV_Linz\/index.php?rest_route=%2Fwp%2Fv2%2Fmedia&parent=685"}],"curies":[{"name":"wp","href":"https:\/\/api.w.org\/{rel}","templated":true}]}}