{"id":750,"date":"2025-01-08T13:16:54","date_gmt":"2025-01-08T12:16:54","guid":{"rendered":"https:\/\/wppool.abenteuerbox.at\/DA_KV_Linz\/?page_id=750"},"modified":"2025-01-24T12:51:40","modified_gmt":"2025-01-24T11:51:40","slug":"lisa-kilian","status":"publish","type":"page","link":"https:\/\/wppool.abenteuerbox.at\/DA_KV_Linz\/?page_id=750","title":{"rendered":"Lisa Kilian"},"content":{"rendered":"\t\t<div data-elementor-type=\"wp-page\" data-elementor-id=\"750\" class=\"elementor elementor-750\">\n\t\t\t\t<div class=\"elementor-element elementor-element-f6ee8fd e-flex e-con-boxed e-con e-parent\" data-id=\"f6ee8fd\" data-element_type=\"container\">\n\t\t\t\t\t<div class=\"e-con-inner\">\n\t\t<div class=\"elementor-element elementor-element-cdaff64 e-con-full e-flex e-con e-child\" data-id=\"cdaff64\" data-element_type=\"container\">\n\t\t\t\t<div class=\"elementor-element elementor-element-fb0ed8c elementor-widget elementor-widget-heading\" data-id=\"fb0ed8c\" data-element_type=\"widget\" data-widget_type=\"heading.default\">\n\t\t\t\t<div class=\"elementor-widget-container\">\n\t\t\t\t\t<h2 class=\"elementor-heading-title elementor-size-default\">Violonchello<\/h2>\t\t\t\t<\/div>\n\t\t\t\t<\/div>\n\t\t\t\t<div class=\"elementor-element elementor-element-80923ba elementor-widget elementor-widget-text-editor\" data-id=\"80923ba\" data-element_type=\"widget\" data-widget_type=\"text-editor.default\">\n\t\t\t\t<div class=\"elementor-widget-container\">\n\t\t\t\t\t\t\t\t\t<p><a href=\"http:\/\/www.fritzkreislertrio.at\/index.php\/mitglieder\/4-lisa-kilian\" target=\"_blank\" rel=\"noopener\">fritzkreislertrio.at<\/a><\/p><p><strong>Auftritte im Linzer Konzertverein:<\/strong><\/p><p>22.03.2023, Fr\u00fchjahrskonzert<br \/>29.03.2017, Fr\u00fchjahrskonzert<br \/>07.03.2007, Sinfoniekonzert<\/p>\t\t\t\t\t\t\t\t<\/div>\n\t\t\t\t<\/div>\n\t\t\t\t<\/div>\n\t\t<div class=\"elementor-element elementor-element-4e3602e e-con-full e-flex e-con e-child\" data-id=\"4e3602e\" data-element_type=\"container\">\n\t\t\t\t<div class=\"elementor-element elementor-element-9d1e7ae elementor-widget elementor-widget-image\" data-id=\"9d1e7ae\" data-element_type=\"widget\" data-widget_type=\"image.default\">\n\t\t\t\t<div class=\"elementor-widget-container\">\n\t\t\t\t\t\t\t\t\t\t\t\t\t\t\t<img fetchpriority=\"high\" decoding=\"async\" width=\"262\" height=\"350\" src=\"https:\/\/wppool.abenteuerbox.at\/DA_KV_Linz\/wp-content\/uploads\/2025\/01\/Kilian_Lisa.jpg\" class=\"attachment-large size-large wp-image-755\" alt=\"\" srcset=\"https:\/\/wppool.abenteuerbox.at\/DA_KV_Linz\/wp-content\/uploads\/2025\/01\/Kilian_Lisa.jpg 262w, https:\/\/wppool.abenteuerbox.at\/DA_KV_Linz\/wp-content\/uploads\/2025\/01\/Kilian_Lisa-225x300.jpg 225w\" sizes=\"100vw\" \/>\t\t\t\t\t\t\t\t\t\t\t\t\t\t\t<\/div>\n\t\t\t\t<\/div>\n\t\t\t\t<\/div>\n\t\t<div class=\"elementor-element elementor-element-3f31a17 e-con-full e-flex e-con e-child\" data-id=\"3f31a17\" data-element_type=\"container\">\n\t\t\t\t<div class=\"elementor-element elementor-element-a201fc7 elementor-widget elementor-widget-text-editor\" data-id=\"a201fc7\" data-element_type=\"widget\" data-widget_type=\"text-editor.default\">\n\t\t\t\t<div class=\"elementor-widget-container\">\n\t\t\t\t\t\t\t\t\t<p>Lisa Kilian wurde am 11. November 1986 in Wels (O\u00d6) geboren. Ihren ersten Cellounterricht erhielt sie im Alter von 5 Jahren am O\u00f6 Landesmusikschulwerk. Im Alter von 11 Jahren wurde sie in den Vorbereitungslehrgang der Klasse von Prof. Angelica May an der Universit\u00e4t f\u00fcr Musik und darstellende Kunst Wien aufgenommen. Ab 2002 setzte sie ihre Studien an der Musik und Kunst Privatuniversit\u00e4t der Stadt Wien bei Georg Baich und am Mozarteum Salzburg bei Heidi Litschauer fort. 2006 maturierte sie am Musikgymnasium Linz und 2014 schloss sie an der Universit\u00e4t Mozarteum Salzburg das Konzertfach-Masterstudium mit Auszeichnung ab.<br \/><br \/>1998, 1999, 2000, 2003 und 2004 war sie 1. Preistr\u00e4gerin beim Wettbewerb \u201e Prima la musica\u201c, 2002 gewann sie den 2. Preis beim \u201eInternationalen Cellowettbewerb Liezen\u201c und 2004 gewann sie den Kammermusikpreis des \u201eB\u00f6sendorfer Wettbewerbs\u201c. 2013 erhielt sie den \u201ePrix Talentis\u201c des Kiwanis Club Wels \u00d6sterreich.<br \/><br \/>Weitere Impulse f\u00fcr ihre k\u00fcnstlerische T\u00e4tigkeit erhielt Lisa Kilian bei Meisterkursen von Maria Kliegel, Christoph Richter, Heinrich Schiff , Janis Laurs, dem Altenberg Trio Wien und dem Trio di Trieste.<br \/><br \/>Als Solistin trat sie u. a. mit dem Symphonieorchester Wels, Ensemble Classico, Orchester des Linzer Musikgymnasiums, Linzer Konzertverein, Orchester der JKU Linz und dem O\u00f6 Jugendsinfonieorchester auf. Internationale Konzerterfahrung als Kammermusikerin und im Orchester konnte sie bereits in China, Australien, der Schweiz, Deutschland, Italien und Frankreich sammeln.<br \/><br \/>Als Kammermusikerin ist Lisa Kilian mit dem seit 2012 bestehenden \u201eFritz-Kreisler-Trio\u201c aktiv, mit dem sie auf eine rege Konzertt\u00e4tigkeit in ganz \u00d6sterreich sowie Unterricht und musikalische Anregungen von namhaften Musikerpers\u00f6nlichkeiten zur\u00fcckblickt.<br \/><br \/>Seit 2008 unterrichtet sie am o\u00f6 Landesmusikschulwerk und bereitet seither regelm\u00e4\u00dfig und erfolgreich Sch\u00fcler auf Jugendwettbewerbe vor.<br \/><br \/>Seit 2009 ist Lisa Kilian im Bruckner Orchester Linz t\u00e4tig.<br \/><br \/>(2015)<\/p>\t\t\t\t\t\t\t\t<\/div>\n\t\t\t\t<\/div>\n\t\t\t\t<div class=\"elementor-element elementor-element-c1b2198 elementor-widget elementor-widget-text-editor\" data-id=\"c1b2198\" data-element_type=\"widget\" data-widget_type=\"text-editor.default\">\n\t\t\t\t<div class=\"elementor-widget-container\">\n\t\t\t\t\t\t\t\t\t<p style=\"text-align: right;\">\n<a href=\"javascript:history.back();\">Zur\u00fcck<\/a>\n<\/p>\t\t\t\t\t\t\t\t<\/div>\n\t\t\t\t<\/div>\n\t\t\t\t<\/div>\n\t\t\t\t\t<\/div>\n\t\t\t\t<\/div>\n\t\t\t\t<\/div>\n\t\t","protected":false},"excerpt":{"rendered":"<p>Violonchello fritzkreislertrio.at Auftritte im Linzer Konzertverein: 22.03.2023, Fr\u00fchjahrskonzert29.03.2017, Fr\u00fchjahrskonzert07.03.2007, Sinfoniekonzert Lisa Kilian wurde am 11. November 1986 in Wels (O\u00d6) geboren. Ihren ersten Cellounterricht erhielt sie im Alter von 5 Jahren am O\u00f6 Landesmusikschulwerk. Im Alter von 11 Jahren wurde sie in den Vorbereitungslehrgang der Klasse von Prof. Angelica May an der Universit\u00e4t f\u00fcr Musik &hellip; <\/p>\n<p class=\"link-more\"><a href=\"https:\/\/wppool.abenteuerbox.at\/DA_KV_Linz\/?page_id=750\" class=\"more-link\">Read more<span class=\"screen-reader-text\"> &#8222;Lisa Kilian&#8220;<\/span><\/a><\/p>\n","protected":false},"author":1,"featured_media":0,"parent":0,"menu_order":0,"comment_status":"closed","ping_status":"closed","template":"","meta":{"inspiro_hide_title":false,"footnotes":""},"class_list":["post-750","page","type-page","status-publish","hentry"],"_links":{"self":[{"href":"https:\/\/wppool.abenteuerbox.at\/DA_KV_Linz\/index.php?rest_route=\/wp\/v2\/pages\/750","targetHints":{"allow":["GET"]}}],"collection":[{"href":"https:\/\/wppool.abenteuerbox.at\/DA_KV_Linz\/index.php?rest_route=\/wp\/v2\/pages"}],"about":[{"href":"https:\/\/wppool.abenteuerbox.at\/DA_KV_Linz\/index.php?rest_route=\/wp\/v2\/types\/page"}],"author":[{"embeddable":true,"href":"https:\/\/wppool.abenteuerbox.at\/DA_KV_Linz\/index.php?rest_route=\/wp\/v2\/users\/1"}],"replies":[{"embeddable":true,"href":"https:\/\/wppool.abenteuerbox.at\/DA_KV_Linz\/index.php?rest_route=%2Fwp%2Fv2%2Fcomments&post=750"}],"version-history":[{"count":22,"href":"https:\/\/wppool.abenteuerbox.at\/DA_KV_Linz\/index.php?rest_route=\/wp\/v2\/pages\/750\/revisions"}],"predecessor-version":[{"id":6333,"href":"https:\/\/wppool.abenteuerbox.at\/DA_KV_Linz\/index.php?rest_route=\/wp\/v2\/pages\/750\/revisions\/6333"}],"wp:attachment":[{"href":"https:\/\/wppool.abenteuerbox.at\/DA_KV_Linz\/index.php?rest_route=%2Fwp%2Fv2%2Fmedia&parent=750"}],"curies":[{"name":"wp","href":"https:\/\/api.w.org\/{rel}","templated":true}]}}