{"id":759,"date":"2025-01-08T13:25:33","date_gmt":"2025-01-08T12:25:33","guid":{"rendered":"https:\/\/wppool.abenteuerbox.at\/DA_KV_Linz\/?page_id=759"},"modified":"2025-01-24T12:52:16","modified_gmt":"2025-01-24T11:52:16","slug":"ingo-ingensand","status":"publish","type":"page","link":"https:\/\/wppool.abenteuerbox.at\/DA_KV_Linz\/?page_id=759","title":{"rendered":"Ingo Ingensand"},"content":{"rendered":"\t\t<div data-elementor-type=\"wp-page\" data-elementor-id=\"759\" class=\"elementor elementor-759\">\n\t\t\t\t<div class=\"elementor-element elementor-element-1f6bb21 e-flex e-con-boxed e-con e-parent\" data-id=\"1f6bb21\" data-element_type=\"container\">\n\t\t\t\t\t<div class=\"e-con-inner\">\n\t\t<div class=\"elementor-element elementor-element-91d24f5 e-con-full e-flex e-con e-child\" data-id=\"91d24f5\" data-element_type=\"container\">\n\t\t\t\t<div class=\"elementor-element elementor-element-d0d05dc elementor-widget elementor-widget-heading\" data-id=\"d0d05dc\" data-element_type=\"widget\" data-widget_type=\"heading.default\">\n\t\t\t\t<div class=\"elementor-widget-container\">\n\t\t\t\t\t<h2 class=\"elementor-heading-title elementor-size-default\">Dirigent<\/h2>\t\t\t\t<\/div>\n\t\t\t\t<\/div>\n\t\t\t\t<div class=\"elementor-element elementor-element-ab6e5b2 elementor-widget elementor-widget-text-editor\" data-id=\"ab6e5b2\" data-element_type=\"widget\" data-widget_type=\"text-editor.default\">\n\t\t\t\t<div class=\"elementor-widget-container\">\n\t\t\t\t\t\t\t\t\t<p><a href=\"http:\/\/ingo-ingensand.at\/\" target=\"_blank\" rel=\"noopener\">ingo-ingensand.at<\/a><\/p><p><strong>Auftritte im Linzer Konzertverein:<\/strong><\/p><p>30.11.2022, Herbstkonzert<br \/>03.12.2014, Herbstkonzert<\/p>\t\t\t\t\t\t\t\t<\/div>\n\t\t\t\t<\/div>\n\t\t\t\t<\/div>\n\t\t<div class=\"elementor-element elementor-element-f3c820f e-con-full e-flex e-con e-child\" data-id=\"f3c820f\" data-element_type=\"container\">\n\t\t\t\t<div class=\"elementor-element elementor-element-37b43ea elementor-widget elementor-widget-image\" data-id=\"37b43ea\" data-element_type=\"widget\" data-widget_type=\"image.default\">\n\t\t\t\t<div class=\"elementor-widget-container\">\n\t\t\t\t\t\t\t\t\t\t\t\t\t\t\t<img fetchpriority=\"high\" decoding=\"async\" width=\"200\" height=\"266\" src=\"https:\/\/wppool.abenteuerbox.at\/DA_KV_Linz\/wp-content\/uploads\/2025\/01\/Ingensand_Ingo.jpg\" class=\"attachment-large size-large wp-image-761\" alt=\"\" sizes=\"100vw\" \/>\t\t\t\t\t\t\t\t\t\t\t\t\t\t\t<\/div>\n\t\t\t\t<\/div>\n\t\t\t\t<\/div>\n\t\t<div class=\"elementor-element elementor-element-c954b75 e-con-full e-flex e-con e-child\" data-id=\"c954b75\" data-element_type=\"container\">\n\t\t\t\t<div class=\"elementor-element elementor-element-56ab955 elementor-widget elementor-widget-text-editor\" data-id=\"56ab955\" data-element_type=\"widget\" data-widget_type=\"text-editor.default\">\n\t\t\t\t<div class=\"elementor-widget-container\">\n\t\t\t\t\t\t\t\t\t<p>Geboren 1951 in Hannover. Schon mit zw\u00f6lf Jahren erhielt er ein Stipendium f\u00fcr Komposition bei Prof. Alfred Koerppen in seiner Geburtsstadt. Seine Studien (Orchesterleitung, Klavier, Komposition, Fagott, Violine, Gesang) an der Berliner Musikhochschule absolvierte er bei Herbert von Karajan, Carl Melles, Zubin Mehta und den Komponisten Erhart Gro\u00dfkopf und Boris Blacher.<\/p><p>Bevor er im Jahr 2000 zwei Jahre k\u00fcnstlerischer Leiter des Bruckner Orchesters Linz wurde, wirkte er an den Opernh\u00e4usern in Heidelberg, Basel, Triest, Essen, Berlin, K\u00f6ln und Linz. Mit dem Bruckner Orchester konzertierte er 2015 u.a. im Wiener Musikvereinssaal. Der Lehrer f\u00fcr Dirigieren, Komposition und Musiktheorie an der Anton Bruckner Privatuniversit\u00e4t hat sich auch als Komponist einen Namen gemacht.<\/p><p>2010 erhielt Ingo Ingensand den Kompositionsauftrag f\u00fcr die Er\u00f6ffnung des Internationalen Brucknerfestes Linz (\u201eDie Bringer Beethovens\u201c). Im gleichen Jahr dirigierte er die Urauff\u00fchrung seiner ersten Symphonie im Brucknerhaus mit dem Bruckner Orchesters. 2016 spielte die Konzertmeisterin der Wiener Philharmoniker den Solopart bei der Urauff\u00fchrung seines Violinkonzertes.<\/p><p>Ein Jahr sp\u00e4ter erhielt er den Landeskulturpreis f\u00fcr Komposition des Landes Ober\u00f6sterreich. Seit 2017 arbeitet Ingensand freischaffend als Komponist und Dirigent.<\/p><p>(2020)<\/p>\t\t\t\t\t\t\t\t<\/div>\n\t\t\t\t<\/div>\n\t\t\t\t<div class=\"elementor-element elementor-element-2c7ef9f elementor-widget elementor-widget-text-editor\" data-id=\"2c7ef9f\" data-element_type=\"widget\" data-widget_type=\"text-editor.default\">\n\t\t\t\t<div class=\"elementor-widget-container\">\n\t\t\t\t\t\t\t\t\t<p style=\"text-align: right;\">\n<a href=\"javascript:history.back();\">Zur\u00fcck<\/a>\n<\/p>\t\t\t\t\t\t\t\t<\/div>\n\t\t\t\t<\/div>\n\t\t\t\t<\/div>\n\t\t\t\t\t<\/div>\n\t\t\t\t<\/div>\n\t\t\t\t<\/div>\n\t\t","protected":false},"excerpt":{"rendered":"<p>Dirigent ingo-ingensand.at Auftritte im Linzer Konzertverein: 30.11.2022, Herbstkonzert03.12.2014, Herbstkonzert Geboren 1951 in Hannover. Schon mit zw\u00f6lf Jahren erhielt er ein Stipendium f\u00fcr Komposition bei Prof. Alfred Koerppen in seiner Geburtsstadt. Seine Studien (Orchesterleitung, Klavier, Komposition, Fagott, Violine, Gesang) an der Berliner Musikhochschule absolvierte er bei Herbert von Karajan, Carl Melles, Zubin Mehta und den Komponisten &hellip; <\/p>\n<p class=\"link-more\"><a href=\"https:\/\/wppool.abenteuerbox.at\/DA_KV_Linz\/?page_id=759\" class=\"more-link\">Read more<span class=\"screen-reader-text\"> &#8222;Ingo Ingensand&#8220;<\/span><\/a><\/p>\n","protected":false},"author":1,"featured_media":0,"parent":0,"menu_order":0,"comment_status":"closed","ping_status":"closed","template":"","meta":{"inspiro_hide_title":false,"footnotes":""},"class_list":["post-759","page","type-page","status-publish","hentry"],"_links":{"self":[{"href":"https:\/\/wppool.abenteuerbox.at\/DA_KV_Linz\/index.php?rest_route=\/wp\/v2\/pages\/759","targetHints":{"allow":["GET"]}}],"collection":[{"href":"https:\/\/wppool.abenteuerbox.at\/DA_KV_Linz\/index.php?rest_route=\/wp\/v2\/pages"}],"about":[{"href":"https:\/\/wppool.abenteuerbox.at\/DA_KV_Linz\/index.php?rest_route=\/wp\/v2\/types\/page"}],"author":[{"embeddable":true,"href":"https:\/\/wppool.abenteuerbox.at\/DA_KV_Linz\/index.php?rest_route=\/wp\/v2\/users\/1"}],"replies":[{"embeddable":true,"href":"https:\/\/wppool.abenteuerbox.at\/DA_KV_Linz\/index.php?rest_route=%2Fwp%2Fv2%2Fcomments&post=759"}],"version-history":[{"count":31,"href":"https:\/\/wppool.abenteuerbox.at\/DA_KV_Linz\/index.php?rest_route=\/wp\/v2\/pages\/759\/revisions"}],"predecessor-version":[{"id":6339,"href":"https:\/\/wppool.abenteuerbox.at\/DA_KV_Linz\/index.php?rest_route=\/wp\/v2\/pages\/759\/revisions\/6339"}],"wp:attachment":[{"href":"https:\/\/wppool.abenteuerbox.at\/DA_KV_Linz\/index.php?rest_route=%2Fwp%2Fv2%2Fmedia&parent=759"}],"curies":[{"name":"wp","href":"https:\/\/api.w.org\/{rel}","templated":true}]}}